{"id":23813,"date":"2025-11-17T16:50:25","date_gmt":"2025-11-17T08:50:25","guid":{"rendered":"https:\/\/yebodaglass.com\/?post_type=product&#038;p=23813"},"modified":"2026-03-12T15:12:09","modified_gmt":"2026-03-12T07:12:09","slug":"amber-glass-pop-top-bottles-with-metal-clamp-wholesale","status":"publish","type":"product","link":"https:\/\/yebodaglass.com\/tr\/amber-glass-pop-top-bottles-with-metal-clamp-wholesale\/","title":{"rendered":"485 ml Amber Renkli Cam \u015ei\u015feler (Metal Kelep\u00e7eli) Toptan Sat\u0131\u015f"},"content":{"rendered":"<p data-start=\"66\" data-end=\"288\">A\u00e7\u0131l\u0131r kapakl\u0131 \u015fi\u015feler, kehribar rengi camdan yap\u0131lm\u0131\u015f minimalist, uzun bir tasar\u0131ma sahiptir. Tekrar kapat\u0131labilir g\u00f6vdeleri, hava ge\u00e7irmez metal \u00e7\u0131t\u00e7\u0131tl\u0131 kilitlerle tasarlanm\u0131\u015ft\u0131r, bu nedenle bu \u015fi\u015feler s\u0131v\u0131 veya \u00e7e\u015fni saklamak i\u00e7in en iyi se\u00e7imdir.<\/p>\n<h2>\u00dcr\u00fcn \u00d6zellikleri<\/h2>\n<ul>\n<li>\n<div class=\"whitespace-pre-line p-2 sm:p-1 min-h-[80px] max-w-full overflow-x-auto\"><span aria-haspopup=\"dialog\" aria-expanded=\"false\" aria-controls=\"radix-_r_9a_\" data-state=\"closed\" data-slot=\"popover-trigger\"><strong>Amber UV Korumal\u0131 Cam:<\/strong> \u015ei\u015fe, ultraviyole \u0131\u015f\u0131nlar\u0131n\u0131n engellenmesine katk\u0131da bulunan kehribar rengi camdan \u00fcretilmi\u015ftir; bu da bira gibi hassas i\u00e7eceklerin korunmas\u0131na ve i\u00e7ece\u011fin aromas\u0131n\u0131n zaman i\u00e7inde muhafaza edilmesine yard\u0131mc\u0131 olur.<\/span><\/div>\n<\/li>\n<li>\n<div class=\"whitespace-pre-line p-2 sm:p-1 min-h-[80px] max-w-full overflow-x-auto\"><span aria-haspopup=\"dialog\" aria-expanded=\"false\" aria-controls=\"radix-_r_9b_\" data-state=\"closed\" data-slot=\"popover-trigger\"><strong>Yeniden Kullan\u0131labilir Mekanik Kilit Sistemi:<\/strong> D\u00f6ner kapak sistemi, herhangi bir alete gerek kalmadan bir\u00e7ok kez a\u00e7\u0131l\u0131p kapanabilir ve \u015fi\u015fenin yeniden kullan\u0131lmas\u0131n\u0131 ve doldurulabilir bir i\u00e7ecek kab\u0131 olarak kullan\u0131lmas\u0131n\u0131 kolayla\u015ft\u0131r\u0131r.<\/span><\/div>\n<\/li>\n<li>\n<div class=\"whitespace-pre-line p-2 sm:p-1 min-h-[80px] max-w-full overflow-x-auto\"><span aria-haspopup=\"dialog\" aria-expanded=\"false\" aria-controls=\"radix-_r_9c_\" data-state=\"closed\" data-slot=\"popover-trigger\"><strong>D\u00fcz Taban:<\/strong> D\u00fcz ve geni\u015f taban: D\u00fcz taban, masa, raf veya tezgah \u00fczerinde dururken dengeyi art\u0131rarak kullan\u0131m veya sergileme s\u0131ras\u0131nda devrilme olas\u0131l\u0131\u011f\u0131n\u0131 azalt\u0131r.<\/span><\/div>\n<div class=\"bg-border shrink-0 data-[orientation=horizontal]:h-px data-[orientation=horizontal]:w-full data-[orientation=vertical]:h-full data-[orientation=vertical]:w-px my-2\" role=\"none\" data-orientation=\"horizontal\" data-slot=\"separator\"><\/div>\n<\/li>\n<\/ul>\n<h2 style=\"text-align: left;\">Temel \u00d6zellikler<\/h2>\n<table style=\"border-collapse: collapse; width: 80%; margin-left: auto; margin-right: auto;\" border=\"0\" width=\"856\" cellspacing=\"0\" cellpadding=\"0\">\n<tbody>\n<tr style=\"height: 13.50pt;\">\n<td style=\"height: 13.5pt; width: 128.25pt; text-align: center;\" width=\"171\" height=\"18\">\u015eartname<\/td>\n<td style=\"width: 513.75pt; text-align: center;\" width=\"685\">Detaylar<\/td>\n<\/tr>\n<tr style=\"height: 13.50pt;\">\n<td style=\"height: 13.5pt; text-align: center;\" height=\"18\">Kapasite<\/td>\n<td style=\"text-align: center;\">485 ml<\/td>\n<\/tr>\n<tr style=\"height: 13.50pt;\">\n<td style=\"height: 13.5pt; text-align: center;\" height=\"18\">Boyutlar<\/td>\n<td style=\"text-align: center;\">7,75 cm \u00d7 22,3 cm<\/td>\n<\/tr>\n<tr style=\"height: 13.50pt;\">\n<td style=\"height: 13.5pt; text-align: center;\" height=\"18\">Malzeme<\/td>\n<td style=\"text-align: center;\">Kahverengi cam (UV korumal\u0131)<\/td>\n<\/tr>\n<tr style=\"height: 13.50pt;\">\n<td style=\"height: 13.5pt; text-align: center;\" height=\"18\">Kapatma T\u00fcr\u00fc<\/td>\n<td style=\"text-align: center;\">Paslanmaz \u00e7elikten yap\u0131lm\u0131\u015f, durduruculu d\u00f6ner \u00fcst k\u0131s\u0131mlar<\/td>\n<\/tr>\n<tr style=\"height: 13.50pt;\">\n<td style=\"height: 13.5pt; text-align: center;\" height=\"18\">Conta Se\u00e7enekleri<\/td>\n<td style=\"text-align: center;\">Standart kau\u00e7uk veya asit\/\u0131s\u0131ya dayan\u0131kl\u0131 silikona y\u00fckseltme<\/td>\n<\/tr>\n<tr style=\"height: 13.50pt;\">\n<td style=\"height: 13.5pt; text-align: center;\" height=\"18\">M\u00fch\u00fcr Performans\u0131<\/td>\n<td style=\"text-align: center;\">Hava ge\u00e7irmez, aktif karbonasyon i\u00e7in bas\u0131n\u00e7 testinden ge\u00e7irilmi\u015ftir<\/td>\n<\/tr>\n<tr style=\"height: 13.50pt;\">\n<td style=\"height: 13.5pt; text-align: center;\" height=\"18\">\u0130deal \u0130\u00e7in<\/td>\n<td style=\"text-align: center;\">Bira, kombu\u00e7a, soda, sirke, \u015farap yap\u0131m\u0131, fermente i\u00e7ecek<\/td>\n<\/tr>\n<\/tbody>\n<\/table>\n<h2>Ba\u015far\u0131 \u00d6rne\u011fi<\/h2>\n<p><span aria-haspopup=\"dialog\" aria-expanded=\"false\" aria-controls=\"radix-_r_97_\" data-state=\"closed\" data-slot=\"popover-trigger\">K\u00fc\u00e7\u00fck bir bira fabrikas\u0131, s\u0131n\u0131rl\u0131 say\u0131da \u00fcretilen mevsimlik bira serisini piyasaya s\u00fcrmek i\u00e7in ana ambalaj olarak kehribar rengi vidal\u0131 kapakl\u0131 cam \u015fi\u015felerimizi kullanmaya karar verdi.<\/span> <span aria-haspopup=\"dialog\" aria-expanded=\"false\" aria-controls=\"radix-_r_98_\" data-state=\"closed\" data-slot=\"popover-trigger\">\u0130kinci fermantasyona u\u011frad\u0131klar\u0131nda daha dayan\u0131kl\u0131 olmalar\u0131 i\u00e7in daha sa\u011flam kehribar rengi cam duvarlar, \u015fi\u015fenin alt k\u0131sm\u0131nda kabartmal\u0131 tekerlek deseni ve bira \u00fcreticisinin logosu ile bira etiketleriyle uyumlu koyu k\u0131rm\u0131z\u0131 bir s\u0131zd\u0131rmazl\u0131k halkas\u0131na sahip seramik bir kapak talep ettiler.<\/span> <span aria-haspopup=\"dialog\" aria-expanded=\"false\" aria-controls=\"radix-_r_99_\" data-state=\"closed\" data-slot=\"popover-trigger\">Satt\u0131klar\u0131 \u00f6zel biralar\u0131n sat\u0131\u015flar\u0131 ilk iki lansman d\u00f6neminde oran\u0131nda art\u0131\u015f g\u00f6sterdi ve piyasadan ald\u0131klar\u0131 olumlu tepkiyle bira fabrikas\u0131 d\u00fczenli olarak sipari\u015f vermeye devam edecek.<\/span><\/p>\n<h2>\u00d6zelle\u015ftirme Se\u00e7enekleri<\/h2>\n<ul>\n<li><strong>\u00d6zel Seramik Kapak Rengi:<\/strong> Markan\u0131z\u0131n rafta t\u00fcketicilerin dikkatini \u015fa\u015f\u0131rt\u0131c\u0131 bir \u015fekilde \u00e7ekebilmesi i\u00e7in kutu kapa\u011f\u0131nda tek bir renk se\u00e7in.<\/li>\n<li><strong>Kabartma Logosu:<\/strong> Elle hissedilebilen, ayr\u0131cal\u0131kl\u0131 ve birinci s\u0131n\u0131f bir marka kimli\u011fi i\u00e7in \u015fi\u015fenin omuz k\u0131sm\u0131na veya \u015fi\u015fenin taban\u0131na logonuzu i\u015fleyin.<\/li>\n<li><strong>Asit-A\u015f\u0131nd\u0131r\u0131lm\u0131\u015f Hacim \u0130\u015faretleme:<\/strong> \u015ei\u015fenin dibine asitle d\u00fczg\u00fcn ve buzlu bir &#034;485ml&#034; i\u015fareti \u00e7izerek profesyonel bir g\u00f6r\u00fcn\u00fcm kazand\u0131r\u0131n.<\/li>\n<li><strong>Asit-A\u015f\u0131nd\u0131r\u0131lm\u0131\u015f Hacim \u0130\u015faretleme:<\/strong> Tel \u00f6rg\u00fcye siyah veya renkli epoksi kaplama, tel \u00f6rg\u00fc dekorasyonu i\u00e7in veya tasar\u0131m\u0131n\u0131z\u0131n b\u00fct\u00fcnl\u00fc\u011f\u00fcne daha iyi uyum sa\u011flamas\u0131 i\u00e7in kullan\u0131labilir.<\/li>\n<\/ul>","protected":false},"excerpt":{"rendered":"<p>Sa\u011flam tel kelep\u00e7eli a\u00e7\u0131l\u0131r kapakl\u0131 kehribar renkli tekrar kapat\u0131labilir cam \u015fi\u015feler s\u0131k\u0131 bir s\u0131zd\u0131rmazl\u0131k sa\u011flar; soda, bira veya kombu\u00e7a i\u00e7in m\u00fckemmel a\u00e7\u0131l\u0131r kapakl\u0131 \u015fi\u015felerdir. H\u0131zl\u0131 kargo.<\/p>","protected":false},"featured_media":23831,"template":"","meta":[],"product_brand":[],"product_cat":[122,123,132],"product_tag":[],"class_list":{"0":"post-23813","1":"product","2":"type-product","3":"status-publish","4":"has-post-thumbnail","6":"product_cat-custom-glass-packaging","7":"product_cat-custom-glass-bottles","8":"product_cat-glass-flip-top-bottles","10":"first","11":"instock","12":"shipping-taxable","13":"product-type-simple"},"jetpack_sharing_enabled":true,"_links":{"self":[{"href":"https:\/\/yebodaglass.com\/tr\/wp-json\/wp\/v2\/product\/23813","targetHints":{"allow":["GET"]}}],"collection":[{"href":"https:\/\/yebodaglass.com\/tr\/wp-json\/wp\/v2\/product"}],"about":[{"href":"https:\/\/yebodaglass.com\/tr\/wp-json\/wp\/v2\/types\/product"}],"version-history":[{"count":5,"href":"https:\/\/yebodaglass.com\/tr\/wp-json\/wp\/v2\/product\/23813\/revisions"}],"predecessor-version":[{"id":25410,"href":"https:\/\/yebodaglass.com\/tr\/wp-json\/wp\/v2\/product\/23813\/revisions\/25410"}],"wp:featuredmedia":[{"embeddable":true,"href":"https:\/\/yebodaglass.com\/tr\/wp-json\/wp\/v2\/media\/23831"}],"wp:attachment":[{"href":"https:\/\/yebodaglass.com\/tr\/wp-json\/wp\/v2\/media?parent=23813"}],"wp:term":[{"taxonomy":"product_brand","embeddable":true,"href":"https:\/\/yebodaglass.com\/tr\/wp-json\/wp\/v2\/product_brand?post=23813"},{"taxonomy":"product_cat","embeddable":true,"href":"https:\/\/yebodaglass.com\/tr\/wp-json\/wp\/v2\/product_cat?post=23813"},{"taxonomy":"product_tag","embeddable":true,"href":"https:\/\/yebodaglass.com\/tr\/wp-json\/wp\/v2\/product_tag?post=23813"}],"curies":[{"name":"wp","href":"https:\/\/api.w.org\/{rel}","templated":true}]}}