{"id":23811,"date":"2025-11-17T17:24:30","date_gmt":"2025-11-17T09:24:30","guid":{"rendered":"https:\/\/yebodaglass.com\/?post_type=product&#038;p=23811"},"modified":"2025-11-18T10:20:05","modified_gmt":"2025-11-18T02:20:05","slug":"pickling-containers-bulk-glass-pickling-jar","status":"publish","type":"product","link":"https:\/\/yebodaglass.com\/tr\/pickling-containers-bulk-glass-pickling-jar\/","title":{"rendered":"350 ml - 730 ml Cam Tur\u015fu Kavanozu Toptan Kim\u00e7i"},"content":{"rendered":"<p>S\u0131zd\u0131ran veya tazeli\u011fini kaybeden tur\u015fu kavanozlar\u0131ndan b\u0131kt\u0131n\u0131z m\u0131? Cam tur\u015fu kavanozlar\u0131 \u00fcretiyoruz; art\u0131k s\u0131k\u0131c\u0131 dereotu veya salatal\u0131k partilerine son. Bu tur\u015fu kaplar\u0131, yiyecek deponuzu markal\u0131 bir g\u00fc\u00e7 merkezine d\u00f6n\u00fc\u015ft\u00fcr\u00fcyor. Toplu sipari\u015flerde i\u015fletmenize uygun \u00f6zel boyutlar mevcuttur.<\/p>\n<h2>\u00dcr\u00fcn \u00d6zellikleri<\/h2>\n<p><strong>Kal\u0131nla\u015ft\u0131r\u0131lm\u0131\u015f\u200b\u200d\u200b\u200c\u200d\u200b\u200d\u200c\u200b\u200d\u200c\u200d\u200b\u200d\u200c \u015feffaf cam<\/strong><\/p>\n<p>Kaplar\u0131n kenarlar\u0131 sa\u011flam ve uzun \u00f6m\u00fcrl\u00fcd\u00fcr, asit ve tuza dayan\u0131kl\u0131d\u0131r, bu sayede tur\u015fu yap\u0131m\u0131nda, fermantasyonda, sos yap\u0131m\u0131nda ve daha bir\u00e7ok g\u0131da \u00fcr\u00fcn\u00fcnde kullan\u0131labilir.<\/p>\n<p><strong>M\u00fckemmel s\u0131zd\u0131rmazl\u0131k kabiliyeti<\/strong><\/p>\n<p>Vidal\u0131 kapak tasar\u0131m\u0131 birlikte kullan\u0131ld\u0131\u011f\u0131nda hava giri\u015fini b\u00fcy\u00fck \u00f6l\u00e7\u00fcde engeller, b\u00f6ylece malzemelerin lezzeti ve temizli\u011fi korunur.<\/p>\n<p><strong>Yuvarlak \u015fekilli \u015fi\u015fe<\/strong><\/p>\n<p>Daha hacimli bir g\u00f6r\u00fcn\u00fcme sahip oldu\u011fundan te\u015fhir \u00fcr\u00fcnleri i\u00e7in de uygundur, bu sayede raflarda dikkat \u00e7ekicili\u011fi artar.<\/p>\n<h2>Temel \u00d6zellikler<\/h2>\n<table style=\"border-collapse: collapse; width: 80%; margin-left: auto; margin-right: auto;\" border=\"0\" width=\"216\" cellspacing=\"0\" cellpadding=\"0\">\n<tbody>\n<tr style=\"height: 13.50pt;\">\n<td style=\"height: 13.5pt; width: 54pt; text-align: center;\" width=\"72\" height=\"18\">Kapasite(ml)<\/td>\n<td style=\"width: 54pt; text-align: center;\" width=\"72\">Boyut (cm)<\/td>\n<td style=\"width: 54pt; text-align: center;\" width=\"72\">\u00d6zel Se\u00e7enekler<\/td>\n<\/tr>\n<tr style=\"height: 13.50pt;\">\n<td style=\"height: 13.5pt; text-align: center;\" align=\"right\" height=\"18\">350<\/td>\n<td style=\"text-align: center;\">8,5 x 8,1 x 11,0<\/td>\n<td class=\"et2\" style=\"text-align: center;\" rowspan=\"3\">Kapaklar, Renk, Logo...<\/td>\n<\/tr>\n<tr style=\"height: 13.50pt;\">\n<td style=\"height: 13.5pt; text-align: center;\" align=\"right\" height=\"18\">480<\/td>\n<td style=\"text-align: center;\">9,2 x 8,9 x 12,2<\/td>\n<\/tr>\n<tr style=\"height: 13.50pt;\">\n<td style=\"height: 13.5pt; text-align: center;\" align=\"right\" height=\"18\">730<\/td>\n<td style=\"text-align: center;\">9,5 x 14,5<\/td>\n<\/tr>\n<\/tbody>\n<\/table>\n<h2>Ba\u015far\u0131 Hikayesi<\/h2>\n<p>G\u00fcneydo\u011fu Asya&#039;dan bir ac\u0131 sos markas\u0131 ambalaj\u0131n\u0131 de\u011fi\u015ftirmeye karar verdi\u011finde, cam tur\u015fu kavanozumuzu tercih etti. Raftaki yeni yuvarlak ve \u015feffaf kavanoz, orijinal ve iri taneli malzemeleri an\u0131nda g\u00f6rebilen t\u00fcketicilerin g\u00f6rsel olarak ilgisini \u00e7ekti. Vidal\u0131 kapak da \u00fcr\u00fcn\u00fcn daha uzun s\u00fcre taze kalmas\u0131na yard\u0131mc\u0131 oldu.<\/p>\n<p>Yeni ambalaj serisinin sat\u0131\u015flar\u0131 \u00fc\u00e7 ay gibi k\u0131sa bir s\u00fcrede g\u00f6zle g\u00f6r\u00fcl\u00fcr bir art\u0131\u015f g\u00f6sterdi ve marka, yo\u011fun rekabetin ya\u015fand\u0131\u011f\u0131 sos pazar\u0131nda \u00f6nemli bir at\u0131l\u0131m ger\u00e7ekle\u015ftirdi.<\/p>\n<h2>Tur\u015fu Kaplar\u0131n\u0131n \u00d6zelle\u015ftirme Rehberiniz<\/h2>\n<ol>\n<li><strong>\u00d6zel\u200b\u200d\u200b\u200c\u200d\u200b\u200d\u200c\u200b\u200d\u200b\u200c\u200d\u200b\u200d\u200c S\u0131zd\u0131rmazl\u0131k Kapaklar\u0131:<\/strong> Fermente tur\u015fular\u0131n\u0131z\u0131n daha iyi s\u0131zd\u0131rmazl\u0131\u011f\u0131 ve muhafazas\u0131 i\u00e7in metal, neme dayan\u0131kl\u0131 plastik veya silikon s\u0131zd\u0131rmazl\u0131k halkalar\u0131n\u0131 se\u00e7ebilirsiniz.<\/li>\n<li><strong>Etiketleme ve Bask\u0131 \u0130\u015flemleri:<\/strong> A\u015fa\u011f\u0131dakilerden herhangi birini uygulayarak marka g\u00f6rsel gereksinimlerini destekler: f\u0131r\u0131nlanm\u0131\u015f emaye, serigrafi, kabartma veya tam etiket tasar\u0131mlar\u0131.<\/li>\n<li><strong>Kapaklar\u0131n Rengi ve Kaymaz Dokusu:<\/strong> T\u00fcketicinin rafta dikkatini \u00e7ekmek ve a\u00e7\u0131l\u0131rken daha iyi bir tutu\u015f sa\u011flamak i\u00e7in dokulu veya dokusuz y\u00fczeyli farkl\u0131 renkli kapaklar kullan\u0131lmaktad\u0131r.<\/li>\n<\/ol>","protected":false},"excerpt":{"rendered":"<p>Soslar ve fermente g\u0131dalar i\u00e7in tur\u015fu kaplar\u0131. Cam tur\u015fu kavanozlar\u0131m\u0131z, markalar i\u00e7in \u015feffaf sergileme, s\u0131k\u0131 s\u0131zd\u0131rmazl\u0131k ve g\u00fcvenilir toplu paketleme imkan\u0131 sunar.<\/p>","protected":false},"featured_media":23817,"template":"","meta":[],"product_brand":[],"product_cat":[122,124,133],"product_tag":[],"class_list":{"0":"post-23811","1":"product","2":"type-product","3":"status-publish","4":"has-post-thumbnail","6":"product_cat-custom-glass-packaging","7":"product_cat-custom-glass-jars","8":"product_cat-pickle-jars","10":"first","11":"instock","12":"shipping-taxable","13":"product-type-simple"},"jetpack_sharing_enabled":true,"_links":{"self":[{"href":"https:\/\/yebodaglass.com\/tr\/wp-json\/wp\/v2\/product\/23811","targetHints":{"allow":["GET"]}}],"collection":[{"href":"https:\/\/yebodaglass.com\/tr\/wp-json\/wp\/v2\/product"}],"about":[{"href":"https:\/\/yebodaglass.com\/tr\/wp-json\/wp\/v2\/types\/product"}],"version-history":[{"count":5,"href":"https:\/\/yebodaglass.com\/tr\/wp-json\/wp\/v2\/product\/23811\/revisions"}],"predecessor-version":[{"id":23836,"href":"https:\/\/yebodaglass.com\/tr\/wp-json\/wp\/v2\/product\/23811\/revisions\/23836"}],"wp:featuredmedia":[{"embeddable":true,"href":"https:\/\/yebodaglass.com\/tr\/wp-json\/wp\/v2\/media\/23817"}],"wp:attachment":[{"href":"https:\/\/yebodaglass.com\/tr\/wp-json\/wp\/v2\/media?parent=23811"}],"wp:term":[{"taxonomy":"product_brand","embeddable":true,"href":"https:\/\/yebodaglass.com\/tr\/wp-json\/wp\/v2\/product_brand?post=23811"},{"taxonomy":"product_cat","embeddable":true,"href":"https:\/\/yebodaglass.com\/tr\/wp-json\/wp\/v2\/product_cat?post=23811"},{"taxonomy":"product_tag","embeddable":true,"href":"https:\/\/yebodaglass.com\/tr\/wp-json\/wp\/v2\/product_tag?post=23811"}],"curies":[{"name":"wp","href":"https:\/\/api.w.org\/{rel}","templated":true}]}}