{"id":23801,"date":"2025-11-17T15:49:26","date_gmt":"2025-11-17T07:49:26","guid":{"rendered":"https:\/\/yebodaglass.com\/?post_type=product&#038;p=23801"},"modified":"2025-11-17T16:50:04","modified_gmt":"2025-11-17T08:50:04","slug":"custom-grooved-resealable-bottles-for-fermentation","status":"publish","type":"product","link":"https:\/\/yebodaglass.com\/tr\/custom-grooved-resealable-bottles-for-fermentation\/","title":{"rendered":"Fermantasyon i\u00e7in \u00d6zel 465ml Yivli A\u00e7\u0131l\u0131p Kapanabilir \u015ei\u015feler"},"content":{"rendered":"<p data-start=\"66\" data-end=\"288\">\u015eeffaf camdan\u200d\u200d\u200d\u200d\u200d\u200d yap\u0131lan bu yeniden kapat\u0131labilir \u015fi\u015feler, nerv\u00fcrl\u00fc bir desene ve metal bir ge\u00e7meli kapa\u011fa sahiptir, b\u00f6ylece \u00e7a\u011fda\u015f ama zamans\u0131z bir \u00e7ekicilik i\u00e7in stil, kolayl\u0131k ve g\u00fcvenli bir s\u0131zd\u0131rmazl\u0131\u011f\u0131 harmanlar.<\/p>\n<h2>\u00dcr\u00fcn \u00d6zellikleri<\/h2>\n<ul>\n<li><strong>Nerv\u00fcrl\u00fc \u015fi\u015fe:<\/strong> Nerv\u00fcrl\u00fc desen sadece \u00fcr\u00fcn\u00fc s\u00fcslemek ve markay\u0131 daha tan\u0131n\u0131r hale getirmekle kalmaz, ayn\u0131 zamanda tutu\u015fu art\u0131r\u0131r ve kayma olas\u0131l\u0131\u011f\u0131n\u0131 azalt\u0131r.<\/li>\n<li><strong>Bas-Durdur S\u0131zd\u0131rmazl\u0131k:<\/strong> Metal bir pres-stop tapa ile bu \u015fi\u015felerin kapat\u0131lmas\u0131 sorun olmaktan uzakt\u0131r, bu nedenle \u00e7ok s\u0131zd\u0131rmazl\u0131k \u00f6zelli\u011fine sahiptir, b\u00f6ylece i\u00e7eri\u011fi etkili bir \u015fekilde tazeler ve a\u00e7ma ve kapamay\u0131 kolayla\u015ft\u0131r\u0131r.<\/li>\n<li><strong>M\u00fckemmel g\u00f6r\u00fcn\u00fcyor:<\/strong> \u00dcr\u00fcn, dokulu deseni ve vintage tarz\u0131 vidal\u0131 kapa\u011f\u0131 sayesinde l\u00fcks bir g\u00f6r\u00fcn\u00fcm kazanarak perakende \u200d\u200d\u200d\u200d\u200d\u200d\u200d raflar\u0131nda ger\u00e7ek bir g\u00f6z al\u0131c\u0131 haline gelir.<\/li>\n<\/ul>\n<h2 style=\"text-align: left;\">Temel \u00d6zellikler<\/h2>\n<table class=\"aligncenter\" style=\"border-collapse: collapse; width: 426.02pt;\" border=\"0\" width=\"568\" cellspacing=\"0\" cellpadding=\"0\">\n<tbody>\n<tr style=\"height: 13.50pt;\">\n<td style=\"height: 13.50pt; width: 105.75pt;\" width=\"141\" height=\"18\">\u015eartname<\/td>\n<td style=\"width: 320.25pt;\" width=\"427\">Detaylar<\/td>\n<\/tr>\n<tr style=\"height: 13.50pt;\">\n<td style=\"height: 13.50pt;\" height=\"18\">Kapasite<\/td>\n<td>465ml<\/td>\n<\/tr>\n<tr style=\"height: 13.50pt;\">\n<td style=\"height: 13.50pt;\" height=\"18\">Boyutlar<\/td>\n<td>7,75 cm \u00d7 22,3 cm<\/td>\n<\/tr>\n<tr style=\"height: 13.50pt;\">\n<td style=\"height: 13.50pt;\" height=\"18\">Malzeme<\/td>\n<td>Y\u00fcksek berrakl\u0131kta \u015feffaf cam<\/td>\n<\/tr>\n<tr style=\"height: 13.50pt;\">\n<td style=\"height: 13.50pt;\" height=\"18\">G\u00f6vde Tasar\u0131m\u0131<\/td>\n<td>Kavrama ve g\u00fc\u00e7lendirme i\u00e7in dikey oluklar<\/td>\n<\/tr>\n<tr style=\"height: 13.50pt;\">\n<td style=\"height: 13.50pt;\" height=\"18\">Kapatma T\u00fcr\u00fc<\/td>\n<td>K\u0131rm\u0131z\u0131\/beyaz t\u0131pal\u0131 paslanmaz \u00e7elik sal\u0131ncak \u00fcstleri<\/td>\n<\/tr>\n<tr style=\"height: 13.50pt;\">\n<td style=\"height: 13.50pt;\" height=\"18\">\u0130deal \u0130\u00e7in<\/td>\n<td>fermantasyon i\u00e7in \u015fi\u015fe, kapakl\u0131 \u015fi\u015feler<\/td>\n<\/tr>\n<\/tbody>\n<\/table>\n<h2>Ba\u015far\u0131\u200d\u200d\u200d\u200d\u200d\u200d Hikayesi: Bir Sirke Markas\u0131n\u0131n \u0130maj\u0131n\u0131n Geli\u015ftirilmesi<\/h2>\n<p>Zanaat sirkesi \u00fcreticilerinden biri, karbonizasyon bas\u0131nc\u0131n\u0131 tutabilecek ve ayn\u0131 zamanda \u00fcr\u00fcn\u00fcn \u00fcst d\u00fczey konumunu yans\u0131tacak bir ambalaja ihtiya\u00e7 duyuyordu. Sonunda fermantasyon i\u00e7in yivli \u015fi\u015femizi tercih ettiler. Yivli \u015fekli sayesinde, d\u00f6k\u00fclmeleri 41% oran\u0131nda azaltmak m\u00fcmk\u00fcn oldu ve biray\u0131 etkili bir \u015fekilde taze tutmak i\u00e7in kullan\u0131lan vidal\u0131 kapak ayn\u0131 zamanda \u015fi\u015feyi s\u0131k\u0131ca kapatmak i\u00e7in de kullan\u0131ld\u0131\u011f\u0131ndan lezzet kayb\u0131 38% oran\u0131nda azalt\u0131ld\u0131. Bu ba\u015far\u0131y\u0131 bir ba\u015flang\u0131\u00e7 noktas\u0131 olarak kabul eden \u015firket, da\u011f\u0131t\u0131m a\u011f\u0131n\u0131 geni\u015fletmek i\u00e7in toplamda 500.000 \u015fi\u015feye ula\u015fan d\u00f6rt sipari\u015f verdi.<\/p>\n<h2>\u00d6zelle\u015ftirme Se\u00e7enekleri<\/h2>\n<p>Bunlar, a\u015fa\u011f\u0131daki \u00f6zelle\u015ftirme se\u00e7eneklerini kulland\u0131\u011f\u0131n\u0131zda geli\u015fmi\u015f kalitede \u00f6zel yeniden kapat\u0131labilir \u015fi\u015feleriniz olabilir:<\/p>\n<ul>\n<li><strong>Groove Parlak Renklendirme:<\/strong> Dikey oluklar renkli emaye ile s\u00fcslenebilir, b\u00f6ylece markan\u0131z\u0131n renkleri olabilecek belirgin bir \u00e7izgili desen elde edilir.<\/li>\n<li><strong>Kabartmal\u0131 Cilt \u0130\u015fareti:<\/strong> \u00dcr\u00fcn\u00fcn daha l\u00fcks bir g\u00f6r\u00fcn\u00fcm kazanmas\u0131na yard\u0131mc\u0131 olmak i\u00e7in \u015fi\u015fenin alt\u0131na veya alt k\u0131sm\u0131na ince bir \"465ml\" i\u015fareti ekleyin.<\/li>\n<li><strong>\u00d6zel Kapak Rengi:<\/strong> Markan\u0131n ana renk \u015femas\u0131yla uyumlu bir seramik kapak rengi se\u00e7mek sizin i\u00e7in bir se\u00e7enektir.<\/li>\n<li><strong>Asitle Kaz\u0131nm\u0131\u015f Logo:<\/strong> Asitle kaz\u0131nm\u0131\u015f buzlu logolu \u015feffaf bir cam y\u00fczey sadece sofistike de\u011fil, ayn\u0131 zamanda uzun \u00f6m\u00fcrl\u00fc ve birinci s\u0131n\u0131f bir marka imaj\u0131 \u200d\u200d\u200d\u200d\u200d\u200dsunucudur.<\/li>\n<\/ul>","protected":false},"excerpt":{"rendered":"<p>Yivli g\u00f6vdesi ve hava ge\u00e7irmez d\u00f6ner kapa\u011f\u0131 ile fermantasyon i\u00e7in \u015feffaf cam \u015fi\u015fe. Demleme ve saklama i\u00e7in m\u00fckemmel, \u015f\u0131k, dayan\u0131kl\u0131, yeniden kapat\u0131labilir \u015fi\u015feler. \u00dccretsiz \u00f6rnekler.<\/p>","protected":false},"featured_media":23804,"template":"","meta":[],"product_brand":[],"product_cat":[122,123,132],"product_tag":[],"class_list":{"0":"post-23801","1":"product","2":"type-product","3":"status-publish","4":"has-post-thumbnail","6":"product_cat-custom-glass-packaging","7":"product_cat-custom-glass-bottles","8":"product_cat-glass-flip-top-bottles","10":"first","11":"instock","12":"shipping-taxable","13":"product-type-simple"},"jetpack_sharing_enabled":true,"_links":{"self":[{"href":"https:\/\/yebodaglass.com\/tr\/wp-json\/wp\/v2\/product\/23801","targetHints":{"allow":["GET"]}}],"collection":[{"href":"https:\/\/yebodaglass.com\/tr\/wp-json\/wp\/v2\/product"}],"about":[{"href":"https:\/\/yebodaglass.com\/tr\/wp-json\/wp\/v2\/types\/product"}],"version-history":[{"count":4,"href":"https:\/\/yebodaglass.com\/tr\/wp-json\/wp\/v2\/product\/23801\/revisions"}],"predecessor-version":[{"id":23812,"href":"https:\/\/yebodaglass.com\/tr\/wp-json\/wp\/v2\/product\/23801\/revisions\/23812"}],"wp:featuredmedia":[{"embeddable":true,"href":"https:\/\/yebodaglass.com\/tr\/wp-json\/wp\/v2\/media\/23804"}],"wp:attachment":[{"href":"https:\/\/yebodaglass.com\/tr\/wp-json\/wp\/v2\/media?parent=23801"}],"wp:term":[{"taxonomy":"product_brand","embeddable":true,"href":"https:\/\/yebodaglass.com\/tr\/wp-json\/wp\/v2\/product_brand?post=23801"},{"taxonomy":"product_cat","embeddable":true,"href":"https:\/\/yebodaglass.com\/tr\/wp-json\/wp\/v2\/product_cat?post=23801"},{"taxonomy":"product_tag","embeddable":true,"href":"https:\/\/yebodaglass.com\/tr\/wp-json\/wp\/v2\/product_tag?post=23801"}],"curies":[{"name":"wp","href":"https:\/\/api.w.org\/{rel}","templated":true}]}}