{"id":23792,"date":"2025-11-17T14:17:35","date_gmt":"2025-11-17T06:17:35","guid":{"rendered":"https:\/\/yebodaglass.com\/?post_type=product&#038;p=23792"},"modified":"2026-03-26T14:20:30","modified_gmt":"2026-03-26T06:20:30","slug":"wholesale-clear-fermentation-bottles-with-handles","status":"publish","type":"product","link":"https:\/\/yebodaglass.com\/tr\/wholesale-clear-fermentation-bottles-with-handles\/","title":{"rendered":"Kulplu \u015eeffaf Fermantasyon \u015ei\u015feleri Toptan Sat\u0131\u015f\u0131 250ml 350ml 500ml"},"content":{"rendered":"<p>Intended to withstand usage, be easy to carry and manage, and provide assurance to good sealing ability, this glass bottle family ( 250ml, 350ml and 500ml picks ) will have built in handle and swing top closure. The bottles are made of pure, clear glass, with an easy, ergonomic handle and a rounded, smooth body that makes them easy to fill and pour in either the work or home setting.<\/p>\n<h2>\u00dcr\u00fcn \u00d6zellikleri<\/h2>\n<p>All bottles come packaged with a swivel-top (flip-top) system of bottle closure: A glass stopper, stainless wire bail, and a food grade sealing gasket. This construction provides an airtight sealed cover and the bottles can be used to preserve freshness and to facilitate the fermentation process. Product visibility is improved by the transparent glass body and therefore the ease with which users can track contents.<\/p>\n<h2 style=\"text-align: left;\">Temel \u00d6zellikler<\/h2>\n<table class=\"aligncenter\" style=\"border-collapse: collapse; width: 762.77pt;\" border=\"0\" width=\"1017\" cellspacing=\"0\" cellpadding=\"0\">\n<tbody>\n<tr style=\"height: 13.50pt;\">\n<td style=\"height: 13.50pt; width: 138.75pt;\" width=\"185\" height=\"18\">\u015eartname<\/td>\n<td style=\"width: 624.00pt;\" width=\"832\">Detaylar<\/td>\n<\/tr>\n<tr style=\"height: 13.50pt;\">\n<td style=\"height: 13.50pt;\" height=\"18\">Boyutlar<\/td>\n<td>250ml (8oz): 6,7 cm \u00d7 17,2 cm\/350ml(12oz): 7,6 cm \u00d7 20 cm\/500ml (16 oz): 8,7 cm \u00d7 21,8 cm<\/td>\n<\/tr>\n<tr style=\"height: 13.50pt;\">\n<td style=\"height: 13.50pt;\" height=\"18\">Malzeme<\/td>\n<td>Kur\u015funsuz soda-kire\u00e7 cam\u0131<\/td>\n<\/tr>\n<tr style=\"height: 13.50pt;\">\n<td style=\"height: 13.50pt;\" height=\"18\">Kulp Tasar\u0131m\u0131<\/td>\n<td>T\u00fcm boyutlarda kal\u0131planm\u0131\u015f ergonomik sap<\/td>\n<\/tr>\n<tr style=\"height: 13.50pt;\">\n<td style=\"height: 13.50pt;\" height=\"18\">Kapatma T\u00fcr\u00fc<\/td>\n<td>\u00a0swing top<\/td>\n<\/tr>\n<tr style=\"height: 13.50pt;\">\n<td style=\"height: 13.50pt;\" height=\"18\">Conta Se\u00e7enekleri<\/td>\n<td>G\u0131da s\u0131n\u0131f\u0131 kau\u00e7uk veya silikon<\/td>\n<\/tr>\n<tr style=\"height: 13.50pt;\">\n<td style=\"height: 13.50pt;\" height=\"18\">M\u00fch\u00fcr Performans\u0131<\/td>\n<td>Hava ge\u00e7irmez, bas\u0131nca dayan\u0131kl\u0131 - do\u011fal karbonatlama i\u00e7in ideal<\/td>\n<\/tr>\n<tr style=\"height: 13.50pt;\">\n<td style=\"height: 13.50pt;\" height=\"18\">\u0130deal \u0130\u00e7in<\/td>\n<td>Bira, soda, \u015farap yap\u0131m\u0131, probiyotik tonikler, Kombucha<\/td>\n<\/tr>\n<\/tbody>\n<\/table>\n<h2>Ba\u015far\u0131 Hikayesi: Bir Craft Kombucha \u00dcretim Hatt\u0131n\u0131n Optimize Edilmesi<\/h2>\n<p>Kombucha bira fabrikas\u0131, ikincil fermantasyon i\u00e7in fermantasyon tanklar\u0131 kulland\u0131\u011f\u0131 ve daha sonra \u00fcr\u00fcnleri normal \u015fi\u015felerde satt\u0131\u011f\u0131 i\u00e7in \u00fcretim s\u00fcrecinde istikrars\u0131zl\u0131k sorunuyla kar\u015f\u0131 kar\u015f\u0131yayd\u0131. Sonu\u00e7 olarak, kontaminasyon oran\u0131 \u00e7ok y\u00fcksekti ve \u00fcretim istikrars\u0131zd\u0131. Kulplu fermantasyon \u015fi\u015felerimize ge\u00e7tiler ve \u015fi\u015felerin daha iyi s\u0131zd\u0131rmazl\u0131\u011f\u0131 nedeniyle kontaminasyon oran\u0131n\u0131n 38% d\u00fc\u015ft\u00fc\u011f\u00fcn\u00fc fark ettiler. \u00c7al\u0131\u015fanlar ayr\u0131ca \u015fi\u015feleri kulplar\u0131ndan tutabildikleri i\u00e7in \u00e7ift\u00e7i pazar\u0131nda numune almay\u0131 daha kolay buldular ve b\u00f6ylece ta\u015f\u0131ma s\u0131ras\u0131ndaki k\u0131r\u0131lma 15% azald\u0131. Bira fabrikas\u0131 \u00fcr\u00fcn performans\u0131ndan ve m\u00fc\u015fteri geri bildirimlerinden o kadar memnun kald\u0131 ki her biri 100.000 \u015fi\u015felik \u00fc\u00e7 sipari\u015f daha vermeye karar verdi.<\/p>\n<h2>Fermente \u015ei\u015feleri i\u00e7in \u00d6zelle\u015ftirme \u00d6nerileri<\/h2>\n<p>\u00dcr\u00fcnle ilgili bu \u00f6zelle\u015ftirme se\u00e7enekleriyle i\u015flevsel fermantasyon \u015fi\u015felerini daha \u00e7ekici ve marka bilinirli\u011fi y\u00fcksek hale getirin:<\/p>\n<ul>\n<li><strong>Resimli Kapasite Hatlar\u0131:<\/strong> Hacim \u00e7izgileri, her parti i\u00e7in kesin hacim sa\u011flamak \u00fczere \u015fi\u015fenin omuz k\u0131sm\u0131nda a\u00e7\u0131k\u00e7a i\u015faretlenmi\u015ftir.<\/li>\n<li><strong>Cam Serigrafi Bask\u0131:<\/strong> \u015ei\u015fe \u00fczerindeki grafikler, do\u011frudan \u015fi\u015fe g\u00f6vdesine bas\u0131lan dayan\u0131kl\u0131 ve kimyasallara dayan\u0131kl\u0131 malzemeden yap\u0131lm\u0131\u015ft\u0131r, bu nedenle s\u0131k y\u0131kama ve kullan\u0131ma dayanabilir.<\/li>\n<li><strong>Buzlu Kulplar:<\/strong> Kulplar, daha iyi bir tutu\u015f ve daha l\u00fcks bir deneyim i\u00e7in eklenen buzlu bir g\u00f6r\u00fcn\u00fcme sahiptir.<\/li>\n<li><strong>Altta Kabartmal\u0131 Logo:<\/strong> \u015ei\u015fenin alt k\u0131sm\u0131na k\u00fc\u00e7\u00fck, kabar\u0131k ve ince bir \u015fekilde bas\u0131lan logo, \u200d\u200d\u200d\u200d\u200d\u200d etiketin \u00f6n\u00fcne ge\u00e7meden \u00fcr\u00fcne profesyonel bir g\u00f6r\u00fcn\u00fcm kazand\u0131r\u0131r.<\/li>\n<\/ul>","protected":false},"excerpt":{"rendered":"<p>Durable fermentation bottles with swing top and handle. Clear ferment bottles in 250ml, 350ml, 500ml for brewing, storage, and beverage packaging.<\/p>","protected":false},"featured_media":25629,"template":"","meta":[],"product_brand":[],"product_cat":[132,123,122],"product_tag":[],"class_list":{"0":"post-23792","1":"product","2":"type-product","3":"status-publish","4":"has-post-thumbnail","6":"product_cat-glass-flip-top-bottles","7":"product_cat-custom-glass-bottles","8":"product_cat-custom-glass-packaging","10":"first","11":"instock","12":"shipping-taxable","13":"product-type-simple"},"jetpack_sharing_enabled":true,"_links":{"self":[{"href":"https:\/\/yebodaglass.com\/tr\/wp-json\/wp\/v2\/product\/23792","targetHints":{"allow":["GET"]}}],"collection":[{"href":"https:\/\/yebodaglass.com\/tr\/wp-json\/wp\/v2\/product"}],"about":[{"href":"https:\/\/yebodaglass.com\/tr\/wp-json\/wp\/v2\/types\/product"}],"version-history":[{"count":5,"href":"https:\/\/yebodaglass.com\/tr\/wp-json\/wp\/v2\/product\/23792\/revisions"}],"predecessor-version":[{"id":25615,"href":"https:\/\/yebodaglass.com\/tr\/wp-json\/wp\/v2\/product\/23792\/revisions\/25615"}],"wp:featuredmedia":[{"embeddable":true,"href":"https:\/\/yebodaglass.com\/tr\/wp-json\/wp\/v2\/media\/25629"}],"wp:attachment":[{"href":"https:\/\/yebodaglass.com\/tr\/wp-json\/wp\/v2\/media?parent=23792"}],"wp:term":[{"taxonomy":"product_brand","embeddable":true,"href":"https:\/\/yebodaglass.com\/tr\/wp-json\/wp\/v2\/product_brand?post=23792"},{"taxonomy":"product_cat","embeddable":true,"href":"https:\/\/yebodaglass.com\/tr\/wp-json\/wp\/v2\/product_cat?post=23792"},{"taxonomy":"product_tag","embeddable":true,"href":"https:\/\/yebodaglass.com\/tr\/wp-json\/wp\/v2\/product_tag?post=23792"}],"curies":[{"name":"wp","href":"https:\/\/api.w.org\/{rel}","templated":true}]}}