{"id":23764,"date":"2025-11-14T16:48:27","date_gmt":"2025-11-14T08:48:27","guid":{"rendered":"https:\/\/yebodaglass.com\/?post_type=product&#038;p=23764"},"modified":"2025-11-18T10:21:39","modified_gmt":"2025-11-18T02:21:39","slug":"wholesale-clear-grolsch-bottle-with-swing-top","status":"publish","type":"product","link":"https:\/\/yebodaglass.com\/tr\/wholesale-clear-grolsch-bottle-with-swing-top\/","title":{"rendered":"Toptan 16 oz \u015eeffaf Grolsch \u015ei\u015feleri, Sal\u0131ncak \u00dcst\u00fc ile"},"content":{"rendered":"<p data-start=\"66\" data-end=\"288\">It\u200d\u200d\u200d\u200d\u200d\u200d\u200d, metal \u00e7\u0131t\u00e7\u0131tl\u0131 kapa\u011f\u0131 ve k\u0131rm\u0131z\u0131 ve beyaz renk bile\u015fenleri olan \u015feffaf camdan yap\u0131lm\u0131\u015f bir grolsch \u015fi\u015fesidir. Kullan\u0131\u015fl\u0131l\u0131\u011f\u0131na ve s\u0131k\u0131ca kapat\u0131lm\u0131\u015f kapa\u011f\u0131na ek olarak, i\u00e7eceklerin veya g\u0131da \u00fcr\u00fcnlerinin depolanmas\u0131 i\u00e7in m\u00fckemmeldir.<\/p>\n<h2>\u00dcr\u00fcn \u00d6zellikleri<\/h2>\n<ul>\n<li><strong>\u015eeffaf Cam Malzemesi:<\/strong> \u015eeffaf cam sayesinde kab\u0131 a\u00e7madan s\u0131v\u0131n\u0131n rengi ve miktar\u0131 g\u00f6rsel olarak kontrol edilebilir, b\u00f6ylece \u00fcr\u00fcn\u00fcn tan\u0131mlanmas\u0131 ve denetlenmesi kolayla\u015f\u0131r.<\/li>\n<li><strong>Ge\u00e7meli Kilit S\u0131zd\u0131rmazl\u0131k Tasar\u0131m\u0131:<\/strong> Kaba tak\u0131l\u0131 k\u0131rm\u0131z\u0131 ve beyaz metal \u00e7\u0131t\u00e7\u0131tl\u0131 t\u0131pa m\u00fckemmel s\u0131zd\u0131rmazl\u0131k sa\u011flar, b\u00f6ylece i\u00e7indeki s\u0131v\u0131n\u0131n tazeli\u011fi garanti edilirken ayn\u0131 zamanda kapak kolayca \u00e7\u0131kar\u0131labilir ve yeniden tak\u0131labilir.<\/li>\n<li><strong>Basit ve Pratik Tasar\u0131m:<\/strong> \u015ei\u015fe, estetik a\u00e7\u0131dan \u00e7ekici ve ayn\u0131 zamanda pratik olan temiz ak\u0131c\u0131 \u00e7izgiler ve minimalist tarzla donat\u0131lm\u0131\u015ft\u0131r, b\u00f6ylece yaln\u0131zca kullan\u0131m\u0131 de\u011fil, ayn\u0131 zamanda saklamas\u0131 da kolay bir \u00fcr\u00fcn elde edersiniz.<\/li>\n<\/ul>\n<h2 style=\"text-align: left;\">Temel \u00d6zellikler<\/h2>\n<table class=\"aligncenter\" style=\"border-collapse: collapse; width: 564.02pt;\" border=\"0\" width=\"752\" cellspacing=\"0\" cellpadding=\"0\">\n<tbody>\n<tr style=\"height: 13.50pt;\">\n<td style=\"height: 13.50pt; width: 115.50pt;\" width=\"154\" height=\"18\">\u015eartname<\/td>\n<td style=\"width: 448.50pt;\" width=\"598\">Detaylar<\/td>\n<\/tr>\n<tr style=\"height: 13.50pt;\">\n<td style=\"height: 13.50pt;\" height=\"18\">Boyutlar<\/td>\n<td>500ml (16oz): 8,1 cm \u00d7 22,3 cm<\/td>\n<\/tr>\n<tr style=\"height: 13.50pt;\">\n<td style=\"height: 13.50pt;\" height=\"18\">Malzeme<\/td>\n<td>Y\u00fcksek berrakl\u0131kta \u015feffaf cam<\/td>\n<\/tr>\n<tr style=\"height: 13.50pt;\">\n<td style=\"height: 13.50pt;\" height=\"18\">Kapatma Sistemi<\/td>\n<td>K\u0131rm\u0131z\u0131\/beyaz t\u0131pal\u0131 paslanmaz \u00e7elik sal\u0131ncak \u00fcstleri + g\u0131da s\u0131n\u0131f\u0131 conta<\/td>\n<\/tr>\n<tr style=\"height: 13.50pt;\">\n<td style=\"height: 13.50pt;\" height=\"18\">Boyun Kaplama<\/td>\n<td>Standart ez kapak de\u011fi\u015fimleri ve y\u0131kay\u0131c\u0131 kitleri ile uyumludur<\/td>\n<\/tr>\n<tr style=\"height: 13.50pt;\">\n<td style=\"height: 13.50pt;\" height=\"18\">\u0130deal \u0130\u00e7in<\/td>\n<td>Kombucha, bira, soda, \u015farap yap\u0131m\u0131, fermente tonikler<\/td>\n<\/tr>\n<\/tbody>\n<\/table>\n<h2>Ba\u015far\u0131 Hikayesi: Craft Me\u015frubat \u0130\u015fi Tersine D\u00f6nd\u00fc<\/h2>\n<p>K\u00fc\u00e7\u00fck bir me\u015frubat \u015firketi, birinci s\u0131n\u0131f marka imaj\u0131n\u0131 yans\u0131tmalar\u0131na yard\u0131mc\u0131 olabilecek do\u011fru ambalaj t\u00fcr\u00fcn\u00fcn bulunamamas\u0131 nedeniyle s\u0131k\u0131nt\u0131 ya\u015f\u0131yordu. Nihayetinde \u00f6zel zencefilli gazozlar\u0131n\u0131 ve sarsaparillalar\u0131n\u0131 paketlemek i\u00e7in 16 oz'luk a\u00e7\u0131l\u0131r kapan\u0131r \u015fi\u015felerimizde karar k\u0131ld\u0131lar. Aileler b\u00fcy\u00fck boylardan ger\u00e7ekten memnundu. Depolama s\u0131ras\u0131ndaki karbonatla\u015fma kayb\u0131, hava ge\u00e7irmez vidal\u0131 kilitli contalar sayesinde 43% oran\u0131nda azalt\u0131lan ana fakt\u00f6rd\u00fc, bu da sonu\u00e7 olarak bozulma \u015fikayetlerini en aza indirdi ve yeniden sat\u0131n alma oran\u0131n\u0131 \u200d\u200d\u200d\u200d\u200d\u200d\u200d52% art\u0131rd\u0131. bu nedenle \u015firketin m\u00fc\u015fteri sadakati a\u00e7\u0131s\u0131ndan iyi durumda oldu\u011fu s\u00f6ylenebilir. Bu durum \u015firket, t\u00fcketici ve distrib\u00fct\u00f6r \u00e7evrelerinde \u00e7ok say\u0131da olumlu g\u00f6r\u00fc\u015fmeye yol a\u00e7m\u0131\u015f, dolay\u0131s\u0131yla distrib\u00fct\u00f6rlerden her \u00e7eyrekte 250.000 adede ula\u015fan sipari\u015fler al\u0131nm\u0131\u015ft\u0131r.<\/p>\n<h2>Grolsch \u015ei\u015fesi Ki\u015fiselle\u015ftirme Fikirleri<\/h2>\n<ul>\n<li><strong>Cam Serigrafi Bask\u0131:<\/strong> \u015eeffaf cam kab\u0131, modaya uygun \u015fekilde bas\u0131labilen canl\u0131 marka logolar\u0131 veya uzun s\u00fcre kal\u0131c\u0131 olan ve marka imaj\u0131n\u0131 ve kimli\u011fini sunmak i\u00e7in ideal olan di\u011fer tasar\u0131mlarla s\u00fcsleyebilirsiniz.<\/li>\n<li><strong>Kabartmal\u0131 Kapasite \u0130\u015fareti:<\/strong> \u015ei\u015fenin alt k\u0131sm\u0131na veya alt k\u0131sm\u0131na ince bir \u015fekilde kabartmal\u0131 \"16 OZ\" veya \"1 L\" ekleyerek kab\u0131n\u0131z\u0131n profesyonel g\u00f6r\u00fcn\u00fcm\u00fcn\u00fc daha belirgin hale getirin.<\/li>\n<li><strong>Renkli Silikon S\u0131zd\u0131rmazl\u0131k Halkas\u0131:<\/strong> Kapak tak\u0131ld\u0131\u011f\u0131nda k\u00fc\u00e7\u00fck ama olduk\u00e7a dikkat \u00e7ekici bir \u00f6zel ayr\u0131nt\u0131 olarak hizmet veren marka renklerinizle uyumlu bir silikon s\u0131zd\u0131rmazl\u0131k halkas\u0131na sahip olabilirsiniz.<\/li>\n<li><strong>\u00d6zel Parlak\/Mat Etiket Panelleri:<\/strong> Birincil etiketinizin hak etti\u011fi ilgiyi g\u00f6rmesi i\u00e7in \u00e7\u0131kartma alan\u0131n\u0131za parlak veya mat farkl\u0131 cam dokular\u0131 ekleyin.<\/li>\n<\/ul>","protected":false},"excerpt":{"rendered":"<p>G\u00fcvenli, yeniden kullan\u0131labilir i\u00e7ecek saklama i\u00e7in metal kapakl\u0131, Grolsch \u015fi\u015fesi \u015feklinde birinci s\u0131n\u0131f 16 oz'luk d\u00f6ner kapakl\u0131 \u015fi\u015feler. H\u0131zl\u0131 sevkiyat. \u00dccretsiz numune sa\u011flan\u0131r.<\/p>","protected":false},"featured_media":23788,"template":"","meta":[],"product_brand":[],"product_cat":[122,123,132],"product_tag":[],"class_list":{"0":"post-23764","1":"product","2":"type-product","3":"status-publish","4":"has-post-thumbnail","6":"product_cat-custom-glass-packaging","7":"product_cat-custom-glass-bottles","8":"product_cat-glass-flip-top-bottles","10":"first","11":"instock","12":"shipping-taxable","13":"product-type-simple"},"jetpack_sharing_enabled":true,"_links":{"self":[{"href":"https:\/\/yebodaglass.com\/tr\/wp-json\/wp\/v2\/product\/23764","targetHints":{"allow":["GET"]}}],"collection":[{"href":"https:\/\/yebodaglass.com\/tr\/wp-json\/wp\/v2\/product"}],"about":[{"href":"https:\/\/yebodaglass.com\/tr\/wp-json\/wp\/v2\/types\/product"}],"version-history":[{"count":4,"href":"https:\/\/yebodaglass.com\/tr\/wp-json\/wp\/v2\/product\/23764\/revisions"}],"predecessor-version":[{"id":23838,"href":"https:\/\/yebodaglass.com\/tr\/wp-json\/wp\/v2\/product\/23764\/revisions\/23838"}],"wp:featuredmedia":[{"embeddable":true,"href":"https:\/\/yebodaglass.com\/tr\/wp-json\/wp\/v2\/media\/23788"}],"wp:attachment":[{"href":"https:\/\/yebodaglass.com\/tr\/wp-json\/wp\/v2\/media?parent=23764"}],"wp:term":[{"taxonomy":"product_brand","embeddable":true,"href":"https:\/\/yebodaglass.com\/tr\/wp-json\/wp\/v2\/product_brand?post=23764"},{"taxonomy":"product_cat","embeddable":true,"href":"https:\/\/yebodaglass.com\/tr\/wp-json\/wp\/v2\/product_cat?post=23764"},{"taxonomy":"product_tag","embeddable":true,"href":"https:\/\/yebodaglass.com\/tr\/wp-json\/wp\/v2\/product_tag?post=23764"}],"curies":[{"name":"wp","href":"https:\/\/api.w.org\/{rel}","templated":true}]}}