{"id":23742,"date":"2025-11-14T16:48:48","date_gmt":"2025-11-14T08:48:48","guid":{"rendered":"https:\/\/yebodaglass.com\/?post_type=product&#038;p=23742"},"modified":"2026-04-14T16:03:36","modified_gmt":"2026-04-14T08:03:36","slug":"custom-pickle-container-pickles-jars-wholesale","status":"publish","type":"product","link":"https:\/\/yebodaglass.com\/tr\/custom-pickle-container-pickles-jars-wholesale\/","title":{"rendered":"125 ml - 280 ml \u00d6zel Cam Tur\u015fu Kab\u0131 Toptan Sat\u0131\u015f"},"content":{"rendered":"<p>S\u0131zd\u0131ran veya salatal\u0131\u011f\u0131n\u0131z\u0131 gizleyen tur\u015fu kavanozlar\u0131ndan b\u0131kt\u0131n\u0131z m\u0131? Cam tur\u015fu kaplar\u0131 \u00fcretiyoruz; art\u0131k da\u011f\u0131n\u0131k tuzlu su d\u00f6k\u00fclmelerine son. Bu tur\u015fu kavanozu setleri, yiyecek saklama alan\u0131n\u0131z\u0131 markal\u0131 bir ifadeye d\u00f6n\u00fc\u015ft\u00fcr\u00fcyor. Toplu sipari\u015flerde markan\u0131za uygun \u00f6zel renkler mevcuttur.<\/p>\n<h2>\u00dcr\u00fcn \u00d6zellikleri<\/h2>\n<ul>\n<li><strong>Thick\u200b\u200d\u200b\u200c\u200d\u200b\u200d\u200c\u200b\u200d\u200b\u200c\u200d\u200b\u200d\u200c Glass Durability: <\/strong>Kolayca k\u0131r\u0131lmaz, rengini kaybetmeden aylarca tur\u015fu kalitesini korur.<\/li>\n<li><strong>Airtight Metal Lid Seal: <\/strong>Hava giri\u015fini engeller, dereotunun, sirkenin ve aroman\u0131n taze kalmas\u0131n\u0131 sa\u011flar.<\/li>\n<li><strong>Wide Mouth Glass Opening: <\/strong>Sebzelerle doldurmaya uygundur - herhangi bir kar\u0131\u015f\u0131kl\u0131\u011fa yol a\u00e7madan fermente edilebilir.<\/li>\n<\/ul>\n<h2>Temel \u00d6zellikler<\/h2>\n<p>&nbsp;<\/p>\n<table style=\"border-collapse: collapse; width: 80%; margin-left: auto; margin-right: auto;\" border=\"0\" width=\"288\" cellspacing=\"0\" cellpadding=\"0\">\n<tbody>\n<tr style=\"height: 13.50pt;\">\n<td style=\"height: 13.5pt; width: 54pt; text-align: center;\" width=\"72\" height=\"18\">Kapasite(ml)<\/td>\n<td style=\"width: 54pt; text-align: center;\" width=\"72\">Boyut (cm)<\/td>\n<td style=\"width: 54pt; text-align: center;\" width=\"72\">Kapatma T\u00fcr\u00fc<\/td>\n<\/tr>\n<tr style=\"height: 13.50pt;\">\n<td style=\"height: 13.5pt; text-align: center;\" height=\"18\">125<\/td>\n<td style=\"text-align: center;\">7.5 x 7.3<\/td>\n<td class=\"et2\" style=\"text-align: center;\" rowspan=\"3\">Di\u015fli (Plastik\/Metal)<\/td>\n<\/tr>\n<tr style=\"height: 13.50pt;\">\n<td style=\"height: 13.5pt; text-align: center;\" height=\"18\">180<\/td>\n<td style=\"text-align: center;\">8.0 x 7.7<\/td>\n<\/tr>\n<tr style=\"height: 13.50pt;\">\n<td style=\"height: 13.5pt; text-align: center;\" height=\"18\">280<\/td>\n<td style=\"text-align: center;\">8.2 x 7.9<\/td>\n<\/tr>\n<\/tbody>\n<\/table>\n<h2>Ba\u015far\u0131 \u00d6rne\u011fi<\/h2>\n<p>G\u00fcneydo\u011fu Asya&#039;dan bir tur\u015fu markas\u0131 ambalaj\u0131n\u0131 yenilemeye karar verdi\u011finde, tur\u015fu kab\u0131m\u0131z\u0131 tercih etti. Kavisli ve \u015feffaf kavanoz, \u00fcr\u00fcn\u00fc g\u00f6rsel olarak daha renkli hale getirerek raflarda daha \u00e7ekici durmas\u0131n\u0131 sa\u011fl\u0131yor; ancak daha iyi s\u0131zd\u0131rmazl\u0131k, nakliye s\u0131ras\u0131nda k\u0131r\u0131lma oran\u0131n\u0131 oran\u0131nda d\u00fc\u015f\u00fcrmeye de yard\u0131mc\u0131 oluyor.<\/p>\n<p>Markan\u0131n tur\u015fu serisi sat\u0131\u015flar\u0131, yeni \u00fcr\u00fcn\u00fcn lansman\u0131ndan sonraki \u00fc\u00e7 ay i\u00e7inde oran\u0131nda artt\u0131, b\u00f6ylece marka bilinirli\u011fi ve kanal geni\u015flemesi iki kat\u0131na \u00e7\u0131kt\u0131.<\/p>\n<h2>Tur\u015fu Kab\u0131 \u0130\u00e7in \u00d6zelle\u015ftirme K\u0131lavuzunuz<\/h2>\n<ol>\n<li><strong>\u00d6zelle\u015ftirilebilir\u200b\u200d\u200b\u200c\u200d\u200b\u200d\u200c\u200b\u200d\u200b\u200c\u200d\u200b\u200d\u200c Kapasiteler:<\/strong> K\u00fc\u00e7\u00fckten b\u00fcy\u00fc\u011fe kadar farkl\u0131 kapak boyutlar\u0131, \u00e7e\u015fitli \u00e7e\u015fni i\u00e7eriklerine (b\u00fct\u00fcn meyve, dilimler veya ezilmi\u015f malzemeler) uyacak \u015fekilde mevcuttur, b\u00f6ylece \u00fcr\u00fcn yelpazesi daha eksiksiz hale gelir.<\/li>\n<li><strong>Se\u00e7ilebilir Kapak Malzemesi ve Rengi:<\/strong> Se\u00e7iminize g\u00f6re g\u00fcm\u00fc\u015f, siyah ve alt\u0131n olmak \u00fczere \u00e7ok renkli f\u0131r\u0131n boya kaplamalar\u0131yla \u00f6zelle\u015ftirilebilir metal, plastik veya patlamaya dayan\u0131kl\u0131 kapaklar mevcuttur.<\/li>\n<li><strong>\u00d6zel Etiketler ve Kabartma:<\/strong> \u015ei\u015fe \u00fczerindeki marka logosunun \u00f6zelle\u015ftirilmesine olanak tan\u0131r ve ya\u011f ve neme dayan\u0131kl\u0131 etiket malzemeleri sa\u011flar, b\u00f6ylece g\u00f6r\u00fcn\u00fcm olarak daha profesyonel ve dayan\u0131kl\u0131 hale gelir.<\/li>\n<\/ol>","protected":false},"excerpt":{"rendered":"<p>G\u0131da fabrikalar\u0131 i\u00e7in dayan\u0131kl\u0131 cam tur\u015fu kab\u0131; tur\u015fu kavanozu ise toplu sipari\u015fleri, fermente veya konserve \u00fcr\u00fcnler i\u00e7in \u00f6zel etiketli ambalajlar\u0131 destekler.<\/p>","protected":false},"featured_media":23743,"template":"","meta":[],"product_brand":[],"product_cat":[133,124,122],"product_tag":[],"class_list":{"0":"post-23742","1":"product","2":"type-product","3":"status-publish","4":"has-post-thumbnail","6":"product_cat-pickle-jars","7":"product_cat-custom-glass-jars","8":"product_cat-custom-glass-packaging","10":"first","11":"instock","12":"shipping-taxable","13":"product-type-simple"},"jetpack_sharing_enabled":true,"_links":{"self":[{"href":"https:\/\/yebodaglass.com\/tr\/wp-json\/wp\/v2\/product\/23742","targetHints":{"allow":["GET"]}}],"collection":[{"href":"https:\/\/yebodaglass.com\/tr\/wp-json\/wp\/v2\/product"}],"about":[{"href":"https:\/\/yebodaglass.com\/tr\/wp-json\/wp\/v2\/types\/product"}],"version-history":[{"count":5,"href":"https:\/\/yebodaglass.com\/tr\/wp-json\/wp\/v2\/product\/23742\/revisions"}],"predecessor-version":[{"id":25784,"href":"https:\/\/yebodaglass.com\/tr\/wp-json\/wp\/v2\/product\/23742\/revisions\/25784"}],"wp:featuredmedia":[{"embeddable":true,"href":"https:\/\/yebodaglass.com\/tr\/wp-json\/wp\/v2\/media\/23743"}],"wp:attachment":[{"href":"https:\/\/yebodaglass.com\/tr\/wp-json\/wp\/v2\/media?parent=23742"}],"wp:term":[{"taxonomy":"product_brand","embeddable":true,"href":"https:\/\/yebodaglass.com\/tr\/wp-json\/wp\/v2\/product_brand?post=23742"},{"taxonomy":"product_cat","embeddable":true,"href":"https:\/\/yebodaglass.com\/tr\/wp-json\/wp\/v2\/product_cat?post=23742"},{"taxonomy":"product_tag","embeddable":true,"href":"https:\/\/yebodaglass.com\/tr\/wp-json\/wp\/v2\/product_tag?post=23742"}],"curies":[{"name":"wp","href":"https:\/\/api.w.org\/{rel}","templated":true}]}}