{"id":23732,"date":"2025-11-14T15:47:14","date_gmt":"2025-11-14T07:47:14","guid":{"rendered":"https:\/\/yebodaglass.com\/?post_type=product&#038;p=23732"},"modified":"2025-11-14T17:05:53","modified_gmt":"2025-11-14T09:05:53","slug":"wholesale-brown-grolsch-beer-bottles-with-swing-top","status":"publish","type":"product","link":"https:\/\/yebodaglass.com\/tr\/wholesale-brown-grolsch-beer-bottles-with-swing-top\/","title":{"rendered":"Toptan Kahverengi Grolsch Bira \u015ei\u015feleri, Sal\u0131ncakl\u0131 Kapakl\u0131 485 ml 500 ml"},"content":{"rendered":"<p data-start=\"66\" data-end=\"288\">Kahverengi camdan \u00fcretilen ve iki farkl\u0131 boyutta bulunan Grolsch\u200b\u200d\u200b\u200c\u200d\u200b\u200d\u200c\u200b\u200d\u200b\u200c\u200d\u200b\u200d\u200c bira \u015fi\u015feleri, s\u0131v\u0131lar veya bira i\u00e7in m\u00fckemmel kavanozlard\u0131r.<\/p>\n<h2>\u00dcr\u00fcn \u00d6zellikleri<\/h2>\n<ul>\n<li><strong>Kahverengi Cam Malzemesi:<\/strong> Kahverengi cam, \u0131\u015f\u0131k korumas\u0131 i\u00e7in ideal bir malzemedir ve ayn\u0131 zamanda \u00fcr\u00fcne antika bir g\u00f6r\u00fcn\u00fcm kazand\u0131r\u0131r.<\/li>\n<li><strong>Bas-Durdur S\u0131zd\u0131rmazl\u0131k:<\/strong> K\u0131rm\u0131z\u0131 ve beyaz metalden \u00fcretilen basmal\u0131 kapak, bu \u015fi\u015felerin s\u0131zd\u0131rmazl\u0131k par\u00e7as\u0131 olup, uzun s\u00fcreli kullan\u0131mlarda tazeli\u011fini korumas\u0131n\u0131 sa\u011flarken, kullan\u0131c\u0131lara da h\u0131zl\u0131 eri\u015fim imk\u00e2n\u0131 sa\u011fl\u0131yor.<\/li>\n<li><strong>Kapak \u0130\u00e7in Farkl\u0131 Se\u00e7enekler:<\/strong> \u015ei\u015fe, kapaks\u0131z (press-stop) veya alt\u0131n ta\u00e7l\u0131 kapakl\u0131 olarak \u00fcretilebiliyor, bu sayede hem farkl\u0131 bir kullan\u0131m se\u00e7ene\u011fi sunuyor hem de \u00fcr\u00fcn\u00fcn \u00e7ok y\u00f6nl\u00fcl\u00fck \u00f6zelli\u011fini art\u0131r\u0131yor.<\/li>\n<\/ul>\n<h2 style=\"text-align: left;\">Temel \u00d6zellikler<\/h2>\n<table class=\"aligncenter\" style=\"border-collapse: collapse; width: 541.52pt;\" border=\"0\" width=\"722\" cellspacing=\"0\" cellpadding=\"0\">\n<tbody>\n<tr style=\"height: 13.50pt;\">\n<td style=\"height: 13.50pt; width: 119.25pt;\" width=\"159\" height=\"18\">\u00d6zellikler<\/td>\n<td style=\"width: 422.25pt;\" width=\"563\">Betimlemek<\/td>\n<\/tr>\n<tr style=\"height: 13.50pt;\">\n<td style=\"height: 13.50pt;\" height=\"18\">Kapasite<\/td>\n<td>485 ml\/500 ml<\/td>\n<\/tr>\n<tr style=\"height: 13.50pt;\">\n<td style=\"height: 13.50pt;\" height=\"18\">Boyutlar<\/td>\n<td>7,75 cm \u00d7 22,6 cm\/8,1 cm \u00d7 22,3 cm<\/td>\n<\/tr>\n<tr style=\"height: 13.50pt;\">\n<td style=\"height: 13.50pt;\" height=\"18\">Malzeme<\/td>\n<td>Kal\u0131n duvarl\u0131 kahverengi cam (UV engelleyici)<\/td>\n<\/tr>\n<tr style=\"height: 13.50pt;\">\n<td style=\"height: 13.50pt;\" height=\"18\">Kapatma T\u00fcr\u00fc<\/td>\n<td>K\u0131rm\u0131z\u0131\/beyaz veya alt\u0131n t\u0131pal\u0131 paslanmaz \u00e7elik sal\u0131ncak \u00fcstleri<\/td>\n<\/tr>\n<tr style=\"height: 13.50pt;\">\n<td style=\"height: 13.50pt;\" height=\"18\">Conta Malzemesi<\/td>\n<td>G\u0131da s\u0131n\u0131f\u0131 kau\u00e7uk (standart) veya silikonla y\u00fckseltin<\/td>\n<\/tr>\n<tr style=\"height: 13.50pt;\">\n<td style=\"height: 13.50pt;\" height=\"18\">\u0130deal \u0130\u00e7in<\/td>\n<td>Bira yap\u0131m\u0131, sirke, soda, \u015farap yap\u0131m\u0131, el yap\u0131m\u0131 i\u00e7ecek<\/td>\n<\/tr>\n<\/tbody>\n<\/table>\n<h2>Ba\u015far\u0131 Hikayesi: Butik Bira Fabrikas\u0131n\u0131n Geni\u015flemesi<\/h2>\n<p>\u00c7o\u011funlukla Bel\u00e7ika usul\u00fc biralar \u00fcreten mahalledeki butik bira fabrikas\u0131, \u00fcr\u00fcnlerinin kalitesini g\u00f6rsel olarak yans\u0131tan bir ambalaj y\u00f6ntemi ar\u0131yordu. Tercihleri \u200b\u200bdo\u011frultusunda, biran\u0131n ilk partisinde kahverengi cam a\u00e7\u0131l\u0131r kapan\u0131r kapakl\u0131 \u015fi\u015felerimizi kulland\u0131lar. UV \u0131\u015f\u0131nlar\u0131na dayan\u0131kl\u0131 cam kullan\u0131m\u0131 sayesinde, biran\u0131n depolama s\u0131ras\u0131ndaki lezzet de\u011fi\u015fimi oran\u0131nda azald\u0131 ve b\u00f6ylece sipari\u015f hacmi artt\u0131. Bu da bira fabrikas\u0131n\u0131n bu vidal\u0131 kapakl\u0131 \u015fi\u015feleri standart ambalaj\u0131 haline getirmesine ve b\u00f6ylece \u00fc\u00e7 \u00e7eyrek \u00fcst \u00fcste sipari\u015f vermeye devam etmesine yol a\u00e7t\u0131.<\/p>\n<h2>Grolsch Bira \u015ei\u015feleri \u00d6zelle\u015ftirme \u00d6nerileri<\/h2>\n<ul>\n<li><strong>\u00d6zel Kapak Rengi:<\/strong> Seramik kapak renginizi kapak markan\u0131z\u0131n rengi yap\u0131n (yani alt\u0131n, beyaz veya siyah) ve markan\u0131z\u0131 hemen tan\u0131y\u0131n.<\/li>\n<li><strong>Bask\u0131l\u0131 Logo:<\/strong> Logonuzu fiziksel olarak kahverengi cam \u015fi\u015fenin \u00fczerine yerle\u015ftirin ve m\u00fc\u015fterilerinizin \u015fi\u015feye dokunduklar\u0131nda ve fark\u0131 hissettiklerinde ya\u015fad\u0131klar\u0131 memnuniyeti deneyimleyin.<\/li>\n<li><strong>Asit-A\u015f\u0131nd\u0131r\u0131lm\u0131\u015f Markalama:<\/strong> Asit a\u015f\u0131nd\u0131rma tekni\u011fini kullanarak \u015fi\u015fenin \u00fczerine g\u00fczel bir logo veya tasar\u0131m yerle\u015ftirin, bu sayede markan\u0131z \u015fi\u015feyle kal\u0131c\u0131 olarak b\u00fct\u00fcnle\u015fecektir.<\/li>\n<li><strong>Renkli Silikon Contalar:<\/strong> Markan\u0131z\u0131n renginde renkli silikon contalar, g\u00f6z al\u0131c\u0131 olacak k\u00fc\u00e7\u00fck ama \u00e7ok etkili bir \u00f6zel detay i\u00e7in kullan\u0131labilir.<\/li>\n<\/ul>","protected":false},"excerpt":{"rendered":"<p>Vintage bir cazibeye sahip stil grolsch bira \u015fi\u015feleri - kahverengi cam sal\u0131ncakl\u0131 \u00fcst \u015fi\u015felerimiz dayan\u0131kl\u0131l\u0131\u011f\u0131 ve pratikli\u011fi birle\u015ftirir. Fabrika do\u011frudan sat\u0131\u015flar\u0131, h\u0131zl\u0131 sevkiyat.<\/p>","protected":false},"featured_media":23751,"template":"","meta":[],"product_brand":[],"product_cat":[122,123,132],"product_tag":[],"class_list":{"0":"post-23732","1":"product","2":"type-product","3":"status-publish","4":"has-post-thumbnail","6":"product_cat-custom-glass-packaging","7":"product_cat-custom-glass-bottles","8":"product_cat-glass-flip-top-bottles","10":"first","11":"instock","12":"shipping-taxable","13":"product-type-simple"},"jetpack_sharing_enabled":true,"_links":{"self":[{"href":"https:\/\/yebodaglass.com\/tr\/wp-json\/wp\/v2\/product\/23732","targetHints":{"allow":["GET"]}}],"collection":[{"href":"https:\/\/yebodaglass.com\/tr\/wp-json\/wp\/v2\/product"}],"about":[{"href":"https:\/\/yebodaglass.com\/tr\/wp-json\/wp\/v2\/types\/product"}],"version-history":[{"count":5,"href":"https:\/\/yebodaglass.com\/tr\/wp-json\/wp\/v2\/product\/23732\/revisions"}],"predecessor-version":[{"id":23758,"href":"https:\/\/yebodaglass.com\/tr\/wp-json\/wp\/v2\/product\/23732\/revisions\/23758"}],"wp:featuredmedia":[{"embeddable":true,"href":"https:\/\/yebodaglass.com\/tr\/wp-json\/wp\/v2\/media\/23751"}],"wp:attachment":[{"href":"https:\/\/yebodaglass.com\/tr\/wp-json\/wp\/v2\/media?parent=23732"}],"wp:term":[{"taxonomy":"product_brand","embeddable":true,"href":"https:\/\/yebodaglass.com\/tr\/wp-json\/wp\/v2\/product_brand?post=23732"},{"taxonomy":"product_cat","embeddable":true,"href":"https:\/\/yebodaglass.com\/tr\/wp-json\/wp\/v2\/product_cat?post=23732"},{"taxonomy":"product_tag","embeddable":true,"href":"https:\/\/yebodaglass.com\/tr\/wp-json\/wp\/v2\/product_tag?post=23732"}],"curies":[{"name":"wp","href":"https:\/\/api.w.org\/{rel}","templated":true}]}}