{"id":23714,"date":"2025-11-14T14:43:57","date_gmt":"2025-11-14T06:43:57","guid":{"rendered":"https:\/\/yebodaglass.com\/?post_type=product&#038;p=23714"},"modified":"2025-11-14T15:28:06","modified_gmt":"2025-11-14T07:28:06","slug":"wholesale-32-oz-flip-top-bottles-with-tapered-shape","status":"publish","type":"product","link":"https:\/\/yebodaglass.com\/tr\/wholesale-32-oz-flip-top-bottles-with-tapered-shape\/","title":{"rendered":"Toptan 16 oz - 32 oz Konik \u015eekilli Kapakl\u0131 \u015ei\u015feler"},"content":{"rendered":"<p data-start=\"66\" data-end=\"288\">Bu 32 oz&#039;luk kapakl\u0131 \u015fi\u015feler, \u015feffaf camdan yap\u0131lm\u0131\u015ft\u0131r ve iki \u015f\u0131k konik tasar\u0131ma sahiptir. Siyah veya a\u00e7\u0131k ye\u015fil metal klipsler sayesinde s\u0131v\u0131lar\u0131n\u0131z\u0131n tazeli\u011fini korurken ayn\u0131 zamanda g\u00fcvenli hale getirirler.<\/p>\n<h2>\u00dcr\u00fcn \u00d6zellikleri<\/h2>\n<ul>\n<li><strong>Snap-on Conta:<\/strong> \u015ei\u015feler, metal klipslerle sabitlenen ge\u00e7meli t\u0131palarla donat\u0131lm\u0131\u015ft\u0131r. Bu, iyi bir s\u0131zd\u0131rmazl\u0131k sa\u011flayarak i\u00e7eri\u011fin tazeli\u011fini etkili bir \u015fekilde korur ve a\u00e7\u0131l\u0131p kapanmas\u0131n\u0131 kolayla\u015ft\u0131r\u0131r.<\/li>\n<li><strong>\u00c7oklu Konik \u015eekiller:<\/strong> \u015ei\u015felerin \u00f6zg\u00fcn ve trend tasar\u0131mlar\u0131, t\u00fcketiciler taraf\u0131ndan daha kolay tan\u0131nmalar\u0131n\u0131 sa\u011flarken, ayn\u0131 zamanda daha rahat bir tutu\u015f sa\u011fl\u0131yor. \u00dcstelik tasar\u0131mlar hem konik hem de uzunlamas\u0131na \u015fekillerde mevcut.<\/li>\n<li><strong>\u0130ki Boyut, \u0130ki Stil:<\/strong> Her biri iki farkl\u0131 boyutta olan ve farkl\u0131 estetik tercihlere ve kullan\u0131m senaryolar\u0131na cevap verecek \u015fekilde siyah veya a\u00e7\u0131k ye\u015fil kapakl\u0131 iki tip \u00fcr\u00fcn bulunuyor.<\/li>\n<\/ul>\n<h2 style=\"text-align: left;\">Temel \u00d6zellikler<\/h2>\n<table class=\"aligncenter\" width=\"741\">\n<tbody>\n<tr>\n<td width=\"159\">\u00d6zellik<\/td>\n<td width=\"582\">Detaylar<\/td>\n<\/tr>\n<tr>\n<td>Malzeme<\/td>\n<td>Y\u00fcksek berrakl\u0131kta \u015feffaf cam<\/td>\n<\/tr>\n<tr>\n<td>Boyutlar<\/td>\n<td>16 oz (500 ml): 8 cm \u00d7 23 cm \/ 32 oz (1000 ml): 10 cm \u00d7 29 cm<\/td>\n<\/tr>\n<tr>\n<td>Kapatma T\u00fcr\u00fc<\/td>\n<td>Paslanmaz \u00e7elik halkal\u0131 ve renkli t\u0131pal\u0131 sallanan \u00fcst k\u0131s\u0131m (\u00d6zelle\u015ftirilebilir)<\/td>\n<\/tr>\n<tr>\n<td>Conta Se\u00e7enekleri<\/td>\n<td>G\u0131da s\u0131n\u0131f\u0131 kau\u00e7uk veya silikon<\/td>\n<\/tr>\n<tr>\n<td>M\u00fch\u00fcr Performans\u0131<\/td>\n<td>Hava ge\u00e7irmez, s\u0131zd\u0131rmaz, karbonatla\u015fmay\u0131 ve asidik i\u00e7erikleri idare eder<\/td>\n<\/tr>\n<tr>\n<td>\u0130deal \u0130\u00e7in<\/td>\n<td>Kombucha, soda, sirke, bira yap\u0131m\u0131, el sanatlar\u0131<\/td>\n<\/tr>\n<\/tbody>\n<\/table>\n<h2>Ba\u015far\u0131 \u00d6yk\u00fcs\u00fc: El Yap\u0131m\u0131 Bira Marka \u0130maj\u0131n\u0131 Geli\u015ftirmek<\/h2>\n<p>El yap\u0131m\u0131 so\u011fuk demleme kahve ve kombu\u00e7a \u00fcreten bir giri\u015fimin ambalaj\u0131, \u015firketin modern marka konseptini yans\u0131tmak i\u00e7in dikkate almas\u0131 gereken en \u00f6nemli noktayd\u0131. Geleneksel \u015fi\u015felerden 16 onsluk cam \u015fi\u015felerimize ge\u00e7me karar\u0131 ald\u0131lar. Yenilik\u00e7i \u015fi\u015fe tasar\u0131mlar\u0131, \u00fcr\u00fcnlerinin kalabal\u0131k bir rafta fark edilmesini sa\u011fl\u0131yor ve perakendeciler, ilk kez \u00fcr\u00fcn sat\u0131n alanlar\u0131n say\u0131s\u0131nda &#039;lik bir art\u0131\u015f g\u00f6rd\u00fc. M\u00fc\u015fteriler \u015fi\u015felerin yeniden kullan\u0131labilir tasar\u0131m\u0131n\u0131 ve esteti\u011fini be\u011fendi\u011fi i\u00e7in tekrar sat\u0131n alma oranlar\u0131 artt\u0131. \u015ei\u015fe sipari\u015flerinin say\u0131s\u0131 \u015fu anda \u00e7eyrek ba\u015f\u0131na 150.000&#039;e ula\u015ft\u0131.<\/p>\n<h2>32 oz Flip Top \u015ei\u015feler \u00d6zelle\u015ftirme \u00d6nerileri<\/h2>\n<ul>\n<li><strong>Benzersiz Kapak Rengi:<\/strong> Foto\u011frafta g\u00f6r\u00fclen siyah veya a\u00e7\u0131k ye\u015fil gibi geni\u015f se\u00e7enek yelpazesinden seramik kapa\u011f\u0131n\u0131z\u0131n rengini se\u00e7erek benzersiz bir g\u00f6r\u00fcn\u00fcm yarat\u0131n.<\/li>\n<li><strong>Buzlu Cam Y\u00fczey:<\/strong> \u015eeffaf cam \u015fi\u015fenin tamamen buzlu olmas\u0131, yumu\u015fak ve sofistike bir mat his yaratmas\u0131n\u0131n yan\u0131 s\u0131ra parmak izi tutmayan bir y\u00fczey g\u00f6revi de g\u00f6ren harika bir de\u011fi\u015fiklik.<\/li>\n<li><strong>Parlak Serigrafi Bask\u0131:<\/strong> Kal\u0131c\u0131 ve g\u00f6z al\u0131c\u0131 bir marka imaj\u0131 i\u00e7in \u015fi\u015fenin d\u0131\u015f hatlar\u0131na canl\u0131 ve net marka logolar\u0131 ve grafikleri bas\u0131n.<\/li>\n<li><strong>Asit-A\u015f\u0131nd\u0131r\u0131lm\u0131\u015f Kapasite \u0130\u015faretleri:<\/strong> \u015ei\u015fenizin daha \u00e7ekici g\u00f6r\u00fcnmesini sa\u011flamak i\u00e7in s\u00fcsl\u00fc kabartmal\u0131 veya asitle kaz\u0131nm\u0131\u015f kapasite i\u015faretlerini kullan\u0131n. \u00d6rne\u011fin, 16 oz ve 32 oz derecelendirmeleri, kapasitenin kolayca belirlenmesini sa\u011flaman\u0131n yan\u0131 s\u0131ra \u015fi\u015fe tasar\u0131m\u0131na zarif bir katk\u0131 da sa\u011flar. \u200b\u200d\u200b\u200c\u200d\u200b\u200d\u200c\u200b\u200d\u200b\u200c\u200d\u200b\u200d\u200c<\/li>\n<\/ul>","protected":false},"excerpt":{"rendered":"<p>\u00c7ok y\u00f6nl\u00fcl\u00fck ve m\u00fckemmel koruma i\u00e7in birinci s\u0131n\u0131f 16 oz cam \u015fi\u015feleri ve dayan\u0131kl\u0131 32 oz kapakl\u0131 \u015fi\u015feleri se\u00e7in. Fabrikadan do\u011frudan sat\u0131\u015f, \u00fccretsiz numuneler mevcuttur.<\/p>","protected":false},"featured_media":23725,"template":"","meta":[],"product_brand":[],"product_cat":[122,123,132],"product_tag":[],"class_list":{"0":"post-23714","1":"product","2":"type-product","3":"status-publish","4":"has-post-thumbnail","6":"product_cat-custom-glass-packaging","7":"product_cat-custom-glass-bottles","8":"product_cat-glass-flip-top-bottles","10":"first","11":"instock","12":"shipping-taxable","13":"product-type-simple"},"jetpack_sharing_enabled":true,"_links":{"self":[{"href":"https:\/\/yebodaglass.com\/tr\/wp-json\/wp\/v2\/product\/23714","targetHints":{"allow":["GET"]}}],"collection":[{"href":"https:\/\/yebodaglass.com\/tr\/wp-json\/wp\/v2\/product"}],"about":[{"href":"https:\/\/yebodaglass.com\/tr\/wp-json\/wp\/v2\/types\/product"}],"version-history":[{"count":2,"href":"https:\/\/yebodaglass.com\/tr\/wp-json\/wp\/v2\/product\/23714\/revisions"}],"predecessor-version":[{"id":23729,"href":"https:\/\/yebodaglass.com\/tr\/wp-json\/wp\/v2\/product\/23714\/revisions\/23729"}],"wp:featuredmedia":[{"embeddable":true,"href":"https:\/\/yebodaglass.com\/tr\/wp-json\/wp\/v2\/media\/23725"}],"wp:attachment":[{"href":"https:\/\/yebodaglass.com\/tr\/wp-json\/wp\/v2\/media?parent=23714"}],"wp:term":[{"taxonomy":"product_brand","embeddable":true,"href":"https:\/\/yebodaglass.com\/tr\/wp-json\/wp\/v2\/product_brand?post=23714"},{"taxonomy":"product_cat","embeddable":true,"href":"https:\/\/yebodaglass.com\/tr\/wp-json\/wp\/v2\/product_cat?post=23714"},{"taxonomy":"product_tag","embeddable":true,"href":"https:\/\/yebodaglass.com\/tr\/wp-json\/wp\/v2\/product_tag?post=23714"}],"curies":[{"name":"wp","href":"https:\/\/api.w.org\/{rel}","templated":true}]}}