{"id":23709,"date":"2025-11-14T15:58:45","date_gmt":"2025-11-14T07:58:45","guid":{"rendered":"https:\/\/yebodaglass.com\/?post_type=product&#038;p=23709"},"modified":"2026-03-11T15:12:59","modified_gmt":"2026-03-11T07:12:59","slug":"clear-glass-large-pickle-jars-with-metal-lids-bulk","status":"publish","type":"product","link":"https:\/\/yebodaglass.com\/tr\/clear-glass-large-pickle-jars-with-metal-lids-bulk\/","title":{"rendered":"Metal Kapakl\u0131 \u015eeffaf Cam B\u00fcy\u00fck Tur\u015fu Kavanozlar\u0131 (Toptan)"},"content":{"rendered":"<p>Bu, geni\u015f a\u011f\u0131zl\u0131 silindirik \u015fekilli, dayan\u0131kl\u0131 \u015feffaf camdan yap\u0131lm\u0131\u015f b\u00fcy\u00fck bir tur\u015fu kavanozudur. Ayr\u0131ca hava ge\u00e7irmez ve g\u00fcvenli bir kapanma sa\u011flayan s\u0131k\u0131 ve sa\u011flam g\u00fcm\u00fc\u015f metal vidal\u0131 kapa\u011f\u0131 sayesinde tur\u015fular\u0131, marinatlar\u0131 ve konserveleri fermente etmek ve muhafaza etmek i\u00e7in en iyisidir.<\/p>\n<h2>\u00dcr\u00fcn \u00d6zellikleri<\/h2>\n<ul>\n<li><strong>Klasik Geni\u015f A\u011f\u0131zl\u0131 Tasar\u0131m:<\/strong> Geni\u015f a\u011fz\u0131 sayesinde doldurmas\u0131, paketlemesi ve temizlemesi kolayd\u0131r; bu da kavanozlama ve fermantasyon s\u00fcrecinde \u00e7ok \u00f6nemlidir.<\/li>\n<li><strong>G\u00fcvenli Metal M\u00fch\u00fcr:<\/strong> G\u00fcm\u00fc\u015f renkli metal vidal\u0131 kapak, yiyeceklerin hava ge\u00e7irmez \u015fekilde saklanmas\u0131n\u0131 ve fermente olmas\u0131n\u0131 sa\u011flar, ayr\u0131ca yiyeceklerin tazeli\u011fini korumas\u0131na yard\u0131mc\u0131 olur.<\/li>\n<li><strong>\u015eeffaf:<\/strong> \u015eeffaf cam kavanoz sayesinde i\u00e7indeki yiyecekleri, salamura miktar\u0131n\u0131 ve fermantasyon s\u00fcrecini g\u00f6zlemlemek kolayd\u0131r.<\/li>\n<\/ul>\n<h2>Temel \u00d6zellikler<\/h2>\n<table style=\"border-collapse: collapse; width: 80%; margin-left: auto; margin-right: auto;\" border=\"0\" width=\"288\" cellspacing=\"0\" cellpadding=\"0\">\n<tbody>\n<tr style=\"height: 13.50pt;\">\n<td style=\"height: 13.5pt; width: 54pt; text-align: center;\" width=\"72\" height=\"18\">Kapasite(ml)<\/td>\n<td style=\"width: 54pt; text-align: center;\" width=\"72\">Boyut (cm)<\/td>\n<td style=\"width: 54pt; text-align: center;\" width=\"72\">Y\u00fczey \u0130\u015flem<\/td>\n<td style=\"width: 54pt; text-align: center;\" width=\"72\">\u015eekil<\/td>\n<\/tr>\n<tr style=\"height: 13.50pt;\">\n<td style=\"height: 13.5pt; text-align: center;\" height=\"18\">750<\/td>\n<td style=\"text-align: center;\">9,3 x 15,1<\/td>\n<td class=\"et2\" style=\"text-align: center;\" rowspan=\"3\">Sprey boyama, oyma, kabartma vb.<\/td>\n<td class=\"et2\" style=\"text-align: center;\" rowspan=\"3\">Yuvarlak<\/td>\n<\/tr>\n<tr style=\"height: 13.50pt;\">\n<td style=\"height: 13.5pt; text-align: center;\" height=\"18\">950<\/td>\n<td style=\"text-align: center;\">9,1 x 18,8<\/td>\n<\/tr>\n<tr style=\"height: 13.50pt;\">\n<td style=\"height: 13.5pt; text-align: center;\" height=\"18\">1500<\/td>\n<td style=\"text-align: center;\">10,5 x 20,4<\/td>\n<\/tr>\n<\/tbody>\n<\/table>\n<h2>Ba\u015far\u0131 \u00d6rne\u011fi: Pasifik Kuzeybat\u0131&#039;da Fermentasyon Markas\u0131 i\u00e7in \u00d6zel Sipari\u015f<\/h2>\n<p>Tur\u015fu kavanozumuz, Amerika k\u0131tas\u0131ndaki profesyonel bir fermantasyon \u015firketi taraf\u0131ndan se\u00e7ildi ve kehribar rengi cam ve \u00fcst k\u0131sm\u0131nda yerle\u015fik kau\u00e7uk s\u0131zd\u0131rmazl\u0131k halkas\u0131 bulunan mat siyah metal kapakla ki\u015fiselle\u015ftirildi. Bu \u00f6zel tasar\u0131m, \u00f6nemli bir zorlu\u011fu ele ald\u0131: kehribar rengi cam, \u0131\u015f\u0131k ge\u00e7irgenli\u011fini azaltarak yosun olu\u015fumunu \u00f6nler ve b\u00f6ylece bozulma oran\u0131n\u0131 azalt\u0131r. Kapa\u011f\u0131n y\u00fcksek kaliteli s\u0131zd\u0131rmazl\u0131\u011f\u0131, tur\u015fular\u0131n raf \u00f6mr\u00fcn\u00fc d\u00f6rtte bir oran\u0131nda daha uzatt\u0131. Sonu\u00e7lar\u0131 \u00e7ok iyiydi ve \u00fclke genelindeki perakende ma\u011fazalar\u0131nda geni\u015flemelerini kolayla\u015ft\u0131rmak i\u00e7in 80.000 kavanozluk ba\u015fka bir sipari\u015f verdiler.<\/p>\n<h2>B\u00fcy\u00fck Tur\u015fu Kavanozlar\u0131 \u0130\u00e7in \u00d6zelle\u015ftirme \u00d6nerileri<\/h2>\n<ul>\n<li>I\u015f\u0131k ge\u00e7irmez cam: I\u015f\u0131\u011fa duyarl\u0131 fermente ve tur\u015fu g\u0131dalar\u0131 korumak i\u00e7in kehribar veya ye\u015fil renkli cam kavanozlarda bulunur.<\/li>\n<li>\u00d6zel kapak sistemleri: Asit ve tuzlar\u0131n korozyonunu \u00f6nlemek i\u00e7in dahili kau\u00e7uk contal\u0131, fermantasyon vanal\u0131 veya plastik kapl\u0131 i\u00e7 duvarl\u0131 kapaklar mevcuttur.<\/li>\n<li>\u00d6zel kavanoz \u015fekilleri: Geleneksel silindirik kavanozlar\u0131n kare veya dikd\u00f6rtgen kavanozlara d\u00f6n\u00fc\u015ft\u00fcr\u00fclmesi, raflarda sergilemeyi ve paketlemeyi daha verimli hale getirecektir.<\/li>\n<\/ul>","protected":false},"excerpt":{"rendered":"<p>Kolay doldurma ve temizleme i\u00e7in geni\u015f a\u011f\u0131zl\u0131 tasar\u0131ma sahip tur\u015fu kavanozu. Evde tur\u015fu yap\u0131m\u0131 ve mutfak depolamas\u0131 i\u00e7in ideal, g\u00fcvenilir b\u00fcy\u00fck tur\u015fu kavanozu. H\u0131zl\u0131 kargo.<\/p>","protected":false},"featured_media":23740,"template":"","meta":[],"product_brand":[],"product_cat":[122,124,133],"product_tag":[],"class_list":{"0":"post-23709","1":"product","2":"type-product","3":"status-publish","4":"has-post-thumbnail","6":"product_cat-custom-glass-packaging","7":"product_cat-custom-glass-jars","8":"product_cat-pickle-jars","10":"first","11":"instock","12":"shipping-taxable","13":"product-type-simple"},"jetpack_sharing_enabled":true,"_links":{"self":[{"href":"https:\/\/yebodaglass.com\/tr\/wp-json\/wp\/v2\/product\/23709","targetHints":{"allow":["GET"]}}],"collection":[{"href":"https:\/\/yebodaglass.com\/tr\/wp-json\/wp\/v2\/product"}],"about":[{"href":"https:\/\/yebodaglass.com\/tr\/wp-json\/wp\/v2\/types\/product"}],"version-history":[{"count":5,"href":"https:\/\/yebodaglass.com\/tr\/wp-json\/wp\/v2\/product\/23709\/revisions"}],"predecessor-version":[{"id":25378,"href":"https:\/\/yebodaglass.com\/tr\/wp-json\/wp\/v2\/product\/23709\/revisions\/25378"}],"wp:featuredmedia":[{"embeddable":true,"href":"https:\/\/yebodaglass.com\/tr\/wp-json\/wp\/v2\/media\/23740"}],"wp:attachment":[{"href":"https:\/\/yebodaglass.com\/tr\/wp-json\/wp\/v2\/media?parent=23709"}],"wp:term":[{"taxonomy":"product_brand","embeddable":true,"href":"https:\/\/yebodaglass.com\/tr\/wp-json\/wp\/v2\/product_brand?post=23709"},{"taxonomy":"product_cat","embeddable":true,"href":"https:\/\/yebodaglass.com\/tr\/wp-json\/wp\/v2\/product_cat?post=23709"},{"taxonomy":"product_tag","embeddable":true,"href":"https:\/\/yebodaglass.com\/tr\/wp-json\/wp\/v2\/product_tag?post=23709"}],"curies":[{"name":"wp","href":"https:\/\/api.w.org\/{rel}","templated":true}]}}