{"id":23693,"date":"2025-11-14T13:16:17","date_gmt":"2025-11-14T05:16:17","guid":{"rendered":"https:\/\/yebodaglass.com\/?post_type=product&#038;p=23693"},"modified":"2026-03-26T13:59:14","modified_gmt":"2026-03-26T05:59:14","slug":"wholesale-clear-flip-top-glass-bottles-1-liter","status":"publish","type":"product","link":"https:\/\/yebodaglass.com\/tr\/wholesale-clear-flip-top-glass-bottles-1-liter\/","title":{"rendered":"Toptan \u015eeffaf Kapakl\u0131 Cam \u015ei\u015feler 1 Litre"},"content":{"rendered":"<p data-start=\"66\" data-end=\"288\">Uzun, d\u00fcz silindirik \u015fekilli ve kristal berrakl\u0131\u011f\u0131nda camdan \u00fcretilmi\u015f, a\u00e7\u0131l\u0131r kapan\u0131r kapakl\u0131 1 litrelik cam \u015fi\u015feler. Kapa\u011f\u0131n \u00fczerindeki geleneksel metal tel mente\u015feli toka, g\u00fc\u00e7l\u00fc bir hava ge\u00e7irmez s\u0131zd\u0131rmazl\u0131k sa\u011flamak i\u00e7in kau\u00e7uk contal\u0131 k\u0131rm\u0131z\u0131 ve beyaz seramik veya plastik t\u0131pay\u0131 s\u0131k\u0131ca tutar.<\/p>\n<h2>\u00dcr\u00fcn \u00d6zellikleri<\/h2>\n<ul>\n<li><strong>1 litrelik geni\u015f kapasite:<\/strong> B\u00fcy\u00fck boyutu, toplu i\u00e7ecek haz\u0131rlamada, demleme i\u015fleminde ve normal su \u015fi\u015fesi olarak kullan\u0131mda idealdir.<\/li>\n<li><strong>Kapakl\u0131, s\u0131zd\u0131rmaz ambalaj:<\/strong> S\u0131zd\u0131rmazl\u0131k halkas\u0131 ve metal toka, \u00fcr\u00fcn\u00fcn i\u00e7eri\u011finin tazeli\u011fini korumas\u0131n\u0131 veya gazl\u0131 i\u00e7eceklerin d\u00f6k\u00fclmesini \u00f6nleyecek s\u0131k\u0131 bir s\u0131zd\u0131rmazl\u0131k sa\u011flayacakt\u0131r.<\/li>\n<li><strong>Geni\u015f g\u00f6r\u00fc\u015fl\u00fc \u015feffaf cam:<\/strong> \u015eeffaf \u015fi\u015fenin i\u00e7inden s\u0131v\u0131 seviyesini ve berrakl\u0131\u011f\u0131n\u0131 rahatl\u0131kla g\u00f6rebilirsiniz.<\/li>\n<\/ul>\n<h2 style=\"text-align: left;\">Temel \u00d6zellikler<\/h2>\n<table class=\"aligncenter\" style=\"border-collapse: collapse; width: 476.27pt;\" border=\"0\" width=\"635\" cellspacing=\"0\" cellpadding=\"0\">\n<tbody>\n<tr style=\"height: 13.50pt;\">\n<td style=\"height: 13.50pt; width: 119.25pt;\" width=\"159\" height=\"18\">\u015eartname<\/td>\n<td style=\"width: 357.00pt;\" width=\"476\">Detaylar<\/td>\n<\/tr>\n<tr style=\"height: 13.50pt;\">\n<td style=\"height: 13.50pt;\" height=\"18\">Kapasite<\/td>\n<td>1 litre (32 oz)<\/td>\n<\/tr>\n<tr style=\"height: 13.50pt;\">\n<td style=\"height: 13.50pt;\" height=\"18\">Boyutlar<\/td>\n<td>8,7 cm \u00d7 29,6 cm<\/td>\n<\/tr>\n<tr style=\"height: 13.50pt;\">\n<td style=\"height: 13.50pt;\" height=\"18\">Malzeme<\/td>\n<td>Y\u00fcksek berrakl\u0131kta, g\u0131da s\u0131n\u0131f\u0131 \u015feffaf cam<\/td>\n<\/tr>\n<tr style=\"height: 13.50pt;\">\n<td style=\"height: 13.50pt;\" height=\"18\">Boyun \u0130\u00e7 \u00c7ap\u0131<\/td>\n<td>2 cm<\/td>\n<\/tr>\n<tr style=\"height: 13.50pt;\">\n<td style=\"height: 13.50pt;\" height=\"18\">Kapatma T\u00fcr\u00fc<\/td>\n<td>K\u0131rm\u0131z\u0131 vurgulu t\u0131pa ve paslanmaz \u00e7elik halka ile sallanan \u00fcst<\/td>\n<\/tr>\n<tr style=\"height: 13.50pt;\">\n<td style=\"height: 13.50pt;\" height=\"18\">Conta Se\u00e7enekleri<\/td>\n<td>Standart kau\u00e7uk<\/td>\n<\/tr>\n<tr style=\"height: 13.50pt;\">\n<td style=\"height: 13.50pt;\" height=\"18\">\u0130deal \u0130\u00e7in<\/td>\n<td>Kombucha, soda, sirke, bira yap\u0131m\u0131, \u015farap yap\u0131m\u0131<\/td>\n<\/tr>\n<\/tbody>\n<\/table>\n<h2>Ba\u015far\u0131 Hikayesi<\/h2>\n<p>Kaliforniya&#039;da bulunan dev bir so\u011fuk s\u0131k\u0131m meyve suyu \u015firketi, 1 litrelik \u015feffaf cam \u015fi\u015felerimizi tercih etti ve kapasiteyi g\u00f6steren i\u015faretler serigrafi bask\u0131 y\u00f6ntemiyle \u015firkete \u00f6zel olarak tasarland\u0131. \u00d6zel \u00fcretim \u015fi\u015feler, operasyonlardaki baz\u0131 temel zorluklar\u0131n \u00fcstesinden gelmek i\u00e7in kullan\u0131ld\u0131: hava ge\u00e7irmez kapak ve b\u00fcy\u00fck boyut, past\u00f6rize edilmemi\u015f meyve sular\u0131n\u0131n raf \u00f6mr\u00fcn\u00fc 30 y\u0131l uzatt\u0131, bozulma en aza indirildi ve parlak renkli meyve sular\u0131 cam \u015fi\u015felerde en iyi \u015fekilde sergilendi. Kafe sat\u0131\u015flar\u0131nda &#039;lik bir art\u0131\u015f ya\u015fad\u0131klar\u0131n\u0131 iddia ettiler. Bu ba\u015far\u0131n\u0131n ard\u0131ndan, yeni bir fonksiyonel sa\u011fl\u0131k i\u00e7ece\u011fi kategorisi sunmak i\u00e7in 650.000 \u015fi\u015felik bir sipari\u015f daha verdiler.<\/p>\n<h2>\u015eeffaf Cam \u015ei\u015felerin Ki\u015fiselle\u015ftirilmesine \u0130li\u015fkin \u00d6neriler<\/h2>\n<ul>\n<li>\u015ei\u015fe Tokalar\u0131 ve T\u0131pa Kaplamalar\u0131: Marka, \u00e7e\u015fitli kaplamalar (bak\u0131r, pirin\u00e7, mat siyah) ve farkl\u0131 renklerde t\u0131palarla \u00f6zelle\u015ftirilebilir.<\/li>\n<li>UV \u0131\u015f\u0131nlar\u0131na dayan\u0131kl\u0131 renkli cam: Kombucha, bira veya baz\u0131 ya\u011flar gibi \u0131\u015f\u0131\u011fa duyarl\u0131 i\u00e7ecekleri korumak i\u00e7in kehribar veya ye\u015fil camdan yap\u0131lm\u0131\u015f 1 litrelik silindirik \u015fi\u015feler \u00fcretilmi\u015ftir.<\/li>\n<li>Dikd\u00f6rtgen Tasar\u0131m: 1 litrelik \u015fi\u015fe, buzdolab\u0131nda yer tasarrufu sa\u011flayan ve raflarda \u00fcst \u00fcste istiflemeyi kolayla\u015ft\u0131ran dikd\u00f6rtgen bir tasar\u0131ma sahiptir.<\/li>\n<li>Silikon Koruyucu K\u0131l\u0131f\/Muhafaza: Bu, \u015fi\u015fenin alt yar\u0131s\u0131n\u0131 darbelere kar\u015f\u0131 korumak, \u015fi\u015feyi yal\u0131tmak ve daha iyi bir tutu\u015f sa\u011flamak i\u00e7in sunulan, \u00e7\u0131kar\u0131labilir, kaymaz bir silikon k\u0131l\u0131ft\u0131r.<\/li>\n<\/ul>","protected":false},"excerpt":{"rendered":"<p>Dayan\u0131kl\u0131 \u015feffaf cam \u015fi\u015fe ve birinci s\u0131n\u0131f kapakl\u0131 cam \u015fi\u015feler 1 litre, i\u00e7ecekler ve saklama i\u00e7in m\u00fckemmel. Hava ge\u00e7irmez contal\u0131 kristal berrakl\u0131\u011f\u0131nda tasar\u0131m. \u00dccretsiz numuneler.<\/p>","protected":false},"featured_media":23704,"template":"","meta":[],"product_brand":[],"product_cat":[132,123,122],"product_tag":[],"class_list":{"0":"post-23693","1":"product","2":"type-product","3":"status-publish","4":"has-post-thumbnail","6":"product_cat-glass-flip-top-bottles","7":"product_cat-custom-glass-bottles","8":"product_cat-custom-glass-packaging","10":"first","11":"instock","12":"shipping-taxable","13":"product-type-simple"},"jetpack_sharing_enabled":true,"_links":{"self":[{"href":"https:\/\/yebodaglass.com\/tr\/wp-json\/wp\/v2\/product\/23693","targetHints":{"allow":["GET"]}}],"collection":[{"href":"https:\/\/yebodaglass.com\/tr\/wp-json\/wp\/v2\/product"}],"about":[{"href":"https:\/\/yebodaglass.com\/tr\/wp-json\/wp\/v2\/types\/product"}],"version-history":[{"count":5,"href":"https:\/\/yebodaglass.com\/tr\/wp-json\/wp\/v2\/product\/23693\/revisions"}],"predecessor-version":[{"id":25626,"href":"https:\/\/yebodaglass.com\/tr\/wp-json\/wp\/v2\/product\/23693\/revisions\/25626"}],"wp:featuredmedia":[{"embeddable":true,"href":"https:\/\/yebodaglass.com\/tr\/wp-json\/wp\/v2\/media\/23704"}],"wp:attachment":[{"href":"https:\/\/yebodaglass.com\/tr\/wp-json\/wp\/v2\/media?parent=23693"}],"wp:term":[{"taxonomy":"product_brand","embeddable":true,"href":"https:\/\/yebodaglass.com\/tr\/wp-json\/wp\/v2\/product_brand?post=23693"},{"taxonomy":"product_cat","embeddable":true,"href":"https:\/\/yebodaglass.com\/tr\/wp-json\/wp\/v2\/product_cat?post=23693"},{"taxonomy":"product_tag","embeddable":true,"href":"https:\/\/yebodaglass.com\/tr\/wp-json\/wp\/v2\/product_tag?post=23693"}],"curies":[{"name":"wp","href":"https:\/\/api.w.org\/{rel}","templated":true}]}}