{"id":23678,"date":"2025-11-14T14:23:47","date_gmt":"2025-11-14T06:23:47","guid":{"rendered":"https:\/\/yebodaglass.com\/?post_type=product&#038;p=23678"},"modified":"2026-03-11T16:11:43","modified_gmt":"2026-03-11T08:11:43","slug":"clear-glass-pickle-jars-with-black-lids-wholesale","status":"publish","type":"product","link":"https:\/\/yebodaglass.com\/tr\/clear-glass-pickle-jars-with-black-lids-wholesale\/","title":{"rendered":"105 ml \u2013 550 ml \u015eeffaf Cam Tur\u015fu Kavanozlar\u0131, Siyah Kapakl\u0131, Toptan Sat\u0131\u015f"},"content":{"rendered":"<p>\u00dcst k\u0131sm\u0131nda mat siyah metal vidal\u0131 kapa\u011f\u0131 bulunan, p\u00fcr\u00fczs\u00fcz, silindirik, kristal berrakl\u0131\u011f\u0131nda cam tur\u015fu kavanozu, tur\u015fu, marinat ve konservelerin mayalanmas\u0131nda m\u00fckemmel bir s\u0131zd\u0131rmazl\u0131k sa\u011flar.<\/p>\n<h2>\u00dcr\u00fcn \u00d6zellikleri<\/h2>\n<ul>\n<li><strong>Basit Silindirik Tasar\u0131m:<\/strong> Basit bir tasar\u0131ma sahip, d\u00fcz duvarlar\u0131 ve kolayca temizlenebilen taban\u0131 sayesinde alan kullan\u0131m\u0131nda daha verimli bir \u00e7\u00f6z\u00fcm sunuyor.<\/li>\n<li><strong>Y\u00fcksek \u015eeffafl\u0131kta Cam:<\/strong> \u015eeffaf cam sayesinde i\u00e7eriyi ve yiyeceklerin durumunu g\u00f6rmek m\u00fcmk\u00fcn.<\/li>\n<li><strong>G\u00fcvenli Siyah Metal Kapak:<\/strong> Bu siyah vidal\u0131 kapak, hava ge\u00e7irmez s\u0131k\u0131 bir s\u0131zd\u0131rmazl\u0131k sa\u011flad\u0131\u011f\u0131 i\u00e7in \u00e7ok verimlidir ve bu nedenle uzun s\u00fcre saklama imkan\u0131 sunar.<\/li>\n<\/ul>\n<h2>Temel \u00d6zellikler<\/h2>\n<table style=\"border-collapse: collapse; width: 80%; margin-left: auto; margin-right: auto;\" border=\"0\" width=\"288\" cellspacing=\"0\" cellpadding=\"0\">\n<tbody>\n<tr style=\"height: 13.50pt;\">\n<td style=\"height: 13.5pt; width: 54pt; text-align: center;\" width=\"72\" height=\"18\">Kapasite(ml)<\/td>\n<td style=\"width: 54pt; text-align: center;\" width=\"72\">Boyut (cm)<\/td>\n<td style=\"width: 54pt; text-align: center;\" width=\"72\">\u015eekil<\/td>\n<\/tr>\n<tr style=\"height: 13.50pt;\">\n<td style=\"height: 13.5pt; text-align: center;\" align=\"right\" height=\"18\">105<\/td>\n<td style=\"text-align: center;\">5,5 x 6,5<\/td>\n<td class=\"et2\" style=\"text-align: center;\" rowspan=\"5\">Yuvarlak<\/td>\n<\/tr>\n<tr style=\"height: 13.50pt;\">\n<td style=\"height: 13.5pt; text-align: center;\" align=\"right\" height=\"18\">230<\/td>\n<td style=\"text-align: center;\">6,7 x 9,0<\/td>\n<\/tr>\n<tr style=\"height: 13.50pt;\">\n<td style=\"height: 13.5pt; text-align: center;\" align=\"right\" height=\"18\">350<\/td>\n<td style=\"text-align: center;\">7,4 x 10,9<\/td>\n<\/tr>\n<tr style=\"height: 13.50pt;\">\n<td style=\"height: 13.5pt; text-align: center;\" align=\"right\" height=\"18\">420<\/td>\n<td style=\"text-align: center;\">9,4 x 9,2<\/td>\n<\/tr>\n<tr style=\"height: 13.50pt;\">\n<td style=\"height: 13.5pt; text-align: center;\" align=\"right\" height=\"18\">550<\/td>\n<td style=\"text-align: center;\">8,6 x 12,6<\/td>\n<\/tr>\n<\/tbody>\n<\/table>\n<h2>Ba\u015far\u0131 \u00d6rne\u011fi<\/h2>\n<p>Austin&#039;deki tur\u015fu kavanozu \u00fcreticilerinden biri, tur\u015fu kavanozlar\u0131m\u0131z\u0131 al\u0131p, lazerle i\u015flenmi\u015f \u00e7izgiler ve beyaz plastisol astar i\u00e7eren farkl\u0131 bir kapak tasarlatt\u0131; bu sayede kavanozlar daha y\u00fcksek asit direncine sahip oldu. Bu \u00f6zelle\u015ftirme yetenekleri somut bir de\u011fer sa\u011fl\u0131yordu: \u00f6l\u00e7ekler, seri \u00fcretimde hammadde israf\u0131n\u0131 oran\u0131nda azaltmalar\u0131na olanak sa\u011flad\u0131; \u00f6zel yap\u0131m kapaklar paslanmay\u0131 ve s\u0131zd\u0131rmazl\u0131k ar\u0131zas\u0131n\u0131 etkili bir \u015fekilde \u00f6nleyerek \u00fcr\u00fcnlerinin bozulmas\u0131n\u0131 oran\u0131nda azaltt\u0131. M\u00fc\u015fteri o kadar memnun kald\u0131 ki, ikinci \u00e7eyrekte \u00fclke genelinde teslimat yapacak yeni bir fason paketleme tesisini stoklamak i\u00e7in 200.000 tur\u015fu kavanozu sipari\u015fi daha verildi.<\/p>\n<h2>Tur\u015fu Kavanozu Ki\u015fiselle\u015ftirme \u00d6nerileri.<\/h2>\n<ul>\n<li>\u015eekil \u00c7e\u015fitlili\u011fi: Kavanozlar, kiler raflar\u0131nda ve nakliye kaplar\u0131nda maksimum alan kazanmak i\u00e7in kare veya dikd\u00f6rtgen olabilir.<\/li>\n<li>I\u015f\u0131k Ge\u00e7irmeyen Cam: Kehribar veya ye\u015fil camdan yap\u0131lm\u0131\u015f kavanozlar, \u0131\u015f\u0131\u011fa duyarl\u0131 re\u00e7el ve fermente g\u0131dalar\u0131 saklamak i\u00e7in kullan\u0131labilir.<\/li>\n<li>\u00d6zel Kapaklar: \u00d6zel kapaklarda dahili fermantasyon valfleri, bambu kapaklar veya aside dayan\u0131kl\u0131 i\u00e7 plastik kaplamalar bulunur.<\/li>\n<\/ul>","protected":false},"excerpt":{"rendered":"<p>Kristal berrakl\u0131\u011f\u0131nda camdan yap\u0131lm\u0131\u015f, g\u00fcvenli siyah kapakl\u0131 dayan\u0131kl\u0131 tur\u015fu kavanozu. Tur\u015fu, sos ve kuru g\u0131da saklama i\u00e7in ideal, pratik tur\u015fu kavanozlar\u0131. \u00dccretsiz \u00f6rnekler.<\/p>","protected":false},"featured_media":23679,"template":"","meta":[],"product_brand":[],"product_cat":[122,124,133],"product_tag":[],"class_list":{"0":"post-23678","1":"product","2":"type-product","3":"status-publish","4":"has-post-thumbnail","6":"product_cat-custom-glass-packaging","7":"product_cat-custom-glass-jars","8":"product_cat-pickle-jars","10":"first","11":"instock","12":"shipping-taxable","13":"product-type-simple"},"jetpack_sharing_enabled":true,"_links":{"self":[{"href":"https:\/\/yebodaglass.com\/tr\/wp-json\/wp\/v2\/product\/23678","targetHints":{"allow":["GET"]}}],"collection":[{"href":"https:\/\/yebodaglass.com\/tr\/wp-json\/wp\/v2\/product"}],"about":[{"href":"https:\/\/yebodaglass.com\/tr\/wp-json\/wp\/v2\/types\/product"}],"version-history":[{"count":5,"href":"https:\/\/yebodaglass.com\/tr\/wp-json\/wp\/v2\/product\/23678\/revisions"}],"predecessor-version":[{"id":25382,"href":"https:\/\/yebodaglass.com\/tr\/wp-json\/wp\/v2\/product\/23678\/revisions\/25382"}],"wp:featuredmedia":[{"embeddable":true,"href":"https:\/\/yebodaglass.com\/tr\/wp-json\/wp\/v2\/media\/23679"}],"wp:attachment":[{"href":"https:\/\/yebodaglass.com\/tr\/wp-json\/wp\/v2\/media?parent=23678"}],"wp:term":[{"taxonomy":"product_brand","embeddable":true,"href":"https:\/\/yebodaglass.com\/tr\/wp-json\/wp\/v2\/product_brand?post=23678"},{"taxonomy":"product_cat","embeddable":true,"href":"https:\/\/yebodaglass.com\/tr\/wp-json\/wp\/v2\/product_cat?post=23678"},{"taxonomy":"product_tag","embeddable":true,"href":"https:\/\/yebodaglass.com\/tr\/wp-json\/wp\/v2\/product_tag?post=23678"}],"curies":[{"name":"wp","href":"https:\/\/api.w.org\/{rel}","templated":true}]}}