{"id":23651,"date":"2025-11-13T15:54:32","date_gmt":"2025-11-13T07:54:32","guid":{"rendered":"https:\/\/yebodaglass.com\/?post_type=product&#038;p=23651"},"modified":"2026-03-12T14:44:21","modified_gmt":"2026-03-12T06:44:21","slug":"brown-glass-grolsch-beer-bottles-with-handle-bulk","status":"publish","type":"product","link":"https:\/\/yebodaglass.com\/tr\/brown-glass-grolsch-beer-bottles-with-handle-bulk\/","title":{"rendered":"32oz 64oz Kahverengi Cam Grolsch Bira \u015ei\u015feleri (Sapl\u0131) Toplu Sat\u0131\u015f"},"content":{"rendered":"<p data-start=\"66\" data-end=\"288\">Bu grolsch bira \u015fi\u015feleri, retro bir g\u00f6r\u00fcn\u00fcme, yuvarlak bir sil\u00fcete ve pratik bir sapa sahip, kehribar-kahverengi camdan \u00fcretilmi\u015ftir. K\u0131rm\u0131z\u0131 ve beyaz kapakl\u0131 metal bir \u00e7\u0131t\u00e7\u0131t, s\u0131v\u0131 veya \u00e7e\u015fnileri saklamak ve dekoratif bir \u015fekilde sergilemek i\u00e7in m\u00fckemmeldir.<\/p>\n<h2>\u00dcr\u00fcn \u00d6zellikleri<\/h2>\n<ul>\n<li><strong>Kahverengi Cam Malzemesi:<\/strong> Kahverengi camdan \u00fcretilen \u015fi\u015fe etkili bir \u0131\u015f\u0131k engelleyici oldu\u011fundan, sos ve i\u00e7ecek gibi s\u0131v\u0131lar\u0131n kalitesi iyi korunurken, ayn\u0131 zamanda \u015fi\u015feye ho\u015f bir retro g\u00f6r\u00fcn\u00fcm kazand\u0131r\u0131lm\u0131\u015f oluyor.<\/li>\n<li><strong>Mandall\u0131 Kilit\u200b\u200d\u200b\u200c\u200d\u200b\u200d\u200c\u200b\u200d\u200b\u200c\u200d\u200b\u200d\u200c S\u0131zd\u0131rmazl\u0131k Tasar\u0131m\u0131:<\/strong> \u00dcnite \u00fczerinde metal \u00e7\u0131t\u00e7\u0131tl\u0131 bir mandall\u0131 t\u0131pa bulunur. Bu t\u0131pa, y\u00fcksek verimlilikle s\u0131zd\u0131rmazl\u0131k i\u015flemini ger\u00e7ekle\u015ftirebilir, b\u00f6ylece i\u00e7indekilerin tazeli\u011fi uzun s\u00fcre korunabilir ve ayn\u0131 zamanda kullan\u0131c\u0131 dostu bir a\u00e7ma-kapama y\u00f6ntemidir.<\/li>\n<li><strong>Sapl\u0131 \u015ei\u015fe:<\/strong> Bu nedenle \u015fi\u015fenin kolay kavran\u0131p ta\u015f\u0131nabilmesi i\u00e7in kavisli bir sap\u0131 bulunmaktad\u0131r, b\u00f6ylece \u00fcr\u00fcn\u00fcn kullan\u0131m\u0131 art\u0131r\u0131lm\u0131\u015f olup, ev ve restoran gibi farkl\u0131 mekanlarda kullan\u0131ma uygun hale getirilmi\u015ftir.<\/li>\n<\/ul>\n<h2 style=\"text-align: left;\">Temel \u00d6zellikler<\/h2>\n<table style=\"border-collapse: collapse; width: 80%; margin-left: auto; margin-right: auto;\" border=\"0\" width=\"677\" cellspacing=\"0\" cellpadding=\"0\">\n<tbody>\n<tr style=\"height: 13.50pt;\">\n<td style=\"height: 13.5pt; width: 119.25pt; text-align: center;\" width=\"159\" height=\"18\">\u00d6zellik<\/td>\n<td style=\"width: 388.5pt; text-align: center;\" width=\"518\">Tan\u0131m<\/td>\n<\/tr>\n<tr style=\"height: 13.50pt;\">\n<td style=\"height: 13.5pt; text-align: center;\" height=\"18\">Malzeme<\/td>\n<td style=\"text-align: center;\">UV korumal\u0131 kahverengi cam<\/td>\n<\/tr>\n<tr style=\"height: 13.50pt;\">\n<td style=\"height: 13.5pt; text-align: center;\" height=\"18\">Kapasite<\/td>\n<td style=\"text-align: center;\">1L (32oz) \/ 2L (64oz)<\/td>\n<\/tr>\n<tr style=\"height: 13.50pt;\">\n<td style=\"height: 13.5pt; text-align: center;\" height=\"18\">Rozpocznij swoj\u0105 dzia\u0142alno\u015b\u0107 w zakresie opakowa\u0144 szklanych<\/td>\n<td style=\"text-align: center;\">7,5 \u00d7 24 cm \/ 9,5 \u00d7 26 cm<\/td>\n<\/tr>\n<tr style=\"height: 13.50pt;\">\n<td style=\"height: 13.5pt; text-align: center;\" height=\"18\">Kapatma Sistemi<\/td>\n<td style=\"text-align: center;\">Paslanmaz \u00e7elik kefalet + kau\u00e7uk\/silikon contal\u0131 t\u0131pa<\/td>\n<\/tr>\n<tr style=\"height: 13.50pt;\">\n<td style=\"height: 13.5pt; text-align: center;\" height=\"18\">\u0130deal \u0130\u00e7in<\/td>\n<td style=\"text-align: center;\">Bira, kombu\u00e7a, soda, sirke, ev yap\u0131m\u0131 bira, gazl\u0131 i\u00e7ecekler<\/td>\n<\/tr>\n<\/tbody>\n<\/table>\n<h2>Ba\u015far\u0131 \u00d6rne\u011fi<\/h2>\n<p><span aria-haspopup=\"dialog\" aria-expanded=\"false\" aria-controls=\"radix-_r_8v_\" data-state=\"closed\" data-slot=\"popover-trigger\">Fermente i\u00e7eceklere odaklanan yerel el yap\u0131m\u0131 kombucha markalar\u0131ndan biri, s\u0131n\u0131rl\u0131 say\u0131da \u00fcretilen bu \u00f6zel lezzetini tan\u0131tmak i\u00e7in 32 oz&#039;luk kehribar renkli vidal\u0131 kapakl\u0131 cam \u015fi\u015femizi kullanmaya karar verdi.<\/span> <span aria-haspopup=\"dialog\" aria-expanded=\"false\" aria-controls=\"radix-_r_90_\" data-state=\"closed\" data-slot=\"popover-trigger\">UV korumas\u0131n\u0131 art\u0131rmak i\u00e7in kehribar rengi cam\u0131n hafif\u00e7e koyula\u015ft\u0131r\u0131lmas\u0131 ve vidal\u0131 kapa\u011f\u0131n g\u00fc\u00e7lendirilmesi, ayr\u0131ca vidal\u0131 kapa\u011fa daha kal\u0131n g\u0131da s\u0131n\u0131f\u0131 silikon conta eklenmesi, marka felsefelerine daha iyi uyum sa\u011flamak amac\u0131yla yap\u0131lm\u0131\u015ft\u0131r.<\/span> <span aria-haspopup=\"dialog\" aria-expanded=\"false\" aria-controls=\"radix-_r_91_\" data-state=\"closed\" data-slot=\"popover-trigger\">\u015ei\u015fenin \u00f6n y\u00fcz\u00fcne marka logosu kabartma olarak i\u015flenmi\u015f olup, tel k\u0131sm\u0131 ise eski ve el yap\u0131m\u0131 bir g\u00f6r\u00fcn\u00fcm yaratmak amac\u0131yla koyu bronz tonunda elde \u00fcretilmi\u015ftir.<\/span><\/p>\n<p><span aria-haspopup=\"dialog\" aria-expanded=\"false\" aria-controls=\"radix-_r_92_\" data-state=\"closed\" data-slot=\"popover-trigger\">\u00d6zel tasar\u0131ml\u0131 \u015fi\u015fenin piyasaya s\u00fcr\u00fclmesinin ard\u0131ndan, ilk \u00e7eyrekte perakende sipari\u015fleri y\u00fczde 37 oran\u0131nda artt\u0131.<\/span> <span aria-haspopup=\"dialog\" aria-expanded=\"false\" aria-controls=\"radix-_r_93_\" data-state=\"closed\" data-slot=\"popover-trigger\">Sonu\u00e7 olarak, marka di\u011fer mevsimlik \u00fcr\u00fcnler i\u00e7in de ek sipari\u015fler vermeye ba\u015flad\u0131.<\/span><\/p>\n<h2>Grolsch \u015ei\u015feleri \u00d6zelle\u015ftirme \u00d6nerileri<\/h2>\n<ol>\n<li><span aria-haspopup=\"dialog\" aria-expanded=\"false\" aria-controls=\"radix-_r_8s_\" data-state=\"closed\" data-slot=\"popover-trigger\"><strong>T\u0131pa Malzemeleri:<\/strong> \u00dcst k\u0131sm\u0131n\u0131 seramik, g\u0131da s\u0131n\u0131f\u0131 plastik veya ah\u015fap g\u00f6r\u00fcn\u00fcml\u00fc malzemelerle \u00f6zelle\u015ftirin ve hava ge\u00e7irmezlik i\u00e7in silikon s\u0131zd\u0131rmazl\u0131k halkas\u0131n\u0131 kullanmaya devam edin.<\/span><\/li>\n<li><span aria-haspopup=\"dialog\" aria-expanded=\"false\" aria-controls=\"radix-_r_8t_\" data-state=\"closed\" data-slot=\"popover-trigger\"><strong>\u015ei\u015fe g\u00f6vdesinde kabartmal\u0131 marka logosu:<\/strong> \u015ei\u015fenin yuvarlak omuz k\u0131sm\u0131na veya \u00f6n panelinde kabartma \u015feklinde bir logo, bira fabrikas\u0131 ad\u0131 veya s\u00fcs deseni i\u015flenebilir.<\/span><\/li>\n<li><span aria-haspopup=\"dialog\" aria-expanded=\"false\" aria-controls=\"radix-_r_8u_\" data-state=\"closed\" data-slot=\"popover-trigger\"><strong>\u00d6zel Boyun Yakas\u0131 Rengi:<\/strong> \u00dcr\u00fcn serilerini veya i\u00e7ecek \u00e7e\u015fitlerini ay\u0131rt etmek i\u00e7in \u00e7e\u015fitli renklerde (k\u0131rm\u0131z\u0131, turuncu, siyah, ye\u015fil) s\u0131zd\u0131rmazl\u0131k halkalar\u0131 sunuyoruz.<\/span><\/li>\n<\/ol>","protected":false},"excerpt":{"rendered":"<p>Sapl\u0131 ve g\u00fcvenli d\u00f6ner kapakl\u0131 kahverengi cam grolsch bira \u015fi\u015fesi. Bira fabrikalar\u0131 veya toplu al\u0131mlar i\u00e7in idealdir. Yeniden kullan\u0131labilir ve dayan\u0131kl\u0131d\u0131r, toplu sipari\u015fler i\u00e7in h\u0131zl\u0131 teslimat.<\/p>","protected":false},"featured_media":23695,"template":"","meta":[],"product_brand":[],"product_cat":[122,123,132],"product_tag":[],"class_list":{"0":"post-23651","1":"product","2":"type-product","3":"status-publish","4":"has-post-thumbnail","6":"product_cat-custom-glass-packaging","7":"product_cat-custom-glass-bottles","8":"product_cat-glass-flip-top-bottles","10":"first","11":"instock","12":"shipping-taxable","13":"product-type-simple"},"jetpack_sharing_enabled":true,"_links":{"self":[{"href":"https:\/\/yebodaglass.com\/tr\/wp-json\/wp\/v2\/product\/23651","targetHints":{"allow":["GET"]}}],"collection":[{"href":"https:\/\/yebodaglass.com\/tr\/wp-json\/wp\/v2\/product"}],"about":[{"href":"https:\/\/yebodaglass.com\/tr\/wp-json\/wp\/v2\/types\/product"}],"version-history":[{"count":6,"href":"https:\/\/yebodaglass.com\/tr\/wp-json\/wp\/v2\/product\/23651\/revisions"}],"predecessor-version":[{"id":25406,"href":"https:\/\/yebodaglass.com\/tr\/wp-json\/wp\/v2\/product\/23651\/revisions\/25406"}],"wp:featuredmedia":[{"embeddable":true,"href":"https:\/\/yebodaglass.com\/tr\/wp-json\/wp\/v2\/media\/23695"}],"wp:attachment":[{"href":"https:\/\/yebodaglass.com\/tr\/wp-json\/wp\/v2\/media?parent=23651"}],"wp:term":[{"taxonomy":"product_brand","embeddable":true,"href":"https:\/\/yebodaglass.com\/tr\/wp-json\/wp\/v2\/product_brand?post=23651"},{"taxonomy":"product_cat","embeddable":true,"href":"https:\/\/yebodaglass.com\/tr\/wp-json\/wp\/v2\/product_cat?post=23651"},{"taxonomy":"product_tag","embeddable":true,"href":"https:\/\/yebodaglass.com\/tr\/wp-json\/wp\/v2\/product_tag?post=23651"}],"curies":[{"name":"wp","href":"https:\/\/api.w.org\/{rel}","templated":true}]}}