{"id":23606,"date":"2025-11-12T13:17:31","date_gmt":"2025-11-12T05:17:31","guid":{"rendered":"https:\/\/yebodaglass.com\/?post_type=product&#038;p=23606"},"modified":"2026-04-14T11:37:45","modified_gmt":"2026-04-14T03:37:45","slug":"wholesale-clear-round-glass-soy-sauce-bottles","status":"publish","type":"product","link":"https:\/\/yebodaglass.com\/tr\/wholesale-clear-round-glass-soy-sauce-bottles\/","title":{"rendered":"Toptan \u015eeffaf Yuvarlak Cam Soya Sosu \u015ei\u015feleri 267ml 473ml"},"content":{"rendered":"<p data-start=\"66\" data-end=\"288\">Bu soya sosu \u015fi\u015feleri, silindir \u015feklinde daralan ve boyun b\u00f6lgesine do\u011fru incelen cam g\u00f6vdeye ve daha iyi denge sa\u011flamak i\u00e7in d\u0131\u015fa do\u011fru uzanan bir tabana sahip bir tasar\u0131ma sahiptir. Kapaklar g\u00fcm\u00fc\u015f veya siyah metal vidal\u0131 kapak se\u00e7enekleriyle mevcuttur.<\/p>\n<h2>\u00dcr\u00fcn \u00d6zellikleri<\/h2>\n<ul>\n<li><strong>Minimalist \u015ei\u015fe Tasar\u0131m\u0131:<\/strong> \u015ei\u015fenin yuvarlak kenarlar\u0131 sadece rahat bir tutu\u015f sa\u011flamakla kalmaz, ayn\u0131 zamanda kolay saklamay\u0131 da kolayla\u015ft\u0131r\u0131r; bu nedenle ev mutfa\u011f\u0131 veya restoran gibi farkl\u0131 yerlerde kullan\u0131labilir.<\/li>\n<li><strong>Pratik Vidal\u0131 Kapak Tasar\u0131m\u0131:<\/strong> Metal vidal\u0131 kapa\u011f\u0131 sayesinde s\u0131k\u0131ca kapan\u0131r, b\u00f6ylece soslar tazeli\u011fini korurken ayn\u0131 zamanda kolayca da \u00e7\u0131kar\u0131labilir.<\/li>\n<li><strong>Sa\u011flam Taban Tasar\u0131m\u0131:<\/strong> Geni\u015f taban\u0131, \u015fi\u015fenin devrilmemesinin ba\u015fl\u0131ca nedenidir; bu nedenle sos \u015fi\u015fesi, doldurulurken veya sergilenirken her zaman dik duracakt\u0131r.<\/li>\n<\/ul>\n<h2 style=\"text-align: left;\">Temel \u00d6zellikler<\/h2>\n<table class=\"aligncenter\" style=\"border-collapse: collapse; width: 423.02pt;\" border=\"0\" width=\"564\" cellspacing=\"0\" cellpadding=\"0\">\n<tbody>\n<tr style=\"height: 13.50pt;\">\n<td style=\"height: 13.50pt; width: 107.25pt;\" width=\"143\" height=\"18\">\u015eartname<\/td>\n<td style=\"width: 315.75pt;\" width=\"421\">Detaylar<\/td>\n<\/tr>\n<tr style=\"height: 13.50pt;\">\n<td style=\"height: 13.50pt;\" height=\"18\">Mevcut Boyutlar<\/td>\n<td>267 ml, 473 ml<\/td>\n<\/tr>\n<tr style=\"height: 13.50pt;\">\n<td style=\"height: 13.50pt;\" height=\"18\">Paketleme Boyutu<\/td>\n<td>20\u00d725\u00d715cm (her ikisi de)<\/td>\n<\/tr>\n<tr style=\"height: 13.50pt;\">\n<td style=\"height: 13.50pt;\" height=\"18\">Malzeme<\/td>\n<td>G\u0131da s\u0131n\u0131f\u0131 \u015feffaf cam \u015fi\u015fede stout biras\u0131<\/td>\n<\/tr>\n<tr style=\"height: 13.50pt;\">\n<td style=\"height: 13.50pt;\" height=\"18\">\u0130deal \u0130\u00e7in<\/td>\n<td>Soya sosu, biber sosu, ac\u0131 sos<\/td>\n<\/tr>\n<tr style=\"height: 13.50pt;\">\n<td style=\"height: 13.50pt;\" height=\"18\">Kullan\u0131m Durumu<\/td>\n<td>Bo\u015f soya sosu \u015fi\u015feleri, b\u00fcy\u00fck boy ac\u0131 sos \u015fi\u015feleri<\/td>\n<\/tr>\n<\/tbody>\n<\/table>\n<h2>Ba\u015far\u0131 \u00d6yk\u00fcs\u00fc: G\u00fcneydo\u011fu Asya Ac\u0131 Sos Markas\u0131ndan \u00d6zel Sipari\u015f<\/h2>\n<p>Taylandl\u0131 bir ac\u0131 sos markas\u0131, damlamay\u0131 \u00f6nleyici a\u011f\u0131zl\u0131k ve ac\u0131 biber deseniyle \u00f6zelle\u015ftirilmi\u015f 500 ml&#039;lik ac\u0131 sos \u015fi\u015femizi se\u00e7ti. \u00d6zel tasar\u0131m ac\u0131 sos \u015fi\u015fesi m\u00fckemmel sonu\u00e7lar verdi; damlamay\u0131 \u00f6nleyici a\u011f\u0131zl\u0131k tasar\u0131m\u0131, t\u00fcketici d\u00f6k\u00fclme \u015fikayetlerinde &#039;luk bir azalmaya yol a\u00e7arken, \u015fi\u015fenin y\u00fcksek kaliteli cam ve metal kapa\u011f\u0131 ihracat de\u011ferini art\u0131rd\u0131. Ba\u015far\u0131lar\u0131n\u0131n ard\u0131ndan, yeni bir fermente ac\u0131 sos \u00fcr\u00fcn serisi olu\u015fturmak istedikleri i\u00e7in bizden 450.000 \u015fi\u015felik ilk sipari\u015flerini verdiler.<\/p>\n<h2>Soya Sosu \u015ei\u015feleri \u00d6zelle\u015ftirme \u00d6nerileri<\/h2>\n<ul>\n<li><strong>Kabartmal\u0131 Kapasite \u0130\u015faretleri:<\/strong> \u00d6l\u00e7ek i\u00e7in kabart\u0131lm\u0131\u015f i\u015faretleri \u015fi\u015fenin omuz k\u0131sm\u0131na yerle\u015ftirin.<\/li>\n<li><strong>Serigrafi Bask\u0131l\u0131 Logo Yerle\u015fimi:<\/strong> Marka logosunu, g\u00f6r\u00fcn\u00fcrl\u00fck a\u00e7\u0131s\u0131ndan en uygun yer olan kavisli b\u00f6l\u00fcme, g\u00f6ze batmayacak \u015fekilde bast\u0131r\u0131n.<\/li>\n<li><strong>Dokulu Sap:<\/strong> Kullan\u0131c\u0131ya daha iyi kavrama ve daha fazla g\u00fcvenlik sa\u011flamak i\u00e7in bel b\u00f6lgesine hafif bir doku ekleyebilirsiniz.<\/li>\n<\/ul>","protected":false},"excerpt":{"rendered":"<p>Vidal\u0131 kapakl\u0131 \u015feffaf cam ac\u0131 sos \u015fi\u015feleri ve soya sosu \u015fi\u015feleri. Mutfak kullan\u0131m\u0131 veya toplu sipari\u015fler i\u00e7in uygundur. Toplu sipari\u015flerde \u00fccretsiz numuneler mevcuttur.<\/p>","protected":false},"featured_media":23611,"template":"","meta":[],"product_brand":[],"product_cat":[129,123,122],"product_tag":[],"class_list":{"0":"post-23606","1":"product","2":"type-product","3":"status-publish","4":"has-post-thumbnail","6":"product_cat-hot-sauce-bottles","7":"product_cat-custom-glass-bottles","8":"product_cat-custom-glass-packaging","10":"first","11":"instock","12":"shipping-taxable","13":"product-type-simple"},"jetpack_sharing_enabled":true,"_links":{"self":[{"href":"https:\/\/yebodaglass.com\/tr\/wp-json\/wp\/v2\/product\/23606","targetHints":{"allow":["GET"]}}],"collection":[{"href":"https:\/\/yebodaglass.com\/tr\/wp-json\/wp\/v2\/product"}],"about":[{"href":"https:\/\/yebodaglass.com\/tr\/wp-json\/wp\/v2\/types\/product"}],"version-history":[{"count":5,"href":"https:\/\/yebodaglass.com\/tr\/wp-json\/wp\/v2\/product\/23606\/revisions"}],"predecessor-version":[{"id":25778,"href":"https:\/\/yebodaglass.com\/tr\/wp-json\/wp\/v2\/product\/23606\/revisions\/25778"}],"wp:featuredmedia":[{"embeddable":true,"href":"https:\/\/yebodaglass.com\/tr\/wp-json\/wp\/v2\/media\/23611"}],"wp:attachment":[{"href":"https:\/\/yebodaglass.com\/tr\/wp-json\/wp\/v2\/media?parent=23606"}],"wp:term":[{"taxonomy":"product_brand","embeddable":true,"href":"https:\/\/yebodaglass.com\/tr\/wp-json\/wp\/v2\/product_brand?post=23606"},{"taxonomy":"product_cat","embeddable":true,"href":"https:\/\/yebodaglass.com\/tr\/wp-json\/wp\/v2\/product_cat?post=23606"},{"taxonomy":"product_tag","embeddable":true,"href":"https:\/\/yebodaglass.com\/tr\/wp-json\/wp\/v2\/product_tag?post=23606"}],"curies":[{"name":"wp","href":"https:\/\/api.w.org\/{rel}","templated":true}]}}