{"id":23554,"date":"2025-11-10T17:29:24","date_gmt":"2025-11-10T09:29:24","guid":{"rendered":"https:\/\/yebodaglass.com\/?post_type=product&#038;p=23554"},"modified":"2025-11-10T17:34:16","modified_gmt":"2025-11-10T09:34:16","slug":"40ml-glass-spice-bottles-for-salt-pepper-and-herbs-bulk","status":"publish","type":"product","link":"https:\/\/yebodaglass.com\/tr\/40ml-glass-spice-bottles-for-salt-pepper-and-herbs-bulk\/","title":{"rendered":"Tuz, Karabiber ve Otlar i\u00e7in 40 ml Cam Baharat \u015ei\u015feleri Toplu Sat\u0131\u015f"},"content":{"rendered":"<p>D\u00f6k\u00fclen baharat kavanozlar\u0131ndan veya saklanan biberlerden muzdarip olmaya devam ediyorsunuz. Metal \u00e7alkalay\u0131c\u0131 kapakl\u0131 \u015feffaf baharat kavanozlar\u0131 tasarl\u0131yoruz; mutfa\u011f\u0131n\u0131zda kirli anlar art\u0131k olmayacak. Bu baharat \u015fi\u015fesi setleri, saklama kaplar\u0131n\u0131z\u0131 markal\u0131 bir ifadeye d\u00f6n\u00fc\u015ft\u00fcr\u00fcyor. Toplu sipari\u015flerde markan\u0131za \u00f6zel renkler mevcuttur.<\/p>\n<h2>\u00dcr\u00fcn \u00d6zellikleri<\/h2>\n<p><strong>Yuvarlak \u015ei\u015fe Bo\u011faz\u0131<\/strong><\/p>\n<p>K\u00fc\u00e7\u00fck ve yuvarlak boyun, cihaz\u0131 s\u0131k\u0131ca kapat\u0131r ve \u00fcr\u00fcn\u00fcn s\u0131zd\u0131rmas\u0131n\u0131 \u00f6nler.<\/p>\n<p><strong>Hassas Metal Shake Kapaklar\u0131<\/strong><\/p>\n<p>Deliklerdeki k\u00fc\u00e7\u00fck delikler karabiber ak\u0131\u015f\u0131n\u0131 hassas bir \u015fekilde d\u00fczenler; tuz veya unun d\u00f6k\u00fclmesinden art\u0131k korkmay\u0131n.<\/p>\n<p><strong>Kaymaz Taban Tasar\u0131m\u0131<\/strong><\/p>\n<p>Kal\u0131nla\u015ft\u0131r\u0131lm\u0131\u015f taban\u0131 kaymayan bir desenle s\u00fcslenmi\u015ftir, bu sayede d\u00fcz bir zemine koydu\u011funuzda \u015fi\u015fe yine de sabit kalacakt\u0131r.<\/p>\n<h2>Temel \u00d6zellikler<\/h2>\n<table style=\"border-collapse: collapse; width: 80%; margin-left: auto; margin-right: auto;\" border=\"0\" width=\"144\" cellspacing=\"0\" cellpadding=\"0\">\n<tbody>\n<tr style=\"height: 13.50pt;\">\n<td style=\"height: 13.5pt; width: 54pt; text-align: center;\" width=\"72\" height=\"18\">\u00d6zellik<\/td>\n<td style=\"width: 54pt; text-align: center;\" width=\"72\">\u015eartname<\/td>\n<\/tr>\n<tr style=\"height: 13.50pt;\">\n<td style=\"height: 13.5pt; text-align: center;\" height=\"18\">Kapasite<\/td>\n<td style=\"text-align: center;\">40 ml<\/td>\n<\/tr>\n<tr style=\"height: 13.50pt;\">\n<td style=\"height: 13.5pt; text-align: center;\" height=\"18\">Boyut (cm)<\/td>\n<td style=\"text-align: center;\">4.5 * 10.0<\/td>\n<\/tr>\n<tr style=\"height: 13.50pt;\">\n<td style=\"height: 13.5pt; text-align: center;\" height=\"18\">Aksesuar<\/td>\n<td style=\"text-align: center;\">Paslanmaz \u00c7elik Kapaklar<\/td>\n<\/tr>\n<tr style=\"height: 13.50pt;\">\n<td style=\"height: 13.5pt; text-align: center;\" height=\"18\">Renk<\/td>\n<td style=\"text-align: center;\">Temizle, \u00d6zel<\/td>\n<\/tr>\n<\/tbody>\n<\/table>\n<h2>Ba\u015far\u0131 \u00d6rne\u011fi<\/h2>\n<p>ABD merkezli bir g\u0131da hizmeti tedarik\u00e7isi, yeni g\u00fcndelik yemek zincirleri i\u00e7in \u00f6zel cam sos \u015fi\u015feleri tasarlamak \u00fczere bizimle i\u015f birli\u011fi yapt\u0131. Konik cam g\u00f6vdeyi ve paslanmaz \u00e7elik kapa\u011f\u0131 modifiye ettiler ve tuz ve sar\u0131msak di\u015flerinin e\u015fit \u015fekilde da\u011f\u0131t\u0131labilmesini sa\u011flamak i\u00e7in \u015fi\u015fe a\u011fz\u0131n\u0131n boyutunu de\u011fi\u015ftirdiler.<\/p>\n<p>\u00dcr\u00fcn\u00fc kullanan \u00e7ok say\u0131da ki\u015fiden &#039;i \u00fcr\u00fcn\u00fcn iyi oldu\u011funu ve ince toz halinde da\u011f\u0131ld\u0131\u011f\u0131n\u0131, bu nedenle yemek yerken rahatl\u0131kla kullan\u0131labildi\u011fini belirtti.<\/p>\n<h2>\u00d6zelle\u015ftirme K\u0131lavuzunuz<\/h2>\n<ol>\n<li><strong>Geli\u015ftirilmi\u015f\u200b\u200d\u200b\u200c\u200d\u200b\u200d\u200c\u200b\u200d\u200b\u200c\u200d\u200b\u200d\u200c \u015fapka malzemesi:<\/strong> Restoran\u0131n\u0131z\u0131n veya evinizin farkl\u0131 stillerine uyacak paslanmaz \u00e7elik veya elektroliz kapl\u0131 al\u00fcminyum bir kapakla s\u00fcsleyin.<\/li>\n<li><strong>\u015ei\u015fe bask\u0131s\u0131:<\/strong> Marka tan\u0131n\u0131rl\u0131\u011f\u0131 ve kullan\u0131m kolayl\u0131\u011f\u0131 i\u00e7in \u015fi\u015fenin \u00fczerine marka logolar\u0131, sos adlar\u0131 veya kademeli i\u015faretler bas\u0131labilir.<\/li>\n<li><strong>\u015ei\u015fe renkleri:<\/strong> Camlar \u015feffaf, kehribar, buzlu veya degradeli olabilir ve her se\u00e7enek hem estetik hem de UV korumas\u0131 ama\u00e7l\u0131 olarak mevcuttur.<\/li>\n<\/ol>","protected":false},"excerpt":{"rendered":"<p>Metal \u00e7alkalay\u0131c\u0131 kapakl\u0131 dayan\u0131kl\u0131 cam baharat \u015fi\u015feleri, tuz, karabiber veya otlar i\u00e7in ideal bir baharat \u015fi\u015fesi se\u00e7ene\u011fidir. Mutfakta kullan\u0131m veya restoranlarda sergilemek i\u00e7in m\u00fckemmeldir.<\/p>","protected":false},"featured_media":23557,"template":"","meta":[],"product_brand":[],"product_cat":[122,124,128],"product_tag":[],"class_list":{"0":"post-23554","1":"product","2":"type-product","3":"status-publish","4":"has-post-thumbnail","6":"product_cat-custom-glass-packaging","7":"product_cat-custom-glass-jars","8":"product_cat-spice-jars","10":"first","11":"instock","12":"shipping-taxable","13":"product-type-simple"},"jetpack_sharing_enabled":true,"_links":{"self":[{"href":"https:\/\/yebodaglass.com\/tr\/wp-json\/wp\/v2\/product\/23554","targetHints":{"allow":["GET"]}}],"collection":[{"href":"https:\/\/yebodaglass.com\/tr\/wp-json\/wp\/v2\/product"}],"about":[{"href":"https:\/\/yebodaglass.com\/tr\/wp-json\/wp\/v2\/types\/product"}],"version-history":[{"count":5,"href":"https:\/\/yebodaglass.com\/tr\/wp-json\/wp\/v2\/product\/23554\/revisions"}],"predecessor-version":[{"id":23570,"href":"https:\/\/yebodaglass.com\/tr\/wp-json\/wp\/v2\/product\/23554\/revisions\/23570"}],"wp:featuredmedia":[{"embeddable":true,"href":"https:\/\/yebodaglass.com\/tr\/wp-json\/wp\/v2\/media\/23557"}],"wp:attachment":[{"href":"https:\/\/yebodaglass.com\/tr\/wp-json\/wp\/v2\/media?parent=23554"}],"wp:term":[{"taxonomy":"product_brand","embeddable":true,"href":"https:\/\/yebodaglass.com\/tr\/wp-json\/wp\/v2\/product_brand?post=23554"},{"taxonomy":"product_cat","embeddable":true,"href":"https:\/\/yebodaglass.com\/tr\/wp-json\/wp\/v2\/product_cat?post=23554"},{"taxonomy":"product_tag","embeddable":true,"href":"https:\/\/yebodaglass.com\/tr\/wp-json\/wp\/v2\/product_tag?post=23554"}],"curies":[{"name":"wp","href":"https:\/\/api.w.org\/{rel}","templated":true}]}}