{"id":23531,"date":"2025-11-10T14:29:06","date_gmt":"2025-11-10T06:29:06","guid":{"rendered":"https:\/\/yebodaglass.com\/?post_type=product&#038;p=23531"},"modified":"2026-04-09T17:59:19","modified_gmt":"2026-04-09T09:59:19","slug":"beverage-bottles-wholesale-glass-bottles-with-lids","status":"publish","type":"product","link":"https:\/\/yebodaglass.com\/tr\/beverage-bottles-wholesale-glass-bottles-with-lids\/","title":{"rendered":"\u0130\u00e7ecek \u015ei\u015feleri Toptan Sat\u0131\u015f\u0131 | Kapakl\u0131 Cam \u015ei\u015feler"},"content":{"rendered":"<p data-start=\"66\" data-end=\"288\">Bu kapakl\u0131 cam \u015fi\u015fe serisi, d\u00fcz ve dikd\u00f6rtgen bir \u015fekle, yuvarlak omuzlara ve dar bir boyuna sahip bir g\u00f6r\u00fcn\u00fcme sahiptir. Bu cam \u015fi\u015feler, i\u00e7indekileri g\u00f6rebilmeniz i\u00e7in kaliteli \u015feffaf camdan \u00fcretilmi\u015ftir. Her \u015fi\u015fenin, al\u00fcminyumdan yap\u0131lm\u0131\u015f ve i\u00e7inde plastik bir conta bulunan, vidalanarak a\u00e7\u0131l\u0131p kapanabilen bir kapa\u011f\u0131 vard\u0131r. Bu kapak, \u015fi\u015fenin s\u0131k\u0131ca kapal\u0131 olmas\u0131n\u0131 ve kolayca kullan\u0131lmas\u0131n\u0131 sa\u011flar. Bu i\u00e7ecek \u015fi\u015felerini 50 ml&#039;den 500 ml&#039;ye kadar \u00e7e\u015fitli boyutlarda bulabilirsiniz. Kahve, meyve suyu, s\u00fctl\u00fc \u00e7ay ve di\u011fer s\u0131v\u0131lar\u0131n ambalajlanmas\u0131 i\u00e7in idealdirler. \u015ei\u015feler kompakt ve sa\u011flamd\u0131r, bu da onlar\u0131 ma\u011fazalarda sergilemek, paket servis ve toplu sat\u0131\u015f i\u00e7in m\u00fckemmel k\u0131lar.<\/p>\n<h2>Ba\u015fl\u0131ca \u00d6zellikler<\/h2>\n<ul>\n<li><strong>\u0130\u00e7ecek \u015fi\u015feleri s\u0131zd\u0131rmaz.<\/strong>Al\u00fcminyum kapak ve plastik conta, s\u0131v\u0131n\u0131n d\u0131\u015far\u0131 s\u0131zmas\u0131n\u0131 \u00f6nlemek i\u00e7in birlikte \u00e7al\u0131\u015f\u0131r, b\u00f6ylece \u015fi\u015feleri ta\u015f\u0131rken d\u00f6k\u00fclme konusunda endi\u015felenmenize gerek kalmaz.<\/li>\n<\/ul>\n<ul>\n<li><strong>Cam sa\u011flamd\u0131r ve geri d\u00f6n\u00fc\u015ft\u00fcr\u00fclebilir.<\/strong>Bu kaplar, cam \u015fi\u015fe \u00fcretimi konusunda uzmanla\u015fm\u0131\u015f bir \u015firket taraf\u0131ndan profesyonelce \u00fcretilmi\u015ftir. Sa\u011flamd\u0131rlar, defalarca kullan\u0131labilirler ve geri d\u00f6n\u00fc\u015ft\u00fcr\u00fclebilirler, bu da \u00e7evre i\u00e7in iyidir.<\/li>\n<\/ul>\n<ul>\n<li><strong>D\u00fcz \u015fekil, marka bilinirli\u011fi i\u00e7in uygundur.<\/strong>\u015ei\u015felerin d\u00fcz y\u00fczeyi, \u00fczerlerine etiket yap\u0131\u015ft\u0131rmay\u0131 kolayla\u015ft\u0131r\u0131r. Raflarda harika g\u00f6r\u00fcn\u00fcrler. Bu da onlar\u0131, kendi \u00f6zel cam \u015fi\u015felerini \u00fcretmek ve markalar\u0131n\u0131 \u00f6ne \u00e7\u0131karmak isteyen \u015firketler i\u00e7in m\u00fckemmel k\u0131lar.<\/li>\n<\/ul>\n<h2 style=\"text-align: left;\">Temel \u00d6zellikler<\/h2>\n<table style=\"border-collapse: collapse; margin-left: auto; margin-right: auto; width: 80%;\" border=\"0\" width=\"905\" cellspacing=\"0\" cellpadding=\"0\">\n<tbody>\n<tr style=\"height: 13.50pt;\">\n<td style=\"height: 13.50pt; width: 54.00pt;\" width=\"72\" height=\"18\">Kapasite<\/td>\n<td style=\"width: 54.00pt;\" width=\"72\">Y\u00fckseklik<\/td>\n<td style=\"width: 54.00pt;\" width=\"72\">Geni\u015flik<\/td>\n<td style=\"width: 129.75pt;\" width=\"173\">Ba\u015fvuru<\/td>\n<td style=\"width: 98.25pt;\" width=\"131\">Malzeme<\/td>\n<td style=\"width: 121.50pt;\" width=\"162\">Kapak Tipi<\/td>\n<td style=\"width: 167.25pt;\" width=\"223\">S\u0131zd\u0131rmazl\u0131k<\/td>\n<\/tr>\n<tr style=\"height: 13.50pt;\">\n<td style=\"height: 13.50pt;\" height=\"18\">50 ml<\/td>\n<td>10,6 cm<\/td>\n<td>5,3 cm<\/td>\n<td>Kahve, \u00f6rnekler<\/td>\n<td class=\"et2\" rowspan=\"6\">Kur\u015funsuz cam<\/td>\n<td class=\"et2\" rowspan=\"6\">Al\u00fcminyum vidal\u0131 kapak + plastik i\u00e7 kapak<\/td>\n<td class=\"et2\" rowspan=\"6\">S\u0131k\u0131ca kapanan, s\u0131zd\u0131rmaz<\/td>\n<\/tr>\n<tr style=\"height: 13.50pt;\">\n<td style=\"height: 13.50pt;\" height=\"18\">100 ml<\/td>\n<td>12,5 cm<\/td>\n<td>6,7 cm<\/td>\n<td>Meyve suyu, i\u00e7ecekler<\/td>\n<\/tr>\n<tr style=\"height: 13.50pt;\">\n<td style=\"height: 13.50pt;\" height=\"18\">200 ml<\/td>\n<td>15 cm<\/td>\n<td>7,7 cm<\/td>\n<td>S\u00fctl\u00fc \u00e7ay, so\u011fuk demleme<\/td>\n<\/tr>\n<tr style=\"height: 13.50pt;\">\n<td style=\"height: 13.50pt;\" height=\"18\">250 ml<\/td>\n<td>16 cm<\/td>\n<td>8,3 cm<\/td>\n<td>Meyve suyu, i\u00e7ecekler<\/td>\n<\/tr>\n<tr style=\"height: 13.50pt;\">\n<td style=\"height: 13.50pt;\" height=\"18\">350 ml<\/td>\n<td>17 cm<\/td>\n<td>8,9 cm<\/td>\n<td>Kahve, i\u00e7ecekler<\/td>\n<\/tr>\n<tr style=\"height: 13.50pt;\">\n<td style=\"height: 13.50pt;\" height=\"18\">500 ml<\/td>\n<td>20 cm<\/td>\n<td>10,1 cm<\/td>\n<td>Toplu i\u00e7ecekler<\/td>\n<\/tr>\n<\/tbody>\n<\/table>\n<h2>Vaka \u00c7al\u0131\u015fmas\u0131<\/h2>\n<p>Polonya&#039;daki b\u00fcy\u00fck bir s\u00fcpermarket, kahve ve meyve suyu markalar\u0131 i\u00e7in kapakl\u0131 cam \u015fi\u015felerimizi kullanmaya ba\u015flad\u0131. Daha \u00f6nce ba\u015fka bir firman\u0131n \u015fi\u015felerini kullan\u0131yorlard\u0131. Kapaklar\u0131n d\u00fczg\u00fcn kapanmamas\u0131 ve ta\u015f\u0131ma s\u0131ras\u0131nda meyve suyunun d\u00f6k\u00fclmesi sorunlar\u0131 ya\u015f\u0131yorlard\u0131. Bu durum \u00fcr\u00fcn kay\u0131plar\u0131na ve m\u00fc\u015fterilerden \u015fikayetlere yol a\u00e7\u0131yordu.<\/p>\n<p>Cam \u015fi\u015felerimizi kullanmaya ba\u015flad\u0131klar\u0131nda 250 ml ve 350 ml boyutlar\u0131n\u0131 tercih ettiler. \u00d6zel etiketler ve \u015f\u0131k g\u00f6r\u00fcnmeleri i\u00e7in \u00f6zel bir kaplama yapt\u0131rd\u0131lar. Yeni kapaklar daha iyi \u00e7al\u0131\u015ft\u0131 ve neredeyse hi\u00e7 s\u0131zd\u0131rmad\u0131. \u015eeffaf cam ayr\u0131ca \u00fcr\u00fcnlerin raflarda daha iyi g\u00f6r\u00fcnmesini sa\u011flad\u0131.<\/p>\n<p>Alt\u0131 ay sonra s\u00fcpermarketin i\u00e7ecek sat\u0131\u015flar\u0131 artt\u0131 ve m\u00fc\u015fteriler \u00e7ok daha memnun kald\u0131. \u015eimdi s\u00fcrekli olarak kapakl\u0131 cam \u015fi\u015felerimizi sat\u0131n al\u0131yorlar. Her \u00fc\u00e7 ayda bir en az 100.000 adet sipari\u015f veriyorlar. Hatta \u00e7ok miktarda ald\u0131klar\u0131 i\u00e7in fiyatta indirim bile yapt\u0131lar.<\/p>\n<h2>B2B Al\u0131c\u0131lar\u0131 \u0130\u00e7in \u00d6zelle\u015ftirme \u00d6nerileri<\/h2>\n<ol>\n<li><strong>Kahve Markalar\u0131 \u0130\u00e7in<\/strong>Cam \u015fi\u015feler \u00fczerine kehribar rengi kaplama veya ipek bask\u0131 uygulayarak, hava ge\u00e7irmez vidal\u0131 kapakla birle\u015ftirilmi\u015f, \u00fcst\u00fcn kaliteli so\u011fuk demleme kaplar\u0131 olu\u015fturun.<\/li>\n<li><strong>Meyve Suyu ve \u0130\u00e7ecek Markalar\u0131 \u0130\u00e7in<\/strong>\u00dcr\u00fcn yelpazenizde tutarl\u0131 bir cam ambalaj format\u0131 sa\u011flarken, farkl\u0131 tatlar\u0131 ay\u0131rt etmek i\u00e7in renkli sprey kaplama veya etiketleme uygulay\u0131n.<\/li>\n<li><strong>Perakende ve \u00d6zel Marka \u0130\u015fletmeleri \u0130\u00e7in<\/strong>Depolama, lojistik ve toptan cam tedarik verimlili\u011fini optimize etmek i\u00e7in birden fazla boyutu (100 ml \u2013 500 ml) birle\u015fik bir kap sistemi olarak standartla\u015ft\u0131r\u0131n.<\/li>\n<\/ol>","protected":false},"excerpt":{"rendered":"<p>Toptan sat\u0131\u015f i\u00e7in 50 ml&#039;den 500 ml&#039;ye kadar y\u00fcksek kaliteli i\u00e7ecek \u015fi\u015feleri ve kapakl\u0131 cam \u015fi\u015feler. Kahve, meyve suyu ve toplu tedarik i\u00e7in dayan\u0131kl\u0131, s\u0131zd\u0131rmaz cam ambalajlar.<\/p>","protected":false},"featured_media":25706,"template":"","meta":[],"product_brand":[],"product_cat":[123,122],"product_tag":[],"class_list":{"0":"post-23531","1":"product","2":"type-product","3":"status-publish","4":"has-post-thumbnail","6":"product_cat-custom-glass-bottles","7":"product_cat-custom-glass-packaging","9":"first","10":"instock","11":"shipping-taxable","12":"product-type-simple"},"jetpack_sharing_enabled":true,"_links":{"self":[{"href":"https:\/\/yebodaglass.com\/tr\/wp-json\/wp\/v2\/product\/23531","targetHints":{"allow":["GET"]}}],"collection":[{"href":"https:\/\/yebodaglass.com\/tr\/wp-json\/wp\/v2\/product"}],"about":[{"href":"https:\/\/yebodaglass.com\/tr\/wp-json\/wp\/v2\/types\/product"}],"version-history":[{"count":5,"href":"https:\/\/yebodaglass.com\/tr\/wp-json\/wp\/v2\/product\/23531\/revisions"}],"predecessor-version":[{"id":25712,"href":"https:\/\/yebodaglass.com\/tr\/wp-json\/wp\/v2\/product\/23531\/revisions\/25712"}],"wp:featuredmedia":[{"embeddable":true,"href":"https:\/\/yebodaglass.com\/tr\/wp-json\/wp\/v2\/media\/25706"}],"wp:attachment":[{"href":"https:\/\/yebodaglass.com\/tr\/wp-json\/wp\/v2\/media?parent=23531"}],"wp:term":[{"taxonomy":"product_brand","embeddable":true,"href":"https:\/\/yebodaglass.com\/tr\/wp-json\/wp\/v2\/product_brand?post=23531"},{"taxonomy":"product_cat","embeddable":true,"href":"https:\/\/yebodaglass.com\/tr\/wp-json\/wp\/v2\/product_cat?post=23531"},{"taxonomy":"product_tag","embeddable":true,"href":"https:\/\/yebodaglass.com\/tr\/wp-json\/wp\/v2\/product_tag?post=23531"}],"curies":[{"name":"wp","href":"https:\/\/api.w.org\/{rel}","templated":true}]}}