{"id":23525,"date":"2025-11-10T14:54:19","date_gmt":"2025-11-10T06:54:19","guid":{"rendered":"https:\/\/yebodaglass.com\/?post_type=product&#038;p=23525"},"modified":"2026-04-13T10:07:15","modified_gmt":"2026-04-13T02:07:15","slug":"seasoning-container-with-grinder-for-packaging-wholesale","status":"publish","type":"product","link":"https:\/\/yebodaglass.com\/tr\/seasoning-container-with-grinder-for-packaging-wholesale\/","title":{"rendered":"Toptan Ambalaj \u0130\u00e7in \u00d6\u011f\u00fct\u00fcc\u00fcl\u00fc 200 ml Baharat Kab\u0131"},"content":{"rendered":"<p>Mutfakta olmazsa olmaz bu \u00fcr\u00fcn, kullan\u0131c\u0131lara cam g\u00f6vde ve paslanmaz \u00e7elik \u00f6\u011f\u00fctme y\u00fczeyini birle\u015ftiren modern bir baharat kab\u0131 sunuyor. Kuru baharat \u00f6\u011f\u00fct\u00fcc\u00fc sistemi, kullan\u0131c\u0131lara biber, tuz ve baharatlar\u0131 \u00f6\u011f\u00fctme incelik seviyelerini ayarlama olana\u011f\u0131 sa\u011flayan basit bir kullan\u0131m sunarak her d\u00f6n\u00fc\u015fte taze lezzetler yaratmalar\u0131na imkan tan\u0131yor. \u00dcr\u00fcn, \u015feffaf tasar\u0131m\u0131 sayesinde i\u00e7eri\u011fini g\u00f6rmeyi m\u00fcmk\u00fcn k\u0131l\u0131yor ve bu da herhangi bir mutfak tezgah\u0131na veya yemek alan\u0131na \u00e7a\u011fda\u015f ve profesyonel bir g\u00f6r\u00fcn\u00fcm kazand\u0131r\u0131yor.<\/p>\n<h2>\u00dcr\u00fcn \u00d6zellikleri<\/h2>\n<p><strong>Hassas Ta\u015flama Makinesi \u00dcst\u00fc<\/strong><\/p>\n<p>Karabiber \u00f6\u011f\u00fctme miktar\u0131n\u0131 hemen ayarlay\u0131n; un, tuz veya otlar i\u00e7in her t\u00fcrl\u00fc yemek an\u0131nda m\u00fckemmeldir.<\/p>\n<p><strong>Ayarlanabilir \u00d6\u011f\u00fctme<\/strong><\/p>\n<p>Sadece d\u00fc\u011fmeyi \u00e7evirerek \u00f6\u011f\u00fctme par\u00e7alar\u0131 aras\u0131ndaki mesafeyi ayarlayabilir, baharatlar\u0131 ince veya iri \u00f6\u011f\u00fctebilir, b\u00f6ylece farkl\u0131 pi\u015firme y\u00f6ntemleri i\u00e7in tam gereksinimleri sa\u011flayabilirsiniz.<\/p>\n<p><strong>Kolay Temizlenir<\/strong><\/p>\n<p>\u015e\u0131k ve p\u00fcr\u00fczs\u00fcz cam k\u0131sm\u0131n y\u0131kanmas\u0131 \u00e7ok kolayd\u0131r. \u00c7\u0131kar\u0131labilir \u00f6\u011f\u00fct\u00fcc\u00fc par\u00e7alar, iyice temizlenmesini ve hijyeninin korunmas\u0131n\u0131 kolayla\u015ft\u0131r\u0131r.<\/p>\n<h2>Temel \u00d6zellikler<\/h2>\n<table style=\"border-collapse: collapse; width: 80%; margin-left: auto; margin-right: auto;\" border=\"0\" width=\"144\" cellspacing=\"0\" cellpadding=\"0\">\n<tbody>\n<tr style=\"height: 13.50pt;\">\n<td style=\"height: 13.5pt; width: 54pt; text-align: center;\" width=\"72\" height=\"18\">\u00d6zellik<\/td>\n<td style=\"width: 54pt; text-align: center;\" width=\"72\">\u015eartname<\/td>\n<\/tr>\n<tr style=\"height: 13.50pt;\">\n<td style=\"height: 13.5pt; text-align: center;\" height=\"18\">Kapasite<\/td>\n<td style=\"text-align: center;\">200 ml<\/td>\n<\/tr>\n<tr style=\"height: 13.50pt;\">\n<td style=\"height: 13.5pt; text-align: center;\" height=\"18\">Boyut (cm)<\/td>\n<td style=\"text-align: center;\">6.6&#215;18.9<\/td>\n<\/tr>\n<tr style=\"height: 13.50pt;\">\n<td style=\"height: 13.5pt; text-align: center;\" height=\"18\">Aksesuar<\/td>\n<td style=\"text-align: center;\">\u00d6\u011f\u00fct\u00fcc\u00fc<\/td>\n<\/tr>\n<tr style=\"height: 13.50pt;\">\n<td style=\"height: 13.5pt; text-align: center;\" height=\"18\">Renk<\/td>\n<td style=\"text-align: center;\">Temizle, \u00d6zel<\/td>\n<\/tr>\n<\/tbody>\n<\/table>\n<h2>Ba\u015far\u0131\u200b\u200d\u200b\u200c\u200d\u200b\u200d\u200c\u200b\u200d\u200b\u200c\u200d\u200b\u200d\u200c Vaka<\/h2>\n<p>Alman \u00e7ok i\u015flevli restoran zinciri, bu restoranlardan biri olarak, \u015f\u0131k sofra tak\u0131mlar\u0131na uyacak \u015fekilde \u00f6zelle\u015ftirilmi\u015f bir sos kavanozu seti istedi. \u015e\u0131k ve \u00e7a\u011fda\u015f bir g\u00f6r\u00fcn\u00fcm kazand\u0131rmak i\u00e7in paslanmaz \u00e7elikten yap\u0131lm\u0131\u015f \u00f6\u011f\u00fctme kapakl\u0131 so\u011futucu sos kavanozlar\u0131m\u0131z\u0131 tercih ettiler ve hem kaba hem de ince \u00f6\u011f\u00fctme i\u00e7in \u00f6zelle\u015ftirilmi\u015f bir \u00f6\u011f\u00fctme mekanizmas\u0131 talep ettiler.<\/p>\n<p>Sonu\u00e7 olarak, konuklar sos kavanozlar\u0131n\u0131n temiz tasar\u0131m\u0131n\u0131 ve sorunsuz kullan\u0131c\u0131 deneyimini \u00f6vg\u00fcyle kar\u015f\u0131lad\u0131lar, bu sayede yemek deneyimleri daha da keyifli hale geldi.<\/p>\n<h2>\u00d6zelle\u015ftirme K\u0131lavuzunuz<\/h2>\n<ol>\n<li><strong>\u015eekiller ve Tasar\u0131mlar:<\/strong> Kuru baharat \u00f6\u011f\u00fct\u00fcc\u00fcn\u00fcn \u015feklini ve tasar\u0131m\u0131n\u0131 de\u011fi\u015ftirerek, ki\u015fili\u011finizi yans\u0131tabilece\u011finiz gibi, yuvarlak, kare veya konik \u015fekil gibi mutfa\u011f\u0131n\u0131z\u0131n dekorasyon stilini de yans\u0131tabilirsiniz.<\/li>\n<li><strong>Desenler ve Renkler:<\/strong> Be\u011fendi\u011finiz bir markay\u0131, deseni, metni veya rengi kullan\u0131n ve onu benzersiz ve daha tan\u0131mlanabilir bir \u00fcr\u00fcn haline getirmek i\u00e7in bir \u00f6\u011f\u00fct\u00fcc\u00fcye koyun.<\/li>\n<\/ol>","protected":false},"excerpt":{"rendered":"<p>Paslanmaz \u00e7elik kuru baharat \u00f6\u011f\u00fct\u00fcc\u00fc \u00fcstleri olan birinci s\u0131n\u0131f cam baharat kab\u0131. Modern mutfaklarda tuz, biber veya baharat depolamak i\u00e7in m\u00fckemmel bo\u015f baharat kavanozlar\u0131.<\/p>","protected":false},"featured_media":23538,"template":"","meta":[],"product_brand":[],"product_cat":[122,124,128],"product_tag":[],"class_list":{"0":"post-23525","1":"product","2":"type-product","3":"status-publish","4":"has-post-thumbnail","6":"product_cat-custom-glass-packaging","7":"product_cat-custom-glass-jars","8":"product_cat-spice-jars","10":"first","11":"instock","12":"shipping-taxable","13":"product-type-simple"},"jetpack_sharing_enabled":true,"_links":{"self":[{"href":"https:\/\/yebodaglass.com\/tr\/wp-json\/wp\/v2\/product\/23525","targetHints":{"allow":["GET"]}}],"collection":[{"href":"https:\/\/yebodaglass.com\/tr\/wp-json\/wp\/v2\/product"}],"about":[{"href":"https:\/\/yebodaglass.com\/tr\/wp-json\/wp\/v2\/types\/product"}],"version-history":[{"count":5,"href":"https:\/\/yebodaglass.com\/tr\/wp-json\/wp\/v2\/product\/23525\/revisions"}],"predecessor-version":[{"id":25757,"href":"https:\/\/yebodaglass.com\/tr\/wp-json\/wp\/v2\/product\/23525\/revisions\/25757"}],"wp:featuredmedia":[{"embeddable":true,"href":"https:\/\/yebodaglass.com\/tr\/wp-json\/wp\/v2\/media\/23538"}],"wp:attachment":[{"href":"https:\/\/yebodaglass.com\/tr\/wp-json\/wp\/v2\/media?parent=23525"}],"wp:term":[{"taxonomy":"product_brand","embeddable":true,"href":"https:\/\/yebodaglass.com\/tr\/wp-json\/wp\/v2\/product_brand?post=23525"},{"taxonomy":"product_cat","embeddable":true,"href":"https:\/\/yebodaglass.com\/tr\/wp-json\/wp\/v2\/product_cat?post=23525"},{"taxonomy":"product_tag","embeddable":true,"href":"https:\/\/yebodaglass.com\/tr\/wp-json\/wp\/v2\/product_tag?post=23525"}],"curies":[{"name":"wp","href":"https:\/\/api.w.org\/{rel}","templated":true}]}}