{"id":23513,"date":"2025-11-10T14:28:42","date_gmt":"2025-11-10T06:28:42","guid":{"rendered":"https:\/\/yebodaglass.com\/?post_type=product&#038;p=23513"},"modified":"2026-04-10T10:59:00","modified_gmt":"2026-04-10T02:59:00","slug":"6oz-empty-jars-for-spices-with-grinder-lid-wholesale","status":"publish","type":"product","link":"https:\/\/yebodaglass.com\/tr\/6oz-empty-jars-for-spices-with-grinder-lid-wholesale\/","title":{"rendered":"\u00d6\u011f\u00fct\u00fcc\u00fc Kapakl\u0131 6oz Bo\u015f Baharat Kavanozlar\u0131 Toptan Sat\u0131\u015f"},"content":{"rendered":"<p>Bu bo\u015f baharat kavanozlar\u0131, konik cam g\u00f6vdeye ve parlak renkli \u00f6\u011f\u00fct\u00fcc\u00fclere sahip olup, \u00f6\u011f\u00fctmeyi kolayla\u015ft\u0131r\u0131r. Kavanozlar\u0131n paslanmaz \u00e7elikten yap\u0131lm\u0131\u015f dekoratif halkalar\u0131, istenilen \u00f6\u011f\u00fctme inceli\u011fine g\u00f6re ayarlanabilir.<\/p>\n<h2>\u00dcr\u00fcn \u00d6zellikleri<\/h2>\n<ul>\n<li><strong>Yepyeni tasar\u0131m:<\/strong> An\u0131nda kullan\u0131m i\u00e7in elle ayarlanabilen incelik \u00f6zelli\u011fine sahip, dahili y\u00fcksek sertlikte bir ta\u015flama \u00e7ekirde\u011fi i\u00e7erir.<\/li>\n<li><strong>Kapak i\u00e7in birden fazla renk se\u00e7ene\u011fi:<\/strong> Kapak, k\u0131rm\u0131z\u0131, ye\u015fil, siyah ve di\u011fer renklerde mevcut oldu\u011fundan birden fazla renk se\u00e7ene\u011fi sunar; ayr\u0131ca kaymaz bir tutu\u015f sa\u011flar ve farkl\u0131 kokular\u0131 birbirinden ay\u0131r\u0131r.<\/li>\n<li><strong>Paslanmaz \u00e7elik dekoratif y\u00fcz\u00fck tasar\u0131m\u0131:<\/strong> \u015ei\u015fenin \u00fczerinde, g\u00f6rsel \u00e7ekicili\u011fini ve genel de\u011ferini art\u0131ran, ayn\u0131 zamanda ek yap\u0131sal destek sa\u011flayan dekoratif bir paslanmaz \u00e7elik halka bulunmaktad\u0131r.<\/li>\n<\/ul>\n<h2>Temel \u00d6zellikler<\/h2>\n<table style=\"border-collapse: collapse; width: 80%; margin-left: auto; margin-right: auto;\" border=\"0\" width=\"144\" cellspacing=\"0\" cellpadding=\"0\">\n<tbody>\n<tr style=\"height: 13.50pt;\">\n<td style=\"height: 13.5pt; width: 54pt; text-align: center;\" width=\"72\" height=\"18\">\u00d6zellik<\/td>\n<td style=\"width: 54pt; text-align: center;\" width=\"72\">\u015eartname<\/td>\n<\/tr>\n<tr style=\"height: 13.50pt;\">\n<td style=\"height: 13.5pt; text-align: center;\" height=\"18\">Kapasite<\/td>\n<td style=\"text-align: center;\">180 ml\/6 oz<\/td>\n<\/tr>\n<tr style=\"height: 13.50pt;\">\n<td style=\"height: 13.5pt; text-align: center;\" height=\"18\">Boyut (cm)<\/td>\n<td style=\"text-align: center;\">6,4 x 13<\/td>\n<\/tr>\n<tr style=\"height: 13.50pt;\">\n<td style=\"height: 13.5pt; text-align: center;\" height=\"18\">Aksesuar<\/td>\n<td style=\"text-align: center;\">\u00d6\u011f\u00fct\u00fcc\u00fc<\/td>\n<\/tr>\n<tr style=\"height: 13.50pt;\">\n<td style=\"height: 13.5pt; text-align: center;\" height=\"18\">Renk<\/td>\n<td style=\"text-align: center;\">Temizle, \u00d6zelle\u015ftirmeyi kabul et<\/td>\n<\/tr>\n<tr style=\"height: 13.50pt;\">\n<td style=\"height: 13.5pt; text-align: center;\" height=\"18\">Kullan\u0131m<\/td>\n<td style=\"text-align: center;\">Karabiber,Kaba tuz,Kimyon<\/td>\n<\/tr>\n<\/tbody>\n<\/table>\n<h2>Ba\u015far\u0131 \u00d6yk\u00fcs\u00fc: Avrupa G\u0131da Perakendecisi \u00d6zel Markal\u0131 \u00dcr\u00fcn<\/h2>\n<p>Avrupa&#039;daki l\u00fcks g\u0131da ma\u011fazalar\u0131ndan biri, baharatlar\u0131n\u0131 saklamak i\u00e7in baharat \u00f6\u011f\u00fct\u00fcc\u00fcm\u00fcz\u00fc kullanmay\u0131 tercih etti, ancak \u00f6\u011f\u00fct\u00fcc\u00fcy\u00fc bak\u0131r renkli s\u00fcs halkas\u0131yla s\u00fcslediler ve \u00f6\u011f\u00fct\u00fcc\u00fcn\u00fcn kapa\u011f\u0131na bir logo kabartmas\u0131 yapt\u0131rd\u0131lar. \u015eeffaf cam kavanozlar, al\u0131c\u0131lar\u0131n \u00fcr\u00fcn\u00fcn kalitesini fiziksel olarak g\u00f6zlemleyebilmesi sayesinde daha pahal\u0131 baharatlar\u0131n sat\u0131\u015flar\u0131n\u0131 oran\u0131nda art\u0131rd\u0131. \u00d6\u011f\u00fct\u00fcc\u00fc kullan\u0131larak yap\u0131lan \u00f6\u011f\u00fctme inceli\u011fi ayar\u0131 her zaman tutarl\u0131yd\u0131 ve m\u00fc\u015fteri memnuniyeti y\u00fczdesi oldu. Perakendeci \u00fcr\u00fcnden o kadar memnun kald\u0131 ki, kendi baharat markalar\u0131n\u0131 15 \u00fclkede stoklamak i\u00e7in 500.000 adetlik bir sipari\u015f daha verdi.<\/p>\n<h2>Baharatlar \u0130\u00e7in Bo\u015f Kavanozlar \u0130\u00e7in \u00d6zelle\u015ftirme \u00d6nerileri<\/h2>\n<ol>\n<li><strong>Ta\u015flama\u200b\u200d\u200b\u200c\u200d\u200b\u200d\u200c\u200b\u200d\u200b\u200c\u200d\u200b\u200d\u200c\u200d\u200b\u200d\u200c\u200d\u200b\u200d\u200c\u200d\u200b\u200d\u200c\u200d\u200b\u200d\u200c Bile\u015fen Malzemeleri:<\/strong> \u00d6\u011f\u00fctece\u011finiz baharat\u0131n niteli\u011fine g\u00f6re \u00f6\u011f\u00fctme par\u00e7alar\u0131 i\u00e7in al\u00fcminyum seramik veya paslanmaz \u00e7elik se\u00e7in.<\/li>\n<li><strong>Tasar\u0131mlar ve Renkler:<\/strong> \u00dcr\u00fcn\u00fcn\u00fcz\u00fcn benzersiz bir g\u00f6r\u00fcn\u00fcme kavu\u015fmas\u0131 i\u00e7in logolar, desenler veya renkler kullan\u0131n.<\/li>\n<li><strong>Boyut De\u011fi\u015fikli\u011fi:<\/strong> Baharat \u00f6\u011f\u00fct\u00fcc\u00fcn\u00fcn boyutunu mutfa\u011f\u0131n\u0131za uyacak \u015fekilde veya kullan\u0131m miktar\u0131yla orant\u0131l\u0131 olacak \u015fekilde de\u011fi\u015ftirin.<\/li>\n<\/ol>","protected":false},"excerpt":{"rendered":"<p>Paslanmaz \u00e7elik yakal\u0131 ve manuel baharat \u00f6\u011f\u00fct\u00fcc\u00fcl\u00fc, birinci s\u0131n\u0131f bo\u015f baharat kavanozlar\u0131. Mutfak baharatlar\u0131n\u0131 saklamak i\u00e7in idealdir. H\u0131zl\u0131 kargo se\u00e7ene\u011fi mevcuttur.<\/p>","protected":false},"featured_media":23514,"template":"","meta":[],"product_brand":[],"product_cat":[128,124,122],"product_tag":[],"class_list":{"0":"post-23513","1":"product","2":"type-product","3":"status-publish","4":"has-post-thumbnail","6":"product_cat-spice-jars","7":"product_cat-custom-glass-jars","8":"product_cat-custom-glass-packaging","10":"first","11":"instock","12":"shipping-taxable","13":"product-type-simple"},"jetpack_sharing_enabled":true,"_links":{"self":[{"href":"https:\/\/yebodaglass.com\/tr\/wp-json\/wp\/v2\/product\/23513","targetHints":{"allow":["GET"]}}],"collection":[{"href":"https:\/\/yebodaglass.com\/tr\/wp-json\/wp\/v2\/product"}],"about":[{"href":"https:\/\/yebodaglass.com\/tr\/wp-json\/wp\/v2\/types\/product"}],"version-history":[{"count":5,"href":"https:\/\/yebodaglass.com\/tr\/wp-json\/wp\/v2\/product\/23513\/revisions"}],"predecessor-version":[{"id":25721,"href":"https:\/\/yebodaglass.com\/tr\/wp-json\/wp\/v2\/product\/23513\/revisions\/25721"}],"wp:featuredmedia":[{"embeddable":true,"href":"https:\/\/yebodaglass.com\/tr\/wp-json\/wp\/v2\/media\/23514"}],"wp:attachment":[{"href":"https:\/\/yebodaglass.com\/tr\/wp-json\/wp\/v2\/media?parent=23513"}],"wp:term":[{"taxonomy":"product_brand","embeddable":true,"href":"https:\/\/yebodaglass.com\/tr\/wp-json\/wp\/v2\/product_brand?post=23513"},{"taxonomy":"product_cat","embeddable":true,"href":"https:\/\/yebodaglass.com\/tr\/wp-json\/wp\/v2\/product_cat?post=23513"},{"taxonomy":"product_tag","embeddable":true,"href":"https:\/\/yebodaglass.com\/tr\/wp-json\/wp\/v2\/product_tag?post=23513"}],"curies":[{"name":"wp","href":"https:\/\/api.w.org\/{rel}","templated":true}]}}