{"id":23480,"date":"2025-11-10T11:44:01","date_gmt":"2025-11-10T03:44:01","guid":{"rendered":"https:\/\/yebodaglass.com\/?post_type=product&#038;p=23480"},"modified":"2026-03-24T15:23:54","modified_gmt":"2026-03-24T07:23:54","slug":"custom-empty-measured-tomato-sauce-bottles-with-pump-bulk","status":"publish","type":"product","link":"https:\/\/yebodaglass.com\/tr\/custom-empty-measured-tomato-sauce-bottles-with-pump-bulk\/","title":{"rendered":"300 ml 500 ml Bo\u015f \u00d6l\u00e7\u00fcl\u00fc Domates Sosu \u015ei\u015feleri Pompal\u0131 Toplu"},"content":{"rendered":"<p>Bunlar, p\u00fcr\u00fczs\u00fcz, g\u00fcm\u00fc\u015f-siyah bir pompa ba\u015fl\u0131\u011f\u0131na ve \u015feffaf camdan yap\u0131lm\u0131\u015f \u00f6l\u00e7\u00fc \u00e7izgilerine sahip, silindirik ve p\u00fcr\u00fczs\u00fcz g\u00f6vdeli bir domates sosu \u015fi\u015fesidir. \u0130htiyaca g\u00f6re iki boyutta mevcuttur.<\/p>\n<h2>\u00dcr\u00fcn \u00d6zellikleri<\/h2>\n<ul>\n<li><strong>Tek par\u00e7a pompa da\u011f\u0131t\u0131c\u0131:<\/strong> Bu model, tek dokunu\u015fla \u00e7al\u0131\u015fan pompa ba\u015fl\u0131\u011f\u0131 sayesinde d\u00f6k\u00fclmeleri veya kirlenmeyi \u00f6nleyerek koyu k\u0131vaml\u0131 soslar\u0131n kolayca da\u011f\u0131t\u0131lmas\u0131n\u0131 sa\u011flayan bir \u00f6zelli\u011fe sahiptir.<\/li>\n<li><strong>Net mezuniyet \u00e7izgileri:<\/strong> Cam \u015fi\u015fenin \u00fczerinde \u00f6l\u00e7\u00fc \u00e7izgileri bas\u0131l\u0131 oldu\u011fundan, soslar\u0131n kalan seviyesini takip etmek ve stok y\u00f6netimini iyile\u015ftirmek kolayla\u015f\u0131yor.<\/li>\n<li><strong>\u015eeffaf cam \u015fi\u015fe:<\/strong> \u015ei\u015fe, \u00fcr\u00fcn\u00fcn sergilenmesi i\u00e7in asidik soslara ve lekelere kar\u015f\u0131 dayan\u0131kl\u0131, y\u00fcksek kaliteli \u015feffaf camdan yap\u0131lm\u0131\u015ft\u0131r.<\/li>\n<\/ul>\n<h2 style=\"text-align: left;\">Temel \u00d6zellikler<\/h2>\n<table class=\"aligncenter\" style=\"border-collapse: collapse; width: 480.77pt;\" border=\"0\" width=\"641\" cellspacing=\"0\" cellpadding=\"0\">\n<tbody>\n<tr style=\"height: 13.50pt;\">\n<td style=\"height: 13.50pt; width: 126.75pt;\" width=\"169\" height=\"18\">\u00d6zellik<\/td>\n<td style=\"width: 354.00pt;\" width=\"472\">\u015eartname<\/td>\n<\/tr>\n<tr style=\"height: 13.50pt;\">\n<td style=\"height: 13.50pt;\" height=\"18\">Kapasiteler<\/td>\n<td>300 ml (10 oz) \/ 500 ml (16 oz)<\/td>\n<\/tr>\n<tr style=\"height: 13.50pt;\">\n<td style=\"height: 13.50pt;\" height=\"18\">Boyutlar (D\u00d7Y)<\/td>\n<td>6\u00d721 cm \/ 6,5\u00d725 cm<\/td>\n<\/tr>\n<tr style=\"height: 13.50pt;\">\n<td style=\"height: 13.50pt;\" height=\"18\">\u015eekil<\/td>\n<td>Kal\u0131planm\u0131\u015f hacim i\u015faretlerine sahip d\u00fcz duvarl\u0131 stout \u015fi\u015fesi<\/td>\n<\/tr>\n<tr style=\"height: 13.50pt;\">\n<td style=\"height: 13.50pt;\" height=\"18\">Malzeme<\/td>\n<td>Y\u00fcksek borosilikat cam<\/td>\n<\/tr>\n<tr style=\"height: 13.50pt;\">\n<td style=\"height: 13.50pt;\" height=\"18\">Kapatma Dahil<\/td>\n<td>G\u00fcm\u00fc\u015f pres pompas\u0131 (\u00f6zelle\u015ftirilebilir)<\/td>\n<\/tr>\n<tr style=\"height: 13.50pt;\">\n<td style=\"height: 13.50pt;\" height=\"18\">En \u0130yisi \u0130\u00e7in<\/td>\n<td>Domates sosu, ac\u0131 sos, biber sosu<\/td>\n<\/tr>\n<tr style=\"height: 13.50pt;\">\n<td style=\"height: 13.50pt;\" height=\"18\">\u0130deal Kullan\u0131m<\/td>\n<td>Domates sosu \u015fi\u015fesi, bo\u015f sos \u015fi\u015feleri<\/td>\n<\/tr>\n<\/tbody>\n<\/table>\n<h2>Ba\u015far\u0131 \u00d6yk\u00fcs\u00fc: G\u0131da Hizmetleri \u00dcr\u00fcn Hatt\u0131 - Teksas Barbek\u00fc Sosu Markas\u0131<\/h2>\n<p>Bir barbek\u00fc sosu markas\u0131, UV kaplamal\u0131 cam ve her seferinde 0,5 ons (yakla\u015f\u0131k 140 ml) sos veren \u00f6zel bir pompaya sahip, 453 ml&#039;lik (16 ons) sos \u015fi\u015femizi ve \u00fczerine marka logosunun bas\u0131ld\u0131\u011f\u0131 \u015fi\u015femizi tercih etti. Pompan\u0131n mutfak at\u0131klar\u0131n\u0131 oran\u0131nda azaltt\u0131\u011f\u0131, UV kaplaman\u0131n sosun raflarda solmas\u0131n\u0131 \u00f6nledi\u011fi ve iadeleri oran\u0131nda d\u00fc\u015f\u00fcrd\u00fc\u011f\u00fc tahmin ediliyor. Bu marka \u00e7ok ba\u015far\u0131l\u0131 oldu ve daha sonra perakende \u00fcr\u00fcn yelpazesine y\u00fcksek standarttaki hardal ve biftek sosundan 520.000 \u015fi\u015fe daha sipari\u015f verdi.<\/p>\n<h2>Sos \u015ei\u015felerini \u00d6zelle\u015ftirmeye Y\u00f6nelik \u00d6neriler<\/h2>\n<ul>\n<li><strong>Serigrafi Bask\u0131l\u0131 Markalama:<\/strong> Restoran\u0131n\u0131z\u0131n ad\u0131n\u0131 veya logosunu \u00f6l\u00e7\u00fcm \u00f6l\u00e7e\u011finin alt\u0131na belirgin bir \u015fekilde yerle\u015ftirin.<\/li>\n<li><strong>Vitray Se\u00e7ene\u011fi:<\/strong> I\u015f\u0131\u011fa duyarl\u0131 ya\u011flar\u0131 veya sirkeli \u00fcr\u00fcnleri kehribar renkli bir cam kapta saklay\u0131n.<\/li>\n<li><strong>Dokulu Taban Tasar\u0131m\u0131:<\/strong> \u015ei\u015fenin taban\u0131n\u0131n kaymayan bir y\u00fczeye sahip olmas\u0131na dikkat edin, b\u00f6ylece kalabal\u0131k masalarda dengesiz durmaz.<\/li>\n<li><strong>\u00d6zelle\u015ftirilmi\u015f Kapak Contas\u0131:<\/strong> Ba\u015flang\u0131\u00e7ta, g\u0131da hizmeti veren i\u015fletmeler i\u00e7in \u015fi\u015feleme d\u00fczene\u011fi, kurcalamaya kar\u015f\u0131 dayan\u0131kl\u0131 bir m\u00fch\u00fcrle donat\u0131l\u0131yor.<\/li>\n<\/ul>","protected":false},"excerpt":{"rendered":"<p>\u00d6l\u00e7\u00fcl\u00fc i\u015faretlere ve pratik pompaya sahip \u015feffaf sos \u015fi\u015fesi. Hassas porsiyon kontrol\u00fc i\u00e7in ideal domates sosu \u015fi\u015fesi - h\u0131zl\u0131 teslimatla toplu tedarik.<\/p>","protected":false},"featured_media":23512,"template":"","meta":[],"product_brand":[],"product_cat":[129,123,122],"product_tag":[],"class_list":{"0":"post-23480","1":"product","2":"type-product","3":"status-publish","4":"has-post-thumbnail","6":"product_cat-hot-sauce-bottles","7":"product_cat-custom-glass-bottles","8":"product_cat-custom-glass-packaging","10":"first","11":"instock","12":"shipping-taxable","13":"product-type-simple"},"jetpack_sharing_enabled":true,"_links":{"self":[{"href":"https:\/\/yebodaglass.com\/tr\/wp-json\/wp\/v2\/product\/23480","targetHints":{"allow":["GET"]}}],"collection":[{"href":"https:\/\/yebodaglass.com\/tr\/wp-json\/wp\/v2\/product"}],"about":[{"href":"https:\/\/yebodaglass.com\/tr\/wp-json\/wp\/v2\/types\/product"}],"version-history":[{"count":5,"href":"https:\/\/yebodaglass.com\/tr\/wp-json\/wp\/v2\/product\/23480\/revisions"}],"predecessor-version":[{"id":25589,"href":"https:\/\/yebodaglass.com\/tr\/wp-json\/wp\/v2\/product\/23480\/revisions\/25589"}],"wp:featuredmedia":[{"embeddable":true,"href":"https:\/\/yebodaglass.com\/tr\/wp-json\/wp\/v2\/media\/23512"}],"wp:attachment":[{"href":"https:\/\/yebodaglass.com\/tr\/wp-json\/wp\/v2\/media?parent=23480"}],"wp:term":[{"taxonomy":"product_brand","embeddable":true,"href":"https:\/\/yebodaglass.com\/tr\/wp-json\/wp\/v2\/product_brand?post=23480"},{"taxonomy":"product_cat","embeddable":true,"href":"https:\/\/yebodaglass.com\/tr\/wp-json\/wp\/v2\/product_cat?post=23480"},{"taxonomy":"product_tag","embeddable":true,"href":"https:\/\/yebodaglass.com\/tr\/wp-json\/wp\/v2\/product_tag?post=23480"}],"curies":[{"name":"wp","href":"https:\/\/api.w.org\/{rel}","templated":true}]}}