{"id":23424,"date":"2025-11-10T08:59:20","date_gmt":"2025-11-10T00:59:20","guid":{"rendered":"https:\/\/yebodaglass.com\/?post_type=product&#038;p=23424"},"modified":"2026-04-10T15:22:20","modified_gmt":"2026-04-10T07:22:20","slug":"bulk-clear-empty-soy-sauce-bottles-with-press-pump","status":"publish","type":"product","link":"https:\/\/yebodaglass.com\/tr\/bulk-clear-empty-soy-sauce-bottles-with-press-pump\/","title":{"rendered":"Toplu \u015eeffaf Bo\u015f Soya Sosu \u015ei\u015feleri Pres Pompal\u0131 200ml 300ml 500ml"},"content":{"rendered":"<p>Bu soya sosu \u015fi\u015feleri, hassas \u00f6l\u00e7\u00fcm noktalar\u0131n\u0131 g\u00f6steren net da\u011f\u0131t\u0131m g\u00f6stergeleri i\u00e7eren d\u00fcz silindirik bir tasar\u0131ma sahiptir. Kapaklar\u0131nda paslanmaz \u00e7elik ve plastik pompa ba\u015fl\u0131klar\u0131 bulunur.<\/p>\n<h2>\u00dcr\u00fcn \u00d6zellikleri<\/h2>\n<ul>\n<li><strong>Pompa Da\u011f\u0131t\u0131c\u0131 Tasar\u0131m\u0131:<\/strong> Kullan\u0131c\u0131, siyah pompal\u0131 da\u011f\u0131t\u0131c\u0131 yard\u0131m\u0131yla ac\u0131 sosun miktar\u0131n\u0131 israf etmeden \u00e7ok hassas ve kolay bir \u015fekilde kontrol edebiliyor.<\/li>\n<li><strong>\u015eeffaf Dereceli \u015ei\u015fe:<\/strong> \u015ei\u015fenin \u015feffaf, dereceli k\u0131sm\u0131 ne kadar kullan\u0131ld\u0131\u011f\u0131n\u0131 veya ne kadar kald\u0131\u011f\u0131n\u0131 g\u00f6rmeyi \u00e7ok kolayla\u015ft\u0131r\u0131r ve \u00e7ok hassas \u00f6l\u00e7\u00fcm yap\u0131lmas\u0131na olanak tan\u0131r.<\/li>\n<li><strong>Birden Fazla Boyut Mevcuttur:<\/strong> Ev ve restoran gibi farkl\u0131 mekanlarda kullan\u0131lmak \u00fczere, saklanan ve kullan\u0131lan ac\u0131 sos miktar\u0131na g\u00f6re \u00fc\u00e7 farkl\u0131 boyutta \u015fi\u015fe bulunmaktad\u0131r.<\/li>\n<\/ul>\n<h2 style=\"text-align: left;\">Temel \u00d6zellikler<\/h2>\n<table class=\"aligncenter\" style=\"border-collapse: collapse; width: 432.02pt;\" border=\"0\" width=\"576\" cellspacing=\"0\" cellpadding=\"0\">\n<tbody>\n<tr style=\"height: 13.50pt;\">\n<td style=\"height: 13.50pt; width: 105.00pt;\" width=\"140\" height=\"18\">\u00d6zellik<\/td>\n<td style=\"width: 327.00pt;\" width=\"436\">\u015eartname<\/td>\n<\/tr>\n<tr style=\"height: 13.50pt;\">\n<td style=\"height: 13.50pt;\" height=\"18\">Kapasiteler<\/td>\n<td>200 ml (7 oz) \/ 300 ml (10 oz) \/ 500 ml (16 oz)<\/td>\n<\/tr>\n<tr style=\"height: 13.50pt;\">\n<td style=\"height: 13.50pt;\" height=\"18\">Boyutlar (D\u00d7Y)<\/td>\n<td>5,5\u00d719,5 cm \/ 6\u00d723,5 cm \/ 6,5\u00d727,5 cm<\/td>\n<\/tr>\n<tr style=\"height: 13.50pt;\">\n<td style=\"height: 13.50pt;\" height=\"18\">\u015eekil<\/td>\n<td>Kal\u0131planm\u0131\u015f hacim i\u015faretlerine sahip d\u00fcz duvarl\u0131 stout \u015fi\u015fesi<\/td>\n<\/tr>\n<tr style=\"height: 13.50pt;\">\n<td style=\"height: 13.50pt;\" height=\"18\">Malzeme<\/td>\n<td>Y\u00fcksek borosilikat cam<\/td>\n<\/tr>\n<tr style=\"height: 13.50pt;\">\n<td style=\"height: 13.50pt;\" height=\"18\">Kapatma Dahil<\/td>\n<td>Siyah pres pompas\u0131 (metal detayl\u0131, s\u0131z\u0131nt\u0131ya dayan\u0131kl\u0131)<\/td>\n<\/tr>\n<tr style=\"height: 13.50pt;\">\n<td style=\"height: 13.50pt;\" height=\"18\">En \u0130yisi \u0130\u00e7in<\/td>\n<td>Ac\u0131 sos, soya sosu, salata sosu, \u00e7e\u015fniler<\/td>\n<\/tr>\n<tr style=\"height: 13.50pt;\">\n<td style=\"height: 13.50pt;\" height=\"18\">\u0130deal Kullan\u0131m<\/td>\n<td>Bo\u015f sos \u015fi\u015feleri, soya sosu \u015fi\u015fesi<\/td>\n<\/tr>\n<\/tbody>\n<\/table>\n<h2>Ba\u015far\u0131 \u00d6yk\u00fcs\u00fc: Louisiana Ac\u0131 Sos Markas\u0131ndan \u00d6zel Sipari\u015f<\/h2>\n<p>Louisiana merkezli bir butik ac\u0131 sos markas\u0131, 500 ml&#039;lik bo\u015f sos \u015fi\u015felerimizi se\u00e7erek, geni\u015fletilmi\u015f pompa ba\u015fl\u0131klar\u0131 ve ac\u0131l\u0131k g\u00f6stergeleriyle \u00f6zelle\u015ftirdi. \u00d6zelle\u015ftirilmi\u015f \u015fi\u015feler son derece etkili oldu; hassas pompa ba\u015fl\u0131klar\u0131 ve i\u015faretlemeler, t\u00fcketicilerin a\u015f\u0131r\u0131 kullan\u0131m\u0131 oran\u0131nda azaltmas\u0131na yard\u0131mc\u0131 oldu ve \u015fi\u015felerin dayan\u0131kl\u0131l\u0131\u011f\u0131, nakliye s\u0131ras\u0131nda %0,7&#039;den daha d\u00fc\u015f\u00fck bir k\u0131r\u0131lma oran\u0131yla sonu\u00e7land\u0131. \u015eirket, bu ilk sipari\u015fle ba\u015far\u0131l\u0131 bir i\u015f ili\u015fkisi kurdu ve bu da yeni tavuk kanad\u0131 sosu \u00fcr\u00fcnleri i\u00e7in 420.000 \u015fi\u015fe sipari\u015f etmelerine yol a\u00e7t\u0131.<\/p>\n<h2>Bo\u015f Sos \u015ei\u015feleri \u00d6zelle\u015ftirme \u00d6nerileri<\/h2>\n<ul>\n<li><strong>\u00d6zel \u00d6l\u00e7\u00fcm \u0130\u015faretleyicileri:<\/strong> Belirli tarifler veya porsiyon boyutlar\u0131 i\u00e7in kapasite i\u015faretlemeleri yapabilirsiniz.<\/li>\n<li><strong>Pompa Ba\u015fl\u0131\u011f\u0131 Renk Se\u00e7enekleri:<\/strong> Restoran\u0131n\u0131z\u0131n renk d\u00fczenine uygun farkl\u0131 renklerde pompa ba\u015fl\u0131klar\u0131 sa\u011flay\u0131n.<\/li>\n<li><strong>Kaymaz Taban:<\/strong> \u015ei\u015fenin taban\u0131na kaymay\u0131 \u00f6nleyici bir doku koyun, b\u00f6ylece masa doluyken bile par\u00e7alar\u0131n kaymas\u0131n\u0131 \u00f6nleyebilirsiniz.<\/li>\n<\/ul>","protected":false},"excerpt":{"rendered":"<p>\u00d6l\u00e7\u00fc g\u00f6stergeli ve basmal\u0131 kapakl\u0131 pratik soya sosu \u015fi\u015feleri, sos ve \u00e7e\u015fniler i\u00e7in m\u00fckemmel. \u00dccretsiz numunelerle toptan bo\u015f sos \u015fi\u015feleri.<\/p>","protected":false},"featured_media":23458,"template":"","meta":[],"product_brand":[],"product_cat":[129,123,122],"product_tag":[],"class_list":{"0":"post-23424","1":"product","2":"type-product","3":"status-publish","4":"has-post-thumbnail","6":"product_cat-hot-sauce-bottles","7":"product_cat-custom-glass-bottles","8":"product_cat-custom-glass-packaging","10":"first","11":"instock","12":"shipping-taxable","13":"product-type-simple"},"jetpack_sharing_enabled":true,"_links":{"self":[{"href":"https:\/\/yebodaglass.com\/tr\/wp-json\/wp\/v2\/product\/23424","targetHints":{"allow":["GET"]}}],"collection":[{"href":"https:\/\/yebodaglass.com\/tr\/wp-json\/wp\/v2\/product"}],"about":[{"href":"https:\/\/yebodaglass.com\/tr\/wp-json\/wp\/v2\/types\/product"}],"version-history":[{"count":5,"href":"https:\/\/yebodaglass.com\/tr\/wp-json\/wp\/v2\/product\/23424\/revisions"}],"predecessor-version":[{"id":25742,"href":"https:\/\/yebodaglass.com\/tr\/wp-json\/wp\/v2\/product\/23424\/revisions\/25742"}],"wp:featuredmedia":[{"embeddable":true,"href":"https:\/\/yebodaglass.com\/tr\/wp-json\/wp\/v2\/media\/23458"}],"wp:attachment":[{"href":"https:\/\/yebodaglass.com\/tr\/wp-json\/wp\/v2\/media?parent=23424"}],"wp:term":[{"taxonomy":"product_brand","embeddable":true,"href":"https:\/\/yebodaglass.com\/tr\/wp-json\/wp\/v2\/product_brand?post=23424"},{"taxonomy":"product_cat","embeddable":true,"href":"https:\/\/yebodaglass.com\/tr\/wp-json\/wp\/v2\/product_cat?post=23424"},{"taxonomy":"product_tag","embeddable":true,"href":"https:\/\/yebodaglass.com\/tr\/wp-json\/wp\/v2\/product_tag?post=23424"}],"curies":[{"name":"wp","href":"https:\/\/api.w.org\/{rel}","templated":true}]}}