{"id":23403,"date":"2025-11-07T16:21:21","date_gmt":"2025-11-07T08:21:21","guid":{"rendered":"https:\/\/yebodaglass.com\/?post_type=product&#038;p=23403"},"modified":"2025-11-07T17:21:01","modified_gmt":"2025-11-07T09:21:01","slug":"wholesale-clear-empty-bottles-for-hot-sauce-100ml-500ml","status":"publish","type":"product","link":"https:\/\/yebodaglass.com\/tr\/wholesale-clear-empty-bottles-for-hot-sauce-100ml-500ml\/","title":{"rendered":"Toptan \u015eeffaf Bo\u015f Ac\u0131 Sos \u015ei\u015feleri 100ml - 500ml"},"content":{"rendered":"<p>Bu bo\u015f ac\u0131 sos \u015fi\u015feleri, sosun rahat\u00e7a g\u00f6r\u00fclebilmesini sa\u011flayan \u015feffaf bir cam kaptad\u0131r. \u015e\u0131k ve konik bir tasar\u0131ma sahip olan \u015fi\u015feler, farkl\u0131 boyutlarda mevcuttur.<\/p>\n<h2>\u00dcr\u00fcn \u00d6zellikleri<\/h2>\n<ul>\n<li><strong>\u015eeffaf Cam Malzemesi:<\/strong> Kap, \u015feffaf bir camdan \u00fcretilmi\u015ftir, bu sayede kavanozda kalan ac\u0131 sosun rengi ve miktar\u0131 g\u00f6rsel olarak kolayca anla\u015f\u0131labilir, bu nedenle tan\u0131mlamak ve kontrol etmek \u00e7ok kullan\u0131\u015fl\u0131d\u0131r.<\/li>\n<li><strong>Belden Ba\u011flamal\u0131 \u015ei\u015fe Tasar\u0131m\u0131:<\/strong> Belden oturtulmu\u015f \u015fekilde tasarlanan \u015fi\u015fe, \u00fcr\u00fcn\u00fc g\u00fczelle\u015ftirmenin yan\u0131 s\u0131ra kolayca tan\u0131nmas\u0131n\u0131 da sa\u011flayan p\u00fcr\u00fczs\u00fcz ve \u00f6zg\u00fcn \u00e7izgilere sahip.<\/li>\n<li><strong>Farkl\u0131 Boyutlar Mevcuttur:<\/strong> Farkl\u0131 hacim gereksinimlerini kar\u015f\u0131lamak i\u00e7in farkl\u0131 boyutlarda mevcuttur ve d\u00fczenli aile kullan\u0131m\u0131, yemek servisi ve di\u011fer benzeri durumlar i\u00e7in iyi bir uyum sa\u011flar.<\/li>\n<\/ul>\n<h2 style=\"text-align: left;\">Temel \u00d6zellikler<\/h2>\n<table class=\"aligncenter\" style=\"border-collapse: collapse; width: 647.27pt;\" border=\"0\" width=\"863\" cellspacing=\"0\" cellpadding=\"0\">\n<tbody>\n<tr style=\"height: 13.50pt;\">\n<td style=\"height: 13.50pt; width: 127.50pt;\" width=\"170\" height=\"18\">\u00d6zellik<\/td>\n<td style=\"width: 519.75pt;\" width=\"693\">\u015eartname<\/td>\n<\/tr>\n<tr style=\"height: 13.50pt;\">\n<td style=\"height: 13.50pt;\" height=\"18\">Kapasiteler<\/td>\n<td>100ml \/ 180ml \/ 220ml \/ 350ml \/ 400ml \/ 500ml<\/td>\n<\/tr>\n<tr style=\"height: 13.50pt;\">\n<td style=\"height: 13.50pt;\" height=\"18\">Boyutlar (D\u00d7Y)<\/td>\n<td>4,2\u00d716,8 cm \/ 5,2\u00d719,3 cm \/ 5\u00d721,3 cm \/ 6,5\u00d723,5 cm \/ 7,2\u00d724 cm \/ 7,3\u00d725 cm<\/td>\n<\/tr>\n<tr style=\"height: 13.50pt;\">\n<td style=\"height: 13.50pt;\" height=\"18\">Malzeme<\/td>\n<td>\u015eeffaf cam stout, g\u0131da s\u0131n\u0131f\u0131, kur\u015funsuz<\/td>\n<\/tr>\n<tr style=\"height: 13.50pt;\">\n<td style=\"height: 13.50pt;\" height=\"18\">Kapatma Dahil<\/td>\n<td>Siyah vidal\u0131 kapakl\u0131 sos \u015fi\u015fesi (alt\u0131n, k\u0131rm\u0131z\u0131, sar\u0131 da mevcuttur)<\/td>\n<\/tr>\n<tr style=\"height: 13.50pt;\">\n<td style=\"height: 13.50pt;\" height=\"18\">\u0130deal Kullan\u0131m<\/td>\n<td>Bo\u015f ac\u0131 sos \u015fi\u015feleri, toplu ac\u0131 sos \u015fi\u015feleri<\/td>\n<\/tr>\n<\/tbody>\n<\/table>\n<h2>Ba\u015far\u0131 Hikayesi: \u00dcretim Hatt\u0131 Sorunlar\u0131n\u0131n \u00dcstesinden Gelin<\/h2>\n<p>Orta \u00f6l\u00e7ekli bir \u00e7e\u015fni \u015firketinin ambalaj kolu ambalaj\u0131 nedeniyle paketleme kapasitesi s\u0131n\u0131rl\u0131yd\u0131. Mevcut d\u00fcz \u015fi\u015felerinin dolum hatt\u0131nda kullan\u0131m\u0131 zordu ve bu da \u00fcretim h\u0131z\u0131nda yava\u015flamaya neden oldu. Ac\u0131 soslar i\u00e7in, makine dostu bir kavrama alan\u0131na sahip 350 ml&#039;lik kavisli bo\u015f \u015fi\u015felerimize ge\u00e7tiler. B\u00f6ylece dolum hatt\u0131 h\u0131z\u0131 art\u0131r\u0131ld\u0131 ve \u015fi\u015fe d\u00fc\u015fme oran\u0131 d\u00fc\u015f\u00fcr\u00fcld\u00fc. Geli\u015ftirilmi\u015f \u00fcr\u00fcn performans\u0131 sat\u0131\u015flar\u0131n ana itici g\u00fcc\u00fc haline geldi ve m\u00fc\u015fteri art arda \u00fc\u00e7 b\u00fcy\u00fck sipari\u015f verdi. Ayr\u0131ca, m\u00fc\u015fteri bir ad\u0131m daha ileri giderek en \u00e7ok satan aromalar\u0131ndan 500 ml daha ekleyerek envanterini \u00e7e\u015fitlendirdi.<\/p>\n<h2>Ac\u0131 Sos \u015ei\u015fesi \u00d6zelle\u015ftirme \u00d6nerileri<\/h2>\n<ul>\n<li><strong>\u00d6zel E\u011fri Derinli\u011fi:<\/strong> Daha belirgin veya daha az belirgin bir kavrama i\u00e7in bel olu\u011funun derinli\u011fini de\u011fi\u015ftirin.<\/li>\n<li><strong>Y\u00fckseltilmi\u015f Hacim \u0130\u015faretleri:<\/strong> \u015ei\u015fenin omuz k\u0131sm\u0131na hacim i\u015faretleri koyup, y\u00fckselterek yerle\u015ftirin.<\/li>\n<li><strong>Serigrafi Bask\u0131l\u0131 Markalama:<\/strong> Logonuzu do\u011frudan bask\u0131 yoluyla kavisli cam y\u00fczeye yerle\u015ftirin.<\/li>\n<li><strong>Vitray Se\u00e7enekleri:<\/strong> \u00dcr\u00fcn \u0131\u015f\u0131\u011fa duyarl\u0131 ise kehribar veya kobalt mavisi cam kullan\u0131labilir.<\/li>\n<\/ul>","protected":false},"excerpt":{"rendered":"<p>Alt\u0131n, k\u0131rm\u0131z\u0131 ve sar\u0131 kapakl\u0131 \u015f\u0131k bo\u015f ac\u0131 sos \u015fi\u015feleri. Markala\u015fma i\u00e7in ideal, y\u00fcksek kaliteli ac\u0131 sos \u015fi\u015fesi tasar\u0131mlar\u0131 - fabrika fiyat\u0131 ve h\u0131zl\u0131 kargo!<\/p>","protected":false},"featured_media":23412,"template":"","meta":[],"product_brand":[],"product_cat":[122,123,129],"product_tag":[],"class_list":{"0":"post-23403","1":"product","2":"type-product","3":"status-publish","4":"has-post-thumbnail","6":"product_cat-custom-glass-packaging","7":"product_cat-custom-glass-bottles","8":"product_cat-hot-sauce-bottles","10":"first","11":"instock","12":"shipping-taxable","13":"product-type-simple"},"jetpack_sharing_enabled":true,"_links":{"self":[{"href":"https:\/\/yebodaglass.com\/tr\/wp-json\/wp\/v2\/product\/23403","targetHints":{"allow":["GET"]}}],"collection":[{"href":"https:\/\/yebodaglass.com\/tr\/wp-json\/wp\/v2\/product"}],"about":[{"href":"https:\/\/yebodaglass.com\/tr\/wp-json\/wp\/v2\/types\/product"}],"version-history":[{"count":4,"href":"https:\/\/yebodaglass.com\/tr\/wp-json\/wp\/v2\/product\/23403\/revisions"}],"predecessor-version":[{"id":23420,"href":"https:\/\/yebodaglass.com\/tr\/wp-json\/wp\/v2\/product\/23403\/revisions\/23420"}],"wp:featuredmedia":[{"embeddable":true,"href":"https:\/\/yebodaglass.com\/tr\/wp-json\/wp\/v2\/media\/23412"}],"wp:attachment":[{"href":"https:\/\/yebodaglass.com\/tr\/wp-json\/wp\/v2\/media?parent=23403"}],"wp:term":[{"taxonomy":"product_brand","embeddable":true,"href":"https:\/\/yebodaglass.com\/tr\/wp-json\/wp\/v2\/product_brand?post=23403"},{"taxonomy":"product_cat","embeddable":true,"href":"https:\/\/yebodaglass.com\/tr\/wp-json\/wp\/v2\/product_cat?post=23403"},{"taxonomy":"product_tag","embeddable":true,"href":"https:\/\/yebodaglass.com\/tr\/wp-json\/wp\/v2\/product_tag?post=23403"}],"curies":[{"name":"wp","href":"https:\/\/api.w.org\/{rel}","templated":true}]}}