{"id":23399,"date":"2025-11-13T11:14:54","date_gmt":"2025-11-13T03:14:54","guid":{"rendered":"https:\/\/yebodaglass.com\/?post_type=product&#038;p=23399"},"modified":"2026-03-17T11:49:22","modified_gmt":"2026-03-17T03:49:22","slug":"clear-square-herb-jars-with-metal-lids-bulk","status":"publish","type":"product","link":"https:\/\/yebodaglass.com\/tr\/clear-square-herb-jars-with-metal-lids-bulk\/","title":{"rendered":"4 oz&#039;luk \u015eeffaf Kare Bitki Kavanozlar\u0131, Metal Kapakl\u0131, Toplu Sat\u0131\u015f"},"content":{"rendered":"<p>Bu bo\u015f bitki kavanozlar\u0131 klasik kare \u015feklindedir ve ultra \u015feffaf camdan \u00fcretilmi\u015ftir; renkli bitkilerinizi ve baharatlar\u0131n\u0131z\u0131 sergilemek i\u00e7in neredeyse m\u00fckemmel g\u00f6r\u00fcn\u00fcrler. Paslanmaz \u00e7elikten yap\u0131lm\u0131\u015f p\u00fcr\u00fczs\u00fcz kapaklar\u0131, da\u011f\u0131t\u0131m\u0131n kontrol edilebilir olmas\u0131n\u0131 sa\u011flar.<\/p>\n<h2>\u00dcr\u00fcn \u00d6zellikleri<\/h2>\n<ul>\n<li><strong>\u015eeffaf Kare Tasar\u0131m:<\/strong> Kare k\u00fcp \u015feklindeki taban, k\u00fcpe sa\u011flam bir temel sa\u011flayan, ayn\u0131 zamanda i\u00e7indekilerin kolayca g\u00f6r\u00fclebilmesini sa\u011flayan ve yerden tasarruf sa\u011flayan basit bir cam malzemeden yap\u0131lm\u0131\u015ft\u0131r.<\/li>\n<li><strong>Tek Par\u00e7a D\u00f6ner Kapak:<\/strong> G\u00fcm\u00fc\u015f renkli metal kapak, baharat ve otlar\u0131n da\u011f\u0131t\u0131m\u0131n\u0131 tamamen kontrol etmeyi ve d\u00f6k\u00fclmeleri \u00f6nlemeyi sa\u011flayan \u00e7ok say\u0131da k\u00fc\u00e7\u00fck delikle tasarlanm\u0131\u015ft\u0131r.<\/li>\n<li><strong>Ta\u015f\u0131mas\u0131 Kolay:<\/strong> Kavanozlar, kare \u015feklindeki kenarlar\u0131 ve d\u00fcz y\u00fczeyleri sayesinde raflara ve \u00e7ekmecelere kompakt bir \u015fekilde \u00fcst \u00fcste istiflenebilir.<\/li>\n<\/ul>\n<h2>Temel \u00d6zellikler<\/h2>\n<table style=\"border-collapse: collapse; width: 80%; margin-left: auto; margin-right: auto;\" border=\"0\" width=\"360\" cellspacing=\"0\" cellpadding=\"0\">\n<tbody>\n<tr style=\"height: 13.50pt;\">\n<td style=\"height: 13.5pt; width: 54pt; text-align: center;\" width=\"72\" height=\"18\">Kapasite<\/td>\n<td style=\"width: 54pt; text-align: center;\" width=\"72\">Boyut (cm)<\/td>\n<td style=\"width: 54pt; text-align: center;\" width=\"72\">\u015eekil<\/td>\n<td style=\"width: 54pt; text-align: center;\" width=\"72\">Renk Se\u00e7enekleri<\/td>\n<td style=\"width: 54pt; text-align: center;\" width=\"72\">Kapak Tipi<\/td>\n<\/tr>\n<tr style=\"height: 13.50pt;\">\n<td style=\"height: 13.5pt; text-align: center;\" height=\"18\">120 ml\/4 oz<\/td>\n<td style=\"text-align: center;\">4 x 9<\/td>\n<td style=\"text-align: center;\">Kare<\/td>\n<td style=\"text-align: center;\">Temizle, \u00d6zel<\/td>\n<td style=\"text-align: center;\">Paslanmaz \u00e7elik<\/td>\n<\/tr>\n<\/tbody>\n<\/table>\n<h2>Ba\u015far\u0131 \u00d6rne\u011fi: Orta Bat\u0131&#039;da Faaliyet G\u00f6steren Bir Catering Malzemeleri \u015eirketi \u0130\u00e7in Standartla\u015ft\u0131r\u0131lm\u0131\u015f Bir \u00c7\u00f6z\u00fcm<\/h2>\n<p>Orta Bat\u0131&#039;daki catering malzemeleri \u015firketlerinden biri, \u015feffaf kare baharat kavanozlar\u0131m\u0131z\u0131 se\u00e7ti ve bir taraf\u0131na serigrafi bask\u0131 y\u00f6ntemiyle \u00f6l\u00e7\u00fc \u00e7izgileri uygulad\u0131. Cam kavanozlar \u015feffaf olacak \u015fekilde tasarland\u0131, b\u00f6ylece mutfak personeli stoklar\u0131n azald\u0131\u011f\u0131n\u0131 kolayca fark edebiliyordu ve bu sayede stok t\u00fckenmeleri yar\u0131 yar\u0131ya azald\u0131. Bu baharat kavanozlar\u0131 500&#039;den fazla ticari bula\u015f\u0131k makinesinde y\u0131kand\u0131. Ba\u015far\u0131lar\u0131 nedeniyle, catering malzemeleri \u015firketi, \u00fclke genelindeki restoran zincirine hizmet vermek \u00fczere 750.000 adet daha baharat kavanozu sipari\u015fi verdi.<\/p>\n<h2>Bo\u015f baharat \u015fi\u015feleri ki\u015fiselle\u015ftirilebilir.<\/h2>\n<ol>\n<li><strong>Logo\u200b\u200d\u200b\u200c\u200d\u200b\u200d\u200c\u200b\u200d\u200b\u200c\u200d\u200b\u200d\u200c \u00d6zelle\u015ftirme:<\/strong>Marka tan\u0131n\u0131rl\u0131\u011f\u0131n\u0131 vurgulamak i\u00e7in \u015fi\u015fe g\u00f6vdesine veya kapa\u011f\u0131na logo bask\u0131s\u0131 veya grav\u00fcr\u00fc yap\u0131labilir.<\/li>\n<li><strong>Etiket ve Paketleme:<\/strong>Tutarl\u0131 bir perakende g\u00f6r\u00fcn\u00fcm\u00fc olu\u015fturmak i\u00e7in \u00f6zel etiketler, shrink wrap&#039;ler veya hediye kutular\u0131 olu\u015fturma.<\/li>\n<li><strong>\u00c7alkalay\u0131c\u0131 Ek Par\u00e7alar\u0131:<\/strong>\u00c7e\u015fitli toz veya gran\u00fcl kullan\u0131mlar\u0131 i\u00e7in iste\u011fe ba\u011fl\u0131 \u00e7alkalay\u0131c\u0131 veya elek kapaklar\u0131n\u0131 sunuyoruz.<\/li>\n<\/ol>","protected":false},"excerpt":{"rendered":"<p>Kare cam g\u00f6vdeli ve delikli \u00e7alkalama kapakl\u0131 birinci s\u0131n\u0131f baharat kavanozlar\u0131. Mutfak baharatlar\u0131 i\u00e7in ideal, \u015f\u0131k bo\u015f baharat \u015fi\u015feleri. H\u0131zl\u0131 teslimat i\u00e7in stokta mevcuttur.<\/p>","protected":false},"featured_media":23400,"template":"","meta":[],"product_brand":[],"product_cat":[122,124,128],"product_tag":[],"class_list":{"0":"post-23399","1":"product","2":"type-product","3":"status-publish","4":"has-post-thumbnail","6":"product_cat-custom-glass-packaging","7":"product_cat-custom-glass-jars","8":"product_cat-spice-jars","10":"first","11":"instock","12":"shipping-taxable","13":"product-type-simple"},"jetpack_sharing_enabled":true,"_links":{"self":[{"href":"https:\/\/yebodaglass.com\/tr\/wp-json\/wp\/v2\/product\/23399","targetHints":{"allow":["GET"]}}],"collection":[{"href":"https:\/\/yebodaglass.com\/tr\/wp-json\/wp\/v2\/product"}],"about":[{"href":"https:\/\/yebodaglass.com\/tr\/wp-json\/wp\/v2\/types\/product"}],"version-history":[{"count":5,"href":"https:\/\/yebodaglass.com\/tr\/wp-json\/wp\/v2\/product\/23399\/revisions"}],"predecessor-version":[{"id":25466,"href":"https:\/\/yebodaglass.com\/tr\/wp-json\/wp\/v2\/product\/23399\/revisions\/25466"}],"wp:featuredmedia":[{"embeddable":true,"href":"https:\/\/yebodaglass.com\/tr\/wp-json\/wp\/v2\/media\/23400"}],"wp:attachment":[{"href":"https:\/\/yebodaglass.com\/tr\/wp-json\/wp\/v2\/media?parent=23399"}],"wp:term":[{"taxonomy":"product_brand","embeddable":true,"href":"https:\/\/yebodaglass.com\/tr\/wp-json\/wp\/v2\/product_brand?post=23399"},{"taxonomy":"product_cat","embeddable":true,"href":"https:\/\/yebodaglass.com\/tr\/wp-json\/wp\/v2\/product_cat?post=23399"},{"taxonomy":"product_tag","embeddable":true,"href":"https:\/\/yebodaglass.com\/tr\/wp-json\/wp\/v2\/product_tag?post=23399"}],"curies":[{"name":"wp","href":"https:\/\/api.w.org\/{rel}","templated":true}]}}