{"id":23384,"date":"2025-11-07T17:11:18","date_gmt":"2025-11-07T09:11:18","guid":{"rendered":"https:\/\/yebodaglass.com\/?post_type=product&#038;p=23384"},"modified":"2026-03-19T10:59:11","modified_gmt":"2026-03-19T02:59:11","slug":"empty-mini-spice-jars-with-shaker-lid-wholesale","status":"publish","type":"product","link":"https:\/\/yebodaglass.com\/tr\/urun\/empty-mini-spice-jars-with-shaker-lid-wholesale\/","title":{"rendered":"10 ml ve 15 ml&#039;lik Bo\u015f Mini Baharat Kavanozlar\u0131 (\u00c7alkalama Kapakl\u0131) Toptan Sat\u0131\u015f"},"content":{"rendered":"<p>Bu mini baharat kavanozlar\u0131, \u015f\u0131k g\u00fcm\u00fc\u015f metal kapakl\u0131, \u015feffaf camdan yap\u0131lm\u0131\u015f zarif kare ve konik mini cam baharatl\u0131klar \u015feklindedir. K\u00fc\u00e7\u00fck boyutlar\u0131 mutfak tezgahlar\u0131, piknikler veya k\u00fc\u00e7\u00fck mutfaklar i\u00e7in idealdir.<\/p>\n<h2>\u00dcr\u00fcn \u00d6zellikleri<\/h2>\n<ul>\n<li><strong>Kristal \u015eeffaf Cam: <\/strong>Mini baharat kavanozlar\u0131m\u0131z dayan\u0131kl\u0131, kur\u015funsuz ve BPA i\u00e7ermeyen camdan \u00fcretilmi\u015ftir ve bula\u015f\u0131k makinesinde y\u0131kanabilir, bu sayede temizlenmesi kolayd\u0131r ve herhangi bir g\u00fcvenlik endi\u015fesi olmadan g\u00fcnl\u00fck olarak kullan\u0131labilir.<\/li>\n<li><strong>Zarif Yuvarlak ve Kare \u00d6l\u00e7\u00fcler: <\/strong>Mini baharat kavanozlar\u0131m\u0131z\u0131n kompakt, kare ve yuvarlak tasar\u0131m\u0131, onlar\u0131 yaln\u0131zca \u015feker, tuz ve karabiber i\u00e7in her mutfak raf\u0131nda saklanabilecek m\u00fckemmel kaplar yapmakla kalmaz, ayn\u0131 zamanda g\u00f6rsel olarak da \u00e7ekici hale getirir.<\/li>\n<li><strong>Delikli Metal Vidal\u0131 Kapak:<\/strong> \u00dczerinde, baharat\u0131n do\u011fru \u015fekilde da\u011f\u0131t\u0131lmas\u0131n\u0131 sa\u011flamak i\u00e7in deliklerin e\u015fit da\u011f\u0131l\u0131m\u0131na sahip delikli metal bir vidal\u0131 kapak bulunmaktad\u0131r.<\/li>\n<\/ul>\n<h2>Temel \u00d6zellikler<\/h2>\n<table style=\"border-collapse: collapse; width: 80%; margin-left: auto; margin-right: auto;\" border=\"0\" width=\"603\" cellspacing=\"0\" cellpadding=\"0\">\n<tbody>\n<tr style=\"height: 13.50pt;\">\n<td style=\"height: 13.5pt; width: 54pt; text-align: center;\" width=\"72\" height=\"18\">Kapasite<\/td>\n<td style=\"width: 182.25pt; text-align: center;\" width=\"243\">\u015eekil<\/td>\n<td style=\"width: 54pt; text-align: center;\" width=\"72\">Boyut (cm)<\/td>\n<td style=\"width: 54pt; text-align: center;\" width=\"72\">Renk Se\u00e7enekleri<\/td>\n<td style=\"width: 54pt; text-align: center;\" width=\"72\">Kapak Tipi<\/td>\n<td style=\"width: 54pt; text-align: center;\" width=\"72\">Kullan\u0131m<\/td>\n<\/tr>\n<tr style=\"height: 13.50pt;\">\n<td style=\"height: 13.5pt; text-align: center;\" height=\"18\">10 ml<\/td>\n<td class=\"et2\" style=\"text-align: center;\" rowspan=\"2\">Yuvarlak, Kare<\/td>\n<td style=\"text-align: center;\">2,9 x 4,1<\/td>\n<td class=\"et2\" style=\"text-align: center;\" rowspan=\"2\">Temizle, \u00d6zelle\u015ftirmeyi kabul et<\/td>\n<td class=\"et2\" style=\"text-align: center;\" rowspan=\"2\">Paslanmaz \u00e7elik<\/td>\n<td class=\"et2\" style=\"text-align: center;\" rowspan=\"2\">Karabiber tozu, ac\u0131 toz biber, tavuk bulyonu, tuz vb. malzemeleri paketleyin.<\/td>\n<\/tr>\n<tr style=\"height: 13.50pt;\">\n<td style=\"height: 13.5pt; text-align: center;\" height=\"18\">15 ml<\/td>\n<td style=\"text-align: center;\">3,1 x 4,6<\/td>\n<\/tr>\n<\/tbody>\n<\/table>\n<h2>Ba\u015far\u0131 \u00d6yk\u00fcs\u00fc: Japon Bir Perakendecinin \u00c7ok Satan \u00dcr\u00fcn\u00fc<\/h2>\n<p>Japon perakendecilerden biri, iki farkl\u0131 \u015fekildeki mini baharat kavanozu setlerimizi se\u00e7ti ve hafif mat bir g\u00f6r\u00fcn\u00fcmle ki\u015fiselle\u015ftirdi. Setin g\u00fczel g\u00f6r\u00fcn\u00fcm\u00fc, piyasaya s\u00fcr\u00fcld\u00fc\u011f\u00fc ilk ayda &#039;l\u0131k bir sat\u0131\u015f oran\u0131 sa\u011flad\u0131 ve m\u00fc\u015fterilerin kapaklar\u0131n t\u0131kanmas\u0131yla ilgili \u015fikayetleri oran\u0131nda azald\u0131. Perakendeci, \u00fcr\u00fcnden o kadar memnun kald\u0131 ki, \u00fclke genelindeki ma\u011fazalar\u0131 ve yeni e-ticaret ev e\u015fyalar\u0131 i\u015fletmesi i\u00e7in 300.000 set daha sipari\u015f etti.<\/p>\n<h2>\u00d6zelle\u015ftirme K\u0131lavuzunuz<\/h2>\n<ol>\n<li><strong>\u00d6zel Grav\u00fcr ve Logo:<\/strong> Paslanmaz \u00e7elik \u015fi\u015fe kapaklar\u0131 \u00fczerine marka logolar\u0131n\u0131n veya baharat isimlerinin lazerle kaz\u0131nmas\u0131, her \u015fi\u015feye benzersiz bir g\u00f6r\u00fcn\u00fcm kazand\u0131rarak marka tan\u0131n\u0131rl\u0131\u011f\u0131n\u0131n ve marka kimli\u011finin \u00f6ne \u00e7\u0131kmas\u0131na yard\u0131mc\u0131 olur.<\/li>\n<li><strong>Dozajlama i\u00e7in Farkl\u0131 Delikler:<\/strong> Farkl\u0131 baharatlar (toz, gran\u00fcl, otlar) i\u00e7in dozaj deliklerinin boyutunu ve say\u0131s\u0131n\u0131 de\u011fi\u015ftirerek, da\u011f\u0131t\u0131m\u0131n sorunsuz ve t\u0131kan\u0131kl\u0131k olmadan yap\u0131laca\u011f\u0131ndan emin olabilirsiniz.<\/li>\n<li><strong>Konteyner Dekorasyonu:<\/strong> Baharat etiketlerinin marka logolar\u0131yla markalanmas\u0131 veya serigrafi ya da s\u0131cak damgalama ile bas\u0131lmas\u0131n\u0131n yan\u0131 s\u0131ra, cam par\u00e7alar\u0131 perakende sat\u0131\u015flarda m\u00fc\u015fteriler i\u00e7in daha \u00e7ekici hale geliyor.<\/li>\n<\/ol>","protected":false},"excerpt":{"rendered":"<p>Kompakt boyutlu ve \u00e7alkalama kapakl\u0131 \u00e7ok y\u00f6nl\u00fc mini baharat kavanozlar\u0131. Tuz, biber ve baharatlar i\u00e7in kullan\u0131\u015fl\u0131 baharat kab\u0131 seti. Toptan sat\u0131\u015f indirimleri mevcuttur.<\/p>","protected":false},"featured_media":23388,"template":"","meta":[],"product_brand":[],"product_cat":[122,124,128],"product_tag":[],"class_list":{"0":"post-23384","1":"product","2":"type-product","3":"status-publish","4":"has-post-thumbnail","6":"product_cat-custom-glass-packaging","7":"product_cat-custom-glass-jars","8":"product_cat-spice-jars","10":"first","11":"instock","12":"shipping-taxable","13":"product-type-simple"},"jetpack_sharing_enabled":true,"_links":{"self":[{"href":"https:\/\/yebodaglass.com\/tr\/wp-json\/wp\/v2\/product\/23384","targetHints":{"allow":["GET"]}}],"collection":[{"href":"https:\/\/yebodaglass.com\/tr\/wp-json\/wp\/v2\/product"}],"about":[{"href":"https:\/\/yebodaglass.com\/tr\/wp-json\/wp\/v2\/types\/product"}],"version-history":[{"count":5,"href":"https:\/\/yebodaglass.com\/tr\/wp-json\/wp\/v2\/product\/23384\/revisions"}],"predecessor-version":[{"id":25512,"href":"https:\/\/yebodaglass.com\/tr\/wp-json\/wp\/v2\/product\/23384\/revisions\/25512"}],"wp:featuredmedia":[{"embeddable":true,"href":"https:\/\/yebodaglass.com\/tr\/wp-json\/wp\/v2\/media\/23388"}],"wp:attachment":[{"href":"https:\/\/yebodaglass.com\/tr\/wp-json\/wp\/v2\/media?parent=23384"}],"wp:term":[{"taxonomy":"product_brand","embeddable":true,"href":"https:\/\/yebodaglass.com\/tr\/wp-json\/wp\/v2\/product_brand?post=23384"},{"taxonomy":"product_cat","embeddable":true,"href":"https:\/\/yebodaglass.com\/tr\/wp-json\/wp\/v2\/product_cat?post=23384"},{"taxonomy":"product_tag","embeddable":true,"href":"https:\/\/yebodaglass.com\/tr\/wp-json\/wp\/v2\/product_tag?post=23384"}],"curies":[{"name":"wp","href":"https:\/\/api.w.org\/{rel}","templated":true}]}}