{"id":23381,"date":"2025-11-07T14:43:19","date_gmt":"2025-11-07T06:43:19","guid":{"rendered":"https:\/\/yebodaglass.com\/?post_type=product&#038;p=23381"},"modified":"2025-11-07T17:15:14","modified_gmt":"2025-11-07T09:15:14","slug":"wholesale-clear-glass-condiment-bottles-for-sauces-150ml-500ml","status":"publish","type":"product","link":"https:\/\/yebodaglass.com\/tr\/wholesale-clear-glass-condiment-bottles-for-sauces-150ml-500ml\/","title":{"rendered":"Toptan \u015eeffaf Cam Sos \u015ei\u015feleri 150ml - 500ml"},"content":{"rendered":"<p>Bu cam sos \u015fi\u015feleri inan\u0131lmaz derecede \u015feffaft\u0131r, bu y\u00fczden \u015feffaf camdan yap\u0131lm\u0131\u015ft\u0131r ve g\u00f6rsel olarak m\u00fckemmeldir. Kaplar \u00e7ok g\u00fczel \u00e7\u00fcnk\u00fc \u00fcreticiler konik ve dokulu \u015fi\u015feler \u00fcretmi\u015f ve i\u00e7lerindeki sosun rengini m\u00fckemmel bir \u015fekilde ortaya \u00e7\u0131karm\u0131\u015flar.<\/p>\n<h2>\u00dcr\u00fcn \u00d6zellikleri<\/h2>\n<ul>\n<li><strong>\u00c7e\u015fitli \u015ei\u015fe Tasar\u0131mlar\u0131:<\/strong> Konik ve dokulu \u015fi\u015feler gibi farkl\u0131 \u015fi\u015fe \u015fekillerinin, \u015f\u0131k hatlara sahip olmas\u0131 \u00fcr\u00fcn\u00fcn g\u00f6rsel \u00e7ekicili\u011fini ve marka bilinirli\u011fini art\u0131r\u0131r.<\/li>\n<li><strong>Desteklenen Birka\u00e7 Boyut:<\/strong> \u00c7e\u015fitli ebatlarda \u00fcretilerek farkl\u0131 kapasite ihtiya\u00e7lar\u0131na cevap vermek m\u00fcmk\u00fcn oldu\u011fundan g\u00fcnl\u00fck aile kullan\u0131m\u0131na ve \u00f6\u011f\u00fcn porsiyonlamaya uygundur.<\/li>\n<li><strong>Uzun \u00d6m\u00fcrl\u00fc ve Dayan\u0131kl\u0131:<\/strong> Kal\u0131n cam duvarlar, \u015fi\u015feleri dolum hatt\u0131n\u0131n bas\u0131nc\u0131na ve nakliye zorluklar\u0131na kar\u015f\u0131 s\u0131k\u0131ca tutmak i\u00e7in c\u00f6mert\u00e7e yap\u0131lm\u0131\u015ft\u0131r.<\/li>\n<\/ul>\n<h2 style=\"text-align: left;\">Temel \u00d6zellikler<\/h2>\n<table class=\"aligncenter\" style=\"border-collapse: collapse; width: 580.52pt;\" border=\"0\" width=\"774\" cellspacing=\"0\" cellpadding=\"0\">\n<tbody>\n<tr style=\"height: 13.50pt;\">\n<td style=\"height: 13.50pt; width: 127.50pt;\" width=\"170\" height=\"18\">\u00d6zellik<\/td>\n<td style=\"width: 453.00pt;\" width=\"604\">\u015eartname<\/td>\n<\/tr>\n<tr style=\"height: 13.50pt;\">\n<td style=\"height: 13.50pt;\" height=\"18\">Kapasiteler<\/td>\n<td>150ml \/ 200ml \/ 250ml \/ 300ml \/ 400ml \/ 500ml<\/td>\n<\/tr>\n<tr style=\"height: 13.50pt;\">\n<td style=\"height: 13.50pt;\" height=\"18\">Boyutlar (D\u00d7Y)<\/td>\n<td>5,5\u00d717,5 cm \/ 6\u00d718,5 cm \/ 6\u00d722 cm \/ 7\u00d722,5 cm \/ 7\u00d724 cm \/ 7,5\u00d726 cm<\/td>\n<\/tr>\n<tr style=\"height: 13.50pt;\">\n<td style=\"height: 13.50pt;\" height=\"18\">Malzeme<\/td>\n<td>\u015eeffaf cam stout, g\u0131da s\u0131n\u0131f\u0131, kur\u015funsuz<\/td>\n<\/tr>\n<tr style=\"height: 13.50pt;\">\n<td style=\"height: 13.50pt;\" height=\"18\">Kapatma Dahil<\/td>\n<td>Siyah vidal\u0131 kapakl\u0131 sos \u015fi\u015fesi (di\u011fer renkler de mevcuttur)<\/td>\n<\/tr>\n<tr style=\"height: 13.50pt;\">\n<td style=\"height: 13.50pt;\" height=\"18\">En \u0130yisi \u0130\u00e7in<\/td>\n<td>Ac\u0131 sos, domates sosu, salata sosu, istiridye sosu<\/td>\n<\/tr>\n<\/tbody>\n<\/table>\n<h2>\u00c7e\u015fitli Bir \u00dcr\u00fcn Serisini Basitle\u015ftirme: \u00d6zel G\u0131da \u00dcreticisinin Ba\u015far\u0131 Hikayesi<\/h2>\n<p>Bir \u00f6zel g\u0131da markas\u0131, 12 \u00e7e\u015fidi i\u00e7in farkl\u0131 \u015fi\u015fe t\u00fcrleri kullan\u0131yordu ve bu da stok ve etiket y\u00f6netiminde sorunlara yol a\u00e7\u0131yordu. T\u00fcm \u00fcr\u00fcn gruplar\u0131n\u0131, tedarik etti\u011fimiz 250 ml ve 500 ml cam sos \u015fi\u015felerinde birle\u015ftirdiler. Bu standardizasyon \u00e7abas\u0131 sonucunda, ambalaj stoklar\u0131n\u0131 oran\u0131nda azalt\u0131p etiket y\u00f6netim h\u0131zlar\u0131n\u0131 oran\u0131nda art\u0131rd\u0131lar. Birle\u015ftirilmi\u015f ambalaj tasar\u0131m\u0131, marka imajlar\u0131n\u0131 g\u00fc\u00e7lendirmekle kalmad\u0131, ayn\u0131 zamanda sat\u0131\u015flar\u0131n\u0131 da ilk y\u0131l art\u0131rd\u0131. Sonu\u00e7lardan \u00e7ok memnun kald\u0131lar ve \u015fimdi her \u00e7eyrek 300.000&#039;den fazla adetlik sipari\u015f veriyorlar.<\/p>\n<h2>Cam Sos \u015ei\u015felerinin \u00d6zelle\u015ftirilmesine Y\u00f6nelik Fikirler<\/h2>\n<ul>\n<li><strong>\u00d6zel \u015ei\u015fe Profili:<\/strong> \u015ei\u015fenin belini veya omuz k\u0131vr\u0131m\u0131n\u0131 de\u011fi\u015ftirerek belirgin bir hat olu\u015fturun.<\/li>\n<li><strong>Dokulu Cam Desenleri:<\/strong> Cam y\u00fczeyine ince bir desen (\u00f6rne\u011fin dikey \u00e7izgiler veya geometrik \u015fekiller) uygulay\u0131n.<\/li>\n<li><strong>Bask\u0131l\u0131 Hacim \u0130\u015faretleyicileri:<\/strong> Tariflerin ve baharat \u00f6l\u00e7\u00fclerinin kolayca kaydedilebilmesi i\u00e7in cam\u0131n \u00fczerine hacim i\u015faretleri bast\u0131r\u0131n.<\/li>\n<li><strong>Renkli Cam Alternatifleri:<\/strong> I\u015f\u0131k korumas\u0131n\u0131n yan\u0131 s\u0131ra, benzersiz g\u00f6rsel efekt i\u00e7in kehribar veya ye\u015fil cam kullan\u0131n.<\/li>\n<\/ul>","protected":false},"excerpt":{"rendered":"<p>\u015e\u0131k k\u0131vr\u0131mlara ve doku detaylar\u0131na sahip \u015feffaf cam sos \u015fi\u015feleri. Marka tan\u0131t\u0131m\u0131 ve yemek sunumu i\u00e7in m\u00fckemmel toptan sos \u015fi\u015feleri. \u00dccretsiz numuneler.<\/p>","protected":false},"featured_media":23394,"template":"","meta":[],"product_brand":[],"product_cat":[122,123,129],"product_tag":[],"class_list":{"0":"post-23381","1":"product","2":"type-product","3":"status-publish","4":"has-post-thumbnail","6":"product_cat-custom-glass-packaging","7":"product_cat-custom-glass-bottles","8":"product_cat-hot-sauce-bottles","10":"first","11":"instock","12":"shipping-taxable","13":"product-type-simple"},"jetpack_sharing_enabled":true,"_links":{"self":[{"href":"https:\/\/yebodaglass.com\/tr\/wp-json\/wp\/v2\/product\/23381","targetHints":{"allow":["GET"]}}],"collection":[{"href":"https:\/\/yebodaglass.com\/tr\/wp-json\/wp\/v2\/product"}],"about":[{"href":"https:\/\/yebodaglass.com\/tr\/wp-json\/wp\/v2\/types\/product"}],"version-history":[{"count":5,"href":"https:\/\/yebodaglass.com\/tr\/wp-json\/wp\/v2\/product\/23381\/revisions"}],"predecessor-version":[{"id":23402,"href":"https:\/\/yebodaglass.com\/tr\/wp-json\/wp\/v2\/product\/23381\/revisions\/23402"}],"wp:featuredmedia":[{"embeddable":true,"href":"https:\/\/yebodaglass.com\/tr\/wp-json\/wp\/v2\/media\/23394"}],"wp:attachment":[{"href":"https:\/\/yebodaglass.com\/tr\/wp-json\/wp\/v2\/media?parent=23381"}],"wp:term":[{"taxonomy":"product_brand","embeddable":true,"href":"https:\/\/yebodaglass.com\/tr\/wp-json\/wp\/v2\/product_brand?post=23381"},{"taxonomy":"product_cat","embeddable":true,"href":"https:\/\/yebodaglass.com\/tr\/wp-json\/wp\/v2\/product_cat?post=23381"},{"taxonomy":"product_tag","embeddable":true,"href":"https:\/\/yebodaglass.com\/tr\/wp-json\/wp\/v2\/product_tag?post=23381"}],"curies":[{"name":"wp","href":"https:\/\/api.w.org\/{rel}","templated":true}]}}