{"id":23372,"date":"2025-11-07T14:30:40","date_gmt":"2025-11-07T06:30:40","guid":{"rendered":"https:\/\/yebodaglass.com\/?post_type=product&#038;p=23372"},"modified":"2026-03-18T09:57:57","modified_gmt":"2026-03-18T01:57:57","slug":"pumpkin-shape-cute-spice-jars-with-wooden-lid-bulk","status":"publish","type":"product","link":"https:\/\/yebodaglass.com\/tr\/pumpkin-shape-cute-spice-jars-with-wooden-lid-bulk\/","title":{"rendered":"250 ml Balkaba\u011f\u0131 \u015eeklinde Sevimli Baharat Kavanozlar\u0131, Ah\u015fap Kapakl\u0131, Toplu Sat\u0131\u015f"},"content":{"rendered":"<p>Bu sevimli baharat kavanozlar\u0131, \u00fczerlerinde dikey \u00e7izgiler bulunan ho\u015f bir balkaba\u011f\u0131 \u015fekline sahip. \u015eeffaf camdan yap\u0131lm\u0131\u015f olup, baharatlar\u0131n\u0131z\u0131 sergilemek i\u00e7in m\u00fckemmel birer ara\u00e7t\u0131r. Kapaklar\u0131 do\u011fal ah\u015faptan tasarlanm\u0131\u015f olup, i\u00e7ine entegre edilmi\u015f ka\u015f\u0131k tutucu ve ona uygun ah\u015fap bir topuz bulunmaktad\u0131r.<\/p>\n<h2>\u00dcr\u00fcn \u00d6zellikleri<\/h2>\n<ul>\n<li><strong>Kabak \u015eeklinde G\u00f6vde:<\/strong> Sevimli ve benzersiz olan \u015fi\u015fe tasar\u0131m\u0131, hem g\u00f6r\u00fcn\u00fcm\u00fc hem de tutu\u015fu iyile\u015ftiren, \u00e7izgili, balkaba\u011f\u0131 \u015feklindeki tasar\u0131md\u0131r.<\/li>\n<li><strong>Entegre \u00d6l\u00e7me Ka\u015f\u0131\u011f\u0131:<\/strong> Kavanozlar\u0131n ah\u015fap kapaklar\u0131nda kendilerine ait beyaz bir \u00f6l\u00e7\u00fc ka\u015f\u0131\u011f\u0131 bulunmaktad\u0131r ve bu nedenle hijyenik ve kullan\u0131m\u0131 kolayd\u0131r.<\/li>\n<li><strong>Mutfak ve yemek alanlar\u0131 i\u00e7in \u00e7ok y\u00f6nl\u00fc boyut: <\/strong>Bu 250 ml kavanoz, baharatlar veya k\u00fc\u00e7\u00fck kuru g\u0131dalar i\u00e7in m\u00fckemmel boyuttad\u0131r. \u015e\u0131k tasar\u0131m\u0131yla her mutfak veya yemek alan\u0131 i\u00e7in idealdir.<\/li>\n<\/ul>\n<h2>Temel \u00d6zellikler<\/h2>\n<table style=\"border-collapse: collapse; width: 80%; margin-left: auto; margin-right: auto;\" border=\"0\" width=\"144\" cellspacing=\"0\" cellpadding=\"0\">\n<tbody>\n<tr style=\"height: 13.50pt;\">\n<td style=\"height: 13.5pt; width: 54pt; text-align: center;\" width=\"72\" height=\"18\">\u00d6zellik<\/td>\n<td style=\"width: 54pt; text-align: center;\" width=\"72\">\u015eartname<\/td>\n<\/tr>\n<tr style=\"height: 13.50pt;\">\n<td style=\"height: 13.5pt; text-align: center;\" height=\"18\">Kapasite<\/td>\n<td style=\"text-align: center;\">250 ml<\/td>\n<\/tr>\n<tr style=\"height: 13.50pt;\">\n<td style=\"height: 13.5pt; text-align: center;\" height=\"18\">Malzeme<\/td>\n<td style=\"text-align: center;\">Y\u00fcksek beyaz cam, Is\u0131ya dayan\u0131kl\u0131 cam<\/td>\n<\/tr>\n<tr style=\"height: 13.50pt;\">\n<td style=\"height: 13.5pt; text-align: center;\" height=\"18\">Renk<\/td>\n<td style=\"text-align: center;\">Temizle, \u00d6zelle\u015ftirmeyi kabul et<\/td>\n<\/tr>\n<tr style=\"height: 13.50pt;\">\n<td style=\"height: 13.5pt; text-align: center;\" height=\"18\">Kapak T\u00fcrleri<\/td>\n<td style=\"text-align: center;\">Bambu Kapak \/ Cam Kapak \/ Mantar Kapak \/ PE Plastik Kapak<\/td>\n<\/tr>\n<tr style=\"height: 13.50pt;\">\n<td style=\"height: 13.5pt; text-align: center;\" height=\"18\">Y\u00fczey \u0130\u015flem<\/td>\n<td style=\"text-align: center;\">Serigrafi bask\u0131\/Buzlu\/\u00c7\u0131kartmal\u0131\/Renk spreyi\/Etiket,vb.<\/td>\n<\/tr>\n<\/tbody>\n<\/table>\n<h2>Ba\u015far\u0131 \u00d6yk\u00fcs\u00fc: Orta Bat\u0131&#039;daki Bakkallardan Birinden \u00d6zel Sipari\u015f<\/h2>\n<p>Sevimli baharat kavanozlar\u0131m\u0131z, Orta Bat\u0131&#039;da bulunan bir market zinciri taraf\u0131ndan sat\u0131n al\u0131nd\u0131. Kavanozlar, hafif buzlu kehribar cam ve \u00fczerine lazerle yaprak deseni i\u015flenmi\u015f ak\u00e7aa\u011fa\u00e7 kapaklarla \u00f6zelle\u015ftirildi. Baharat kavanozlar\u0131 b\u00fcy\u00fck bir ba\u015far\u0131 yakalad\u0131: Hediye paketinin \u00f6zel ve sofistike tasar\u0131m\u0131, sosyal medyada m\u00fc\u015fterileriyle payla\u015f\u0131m oran\u0131n\u0131 0 art\u0131rd\u0131. Bunun nedeni, m\u00fc\u015fteri anketlerinde m\u00fc\u015fterilerin &#039;\u0131n\u0131n \u00e7ok kullan\u0131\u015fl\u0131 buldu\u011fu, dahili ka\u015f\u0131k tasar\u0131m\u0131yd\u0131. Bu ba\u015far\u0131n\u0131n ard\u0131ndan, &#034;\u00c7iftlik Mutfa\u011f\u0131&#034; hediye setleri ve kendi markalar\u0131na ait pi\u015firme malzemeleri serisi i\u00e7in 400.000 adet daha baharat kavanozu sipari\u015f ettiler.<\/p>\n<h2>Baharat Saklama Kaplar\u0131 \u00d6zelle\u015ftirme K\u0131lavuzu<\/h2>\n<ol>\n<li><strong>Daha \u0130yi\u200b\u200d\u200b\u200c\u200d\u200b\u200d\u200c\u200b\u200d\u200c\u200d\u200b\u200d\u200c Cam Tasar\u0131m\u0131:<\/strong> Orijinal bir g\u00f6rsel derinlik ve g\u00fcvenli bir tutu\u015f i\u00e7in dalgal\u0131 bir doku, d\u00fcz bir \u00e7izgi veya buzlu bir y\u00fczey se\u00e7in.<\/li>\n<li><strong>Geli\u015ftirilmi\u015f Ka\u015f\u0131klar ve Aksesuarlar:<\/strong> Bambu, cam veya paslanmaz \u00e7elik ka\u015f\u0131klar\u0131 se\u00e7ebilir ve bunlarla birlikte, toplam tutar\u0131n g\u00fczelli\u011fini daha da art\u0131rmak i\u00e7in uyumlu saklama tabanlar\u0131na sahip olabilirsiniz.<\/li>\n<li><strong>\u0130stedi\u011finiz Renk ve Kapasite:<\/strong> \u015eeffaf, kehribar veya pembe gibi cam renkleri mevcuttur ve 100 ml&#039;den 300 ml&#039;ye kadar kapasiteler mevcuttur, b\u00f6ylece farkl\u0131 boyutlardaki \u00e7e\u015fni kavanozlar\u0131n\u0131n saklanmas\u0131 i\u00e7in olanak sa\u011flar.<\/li>\n<\/ol>","protected":false},"excerpt":{"rendered":"<p>Balkaba\u011f\u0131 \u015feklinde ve ah\u015fap kapakl\u0131, \u00e7ok \u015firin baharat kavanozlar\u0131. Tuz, \u015feker ve baharatlar i\u00e7in ka\u015f\u0131kl\u0131, pratik saklama kaplar\u0131. \u00dccretsiz \u00f6rnekler.<\/p>","protected":false},"featured_media":23373,"template":"","meta":[],"product_brand":[],"product_cat":[122,124,128],"product_tag":[],"class_list":{"0":"post-23372","1":"product","2":"type-product","3":"status-publish","4":"has-post-thumbnail","6":"product_cat-custom-glass-packaging","7":"product_cat-custom-glass-jars","8":"product_cat-spice-jars","10":"first","11":"instock","12":"shipping-taxable","13":"product-type-simple"},"jetpack_sharing_enabled":true,"_links":{"self":[{"href":"https:\/\/yebodaglass.com\/tr\/wp-json\/wp\/v2\/product\/23372","targetHints":{"allow":["GET"]}}],"collection":[{"href":"https:\/\/yebodaglass.com\/tr\/wp-json\/wp\/v2\/product"}],"about":[{"href":"https:\/\/yebodaglass.com\/tr\/wp-json\/wp\/v2\/types\/product"}],"version-history":[{"count":5,"href":"https:\/\/yebodaglass.com\/tr\/wp-json\/wp\/v2\/product\/23372\/revisions"}],"predecessor-version":[{"id":25493,"href":"https:\/\/yebodaglass.com\/tr\/wp-json\/wp\/v2\/product\/23372\/revisions\/25493"}],"wp:featuredmedia":[{"embeddable":true,"href":"https:\/\/yebodaglass.com\/tr\/wp-json\/wp\/v2\/media\/23373"}],"wp:attachment":[{"href":"https:\/\/yebodaglass.com\/tr\/wp-json\/wp\/v2\/media?parent=23372"}],"wp:term":[{"taxonomy":"product_brand","embeddable":true,"href":"https:\/\/yebodaglass.com\/tr\/wp-json\/wp\/v2\/product_brand?post=23372"},{"taxonomy":"product_cat","embeddable":true,"href":"https:\/\/yebodaglass.com\/tr\/wp-json\/wp\/v2\/product_cat?post=23372"},{"taxonomy":"product_tag","embeddable":true,"href":"https:\/\/yebodaglass.com\/tr\/wp-json\/wp\/v2\/product_tag?post=23372"}],"curies":[{"name":"wp","href":"https:\/\/api.w.org\/{rel}","templated":true}]}}