{"id":23360,"date":"2025-11-07T13:39:54","date_gmt":"2025-11-07T05:39:54","guid":{"rendered":"https:\/\/yebodaglass.com\/?post_type=product&#038;p=23360"},"modified":"2026-03-16T15:54:12","modified_gmt":"2026-03-16T07:54:12","slug":"clear-glass-spice-shaker-jars-with-hourglass-bulk","status":"publish","type":"product","link":"https:\/\/yebodaglass.com\/tr\/urun\/clear-glass-spice-shaker-jars-with-hourglass-bulk\/","title":{"rendered":"Kum saati desenli 85 ml \u015feffaf cam baharatl\u0131k kavanozu (toptan sat\u0131\u015f)"},"content":{"rendered":"<p>Bu baharatl\u0131klar, kum saati \u015feklinde ve incelen tasar\u0131mlar\u0131yla \u00e7ok benzersizdir; bu sayede kolayca kavranabilir, sallanabilir ve hatta e\u011filebilirler. Kolay eri\u015fim i\u00e7in \u015f\u0131k renkli a\u00e7\u0131l\u0131r kapan\u0131r kapaklar veya metal kapaklarla birlikte sunulmaktad\u0131rlar.<\/p>\n<h2>\u00dcr\u00fcn \u00d6zellikleri<\/h2>\n<ul>\n<li><strong>Ergonomik Kum Saati Tasar\u0131m\u0131:<\/strong> Konik kum saati \u015fekli, rahat ve dengeli bir tutu\u015f sa\u011flar; bu sayede i\u00e7ecek kolayca sallanabilir ve d\u00f6kme i\u015flemi rahatl\u0131kla kontrol edilebilir.<\/li>\n<li><strong>Y\u00fcksek G\u00f6r\u00fcn\u00fcrl\u00fckl\u00fc Cam:<\/strong> \u015eeffaf cam sayesinde \u015fi\u015fenin i\u00e7indekilerin i\u00e7eri\u011fi, rengi ve miktar\u0131 bir bak\u0131\u015fta g\u00f6r\u00fclebilir.<\/li>\n<li><strong>\u00c7e\u015fitli \u015eapka Se\u00e7enekleri:<\/strong> Kolayca eri\u015filebilen, parlak renkli, kolay a\u00e7\u0131lan plastik kapaklar veya hava ge\u00e7irmez saklamay\u0131 garanti eden vidal\u0131 kilitli metal kapaklar se\u00e7in.<\/li>\n<\/ul>\n<h2>Temel \u00d6zellikler<\/h2>\n<table style=\"border-collapse: collapse; width: 80%; margin-left: auto; margin-right: auto;\" border=\"0\" width=\"144\" cellspacing=\"0\" cellpadding=\"0\">\n<tbody>\n<tr style=\"height: 13.50pt;\">\n<td style=\"height: 13.5pt; width: 54pt; text-align: center;\" width=\"72\" height=\"18\">\u00d6zellik<\/td>\n<td style=\"width: 54pt; text-align: center;\" width=\"72\">\u015eartname<\/td>\n<\/tr>\n<tr style=\"height: 13.50pt;\">\n<td style=\"height: 13.5pt; text-align: center;\" height=\"18\">Kapasite<\/td>\n<td style=\"text-align: center;\">85 ml<\/td>\n<\/tr>\n<tr style=\"height: 13.50pt;\">\n<td style=\"height: 13.5pt; text-align: center;\" height=\"18\">Rozpocznij swoj\u0105 dzia\u0142alno\u015b\u0107 w zakresie opakowa\u0144 szklanych<\/td>\n<td style=\"text-align: center;\">5 * 10 cm<\/td>\n<\/tr>\n<tr style=\"height: 13.50pt;\">\n<td style=\"height: 13.5pt; text-align: center;\" height=\"18\">Renk<\/td>\n<td style=\"text-align: center;\">Temizle, \u00d6zel<\/td>\n<\/tr>\n<tr style=\"height: 13.50pt;\">\n<td style=\"height: 13.5pt; text-align: center;\" height=\"18\">Kapaklar<\/td>\n<td style=\"text-align: center;\">Kelebek Vidal\u0131 Kapak<\/td>\n<\/tr>\n<tr style=\"height: 13.50pt;\">\n<td style=\"height: 13.5pt; text-align: center;\" height=\"18\">Kullan\u0131m<\/td>\n<td style=\"text-align: center;\">Kuru otlar,Baharatlar,Biber,Ovmalar ve daha fazlas\u0131.<\/td>\n<\/tr>\n<\/tbody>\n<\/table>\n<h2>Ba\u015far\u0131 \u00d6yk\u00fcs\u00fc: Avrupa&#039;daki Bir Yemek Da\u011f\u0131t\u0131m \u015eirketine \u00d6zel Sipari\u015f<\/h2>\n<p>Avrupa&#039;n\u0131n dev bir yemek da\u011f\u0131t\u0131m \u015firketi, \u015fi\u015fe \u00fczerindeki \u00f6l\u00e7\u00fc \u00e7izgilerini ki\u015fiselle\u015ftirerek ot kavanozumuzu tercih etti. \u015eeffaf \u015fi\u015fe ve i\u015faretleme \u00e7izgileri, m\u00fc\u015fteriler taraf\u0131ndan uygulanan tariflerin do\u011frulu\u011funu art\u0131rd\u0131; m\u00fc\u015fteri geri bildirimlerine g\u00f6re m\u00fc\u015fteriler, g\u00fczel cam \u015fi\u015feyi ve tariflerin ba\u015far\u0131 oran\u0131n\u0131 ( ) art\u0131ran i\u015faretleme \u00e7izgilerini \u00e7ok be\u011fendi. G\u00fcvenli a\u00e7\u0131l\u0131r kapan\u0131r kapak, baharat d\u00f6k\u00fclmesi \u015fikayetlerini oran\u0131nda azaltt\u0131. Kuzey Amerika pazar\u0131ndaki artan talebi kar\u015f\u0131lamak i\u00e7in bu m\u00fckemmel performans \u00f6zelliklerine dayanarak 500.000 adet daha kavanoz sipari\u015fi verdiler.<\/p>\n<h2>Baharatl\u0131k Kavanozlar\u0131 \u0130\u00e7in \u00d6zelle\u015ftirme \u00d6nerileri<\/h2>\n<ul>\n<li>\u00d6zel Bask\u0131l\u0131 \u00d6l\u00e7\u00fc Birimleri: Kavanozun yan taraf\u0131na kal\u0131c\u0131 olarak bask\u0131l\u0131 veya rulo halinde \u00f6l\u00e7\u00fc birimleri (\u00e7ay ka\u015f\u0131\u011f\u0131, yemek ka\u015f\u0131\u011f\u0131, gram) ekleyerek tariflerde do\u011fru \u015fekilde kullan\u0131lmas\u0131n\u0131 sa\u011flay\u0131n.<\/li>\n<li>\u00c7ift Delikli Da\u011f\u0131t\u0131c\u0131 Kapak: \u0130ki delikli bir kapa\u011f\u0131, k\u00fc\u00e7\u00fck delikli (birka\u00e7 k\u00fc\u00e7\u00fck delikli) bir \u00e7alkalama kapa\u011f\u0131n\u0131 ve tohum veya pul baharat i\u00e7eren di\u011fer kapa\u011f\u0131 \u00f6nceden \u0131s\u0131t\u0131n.<\/li>\n<li>Kare veya Dikd\u00f6rtgen Tasar\u0131m: \u00c7ekmecelerde ve raflarda mevcut alan\u0131 kullanmak i\u00e7in yerden tasarruf sa\u011flayan kare veya dikd\u00f6rtgen tasar\u0131ml\u0131 baharat kavanozlar\u0131 tasarlay\u0131n.<\/li>\n<\/ul>","protected":false},"excerpt":{"rendered":"<p>Kolay tutu\u015f i\u00e7in ergonomik bel \u015fekline sahip \u015feffaf baharatl\u0131k kavanozlar\u0131. Mutfak baharatlar\u0131 ve \u00e7e\u015fnilerin saklanmas\u0131 i\u00e7in ideal \u015feffaf baharatl\u0131k. H\u0131zl\u0131 teslimat i\u00e7in stokta mevcuttur.<\/p>","protected":false},"featured_media":23362,"template":"","meta":[],"product_brand":[],"product_cat":[122,124,128],"product_tag":[],"class_list":{"0":"post-23360","1":"product","2":"type-product","3":"status-publish","4":"has-post-thumbnail","6":"product_cat-custom-glass-packaging","7":"product_cat-custom-glass-jars","8":"product_cat-spice-jars","10":"first","11":"instock","12":"shipping-taxable","13":"product-type-simple"},"jetpack_sharing_enabled":true,"_links":{"self":[{"href":"https:\/\/yebodaglass.com\/tr\/wp-json\/wp\/v2\/product\/23360","targetHints":{"allow":["GET"]}}],"collection":[{"href":"https:\/\/yebodaglass.com\/tr\/wp-json\/wp\/v2\/product"}],"about":[{"href":"https:\/\/yebodaglass.com\/tr\/wp-json\/wp\/v2\/types\/product"}],"version-history":[{"count":5,"href":"https:\/\/yebodaglass.com\/tr\/wp-json\/wp\/v2\/product\/23360\/revisions"}],"predecessor-version":[{"id":25459,"href":"https:\/\/yebodaglass.com\/tr\/wp-json\/wp\/v2\/product\/23360\/revisions\/25459"}],"wp:featuredmedia":[{"embeddable":true,"href":"https:\/\/yebodaglass.com\/tr\/wp-json\/wp\/v2\/media\/23362"}],"wp:attachment":[{"href":"https:\/\/yebodaglass.com\/tr\/wp-json\/wp\/v2\/media?parent=23360"}],"wp:term":[{"taxonomy":"product_brand","embeddable":true,"href":"https:\/\/yebodaglass.com\/tr\/wp-json\/wp\/v2\/product_brand?post=23360"},{"taxonomy":"product_cat","embeddable":true,"href":"https:\/\/yebodaglass.com\/tr\/wp-json\/wp\/v2\/product_cat?post=23360"},{"taxonomy":"product_tag","embeddable":true,"href":"https:\/\/yebodaglass.com\/tr\/wp-json\/wp\/v2\/product_tag?post=23360"}],"curies":[{"name":"wp","href":"https:\/\/api.w.org\/{rel}","templated":true}]}}