{"id":23351,"date":"2025-11-07T11:52:40","date_gmt":"2025-11-07T03:52:40","guid":{"rendered":"https:\/\/yebodaglass.com\/?post_type=product&#038;p=23351"},"modified":"2026-04-09T15:28:15","modified_gmt":"2026-04-09T07:28:15","slug":"square-glass-herb-jars-with-bamboo-lids-wholesale","status":"publish","type":"product","link":"https:\/\/yebodaglass.com\/tr\/square-glass-herb-jars-with-bamboo-lids-wholesale\/","title":{"rendered":"Zijn uw flessen geschikt voor hot-fill-verwerking?"},"content":{"rendered":"<p>Bu cam bitki kavanozlar\u0131 uzun, kare \u015feklinde, yuvarlak k\u00f6\u015feli ve d\u00fcz kenarl\u0131d\u0131r. Kavanozlar kal\u0131n, \u015feffaf camdan yap\u0131lm\u0131\u015ft\u0131r ve do\u011fal bambu vidal\u0131 kapaklarla birlikte gelir. \u00c7e\u015fitli renklerde mevcuttur.<\/p>\n<h2>\u00dcr\u00fcn \u00d6zellikleri<\/h2>\n<ul>\n<li><strong>Dikd\u00f6rtgen Tasar\u0131m:<\/strong> Dikd\u00f6rtgen tasar\u0131m\u0131 sade ve kullan\u0131\u015fl\u0131d\u0131r, depolamada daha az yer kaplar ve \u00fcst \u00fcste istiflenebilir, b\u00f6ylece dolap veya raflar yard\u0131m\u0131yla d\u00fczenli bir \u015fekilde sergilenebilir.<\/li>\n<li><strong>\u00c7ok Renkli I\u015f\u0131k Ge\u00e7irmeyen Cam:<\/strong> Bu bardaklar, baharatlar\u0131, kuru g\u0131dalar\u0131 ve benzeri \u00fcr\u00fcnleri bozan ve oksitleyen \u0131\u015f\u0131\u011f\u0131 engelleme \u00f6zelli\u011fine sahip bordo, koyu ye\u015fil, kehribar ve lacivert olmak \u00fczere d\u00f6rt etkili renkte mevcuttur.<\/li>\n<li><strong>Do\u011fal Ah\u015fap Kapaklar:<\/strong> Do\u011fal ah\u015fap vida kapaklar\u0131yla birle\u015fti\u011finde, do\u011fal hissi ve m\u00fckemmel s\u0131zd\u0131rma \u00f6zelli\u011fi \u00fcr\u00fcne \u00e7evre dostu bir hava kat\u0131yor ve \u00fcr\u00fcne \u00fcst\u00fcn bir kalite kazand\u0131r\u0131yor.<\/li>\n<\/ul>\n<h2>Temel \u00d6zellikler<\/h2>\n<table style=\"border-collapse: collapse; width: 80%; margin-left: auto; margin-right: auto;\" border=\"0\" width=\"144\" cellspacing=\"0\" cellpadding=\"0\">\n<tbody>\n<tr style=\"height: 13.50pt;\">\n<td style=\"height: 13.5pt; width: 54pt; text-align: center;\" width=\"72\" height=\"18\">\u00d6zellik<\/td>\n<td style=\"width: 54pt; text-align: center;\" width=\"72\">\u015eartname<\/td>\n<\/tr>\n<tr style=\"height: 13.50pt;\">\n<td style=\"height: 13.5pt; text-align: center;\" height=\"18\">Kapasite<\/td>\n<td style=\"text-align: center;\">120 ml (4 oz)<\/td>\n<\/tr>\n<tr style=\"height: 13.50pt;\">\n<td style=\"height: 13.5pt; text-align: center;\" height=\"18\">Malzeme<\/td>\n<td style=\"text-align: center;\">Dayan\u0131kl\u0131 cam \u2022 Kare \u015fekil<\/td>\n<\/tr>\n<tr style=\"height: 13.50pt;\">\n<td style=\"height: 13.5pt; text-align: center;\" height=\"18\">Renk<\/td>\n<td style=\"text-align: center;\">Amber, K\u0131rm\u0131z\u0131, Mavi, Ye\u015fil, \u00d6zel<\/td>\n<\/tr>\n<tr style=\"height: 13.50pt;\">\n<td style=\"height: 13.5pt; text-align: center;\" height=\"18\">Kapaklar<\/td>\n<td style=\"text-align: center;\">Bambu, metal, plastik \u2022 \u00c7alkalay\u0131c\u0131 kapaklar\u0131 mevcuttur<\/td>\n<\/tr>\n<tr style=\"height: 13.50pt;\">\n<td style=\"height: 13.5pt; text-align: center;\" height=\"18\">\u00d6zelle\u015ftirme<\/td>\n<td style=\"text-align: center;\">Logo grav\u00fcr\u00fc, serigrafi bask\u0131, \u00f6zel etiketler\/ambalajlama<\/td>\n<\/tr>\n<\/tbody>\n<\/table>\n<h2>Ba\u015far\u0131 \u00d6yk\u00fcs\u00fc: \u00dcst D\u00fczey Bir Avrupa Gurme Markas\u0131ndan \u00d6zel Sipari\u015f<\/h2>\n<p>\u0130talyan l\u00fcks gurme markas\u0131, 250 ml&#039;lik kehribar rengi kare cam baharat kavanozlar\u0131m\u0131z\u0131 tercih etti ve resmi sipari\u015fleri arac\u0131l\u0131\u011f\u0131yla \u00f6zel ceviz a\u011fac\u0131 kapaklar\u0131 talep etti. \u00d6zel kavanozlar etkileyici sonu\u00e7lar verdi \u00e7\u00fcnk\u00fc \u00fcst\u00fcn s\u0131zd\u0131rmazl\u0131k sistemi, birinci s\u0131n\u0131f baharatlar\u0131n raf \u00f6mr\u00fcn\u00fc art\u0131r\u0131rken, renkli cam malzeme \u0131\u015f\u0131\u011f\u0131 engelleyerek baharatlar\u0131n orijinal yo\u011funlu\u011funun &#039;ini korudu. \u015eirket, mevcut \u00fcr\u00fcnleriyle elde etti\u011fi ba\u015far\u0131n\u0131n ard\u0131ndan, yeni aromal\u0131 deniz tuzu \u00fcr\u00fcn serisini desteklemek i\u00e7in 280.000 adet daha kavanoz sipari\u015fi verdi.<\/p>\n<h2>Kare Cam Baharat Kavanozu \u00d6zelle\u015ftirme<\/h2>\n<ol>\n<li><strong>Kapak\u200b\u200d\u200b\u200c\u200d\u200b\u200d\u200c\u200b\u200d\u200b\u200c\u200d\u200b\u200d\u200c\u200d\u200b\u200d\u200c\u200d\u200b\u200d\u200c\u200b\u200d\u200b\u200c\u200d\u200b\u200d\u200c Se\u00e7enekleri:<\/strong>Farkl\u0131 markalar, estetik g\u00f6r\u00fcn\u00fcme uyum sa\u011flamas\u0131 ve tazeli\u011fin hava ge\u00e7irmez \u015fekilde korunmas\u0131 i\u00e7in silikon contal\u0131 bambu, paslanmaz \u00e7elik veya al\u00fcminyum kapaklara sahip olabilir.<\/li>\n<li><strong>Cam Renkleri:<\/strong>\u00c7e\u015fitli ot veya baharatlar\u0131 saklamak i\u00e7in kehribar, kobalt mavisi, ye\u015fil veya \u015feffaf cam gibi farkl\u0131 renk se\u00e7enekleri mevcuttur.<\/li>\n<li><strong>Etiket \u00d6zelle\u015ftirme:<\/strong>Lazerle kaz\u0131nm\u0131\u015f veya bas\u0131lm\u0131\u015f etiketlerin kapak veya \u015fi\u015fe g\u00f6vdesine yerle\u015ftirilmesiyle \u00e7evre dostu ama l\u00fcks bir marka kimli\u011fi elde edilebilir.<\/li>\n<\/ol>","protected":false},"excerpt":{"rendered":"<p>Bambu kapakl\u0131 \u015f\u0131k kare cam baharat kavanozlar\u0131, baharatlar\u0131n\u0131z\u0131 taze tutmak ve mutfa\u011f\u0131n\u0131z\u0131 d\u00fczenli tutmak i\u00e7in m\u00fckemmel cam bitki kavanozlar\u0131d\u0131r. \u00dccretsiz \u00f6rnekler.<\/p>","protected":false},"featured_media":23355,"template":"","meta":[],"product_brand":[],"product_cat":[128,124,122],"product_tag":[],"class_list":{"0":"post-23351","1":"product","2":"type-product","3":"status-publish","4":"has-post-thumbnail","6":"product_cat-spice-jars","7":"product_cat-custom-glass-jars","8":"product_cat-custom-glass-packaging","10":"first","11":"instock","12":"shipping-taxable","13":"product-type-simple"},"jetpack_sharing_enabled":true,"_links":{"self":[{"href":"https:\/\/yebodaglass.com\/tr\/wp-json\/wp\/v2\/product\/23351","targetHints":{"allow":["GET"]}}],"collection":[{"href":"https:\/\/yebodaglass.com\/tr\/wp-json\/wp\/v2\/product"}],"about":[{"href":"https:\/\/yebodaglass.com\/tr\/wp-json\/wp\/v2\/types\/product"}],"version-history":[{"count":5,"href":"https:\/\/yebodaglass.com\/tr\/wp-json\/wp\/v2\/product\/23351\/revisions"}],"predecessor-version":[{"id":25696,"href":"https:\/\/yebodaglass.com\/tr\/wp-json\/wp\/v2\/product\/23351\/revisions\/25696"}],"wp:featuredmedia":[{"embeddable":true,"href":"https:\/\/yebodaglass.com\/tr\/wp-json\/wp\/v2\/media\/23355"}],"wp:attachment":[{"href":"https:\/\/yebodaglass.com\/tr\/wp-json\/wp\/v2\/media?parent=23351"}],"wp:term":[{"taxonomy":"product_brand","embeddable":true,"href":"https:\/\/yebodaglass.com\/tr\/wp-json\/wp\/v2\/product_brand?post=23351"},{"taxonomy":"product_cat","embeddable":true,"href":"https:\/\/yebodaglass.com\/tr\/wp-json\/wp\/v2\/product_cat?post=23351"},{"taxonomy":"product_tag","embeddable":true,"href":"https:\/\/yebodaglass.com\/tr\/wp-json\/wp\/v2\/product_tag?post=23351"}],"curies":[{"name":"wp","href":"https:\/\/api.w.org\/{rel}","templated":true}]}}