{"id":23317,"date":"2025-11-06T17:00:08","date_gmt":"2025-11-06T09:00:08","guid":{"rendered":"https:\/\/yebodaglass.com\/?post_type=product&#038;p=23317"},"modified":"2025-11-06T17:00:10","modified_gmt":"2025-11-06T09:00:10","slug":"spices-jars-wholesale-glass-containers-supplier","status":"publish","type":"product","link":"https:\/\/yebodaglass.com\/tr\/spices-jars-wholesale-glass-containers-supplier\/","title":{"rendered":"Mutfak Organizasyonu i\u00e7in \u00c7oklu Kapakl\u0131 80ml 120ml Baharat Kavanozlar\u0131\u00a0"},"content":{"rendered":"<p>Damlatan veya tatlar\u0131n\u0131z\u0131 gizleyen baharat kavanozlar\u0131ndan b\u0131kt\u0131n\u0131z\u200d\u200d\u200d\u200d\u200d. M\u00fckemmel \u015feffafl\u0131\u011fa sahip cam baharat kaplar\u0131 \u00fcretiyoruz - baharatlar her zaman g\u00f6r\u00fcn\u00fcr. Bu baharat kavanozlar\u0131 mutfa\u011f\u0131n\u0131z\u0131 modaya uygun bir yer haline getirir. Toplu al\u0131mlarda markan\u0131z\u0131 \u00f6zel se\u00e7eneklerle ki\u015fiselle\u015ftirebilirsiniz.<\/p>\n<h2>\u00dcr\u00fcn \u00d6zellikleri<\/h2>\n<p><strong>G\u00fcvenli Kapak Se\u00e7enekleri<\/strong><\/p>\n<p>Al\u00fcminyum, ah\u015fap veya plastik kapaklar - nemli \u015feker veya bayat biber yok.<\/p>\n<p><strong>\u00c7ok Y\u00f6nl\u00fc Depolama<\/strong><\/p>\n<p>Ya\u011f, soslar, un veya biber - her mutfakta kullan\u0131labilir.<\/p>\n<p><strong>\u00d6zel Renk Tasar\u0131m\u0131<\/strong><\/p>\n<p>\u0130ster beyaz ister siyah olsun, \u00f6zelle\u015ftirilmi\u015f baharat kavanozlar\u0131n\u0131z dikkat \u00e7ekici bir \u200d\u200d\u200d\u200d\u200d\u200dhediyeye d\u00f6n\u00fc\u015f\u00fcr.<\/p>\n<h2>Temel \u00d6zellikler<\/h2>\n<table style=\"border-collapse: collapse; width: 80%; margin-left: auto; margin-right: auto;\" border=\"0\" width=\"144\" cellspacing=\"0\" cellpadding=\"0\">\n<tbody>\n<tr style=\"height: 13.50pt;\">\n<td style=\"height: 13.5pt; width: 54pt; text-align: center;\" width=\"72\" height=\"18\">\u00d6zellik<\/td>\n<td style=\"width: 54pt; text-align: center;\" width=\"72\">\u015eartname<\/td>\n<\/tr>\n<tr style=\"height: 13.50pt;\">\n<td style=\"height: 13.5pt; text-align: center;\" height=\"18\">Kapasite<\/td>\n<td style=\"text-align: center;\">80ml 120ml<\/td>\n<\/tr>\n<tr style=\"height: 13.50pt;\">\n<td style=\"height: 13.5pt; text-align: center;\" height=\"18\">\u015eekil<\/td>\n<td style=\"text-align: center;\">Yuvarlak<\/td>\n<\/tr>\n<tr style=\"height: 13.50pt;\">\n<td style=\"height: 13.5pt; text-align: center;\" height=\"18\">Kapak Se\u00e7enekleri<\/td>\n<td style=\"text-align: center;\">Al\u00fcminyum, Ah\u015fap, Plastik<\/td>\n<\/tr>\n<tr style=\"height: 13.50pt;\">\n<td style=\"height: 13.5pt; text-align: center;\" height=\"18\">Kullan\u0131m<\/td>\n<td style=\"text-align: center;\">Soslar ve ya\u011flar gibi s\u0131v\u0131lar i\u00e7in.<\/td>\n<\/tr>\n<\/tbody>\n<\/table>\n<h2>Ba\u015far\u0131 Hikayesi<\/h2>\n<p>G\u00fcm\u00fc\u015f al\u00fcminyum kapakl\u0131 ve \u015feffaf kare g\u00f6vdeli ki\u015fiselle\u015ftirilmi\u015f baharat kavanozlar\u0131 yapmak ve b\u00f6ylece i\u00e7indeki bitki ve biber kar\u0131\u015f\u0131m\u0131n\u0131n renkli dokusunu vurgulamak i\u00e7in Kanadal\u0131 bir g\u0131da markas\u0131yla birlikte \u00e7al\u0131\u015ft\u0131k. Hava ge\u00e7irmez yap\u0131, baharatlar\u0131n uzak mesafelerden g\u00f6nderildiklerinde veya rafa yerle\u015ftirildiklerinde bile taze kalmalar\u0131n\u0131 ve g\u00fczel kokmalar\u0131n\u0131 sa\u011fl\u0131yor.<\/p>\n<p>Ambalaj de\u011fi\u015fikli\u011finden sonra marka, perakende sat\u0131\u015flarda 28%'lik bir art\u0131\u015f ve marka \u200d\u200d\u200d\u200d\u200d\u200d fark\u0131ndal\u0131\u011f\u0131nda \u00f6nemli bir art\u0131\u015f ya\u015fad\u0131.<\/p>\n<h2>\u00d6zelle\u015ftirme K\u0131lavuzunuz<\/h2>\n<ol>\n<li><strong>\u015ei\u015fe\u200d\u200d\u200d\u200d\u200d\u200d\u200d Kapak:<\/strong> \u015ei\u015fenin d\u0131\u015f k\u0131sm\u0131 metal, bambu veya plastikten yap\u0131labilir ve renk, farkl\u0131 stil ihtiya\u00e7lar\u0131n\u0131 kar\u015f\u0131lamak i\u00e7in siyah, alt\u0131n ve g\u00fcm\u00fc\u015f gibi geni\u015f bir renk yelpazesinden se\u00e7ilebilir.<\/li>\n<li><strong>Hacim Se\u00e7enekleri:<\/strong> \u00dcr\u00fcn\u00fcn 80ml, 120ml ve 150ml gibi farkl\u0131 boyutlarda mevcut olmas\u0131na ne dersiniz? O zaman bir ev kullan\u0131c\u0131s\u0131, bir yemek \u015firketi veya ticari bir m\u00fc\u015fteri kendisi i\u00e7in en uygun olan\u0131n hangisi oldu\u011funa karar verebilir.<\/li>\n<li><strong>Cam \u015ei\u015fe:<\/strong> Buzlu veya \u015feffaf kaplamal\u0131 yuvarlak veya kare bir \u015fi\u015fe, baharatlar i\u00e7in markan\u0131n konumland\u0131rmas\u0131na ve pazar \u200d\u200d\u200d\u200d\u200d\u200d\u200dtrendlerine daha uygun m\u00fckemmel bir cam kapt\u0131r.<\/li>\n<\/ol>","protected":false},"excerpt":{"rendered":"<p>Cam baharat kab\u0131m\u0131zla baharatlar\u0131n\u0131z\u0131 taze ve d\u00fczenli tutun. Bu dayan\u0131kl\u0131 baharat kavanozlar\u0131, hava ge\u00e7irmez, \u015f\u0131k mutfak saklama i\u00e7in metal bir kapa\u011fa sahiptir.<\/p>","protected":false},"featured_media":23321,"template":"","meta":[],"product_brand":[],"product_cat":[122,124,128],"product_tag":[],"class_list":{"0":"post-23317","1":"product","2":"type-product","3":"status-publish","4":"has-post-thumbnail","6":"product_cat-custom-glass-packaging","7":"product_cat-custom-glass-jars","8":"product_cat-spice-jars","10":"first","11":"instock","12":"shipping-taxable","13":"product-type-simple"},"jetpack_sharing_enabled":true,"_links":{"self":[{"href":"https:\/\/yebodaglass.com\/tr\/wp-json\/wp\/v2\/product\/23317","targetHints":{"allow":["GET"]}}],"collection":[{"href":"https:\/\/yebodaglass.com\/tr\/wp-json\/wp\/v2\/product"}],"about":[{"href":"https:\/\/yebodaglass.com\/tr\/wp-json\/wp\/v2\/types\/product"}],"version-history":[{"count":4,"href":"https:\/\/yebodaglass.com\/tr\/wp-json\/wp\/v2\/product\/23317\/revisions"}],"predecessor-version":[{"id":23325,"href":"https:\/\/yebodaglass.com\/tr\/wp-json\/wp\/v2\/product\/23317\/revisions\/23325"}],"wp:featuredmedia":[{"embeddable":true,"href":"https:\/\/yebodaglass.com\/tr\/wp-json\/wp\/v2\/media\/23321"}],"wp:attachment":[{"href":"https:\/\/yebodaglass.com\/tr\/wp-json\/wp\/v2\/media?parent=23317"}],"wp:term":[{"taxonomy":"product_brand","embeddable":true,"href":"https:\/\/yebodaglass.com\/tr\/wp-json\/wp\/v2\/product_brand?post=23317"},{"taxonomy":"product_cat","embeddable":true,"href":"https:\/\/yebodaglass.com\/tr\/wp-json\/wp\/v2\/product_cat?post=23317"},{"taxonomy":"product_tag","embeddable":true,"href":"https:\/\/yebodaglass.com\/tr\/wp-json\/wp\/v2\/product_tag?post=23317"}],"curies":[{"name":"wp","href":"https:\/\/api.w.org\/{rel}","templated":true}]}}