{"id":23307,"date":"2025-11-06T14:24:09","date_gmt":"2025-11-06T06:24:09","guid":{"rendered":"https:\/\/yebodaglass.com\/?post_type=product&#038;p=23307"},"modified":"2025-11-06T16:53:42","modified_gmt":"2025-11-06T08:53:42","slug":"custom-textured-bbq-sauce-bottles-for-canning","status":"publish","type":"product","link":"https:\/\/yebodaglass.com\/tr\/custom-textured-bbq-sauce-bottles-for-canning\/","title":{"rendered":"Konserveleme \u0130\u00e7in \u00d6zel Dokulu Barbek\u00fc Sos \u015ei\u015feleri 375ml 500ml"},"content":{"rendered":"<p>Bu barbek\u00fc sos \u015fi\u015feleri, yaln\u0131zca iyi bir tutu\u015f ve birinci s\u0131n\u0131f bir his sa\u011flamakla kalmay\u0131p ayn\u0131 zamanda stil ve i\u015flevselli\u011fi de birle\u015ftiren sa\u011flam, a\u011f\u0131r, \u015feffaf, yatay dokulu bir cam g\u00f6vdeyle birlikte gelir.<\/p>\n<h2>\u00dcr\u00fcn \u00d6zellikleri<\/h2>\n<ul>\n<li><strong>Daha \u0130yi Tutu\u015f:<\/strong> Yatay dokusu sayesinde kullan\u0131c\u0131ya sa\u011flam, kaymayan bir tutu\u015f imkan\u0131 sa\u011flar, b\u00f6ylece al\u0131p d\u00f6kmek daha g\u00fcvenli ve rahat hale gelir.<\/li>\n<li><strong>\u015eeffaf Cam:<\/strong> \u015eeffaf cam hazne, kullan\u0131c\u0131lar\u0131n kalan sosun rengini ve miktar\u0131n\u0131 g\u00f6rsel olarak kontrol etmelerine olanak tan\u0131r.<\/li>\n<li><strong>\u0130ki Boyut Se\u00e7ene\u011fi:<\/strong> \u00dcr\u00fcn, farkl\u0131 ihtiya\u00e7lara cevap verecek \u015fekilde iki farkl\u0131 boyutta sunuluyor, bu sayede g\u00fcnl\u00fck aile kullan\u0131m\u0131, yemek porsiyonlama vb. i\u00e7in ideal bir tercih oluyor.<\/li>\n<\/ul>\n<h2 style=\"text-align: left;\">Temel \u00d6zellikler<\/h2>\n<table class=\"aligncenter\" style=\"border-collapse: collapse; width: 462.77pt;\" border=\"0\" width=\"617\" cellspacing=\"0\" cellpadding=\"0\">\n<tbody>\n<tr style=\"height: 13.50pt;\">\n<td style=\"height: 13.50pt; width: 116.25pt;\" width=\"155\" height=\"18\">\u00d6zellik<\/td>\n<td style=\"width: 346.50pt;\" width=\"462\">\u015eartname<\/td>\n<\/tr>\n<tr style=\"height: 13.50pt;\">\n<td style=\"height: 13.50pt;\" height=\"18\">Kapasiteler<\/td>\n<td>375 ml, 500 ml<\/td>\n<\/tr>\n<tr style=\"height: 13.50pt;\">\n<td style=\"height: 13.50pt;\" height=\"18\">Paketleme Boyutu<\/td>\n<td>20 \u00d7 15 \u00d7 15 cm (her iki boyutta da ayn\u0131d\u0131r)<\/td>\n<\/tr>\n<tr style=\"height: 13.50pt;\">\n<td style=\"height: 13.50pt;\" height=\"18\">\u015eekil<\/td>\n<td>Dikey dokulu stout \u015fi\u015fe<\/td>\n<\/tr>\n<tr style=\"height: 13.50pt;\">\n<td style=\"height: 13.50pt;\" height=\"18\">Malzeme<\/td>\n<td>\u015eeffaf cam stout, g\u0131da s\u0131n\u0131f\u0131, kur\u015funsuz<\/td>\n<\/tr>\n<tr style=\"height: 13.50pt;\">\n<td style=\"height: 13.50pt;\" height=\"18\">Kapatma Se\u00e7enekleri<\/td>\n<td>Siyah, alt\u0131n veya \u00f6zel vidal\u0131 kapatma<\/td>\n<\/tr>\n<tr style=\"height: 13.50pt;\">\n<td style=\"height: 13.50pt;\" height=\"18\">En \u0130yisi \u0130\u00e7in<\/td>\n<td>Ac\u0131 sos, sos, domates sosu<\/td>\n<\/tr>\n<tr style=\"height: 13.50pt;\">\n<td style=\"height: 13.50pt;\" height=\"18\">\u0130deal Kullan\u0131m<\/td>\n<td>Barbek\u00fc sos \u015fi\u015fesi, konserve i\u00e7in toplu ac\u0131 sos \u015fi\u015feleri<\/td>\n<\/tr>\n<\/tbody>\n<\/table>\n<h2>Ba\u015far\u0131 Hikayesi: Dokunun \u00dcr\u00fcn Konumland\u0131rmas\u0131nda Nas\u0131l \u00d6nemli Bir Rol Oynad\u0131\u011f\u0131<\/h2>\n<p>Sadece ABD pazar\u0131 i\u00e7in el yap\u0131m\u0131 barbek\u00fc soslar\u0131 \u00fcreten bir \u00e7e\u015fni \u015firketi, amiral gemisi barbek\u00fc sosu serisi i\u00e7in bu dokulu \u015fi\u015fe tasar\u0131m\u0131n\u0131 kullanmaya karar verdi. Birinci s\u0131n\u0131f g\u00f6r\u00fcn\u00fcm ve daha iyi tutu\u015f sayesinde fiyatlar\u0131 artarken, nakliye s\u0131ras\u0131nda k\u0131r\u0131lma vakalar\u0131 oran\u0131nda azald\u0131. B\u00f6ylece, y\u0131l\u0131n ilk yar\u0131s\u0131nda m\u00fc\u015fteriyle temasa dayal\u0131 etkile\u015fim, perakende i\u015f ortaklar\u0131 taraf\u0131ndan da onaylanan sat\u0131\u015flarda &#039;lik bir art\u0131\u015fa yol a\u00e7t\u0131. \u015eirket, her iki ayda bir her iki boyutta da 200.000 \u015fi\u015fe sipari\u015f veriyor.<\/p>\n<h2>\u015ei\u015fe Ki\u015fiselle\u015ftirme \u0130pu\u00e7lar\u0131<\/h2>\n<ul>\n<li><strong>\u00d6zelle\u015ftirilmi\u015f \u015eapka Rengi:<\/strong> Alt\u0131n ve siyah renklerinin yan\u0131 s\u0131ra marka renginize uygun kapak rengini de se\u00e7menize olanak tan\u0131yor.<\/li>\n<li><strong>Cam Renk Se\u00e7enekleri:<\/strong> Dokulu tasar\u0131mlar\u0131n yan\u0131 s\u0131ra, \u015firket \u0131\u015f\u0131ktan korunmak i\u00e7in kehribar veya ye\u015fil cam \u015fi\u015fe se\u00e7ene\u011fi de sunuyor.<\/li>\n<li><strong>Marka Logosu Kabartmas\u0131:<\/strong> Daha incelikli bir marka imaj\u0131 i\u00e7in logonuzu dokulu desenin i\u00e7ine kabartarak markala\u015ft\u0131r\u0131n.<\/li>\n<li><strong>Doku Biti\u015f \u00c7e\u015fitlili\u011fi:<\/strong> Daha belirgin bir tutu\u015f veya daha yumu\u015fak bir doku efekti isteyip istemedi\u011finize ba\u011fl\u0131 olarak doku biti\u015fini daha s\u0131\u011f veya daha derin olarak belirleyebilirsiniz.<\/li>\n<\/ul>","protected":false},"excerpt":{"rendered":"<p>\u015e\u0131k cam dokusuyla konserveleme i\u00e7in y\u00fcksek kaliteli ac\u0131 sos \u015fi\u015feleri. K\u00fc\u00e7\u00fck markalar veya restoran ambalajlar\u0131 i\u00e7in ideal barbek\u00fc sos \u015fi\u015fesi. \u00dccretsiz numuneler.<\/p>","protected":false},"featured_media":23310,"template":"","meta":[],"product_brand":[],"product_cat":[123,122,129],"product_tag":[],"class_list":{"0":"post-23307","1":"product","2":"type-product","3":"status-publish","4":"has-post-thumbnail","6":"product_cat-custom-glass-bottles","7":"product_cat-custom-glass-packaging","8":"product_cat-hot-sauce-bottles","10":"first","11":"instock","12":"shipping-taxable","13":"product-type-simple"},"jetpack_sharing_enabled":true,"_links":{"self":[{"href":"https:\/\/yebodaglass.com\/tr\/wp-json\/wp\/v2\/product\/23307","targetHints":{"allow":["GET"]}}],"collection":[{"href":"https:\/\/yebodaglass.com\/tr\/wp-json\/wp\/v2\/product"}],"about":[{"href":"https:\/\/yebodaglass.com\/tr\/wp-json\/wp\/v2\/types\/product"}],"version-history":[{"count":5,"href":"https:\/\/yebodaglass.com\/tr\/wp-json\/wp\/v2\/product\/23307\/revisions"}],"predecessor-version":[{"id":23326,"href":"https:\/\/yebodaglass.com\/tr\/wp-json\/wp\/v2\/product\/23307\/revisions\/23326"}],"wp:featuredmedia":[{"embeddable":true,"href":"https:\/\/yebodaglass.com\/tr\/wp-json\/wp\/v2\/media\/23310"}],"wp:attachment":[{"href":"https:\/\/yebodaglass.com\/tr\/wp-json\/wp\/v2\/media?parent=23307"}],"wp:term":[{"taxonomy":"product_brand","embeddable":true,"href":"https:\/\/yebodaglass.com\/tr\/wp-json\/wp\/v2\/product_brand?post=23307"},{"taxonomy":"product_cat","embeddable":true,"href":"https:\/\/yebodaglass.com\/tr\/wp-json\/wp\/v2\/product_cat?post=23307"},{"taxonomy":"product_tag","embeddable":true,"href":"https:\/\/yebodaglass.com\/tr\/wp-json\/wp\/v2\/product_tag?post=23307"}],"curies":[{"name":"wp","href":"https:\/\/api.w.org\/{rel}","templated":true}]}}