{"id":23286,"date":"2025-11-05T17:28:17","date_gmt":"2025-11-05T09:28:17","guid":{"rendered":"https:\/\/yebodaglass.com\/?post_type=product&#038;p=23286"},"modified":"2026-03-18T16:18:23","modified_gmt":"2026-03-18T08:18:23","slug":"200ml-spherical-glass-spices-jar-with-grinder-bulk","status":"publish","type":"product","link":"https:\/\/yebodaglass.com\/tr\/200ml-spherical-glass-spices-jar-with-grinder-bulk\/","title":{"rendered":"200 ml K\u00fcresel Cam Baharat Kavanozu \u00d6\u011f\u00fct\u00fcc\u00fcl\u00fc Toplu"},"content":{"rendered":"<p>Baharat kavanozu, \u00f6zel, k\u00fcresel, \u015feffaf cam g\u00f6vdeye ve paslanmaz \u00e7elikten yap\u0131lm\u0131\u015f, elle \u00f6\u011f\u00fctme \u00f6zelli\u011fine sahip \u015f\u0131k bir \u00f6\u011f\u00fct\u00fcc\u00fc ba\u015fl\u0131\u011fa sahiptir.<\/p>\n<h2>\u00dcr\u00fcn \u00d6zellikleri<\/h2>\n<ul>\n<li><strong>\u015eeffaf K\u00fcresel Cam Kavanoz:<\/strong> Cam kavanoz, i\u00e7indeki t\u00fcm baharatlar\u0131 g\u00fczel bir \u015fekilde sergileyen ve eczac\u0131n\u0131n zevkini yans\u0131tan, k\u00fcresel, \u015feffaf bir cam kavanozdur.<\/li>\n<li><strong>Entegre Paslanmaz \u00c7elik \u00d6\u011f\u00fct\u00fcc\u00fc:<\/strong> Metal koninin i\u00e7inde dahili bir \u00f6\u011f\u00fct\u00fcc\u00fc bulunur ve metal koniyi \u00e7evirerek taze baharatlar \u00f6\u011f\u00fct\u00fclebilir.<\/li>\n<li><strong>Paslanmaz \u00c7elik Malzeme:<\/strong> F\u0131r\u00e7alanm\u0131\u015f metal koni ve kapak, dayan\u0131kl\u0131, kolay temizlenebilen ve korozyona dayan\u0131kl\u0131 metal kalitelerinden \u00fcretilmi\u015ftir.<\/li>\n<\/ul>\n<h2>Temel \u00d6zellikler<\/h2>\n<table style=\"border-collapse: collapse; width: 80%; margin-left: auto; margin-right: auto;\" border=\"0\" width=\"144\" cellspacing=\"0\" cellpadding=\"0\">\n<tbody>\n<tr style=\"height: 13.50pt;\">\n<td style=\"height: 13.5pt; width: 54pt; text-align: center;\" width=\"72\" height=\"18\">Kapasite<\/td>\n<td style=\"width: 54pt; text-align: center;\" width=\"72\">200 ml<\/td>\n<\/tr>\n<tr style=\"height: 13.50pt;\">\n<td style=\"height: 13.5pt; text-align: center;\" height=\"18\">Boyut (cm)<\/td>\n<td style=\"text-align: center;\">8.0 * 12.5<\/td>\n<\/tr>\n<tr style=\"height: 13.50pt;\">\n<td style=\"height: 13.5pt; text-align: center;\" height=\"18\">\u015eekil<\/td>\n<td style=\"text-align: center;\">Yuvarlak<\/td>\n<\/tr>\n<tr style=\"height: 13.50pt;\">\n<td style=\"height: 13.5pt; text-align: center;\" height=\"18\">Aksesuar<\/td>\n<td style=\"text-align: center;\">\u00d6\u011f\u00fctme kapa\u011f\u0131<\/td>\n<\/tr>\n<tr style=\"height: 13.50pt;\">\n<td style=\"height: 13.5pt; text-align: center;\" height=\"18\">Kullan\u0131m<\/td>\n<td style=\"text-align: center;\">Karabiber veya deniz tuzu vb.<\/td>\n<\/tr>\n<\/tbody>\n<\/table>\n<h2>Ba\u015far\u0131 Hikayesi<\/h2>\n<p>Baharat kavanozu tasar\u0131mlar\u0131m\u0131zdan biri Pasifik Kuzeybat\u0131&#039;daki \u00f6zel bir ma\u011faza taraf\u0131ndan se\u00e7ildi ve \u00e7elik koni \u00fczerine kum p\u00fcsk\u00fcrtme tekni\u011fiyle bir logo tasarland\u0131. Bu program harika sonu\u00e7lar verdi; \u00f6nceden paketlenmi\u015f karabiber ve deniz tuzu sat\u0131\u015flar\u0131, torbal\u0131 \u00fcr\u00fcnlere g\u00f6re artt\u0131. \u00d6\u011f\u00fct\u00fcc\u00fc ar\u0131zalar\u0131ndan kaynaklanan iadeleri neredeyse tamamen ortadan kald\u0131rma ba\u015far\u0131s\u0131 elde edildi. Bu y\u00fcksek sat\u0131\u015f seviyesine dayanarak, kaliteli sar\u0131msak ve toz haline getirilmi\u015f t\u00fcts\u00fclenmi\u015f k\u0131rm\u0131z\u0131 biber gibi yeni \u00fcr\u00fcnler sunma niyetiyle 600.000 kavanozluk ba\u015fka bir sipari\u015f verdiler.<\/p>\n<h2>\u00d6zelle\u015ftirme\u00a0<strong>Baharat Cam Kavanozlar\u0131<\/strong><\/h2>\n<ol>\n<li><strong>Ta\u015flama\u200b\u200d\u200b\u200c\u200d\u200b\u200d\u200c\u200b\u200d\u200b\u200c\u200d\u200b\u200d\u200c Bile\u015fen Malzemeleri:<\/strong> Kullanaca\u011f\u0131n\u0131z baharat\u0131n \u00e7e\u015fidine g\u00f6re al\u00fcmina seramik veya paslanmaz \u00e7elik tercih edin.<\/li>\n<li><strong>\u015eekiller ve Tasar\u0131mlar:<\/strong> \u00d6\u011f\u00fct\u00fcc\u00fcn\u00fcn \u015feklini kendi tarz\u0131n\u0131za veya mutfa\u011f\u0131n\u0131z\u0131n tarz\u0131na uyacak \u015fekilde yuvarlak, kare veya konik olarak de\u011fi\u015ftirin.<\/li>\n<li><strong>Desenler ve Renkler:<\/strong> Benzersiz bir g\u00f6r\u00fcn\u00fcm i\u00e7in logolar, desenler veya renklerle s\u00fcsleyin.<\/li>\n<\/ol>","protected":false},"excerpt":{"rendered":"<p>Paslanmaz \u00e7elik \u00f6\u011f\u00fct\u00fcc\u00fc kapakl\u0131 \u015f\u0131k cam baharat kavanozlar\u0131, karabiber, tuz veya baharatlar\u0131 saklamak ve \u00f6\u011f\u00fctmek i\u00e7in m\u00fckemmeldir. Dayan\u0131kl\u0131 ve zarif bir baharat kavanozu se\u00e7ene\u011fidir.<\/p>","protected":false},"featured_media":23287,"template":"","meta":[],"product_brand":[],"product_cat":[128,124,122],"product_tag":[],"class_list":{"0":"post-23286","1":"product","2":"type-product","3":"status-publish","4":"has-post-thumbnail","6":"product_cat-spice-jars","7":"product_cat-custom-glass-jars","8":"product_cat-custom-glass-packaging","10":"first","11":"instock","12":"shipping-taxable","13":"product-type-simple"},"jetpack_sharing_enabled":true,"_links":{"self":[{"href":"https:\/\/yebodaglass.com\/tr\/wp-json\/wp\/v2\/product\/23286","targetHints":{"allow":["GET"]}}],"collection":[{"href":"https:\/\/yebodaglass.com\/tr\/wp-json\/wp\/v2\/product"}],"about":[{"href":"https:\/\/yebodaglass.com\/tr\/wp-json\/wp\/v2\/types\/product"}],"version-history":[{"count":5,"href":"https:\/\/yebodaglass.com\/tr\/wp-json\/wp\/v2\/product\/23286\/revisions"}],"predecessor-version":[{"id":25501,"href":"https:\/\/yebodaglass.com\/tr\/wp-json\/wp\/v2\/product\/23286\/revisions\/25501"}],"wp:featuredmedia":[{"embeddable":true,"href":"https:\/\/yebodaglass.com\/tr\/wp-json\/wp\/v2\/media\/23287"}],"wp:attachment":[{"href":"https:\/\/yebodaglass.com\/tr\/wp-json\/wp\/v2\/media?parent=23286"}],"wp:term":[{"taxonomy":"product_brand","embeddable":true,"href":"https:\/\/yebodaglass.com\/tr\/wp-json\/wp\/v2\/product_brand?post=23286"},{"taxonomy":"product_cat","embeddable":true,"href":"https:\/\/yebodaglass.com\/tr\/wp-json\/wp\/v2\/product_cat?post=23286"},{"taxonomy":"product_tag","embeddable":true,"href":"https:\/\/yebodaglass.com\/tr\/wp-json\/wp\/v2\/product_tag?post=23286"}],"curies":[{"name":"wp","href":"https:\/\/api.w.org\/{rel}","templated":true}]}}