{"id":23277,"date":"2025-11-05T16:32:10","date_gmt":"2025-11-05T08:32:10","guid":{"rendered":"https:\/\/yebodaglass.com\/?post_type=product&#038;p=23277"},"modified":"2026-03-19T11:29:08","modified_gmt":"2026-03-19T03:29:08","slug":"cylindrical-airtight-spice-jars-with-stainless-lid-bulk","status":"publish","type":"product","link":"https:\/\/yebodaglass.com\/tr\/cylindrical-airtight-spice-jars-with-stainless-lid-bulk\/","title":{"rendered":"100 ml Silindir \u015eeklinde Hava Ge\u00e7irmez Baharat Kavanozlar\u0131, Paslanmaz \u00c7elik Kapakl\u0131, Toplu Sat\u0131\u015f"},"content":{"rendered":"<p>Bu hava ge\u00e7irmez baharat kavanozlar\u0131, y\u00fcksek kaliteli, \u015feffaf camdan yap\u0131lm\u0131\u015f, silindirik ve p\u00fcr\u00fczs\u00fcz bir yap\u0131ya sahiptir ve kapaklar\u0131 paslanmaz \u00e7elikten \u00fcretilmi\u015ftir. Baharatlar\u0131 iyi muhafaza ettikleri i\u00e7in kilerde veya mutfak tezgah\u0131nda baharat saklamak i\u00e7in kullan\u0131labilirler.<\/p>\n<h2>\u00dcr\u00fcn \u00d6zellikleri<\/h2>\n<ul>\n<li><strong>Net Silindirik Tasar\u0131m:<\/strong> Cam duvarlar d\u00fcz, taban d\u00fczd\u00fcr; bu da \u00e7ok sa\u011flam bir yap\u0131 sa\u011flar ve i\u00e7indekilerin ve doluluk seviyelerinin tamamen g\u00f6r\u00fcn\u00fcr olmas\u0131na olanak tan\u0131r.<\/li>\n<li><strong>Hava ge\u00e7irmez paslanmaz \u00e7elik kapak:<\/strong> Vidal\u0131 kapak, lezzet ve aromay\u0131 i\u00e7eride tutmak i\u00e7in g\u00fcvenilir, hava ge\u00e7irmez bir kapak sa\u011flamak \u00fczere f\u0131r\u00e7alanm\u0131\u015f paslanmaz \u00e7elikten yap\u0131lm\u0131\u015ft\u0131r.<\/li>\n<li><strong>Kolay Temizlenir ve Bak\u0131m\u0131 Kolayd\u0131r:<\/strong> Cam ve paslanmaz \u00e7elik, \u0131s\u0131ya dayan\u0131kl\u0131, kolay temizlenebilen, yeniden doldurulabilen, \u00e7evre dostu ve mutfakta uzun s\u00fcre kullan\u0131labilen malzemelerdir.<\/li>\n<\/ul>\n<h2>Temel \u00d6zellikler<\/h2>\n<table style=\"border-collapse: collapse; width: 80%; margin-left: auto; margin-right: auto;\" border=\"0\" width=\"144\" cellspacing=\"0\" cellpadding=\"0\">\n<tbody>\n<tr style=\"height: 13.50pt;\">\n<td style=\"height: 13.5pt; width: 54pt; text-align: center;\" width=\"72\" height=\"18\">Kapasite<\/td>\n<td style=\"width: 54pt; text-align: center;\" width=\"72\">100 ml<\/td>\n<\/tr>\n<tr style=\"height: 13.50pt;\">\n<td style=\"height: 13.5pt; text-align: center;\" height=\"18\">Boyut (cm)<\/td>\n<td style=\"text-align: center;\">4,3 x 9,4<\/td>\n<\/tr>\n<tr style=\"height: 13.50pt;\">\n<td style=\"height: 13.5pt; text-align: center;\" height=\"18\">\u015eekil<\/td>\n<td style=\"text-align: center;\">Silindir<\/td>\n<\/tr>\n<tr style=\"height: 13.50pt;\">\n<td style=\"height: 13.5pt; text-align: center;\" height=\"18\">Renk<\/td>\n<td style=\"text-align: center;\">Temizle veya \u00f6zel<\/td>\n<\/tr>\n<tr style=\"height: 13.50pt;\">\n<td style=\"height: 13.5pt; text-align: center;\" height=\"18\">Kullan\u0131m<\/td>\n<td style=\"text-align: center;\">Biber, tuz, \u015feker, kahve tozu gibi kuru baharatlar i\u00e7in<\/td>\n<\/tr>\n<\/tbody>\n<\/table>\n<h2>Ba\u015far\u0131 Hikayesi<\/h2>\n<p>Hava ge\u00e7irmez baharat kavanozlar\u0131m\u0131z, ki\u015fiselle\u015ftirilmi\u015f marka \u00f6l\u00e7\u00fc etiketlerimiz ve silikon s\u0131zd\u0131rmazl\u0131k halkalar\u0131m\u0131z, ulusal bir sa\u011fl\u0131kl\u0131 g\u0131da ma\u011fazalar\u0131 zinciri taraf\u0131ndan sipari\u015f edildi. Bulgular etkileyiciydi: Baharat halkalar\u0131n\u0131n en iyi s\u0131zd\u0131rmazl\u0131k performans\u0131, tar\u00e7\u0131n ve hindistan cevizi gibi higroskopik baharatlar\u0131n raf \u00f6mr\u00fcn\u00fc oran\u0131nda art\u0131rarak israf\u0131 azaltt\u0131. Cam kavanozlar \u015feffaft\u0131 ve \u00e7al\u0131\u015fanlar\u0131n optimum stok seviyelerini korumalar\u0131na yard\u0131mc\u0131 olan ve ayr\u0131ca stok yenileme i\u00e7in harcanan zamandan tasarruf sa\u011flayan baz\u0131 i\u015faretlere sahipti. Bu iyi performans \u00fczerine, sistemi toplu \u00e7ay ve besleyici toz \u00fcr\u00fcn hatlar\u0131na da geni\u015fletmeyi ama\u00e7layarak 220.000 adet daha sipari\u015f verdiler.<\/p>\n<h2>\u00d6zelle\u015ftirme\u00a0<strong>Baharat Saklama Kab\u0131<\/strong><\/h2>\n<ol>\n<li><strong>Kapak malzemesi ve rengi uyarlanabilir:<\/strong> \u00c7e\u015fitli markal\u0131 mutfak koleksiyonlar\u0131n\u0131n g\u00f6r\u00fcn\u00fcm\u00fcn\u00fc uyumlu hale getirmek i\u00e7in d\u00f6rt farkl\u0131 kapak stili (f\u0131r\u00e7alanm\u0131\u015f paslanmaz \u00e7elik, mat siyah, g\u00fcl alt\u0131n veya bak\u0131r) mevcuttur.<\/li>\n<li><strong>Cam kavanoz y\u00fczeyi:<\/strong> \u015eeffaf kavanoz, buzlu veya kumlanm\u0131\u015f hale getirilebiliyor ve ayr\u0131ca marka logolar\u0131 veya derecelendirmelerle bas\u0131labiliyor, b\u00f6ylece g\u00fczellik ve i\u015flevsellik bir araya getirilebiliyor.<\/li>\n<li><strong>Boyutlar\u0131 \u015fu \u015fekilde olabilir:<\/strong> Herhangi bir miktarda baharat, \u00e7ay veya kurutulmu\u015f g\u0131dan\u0131n depolanmas\u0131na olanak sa\u011flamak i\u00e7in sipari\u015f \u00fczerine yap\u0131l\u0131r.<\/li>\n<\/ol>","protected":false},"excerpt":{"rendered":"<p>Paslanmaz \u00e7elik kapakl\u0131 ve \u015feffaf g\u00f6vdeli, hava ge\u00e7irmez birinci s\u0131n\u0131f baharat kavanozlar\u0131. Mutfak d\u00fczeni i\u00e7in m\u00fckemmel, \u015f\u0131k baharat saklama kab\u0131. Fabrikadan do\u011frudan tedarik.<\/p>","protected":false},"featured_media":23278,"template":"","meta":[],"product_brand":[],"product_cat":[124,122,128],"product_tag":[],"class_list":{"0":"post-23277","1":"product","2":"type-product","3":"status-publish","4":"has-post-thumbnail","6":"product_cat-custom-glass-jars","7":"product_cat-custom-glass-packaging","8":"product_cat-spice-jars","10":"first","11":"instock","12":"shipping-taxable","13":"product-type-simple"},"jetpack_sharing_enabled":true,"_links":{"self":[{"href":"https:\/\/yebodaglass.com\/tr\/wp-json\/wp\/v2\/product\/23277","targetHints":{"allow":["GET"]}}],"collection":[{"href":"https:\/\/yebodaglass.com\/tr\/wp-json\/wp\/v2\/product"}],"about":[{"href":"https:\/\/yebodaglass.com\/tr\/wp-json\/wp\/v2\/types\/product"}],"version-history":[{"count":5,"href":"https:\/\/yebodaglass.com\/tr\/wp-json\/wp\/v2\/product\/23277\/revisions"}],"predecessor-version":[{"id":25515,"href":"https:\/\/yebodaglass.com\/tr\/wp-json\/wp\/v2\/product\/23277\/revisions\/25515"}],"wp:featuredmedia":[{"embeddable":true,"href":"https:\/\/yebodaglass.com\/tr\/wp-json\/wp\/v2\/media\/23278"}],"wp:attachment":[{"href":"https:\/\/yebodaglass.com\/tr\/wp-json\/wp\/v2\/media?parent=23277"}],"wp:term":[{"taxonomy":"product_brand","embeddable":true,"href":"https:\/\/yebodaglass.com\/tr\/wp-json\/wp\/v2\/product_brand?post=23277"},{"taxonomy":"product_cat","embeddable":true,"href":"https:\/\/yebodaglass.com\/tr\/wp-json\/wp\/v2\/product_cat?post=23277"},{"taxonomy":"product_tag","embeddable":true,"href":"https:\/\/yebodaglass.com\/tr\/wp-json\/wp\/v2\/product_tag?post=23277"}],"curies":[{"name":"wp","href":"https:\/\/api.w.org\/{rel}","templated":true}]}}