{"id":23258,"date":"2025-11-05T13:20:07","date_gmt":"2025-11-05T05:20:07","guid":{"rendered":"https:\/\/yebodaglass.com\/?post_type=product&#038;p=23258"},"modified":"2026-03-24T13:44:04","modified_gmt":"2026-03-24T05:44:04","slug":"wholesale-clear-empty-glass-bottles-for-hot-sauce","status":"publish","type":"product","link":"https:\/\/yebodaglass.com\/tr\/wholesale-clear-empty-glass-bottles-for-hot-sauce\/","title":{"rendered":"Toptan 8oz \u015eeffaf Bo\u015f Cam \u015ei\u015feler Ac\u0131 Sos \u0130\u00e7in"},"content":{"rendered":"<p>Ac\u0131 sos \u015fi\u015feleri, \u015f\u0131k, y\u00fcksek belli, silindirik bir \u015fekle sahip olup, zarif, kristal berrakl\u0131\u011f\u0131nda camdan yap\u0131lm\u0131\u015ft\u0131r ve hava ge\u00e7irmez bir s\u0131zd\u0131rmazl\u0131k sa\u011flamak i\u00e7in \u015f\u0131k siyah bir vidal\u0131 kapa\u011fa sahiptir.<\/p>\n<h2>\u00dcr\u00fcn \u00d6zellikleri<\/h2>\n<ul>\n<li><strong>Kavisli Sap:<\/strong> Konik \u015fekli, el kaygan olsa bile kolayca kavramay\u0131 sa\u011flar ve daha istikrarl\u0131 ve rahat bir d\u00f6kme i\u015flemi sunar.<\/li>\n<li><strong>Y\u00fcksek G\u00f6r\u00fcn\u00fcrl\u00fckl\u00fc \u015eeffaf Cam:<\/strong> Cam \u015fi\u015fe, soslar\u0131n, baharatlar\u0131n veya yemeklik ya\u011flar\u0131n parlak renklerini ve dokular\u0131n\u0131 g\u00f6rsel olarak \u00f6n plana \u00e7\u0131kar\u0131r.<\/li>\n<li><strong>G\u00fcvenli Siyah M\u00fch\u00fcr:<\/strong> Parlak siyah vidal\u0131 kapak, i\u00e7indekilerin taze kalmas\u0131n\u0131 ve s\u0131zmamas\u0131n\u0131 sa\u011flar.<\/li>\n<\/ul>\n<h2 style=\"text-align: left;\">Temel \u00d6zellikler<\/h2>\n<table class=\"aligncenter\" style=\"border-collapse: collapse; width: 399.02pt;\" border=\"0\" width=\"532\" cellspacing=\"0\" cellpadding=\"0\">\n<tbody>\n<tr style=\"height: 13.50pt;\">\n<td style=\"height: 13.50pt; width: 94.50pt;\" width=\"126\" height=\"18\">\u00d6zellik<\/td>\n<td style=\"width: 304.50pt;\" width=\"406\">\u015eartname<\/td>\n<\/tr>\n<tr style=\"height: 13.50pt;\">\n<td style=\"height: 13.50pt;\" height=\"18\">Kapasite<\/td>\n<td>250 ml (8 oz)<\/td>\n<\/tr>\n<tr style=\"height: 13.50pt;\">\n<td style=\"height: 13.50pt;\" height=\"18\">Boyutlar<\/td>\n<td>5,2 cm (\u00e7ap) \u00d7 18,8 cm (y\u00fckseklik)<\/td>\n<\/tr>\n<tr style=\"height: 13.50pt;\">\n<td style=\"height: 13.50pt;\" height=\"18\">\u015eekil<\/td>\n<td>Uzun boyunlu ince silindirik<\/td>\n<\/tr>\n<tr style=\"height: 13.50pt;\">\n<td style=\"height: 13.50pt;\" height=\"18\">Malzeme<\/td>\n<td>\u015eeffaf cam stout, g\u0131da s\u0131n\u0131f\u0131, kur\u015funsuz<\/td>\n<\/tr>\n<tr style=\"height: 13.50pt;\">\n<td style=\"height: 13.50pt;\" height=\"18\">Kapan\u0131\u015f<\/td>\n<td>siyah vidal\u0131 kapak (\u00f6zelle\u015ftirilebilir)<\/td>\n<\/tr>\n<tr style=\"height: 13.50pt;\">\n<td style=\"height: 13.50pt;\" height=\"18\">En \u0130yisi \u0130\u00e7in<\/td>\n<td>Ac\u0131 sos, barbek\u00fc sosu, \u00e7e\u015fni, sos<\/td>\n<\/tr>\n<tr style=\"height: 13.50pt;\">\n<td style=\"height: 13.50pt;\" height=\"18\">\u0130deal Kullan\u0131m<\/td>\n<td>Ac\u0131 sos \u015fi\u015feleri, ac\u0131 sos i\u00e7in toplu \u015fi\u015feler<\/td>\n<\/tr>\n<\/tbody>\n<\/table>\n<h2>Ba\u015far\u0131 Hikayesi<\/h2>\n<p>Soslar\u0131m\u0131z i\u00e7in \u00fcretti\u011fimiz \u015fi\u015feler, Kuzey Carolina&#039;da el yap\u0131m\u0131 ac\u0131 sos \u00fcreten bir marka taraf\u0131ndan ac\u0131 sos ambalaj\u0131 olarak kullan\u0131ld\u0131. \u015ei\u015fenin \u00fczerinde \u00f6zel, ki\u015fiselle\u015ftirilmi\u015f vintage bir etiket bulunuyor ve kapa\u011f\u0131 \u0131s\u0131ya dayan\u0131kl\u0131 siyah fenolik re\u00e7ine ile kaplanm\u0131\u015f. \u00d6zel ambalaj\u0131n sonucu muazzam oldu: Cam \u015fi\u015fe, ac\u0131 sosun dokusunu ve rengini ortaya \u00e7\u0131karacak \u015fekilde \u015feffaft\u0131 ve bu da online do\u011frudan sat\u0131\u015flar\u0131n\u0131 art\u0131rd\u0131. Y\u00fcksek kaliteli g\u00f6r\u00fcn\u00fcm, 200 yeni butik bakkal ve hediyelik e\u015fya d\u00fckkan\u0131na ba\u015far\u0131l\u0131 bir \u015fekilde girmelerini sa\u011flad\u0131. Bu ba\u015far\u0131n\u0131n ard\u0131ndan, yeni bir ac\u0131 barbek\u00fc sosu ve marinat markas\u0131 ba\u015flatmak i\u00e7in 750.000 \u015fi\u015felik bir sipari\u015f daha verdiler.<\/p>\n<h2>\u015ei\u015fe Modifikasyon Fikirleri<\/h2>\n<ul>\n<li><strong>Vitray Alternatifleri:<\/strong> \u015eeffaf cam kullanman\u0131n yan\u0131 s\u0131ra, \u00fcr\u00fcn\u00fcn imaj\u0131n\u0131 y\u00fckseltmek ve \u0131\u015f\u0131ktan korunmas\u0131n\u0131 sa\u011flamak amac\u0131yla kehribar ya da ye\u015fil cam \u015fi\u015feleri tercih edebilirsiniz.<\/li>\n<li><strong>\u00d6zel Kapak Renkleri:<\/strong> \u00d6rne\u011fin siyah d\u0131\u015f\u0131nda farkl\u0131 bir kapak rengi kullanmaya karar verirseniz, markan\u0131z\u0131n di\u011fer renklerle uyumlu ve g\u00fczel g\u00f6r\u00fcnen rengi beyaz, alt\u0131n veya g\u00fcm\u00fc\u015f olabilir.<\/li>\n<li><strong>Kabartma:<\/strong> Cam \u015fi\u015fenize g\u00f6steri\u015ften uzak, zarif ve l\u00fcks bir stil katman\u0131n y\u00f6ntemlerinden biri, \u015fi\u015fenin omuz k\u0131sm\u0131na veya alt k\u0131sm\u0131na logonuzu kabartma yapt\u0131rmakt\u0131r.<\/li>\n<li><strong>\u00c7e\u015fitli Musluk Boyutlar\u0131:<\/strong> Sosunuz ister sirke kadar ince, ister barbek\u00fc sosu kadar kal\u0131n olsun, tam ak\u0131\u015f kontrol\u00fcne sahip olabilmek i\u00e7in do\u011fru nozul boyutunu se\u00e7in.<\/li>\n<\/ul>","protected":false},"excerpt":{"rendered":"<p>Siyah kapakl\u0131 \u015f\u0131k silindirik sos \u015fi\u015feleri. Soslar\u0131n dokusunu ve rengini vurgulamak i\u00e7in m\u00fckemmel ac\u0131 sos \u015fi\u015feleri. \u00dccretsiz numuneler ve toplu al\u0131m indirimleri!<\/p>","protected":false},"featured_media":23261,"template":"","meta":[],"product_brand":[],"product_cat":[129,123,122],"product_tag":[],"class_list":{"0":"post-23258","1":"product","2":"type-product","3":"status-publish","4":"has-post-thumbnail","6":"product_cat-hot-sauce-bottles","7":"product_cat-custom-glass-bottles","8":"product_cat-custom-glass-packaging","10":"first","11":"instock","12":"shipping-taxable","13":"product-type-simple"},"jetpack_sharing_enabled":true,"_links":{"self":[{"href":"https:\/\/yebodaglass.com\/tr\/wp-json\/wp\/v2\/product\/23258","targetHints":{"allow":["GET"]}}],"collection":[{"href":"https:\/\/yebodaglass.com\/tr\/wp-json\/wp\/v2\/product"}],"about":[{"href":"https:\/\/yebodaglass.com\/tr\/wp-json\/wp\/v2\/types\/product"}],"version-history":[{"count":4,"href":"https:\/\/yebodaglass.com\/tr\/wp-json\/wp\/v2\/product\/23258\/revisions"}],"predecessor-version":[{"id":25585,"href":"https:\/\/yebodaglass.com\/tr\/wp-json\/wp\/v2\/product\/23258\/revisions\/25585"}],"wp:featuredmedia":[{"embeddable":true,"href":"https:\/\/yebodaglass.com\/tr\/wp-json\/wp\/v2\/media\/23261"}],"wp:attachment":[{"href":"https:\/\/yebodaglass.com\/tr\/wp-json\/wp\/v2\/media?parent=23258"}],"wp:term":[{"taxonomy":"product_brand","embeddable":true,"href":"https:\/\/yebodaglass.com\/tr\/wp-json\/wp\/v2\/product_brand?post=23258"},{"taxonomy":"product_cat","embeddable":true,"href":"https:\/\/yebodaglass.com\/tr\/wp-json\/wp\/v2\/product_cat?post=23258"},{"taxonomy":"product_tag","embeddable":true,"href":"https:\/\/yebodaglass.com\/tr\/wp-json\/wp\/v2\/product_tag?post=23258"}],"curies":[{"name":"wp","href":"https:\/\/api.w.org\/{rel}","templated":true}]}}