{"id":23250,"date":"2025-11-05T10:42:43","date_gmt":"2025-11-05T02:42:43","guid":{"rendered":"https:\/\/yebodaglass.com\/?post_type=product&#038;p=23250"},"modified":"2026-03-24T14:51:50","modified_gmt":"2026-03-24T06:51:50","slug":"bulk-unique-hot-sauce-bottles-with-textured-design","status":"publish","type":"product","link":"https:\/\/yebodaglass.com\/tr\/bulk-unique-hot-sauce-bottles-with-textured-design\/","title":{"rendered":"Dokulu Tasar\u0131ml\u0131, 500 ml&#039;lik E\u015fsiz Ac\u0131 Sos \u015ei\u015feleri (Toptan Sat\u0131\u015f)"},"content":{"rendered":"<p>Bu, retro g\u00f6r\u00fcn\u00fcml\u00fc, dokulu boyun ve taban k\u0131sm\u0131na sahip, e\u015fsiz ve \u00f6zel bir ac\u0131 sos \u015fi\u015fesidir. \u015ei\u015fe kristal berrakl\u0131\u011f\u0131nda camdan yap\u0131lm\u0131\u015ft\u0131r ve p\u00fcr\u00fczs\u00fcz siyah bir vidal\u0131 kapakla donat\u0131lm\u0131\u015ft\u0131r.<\/p>\n<h2>\u00dcr\u00fcn \u00d6zellikleri<\/h2>\n<ul>\n<li><strong>S\u00fcslemeli Fitilli Detaylar:<\/strong> Sap ve tabandaki nerv\u00fcrl\u00fc s\u00fcslemeler daha iyi bir tutu\u015f sa\u011flayacak, g\u00f6rsel bir doku olu\u015fturacak ve vintage izlenimini g\u00fc\u00e7lendirecektir.<\/li>\n<li><strong>\u00dcst\u00fcn \u015eeffafl\u0131kta Ekran Cam\u0131:<\/strong> \u015eeffaf cam, sosun rengini, k\u0131vam\u0131n\u0131 ve i\u00e7indeki yab impurities maddeleri kusursuz bir \u015fekilde g\u00f6steren \u015feffaf bir pencere gibidir.<\/li>\n<li><strong>Sade Siyah \u015eapka:<\/strong> Mat veya parlak siyah vidal\u0131 kapak, s\u0131k\u0131 bir uyum sa\u011flayacak ve temiz bir kontrast etkisi yaratacakt\u0131r.<\/li>\n<\/ul>\n<h2 style=\"text-align: left;\">Temel \u00d6zellikler<\/h2>\n<table class=\"aligncenter\" style=\"border-collapse: collapse; width: 498.77pt;\" border=\"0\" width=\"665\" cellspacing=\"0\" cellpadding=\"0\">\n<tbody>\n<tr style=\"height: 13.50pt;\">\n<td style=\"height: 13.50pt; width: 118.50pt;\" width=\"158\" height=\"18\">\u00d6zellik<\/td>\n<td style=\"width: 380.25pt;\" width=\"507\">\u015eartname<\/td>\n<\/tr>\n<tr style=\"height: 13.50pt;\">\n<td style=\"height: 13.50pt;\" height=\"18\">Kapasite<\/td>\n<td>500 ml<\/td>\n<\/tr>\n<tr style=\"height: 13.50pt;\">\n<td style=\"height: 13.50pt;\" height=\"18\">Paketleme Boyutu<\/td>\n<td>23\u00d718\u00d720cm<\/td>\n<\/tr>\n<tr style=\"height: 13.50pt;\">\n<td style=\"height: 13.50pt;\" height=\"18\">\u015eekil<\/td>\n<td>Uzun boyunlu, geni\u015f omuzlu, uzun silindirik<\/td>\n<\/tr>\n<tr style=\"height: 13.50pt;\">\n<td style=\"height: 13.50pt;\" height=\"18\">Malzeme<\/td>\n<td>\u015eeffaf cam stout, g\u0131da s\u0131n\u0131f\u0131, kur\u015funsuz<\/td>\n<\/tr>\n<tr style=\"height: 13.50pt;\">\n<td style=\"height: 13.50pt;\" height=\"18\">Y\u00fczey Detay\u0131<\/td>\n<td>Tabanda ve boyun yakas\u0131nda kabartmal\u0131 doku band\u0131<\/td>\n<\/tr>\n<tr style=\"height: 13.50pt;\">\n<td style=\"height: 13.50pt;\" height=\"18\">Kapan\u0131\u015f<\/td>\n<td>Mat siyah vidal\u0131 kapak (\u00f6zelle\u015ftirilebilir)<\/td>\n<\/tr>\n<tr style=\"height: 13.50pt;\">\n<td style=\"height: 13.50pt;\" height=\"18\">En \u0130yisi \u0130\u00e7in<\/td>\n<td>Ac\u0131 sos, barbek\u00fc sosu, sos, sirke, \u015furup, \u00e7e\u015fni<\/td>\n<\/tr>\n<tr style=\"height: 13.50pt;\">\n<td style=\"height: 13.50pt;\" height=\"18\">\u0130deal Kullan\u0131m<\/td>\n<td>Toptan ac\u0131 sos \u015fi\u015feleri, benzersiz ac\u0131 sos \u015fi\u015feleri<\/td>\n<\/tr>\n<\/tbody>\n<\/table>\n<h2>Ba\u015far\u0131 Hikayesi<\/h2>\n<p>Louisiana&#039;n\u0131n pop\u00fcler ac\u0131 sos markalar\u0131ndan biri, soslar\u0131 i\u00e7in cam \u015fi\u015felerimizi tercih etti ve vintage tarzda serigrafi bask\u0131l\u0131 bir etiket tasarlatt\u0131. \u00d6zel tasar\u0131m \u015fi\u015feleri b\u00fcy\u00fck bir ba\u015far\u0131 yakalad\u0131: eski moda g\u00f6r\u00fcn\u00fcm, marka hikayelerine m\u00fckemmel bir \u015fekilde uyum sa\u011flad\u0131 ve sonu\u00e7 olarak, hediyelik e\u015fya d\u00fckkanlar\u0131nda ve \u00f6zel g\u0131da ma\u011fazalar\u0131nda sat\u0131\u015flar d\u00f6rtte bir oran\u0131nda artt\u0131. Dokulu \u015fi\u015fe tasar\u0131m\u0131, markan\u0131n miras hikayesini g\u00fc\u00e7lendirdi ve hediyelik e\u015fya sat\u0131\u015flar\u0131n\u0131n artmas\u0131na neden oldu. Bunun \u00fczerine, yeni ac\u0131 biber j\u00f6lesi ve tur\u015fu \u00fcr\u00fcn serilerinden 400.000 \u015fi\u015felik bir sipari\u015f daha verdiler.<\/p>\n<h2>Soslar i\u00e7in Cam \u015ei\u015feler \u00d6zelle\u015ftirme \u00d6nerileri<\/h2>\n<ul>\n<li><strong>Dokulu Cam Renkleri:<\/strong> Renkli camlar\u0131n \u00fczerine kehribar veya ye\u015fil gibi dokulu desenler yapt\u0131rarak ac\u0131 sos \u015fi\u015fesinin ger\u00e7ekten e\u015fsiz g\u00f6r\u00fcnmesini sa\u011flayabilirsiniz.<\/li>\n<li><strong>\u015eapka Renk E\u015fle\u015ftirmesi:<\/strong> Kapa\u011f\u0131n rengini ki\u015fiselle\u015ftirin. Ambalaja yeni bir g\u00f6r\u00fcn\u00fcm kazand\u0131rmak i\u00e7in alt\u0131n, g\u00fcm\u00fc\u015f veya mat siyah vidal\u0131 kapaklar kullan\u0131labilir.<\/li>\n<li><strong>\u00c7e\u015fitli Doku Desenleri:<\/strong> Desenlendirme bir\u00e7ok t\u00fcrde olabilir; dikey dokular, elmas desenleri veya dokuda hafif buzlu bir logo.<\/li>\n<li><strong>Ak\u0131\u015f Reg\u00fclat\u00f6r\u00fc Se\u00e7enekleri:<\/strong> Belirli bir boyuttaki ak\u0131\u015f reg\u00fclat\u00f6r\u00fc, kal\u0131n soslar\u0131n veya ince sirkelerin ak\u0131\u015f\u0131 \u00fczerinde m\u00fckemmel kontrol sa\u011flamak i\u00e7in se\u00e7iminizdir.<\/li>\n<\/ul>","protected":false},"excerpt":{"rendered":"<p>Dokulu boyun ve tabanlara sahip, \u015f\u0131k ve benzersiz ac\u0131 sos \u015fi\u015feleri. Soslar i\u00e7in birinci s\u0131n\u0131f cam \u015fi\u015feler, h\u0131zl\u0131 kargo ile fabrikadan do\u011frudan toptan sat\u0131\u015f.<\/p>","protected":false},"featured_media":23253,"template":"","meta":[],"product_brand":[],"product_cat":[129,123,122],"product_tag":[],"class_list":{"0":"post-23250","1":"product","2":"type-product","3":"status-publish","4":"has-post-thumbnail","6":"product_cat-hot-sauce-bottles","7":"product_cat-custom-glass-bottles","8":"product_cat-custom-glass-packaging","10":"first","11":"instock","12":"shipping-taxable","13":"product-type-simple"},"jetpack_sharing_enabled":true,"_links":{"self":[{"href":"https:\/\/yebodaglass.com\/tr\/wp-json\/wp\/v2\/product\/23250","targetHints":{"allow":["GET"]}}],"collection":[{"href":"https:\/\/yebodaglass.com\/tr\/wp-json\/wp\/v2\/product"}],"about":[{"href":"https:\/\/yebodaglass.com\/tr\/wp-json\/wp\/v2\/types\/product"}],"version-history":[{"count":5,"href":"https:\/\/yebodaglass.com\/tr\/wp-json\/wp\/v2\/product\/23250\/revisions"}],"predecessor-version":[{"id":25590,"href":"https:\/\/yebodaglass.com\/tr\/wp-json\/wp\/v2\/product\/23250\/revisions\/25590"}],"wp:featuredmedia":[{"embeddable":true,"href":"https:\/\/yebodaglass.com\/tr\/wp-json\/wp\/v2\/media\/23253"}],"wp:attachment":[{"href":"https:\/\/yebodaglass.com\/tr\/wp-json\/wp\/v2\/media?parent=23250"}],"wp:term":[{"taxonomy":"product_brand","embeddable":true,"href":"https:\/\/yebodaglass.com\/tr\/wp-json\/wp\/v2\/product_brand?post=23250"},{"taxonomy":"product_cat","embeddable":true,"href":"https:\/\/yebodaglass.com\/tr\/wp-json\/wp\/v2\/product_cat?post=23250"},{"taxonomy":"product_tag","embeddable":true,"href":"https:\/\/yebodaglass.com\/tr\/wp-json\/wp\/v2\/product_tag?post=23250"}],"curies":[{"name":"wp","href":"https:\/\/api.w.org\/{rel}","templated":true}]}}