{"id":23199,"date":"2025-11-04T16:03:47","date_gmt":"2025-11-04T08:03:47","guid":{"rendered":"https:\/\/yebodaglass.com\/?post_type=product&#038;p=23199"},"modified":"2026-03-24T13:23:16","modified_gmt":"2026-03-24T05:23:16","slug":"wholesale-square-glass-empty-hot-sauce-bottles","status":"publish","type":"product","link":"https:\/\/yebodaglass.com\/tr\/wholesale-square-glass-empty-hot-sauce-bottles\/","title":{"rendered":"Toptan Kare Cam Bo\u015f Ac\u0131 Sos \u015ei\u015feleri 100ml 150ml 250ml"},"content":{"rendered":"<p>Bunlar, kristal berrakl\u0131\u011f\u0131nda camdan yap\u0131lm\u0131\u015f, d\u00fcz kenarl\u0131, dikd\u00f6rtgen \u015feklinde, vidal\u0131 boyunlu ve d\u00fcz siyah vidal\u0131 kapakl\u0131 bo\u015f ac\u0131 sos \u015fi\u015feleridir.<\/p>\n<h2>\u00dcr\u00fcn \u00d6zellikleri<\/h2>\n<ul>\n<li><strong>\u015eeffaf Cam:<\/strong> \u015eeffaf cam duvarlar, i\u00e7eriyi kolayca g\u00f6rmenizi ve doluluk seviyelerini kontrol etmenizi sa\u011flar; bu da renkli soslar ve salata soslar\u0131 i\u00e7in idealdir.<\/li>\n<li><strong>G\u00fcvenli Siyah Vidal\u0131 Kapak:<\/strong> Sade siyah plastik kapak s\u0131k\u0131ca kapan\u0131r ve bu nedenle soslar\u0131n tazeli\u011fini korur ve s\u0131zd\u0131rmaz.<\/li>\n<li><strong>Yuvarlak K\u00f6\u015feli Kare:<\/strong> Bu \u015fi\u015fe tasar\u0131m\u0131, konik, yuvarlak ve kare bir \u015fekle sahip olmas\u0131n\u0131n yan\u0131 s\u0131ra rahat ve kaymaz bir tutu\u015f sa\u011flar; bu da \u015fi\u015fenin \u00fcst \u00fcste istiflenmesine ve depolama ile ta\u015f\u0131ma alan\u0131ndan tasarruf etmesine olanak tan\u0131r.<\/li>\n<\/ul>\n<h2 style=\"text-align: left;\">Temel \u00d6zellikler<\/h2>\n<table class=\"aligncenter\" style=\"border-collapse: collapse; width: 702.77pt;\" border=\"0\" width=\"937\" cellspacing=\"0\" cellpadding=\"0\">\n<tbody>\n<tr style=\"height: 13.50pt;\">\n<td style=\"height: 13.50pt; width: 112.50pt;\" width=\"150\" height=\"18\">\u00d6\u011fe<\/td>\n<td style=\"width: 590.25pt;\" width=\"787\">Detaylar<\/td>\n<\/tr>\n<tr style=\"height: 13.50pt;\">\n<td style=\"height: 13.50pt;\" height=\"18\">Kapasite<\/td>\n<td>100 ml\/3 oz (4\u00d713,2 cm), 150 ml\/5 oz (4,4\u00d716,6 cm), 250 ml\/8 oz (5,1\u00d719,7 cm)<\/td>\n<\/tr>\n<tr style=\"height: 13.50pt;\">\n<td style=\"height: 13.50pt;\" height=\"18\">\u015eekil<\/td>\n<td>K\u00f6\u015feleri yuvarlakla\u015ft\u0131r\u0131lm\u0131\u015f kare kesit<\/td>\n<\/tr>\n<tr style=\"height: 13.50pt;\">\n<td style=\"height: 13.50pt;\" height=\"18\">Malzeme<\/td>\n<td>\u015eeffaf cam, g\u0131da s\u0131n\u0131f\u0131, kur\u015funsuz.<\/td>\n<\/tr>\n<tr style=\"height: 13.50pt;\">\n<td style=\"height: 13.50pt;\" height=\"18\">\u015eapka<\/td>\n<td>Mat siyah, beyaz, k\u0131rm\u0131z\u0131 vidal\u0131 kapak<\/td>\n<\/tr>\n<tr style=\"height: 13.50pt;\">\n<td style=\"height: 13.50pt;\" height=\"18\">En \u0130yi Kullan\u0131m Alanlar\u0131<\/td>\n<td>Ac\u0131 sos, barbek\u00fc sosu, salata sosu, \u00e7e\u015fniler<\/td>\n<\/tr>\n<tr style=\"height: 13.50pt;\">\n<td style=\"height: 13.50pt;\" height=\"18\">\u0130deal Kullan\u0131m Alanlar\u0131<\/td>\n<td>Toptan ac\u0131 sos \u015fi\u015feleri, cam salata sosu \u015fi\u015feleri<\/td>\n<\/tr>\n<\/tbody>\n<\/table>\n<h2>Ba\u015far\u0131 \u00d6yk\u00fcs\u00fc: Kare \u015ei\u015feler G\u0131da Markalar\u0131n\u0131n B\u00fcy\u00fcmesine Nas\u0131l Yard\u0131mc\u0131 Oldu?<\/h2>\n<p>Aromal\u0131 yemeklik ya\u011flar ve sirke bazl\u0131 bir sos markas\u0131, \u015f\u0131k ve \u00fcst d\u00fczey marka imajlar\u0131n\u0131 yans\u0131tacak bir ambalaj istiyordu. Son kararlar\u0131, 250 ml&#039;lik kal\u0131nla\u015ft\u0131r\u0131lm\u0131\u015f kare cam sos \u015fi\u015felerimizi se\u00e7mek ve 1.000 adetlik ilk sipari\u015fi vermek oldu. Sonu\u00e7 mutlak bir zaferdi. Bir\u00e7ok al\u0131c\u0131, \u00fcr\u00fcn\u00fcn benzersiz kare \u015feklinden etkilendi ve sat\u0131\u015flar artt\u0131. Ayr\u0131ca, kal\u0131nla\u015ft\u0131r\u0131lm\u0131\u015f cam malzeme, sevkiyat s\u0131ras\u0131nda k\u0131r\u0131lma oran\u0131n\u0131 oran\u0131nda azaltt\u0131. \u015eirket, 30.000 \u015fi\u015felik ikinci bir sipari\u015f vermekte gecikmedi ve onlarla uyumlu 150 ml&#039;lik bir \u00fcr\u00fcn piyasaya s\u00fcr\u00fcld\u00fc. \u015eimdi ise bu kare tasar\u0131m\u0131 t\u00fcm \u00fcr\u00fcn gamlar\u0131nda kullan\u0131yorlar ve her \u00fc\u00e7 ayda bir 200.000&#039;den fazla \u015fi\u015fe sipari\u015f ediyorlar.<\/p>\n<h2>Cam Sos \u015ei\u015fesi \u00d6zelle\u015ftirme Se\u00e7enekleri<\/h2>\n<ul>\n<li><strong>Buzlu Paneller:<\/strong> \u015e\u0131k ve modern bir g\u00f6r\u00fcn\u00fcm i\u00e7in kare \u015fi\u015fenin yanlar\u0131na z\u0131t renkte buzlu dikey paneller ekleyin.<\/li>\n<li><strong>Kabartmal\u0131 Logo:<\/strong> Markan\u0131z\u0131n imaj\u0131n\u0131 zarif ve \u00fcst d\u00fczey bir \u015fekilde yans\u0131tmak i\u00e7in logonuzu d\u00fcz y\u00fczeylerden birine kabartma y\u00f6ntemiyle i\u015fleyin.<\/li>\n<li><strong>Vitray Se\u00e7enekleri:<\/strong> Kare \u015feklindeki sap, \u0131\u015f\u0131\u011fa duyarl\u0131 olan ya\u011f ve sirkenin lekelenmesini \u00f6nlemek i\u00e7in kehribar veya ye\u015fil camdan yap\u0131labilir.<\/li>\n<\/ul>\n<p>Ambalaj\u0131n\u0131z\u0131 bir \u00fcst seviyeye ta\u015f\u0131maya haz\u0131r m\u0131s\u0131n\u0131z? Bo\u015f kare ac\u0131 sos \u015fi\u015feleri ve cam salata sosu \u015fi\u015feleri i\u00e7in toplu fiyatlar hakk\u0131nda bilgi almak i\u00e7in bug\u00fcn bizimle ileti\u015fime ge\u00e7in.<\/p>","protected":false},"excerpt":{"rendered":"<p>\u039c\u03b5\u03b9\u03c9\u03bc\u03ad\u03bd\u03bf \u03ba\u03cc\u03c3\u03c4\u03bf\u03c2 \u03ba\u03cd\u03ba\u03bb\u03bf\u03c5 \u03b5\u03c1\u03b3\u03b1\u03c3\u03b9\u03ce\u03bd \u03b1\u03c0\u03bf\u03b8\u03b5\u03bc\u03ac\u03c4\u03c9\u03bd<\/p>","protected":false},"featured_media":23208,"template":"","meta":[],"product_brand":[],"product_cat":[129,123,122],"product_tag":[],"class_list":{"0":"post-23199","1":"product","2":"type-product","3":"status-publish","4":"has-post-thumbnail","6":"product_cat-hot-sauce-bottles","7":"product_cat-custom-glass-bottles","8":"product_cat-custom-glass-packaging","10":"first","11":"instock","12":"shipping-taxable","13":"product-type-simple"},"jetpack_sharing_enabled":true,"_links":{"self":[{"href":"https:\/\/yebodaglass.com\/tr\/wp-json\/wp\/v2\/product\/23199","targetHints":{"allow":["GET"]}}],"collection":[{"href":"https:\/\/yebodaglass.com\/tr\/wp-json\/wp\/v2\/product"}],"about":[{"href":"https:\/\/yebodaglass.com\/tr\/wp-json\/wp\/v2\/types\/product"}],"version-history":[{"count":5,"href":"https:\/\/yebodaglass.com\/tr\/wp-json\/wp\/v2\/product\/23199\/revisions"}],"predecessor-version":[{"id":25582,"href":"https:\/\/yebodaglass.com\/tr\/wp-json\/wp\/v2\/product\/23199\/revisions\/25582"}],"wp:featuredmedia":[{"embeddable":true,"href":"https:\/\/yebodaglass.com\/tr\/wp-json\/wp\/v2\/media\/23208"}],"wp:attachment":[{"href":"https:\/\/yebodaglass.com\/tr\/wp-json\/wp\/v2\/media?parent=23199"}],"wp:term":[{"taxonomy":"product_brand","embeddable":true,"href":"https:\/\/yebodaglass.com\/tr\/wp-json\/wp\/v2\/product_brand?post=23199"},{"taxonomy":"product_cat","embeddable":true,"href":"https:\/\/yebodaglass.com\/tr\/wp-json\/wp\/v2\/product_cat?post=23199"},{"taxonomy":"product_tag","embeddable":true,"href":"https:\/\/yebodaglass.com\/tr\/wp-json\/wp\/v2\/product_tag?post=23199"}],"curies":[{"name":"wp","href":"https:\/\/api.w.org\/{rel}","templated":true}]}}