{"id":23183,"date":"2025-11-04T17:02:49","date_gmt":"2025-11-04T09:02:49","guid":{"rendered":"https:\/\/yebodaglass.com\/?post_type=product&#038;p=23183"},"modified":"2026-03-17T15:44:22","modified_gmt":"2026-03-17T07:44:22","slug":"clear-glass-spice-containers-with-horizontal-ribbed-bulk","status":"publish","type":"product","link":"https:\/\/yebodaglass.com\/tr\/clear-glass-spice-containers-with-horizontal-ribbed-bulk\/","title":{"rendered":"250 ml \u015eeffaf Cam Baharat Kaplar\u0131, Yatay Oluklu, Toplu Sat\u0131\u015f"},"content":{"rendered":"<p>Bu baharat kab\u0131, kendine \u00f6zg\u00fc dokulu ve kavisli cam \u015fi\u015fesiyle dikkat \u00e7ekiyor. Sadece ho\u015f bir dokuya sahip olmakla kalm\u0131yor, ayn\u0131 zamanda kaymaz bir tutu\u015f da sa\u011fl\u0131yor. \u015ei\u015fe \u015feffaf oldu\u011fu i\u00e7in baharatlar\u0131n renkleri \u015fi\u015fenin i\u00e7inde net bir \u015fekilde g\u00f6r\u00fcn\u00fcyor. Kapa\u011f\u0131 cilal\u0131 paslanmaz \u00e7elikten yap\u0131lm\u0131\u015f olup, do\u011fru dozaj miktar\u0131n\u0131 ayarlamak i\u00e7in bir\u00e7ok k\u00fc\u00e7\u00fck deli\u011fe sahiptir.<\/p>\n<h2>\u00dcr\u00fcn \u00d6zellikleri<\/h2>\n<ul>\n<li><strong>Ripple Kaymaz \u015ei\u015fe:<\/strong> Dalgal\u0131 tasar\u0131m, \u00e7ok katmanl\u0131 dairesel bir yap\u0131ya sahip olup, \u015fi\u015fenin daha sa\u011flam yap\u0131s\u0131yla birlikte tutu\u015fu art\u0131r\u0131r ve devrilme sorununu \u00f6nler.<\/li>\n<li><strong>Y\u00fcksek \u015eeffafl\u0131\u011fa Sahip Cam:<\/strong> Bu, g\u0131da s\u0131n\u0131f\u0131 malzemeden yap\u0131lm\u0131\u015f m\u00fckemmel, y\u00fcksek \u015feffafl\u0131\u011fa sahip bir camd\u0131r ve kap \u00e7ok berrakt\u0131r; i\u00e7indeki gran\u00fcl baharatlar\u0131n \u015fekli ve miktar\u0131 kaba bak\u0131larak kolayca belirlenebilir.<\/li>\n<li><strong>\u00c7ok Delikli Metal Vidal\u0131 Kapak:<\/strong> G\u00fcm\u00fc\u015ften yap\u0131lm\u0131\u015f, \u00e7ok delikli metal vidal\u0131 kapak, e\u015fit olarak da\u011f\u0131t\u0131lm\u0131\u015f deliklere sahiptir ve bu da gran\u00fcl baharat\u0131n hassas bir \u015fekilde da\u011f\u0131t\u0131lmas\u0131n\u0131 sa\u011flayarak d\u00f6k\u00fclmeyi ve israf\u0131 ortadan kald\u0131r\u0131r.<\/li>\n<\/ul>\n<h2>Temel \u00d6zellikler<\/h2>\n<table style=\"border-collapse: collapse; width: 80%; margin-left: auto; margin-right: auto;\" border=\"0\" width=\"360\" cellspacing=\"0\" cellpadding=\"0\">\n<tbody>\n<tr style=\"height: 13.50pt;\">\n<td style=\"height: 13.5pt; width: 54pt; text-align: center;\" width=\"72\" height=\"18\">Kapasite<\/td>\n<td style=\"width: 54pt; text-align: center;\" width=\"72\">Boyut (cm)<\/td>\n<td style=\"width: 54pt; text-align: center;\" width=\"72\">Kapak Tipi<\/td>\n<td style=\"width: 54pt; text-align: center;\" width=\"72\">\u015eekil<\/td>\n<td style=\"width: 54pt; text-align: center;\" width=\"72\">Kullan\u0131m<\/td>\n<\/tr>\n<tr style=\"height: 13.50pt;\">\n<td style=\"height: 13.5pt; text-align: center;\" height=\"18\">250 ml<\/td>\n<td style=\"text-align: center;\">7.0 x 12<\/td>\n<td style=\"text-align: center;\">Metal \u00c7ift Katmanl\u0131 Elek Kapa\u011f\u0131<\/td>\n<td style=\"text-align: center;\">Silindir<\/td>\n<td style=\"text-align: center;\">Tuz, Karabiber, Baharat olarak; Evde ve Restoranlarda kullan\u0131l\u0131r.<\/td>\n<\/tr>\n<\/tbody>\n<\/table>\n<h2>Ba\u015far\u0131 \u00d6rne\u011fi<\/h2>\n<p>Oluklu cam baharat \u015fi\u015femiz, \u00f6zel g\u0131da \u00fcr\u00fcnleri alan\u0131nda faaliyet g\u00f6steren bir \u0130ngiliz markas\u0131 taraf\u0131ndan se\u00e7ildi ve \u00f6zel olarak tasarlanm\u0131\u015f, oluklu buzlu bir dokuya ve bak\u0131r renginde vidal\u0131 bir kapa\u011fa sahip oldu. Sat\u0131\u015f noktalar\u0131ndan biri, olumlu m\u00fc\u015fteri yorumlar\u0131n\u0131n &#039;inde belirtilen daha iyi tutu\u015f \u00f6zelli\u011fidir. Baharatlar, rengi ve kalitesi sayesinde \u015feffaf cam \u015fi\u015fede m\u00fckemmel bir \u015fekilde sergileniyor. Marka \u00e7ok ba\u015far\u0131l\u0131 oldu ve o zamandan beri, \u00fcst d\u00fczey ma\u011fazalarda satmak \u00fczere geni\u015fletilmi\u015f baharat \u00fcr\u00fcn yelpazesini paketlemek i\u00e7in 200.000 adet daha cam kavanoz sipari\u015fi verdi.<\/p>\n<h2>Baharat Kaplar\u0131n\u0131n Ki\u015fiselle\u015ftirilmesi<\/h2>\n<ul>\n<li>Yivli Profil: Yatay yivlerin geni\u015fli\u011fi, derinli\u011fi ve aralar\u0131ndaki mesafe, ki\u015fiselle\u015ftirilmi\u015f bir dokunsal deneyim yaratmak i\u00e7in \u00f6zelle\u015ftirilebilir.<\/li>\n<li>Baharatl\u0131k Delik Tipi: \u00c7e\u015fitli delik boyutlar\u0131nda olabilir (toz baharatlar i\u00e7in k\u00fc\u00e7\u00fck delikler, pul baharatlar i\u00e7in b\u00fcy\u00fck delikler) veya iki delik olabilir.<\/li>\n<li>Serigrafi Bask\u0131: Cam \u015fi\u015fe \u00fczerine \u00f6l\u00e7\u00fc \u00e7izgileri, baharat isimleri veya k\u00fc\u00e7\u00fck dekoratif kenarlar basmak.<\/li>\n<li>Boyutlar ve Kapasiteler: Oluklu tasar\u0131m ayn\u0131d\u0131r, ancak 30 ml&#039;den 200 ml&#039;ye kadar \u00e7e\u015fitli boyutlarda mevcuttur.<\/li>\n<\/ul>","protected":false},"excerpt":{"rendered":"<p>Dokulu g\u00f6vdeli ve metal \u00e7alkalama kapakl\u0131 dayan\u0131kl\u0131 cam baharat kab\u0131. Biber, otlar ve baharat saklamak i\u00e7in ideal, pratik baharat \u015fi\u015fesi. \u00dccretsiz numuneler.<\/p>","protected":false},"featured_media":23194,"template":"","meta":[],"product_brand":[],"product_cat":[20,128,83],"product_tag":[],"class_list":{"0":"post-23183","1":"product","2":"type-product","3":"status-publish","4":"has-post-thumbnail","6":"product_cat-glass-containers","7":"product_cat-spice-jars","8":"product_cat-glass-jars","10":"first","11":"instock","12":"shipping-taxable","13":"product-type-simple"},"jetpack_sharing_enabled":true,"_links":{"self":[{"href":"https:\/\/yebodaglass.com\/tr\/wp-json\/wp\/v2\/product\/23183","targetHints":{"allow":["GET"]}}],"collection":[{"href":"https:\/\/yebodaglass.com\/tr\/wp-json\/wp\/v2\/product"}],"about":[{"href":"https:\/\/yebodaglass.com\/tr\/wp-json\/wp\/v2\/types\/product"}],"version-history":[{"count":5,"href":"https:\/\/yebodaglass.com\/tr\/wp-json\/wp\/v2\/product\/23183\/revisions"}],"predecessor-version":[{"id":25477,"href":"https:\/\/yebodaglass.com\/tr\/wp-json\/wp\/v2\/product\/23183\/revisions\/25477"}],"wp:featuredmedia":[{"embeddable":true,"href":"https:\/\/yebodaglass.com\/tr\/wp-json\/wp\/v2\/media\/23194"}],"wp:attachment":[{"href":"https:\/\/yebodaglass.com\/tr\/wp-json\/wp\/v2\/media?parent=23183"}],"wp:term":[{"taxonomy":"product_brand","embeddable":true,"href":"https:\/\/yebodaglass.com\/tr\/wp-json\/wp\/v2\/product_brand?post=23183"},{"taxonomy":"product_cat","embeddable":true,"href":"https:\/\/yebodaglass.com\/tr\/wp-json\/wp\/v2\/product_cat?post=23183"},{"taxonomy":"product_tag","embeddable":true,"href":"https:\/\/yebodaglass.com\/tr\/wp-json\/wp\/v2\/product_tag?post=23183"}],"curies":[{"name":"wp","href":"https:\/\/api.w.org\/{rel}","templated":true}]}}