{"id":23180,"date":"2025-11-04T14:52:48","date_gmt":"2025-11-04T06:52:48","guid":{"rendered":"https:\/\/yebodaglass.com\/?post_type=product&#038;p=23180"},"modified":"2025-11-04T17:40:01","modified_gmt":"2025-11-04T09:40:01","slug":"bulk-sauce-containers-8oz-glass-bottle-for-hot-sauce","status":"publish","type":"product","link":"https:\/\/yebodaglass.com\/tr\/bulk-sauce-containers-8oz-glass-bottle-for-hot-sauce\/","title":{"rendered":"Toplu Sos Kaplar\u0131 - Ac\u0131 Soslar i\u00e7in 8oz Cam \u015ei\u015fe"},"content":{"rendered":"<p>Bu\u200d\u200d\u200d\u200d\u200d\u200d sos kaplar\u0131, \u015f\u0131k bir konik \u015fekle ve k\u0131rm\u0131z\u0131 bir kapa\u011fa sahip \u015feffaf cam g\u00f6vdeye sahiptir ve i\u00e7indeki sos rengiyle kesinlikle uyumlu, basit ama farkl\u0131 bir g\u00f6r\u00fcn\u00fcm verir.<\/p>\n<h2>\u00dcr\u00fcn \u00d6zellikleri<\/h2>\n<ul>\n<li><strong>\u015eeffaf Cam Malzemesi:<\/strong> Kap, sosun rengini ve hacmini ayn\u0131 anda g\u00f6rmeyi sa\u011flayan \u015feffaf camdan \u00fcretilmi\u015ftir.<\/li>\n<li><strong>Bel Tasar\u0131m\u0131:<\/strong> Konteyner, p\u00fcr\u00fczs\u00fcz ve benzersiz \u00e7izgilere sahip bel tasar\u0131m\u0131yla s\u00fcslenmi\u015ftir, bu da sadece \u00fcr\u00fcn\u00fc g\u00fczelle\u015ftirmekle kalmaz, ayn\u0131 zamanda markan\u0131n tan\u0131nmas\u0131n\u0131 da kolayla\u015ft\u0131r\u0131r.<\/li>\n<li><strong>Tek Kapasite:<\/strong> Bu sos kab\u0131n\u0131n tek kapasitesi, g\u00fcnl\u00fck ev kullan\u0131m\u0131, yemek hizmetleri ve di\u011fer \u00e7e\u015fitli durumlar i\u00e7in uygun olmakla birlikte, kullan\u0131c\u0131lar\u0131n \u00f6zel ihtiya\u00e7lar\u0131n\u0131 kar\u015f\u0131layabilmeleri i\u00e7in gelen tek se\u00e7enektir.<\/li>\n<\/ul>\n<h2 style=\"text-align: left;\">Temel \u00d6zellikler<\/h2>\n<table class=\"aligncenter\" style=\"border-collapse: collapse; width: 409.52pt;\" border=\"0\" width=\"546\" cellspacing=\"0\" cellpadding=\"0\">\n<tbody>\n<tr style=\"height: 13.50pt;\">\n<td style=\"height: 13.50pt; width: 112.50pt;\" width=\"150\" height=\"18\">\u00d6zellik<\/td>\n<td style=\"width: 297.00pt;\" width=\"396\">\u015eartname<\/td>\n<\/tr>\n<tr style=\"height: 13.50pt;\">\n<td style=\"height: 13.50pt;\" height=\"18\">Kapasite<\/td>\n<td>250 ml (8 oz)<\/td>\n<\/tr>\n<tr style=\"height: 13.50pt;\">\n<td style=\"height: 13.50pt;\" height=\"18\">\u015ei\u015fe \u015eekli<\/td>\n<td>Belli silindirik (\u015fekillendirilmi\u015f orta b\u00f6l\u00fcm)<\/td>\n<\/tr>\n<tr style=\"height: 13.50pt;\">\n<td style=\"height: 13.50pt;\" height=\"18\">Malzeme<\/td>\n<td>\u015eeffaf cam stout<\/td>\n<\/tr>\n<tr style=\"height: 13.50pt;\">\n<td style=\"height: 13.50pt;\" height=\"18\">Kapan\u0131\u015f<\/td>\n<td>K\u0131rm\u0131z\u0131 vidal\u0131 kapak<\/td>\n<\/tr>\n<tr style=\"height: 13.50pt;\">\n<td style=\"height: 13.50pt;\" height=\"18\">Paketleme Boyutu<\/td>\n<td>15cm \u00d7 17cm \u00d7 30cm<\/td>\n<\/tr>\n<tr style=\"height: 13.50pt;\">\n<td style=\"height: 13.50pt;\" height=\"18\">En \u0130yisi \u0130\u00e7in<\/td>\n<td>Ac\u0131 sos, barbek\u00fc sosu, salata sosu, \u00e7e\u015fni<\/td>\n<\/tr>\n<tr style=\"height: 13.50pt;\">\n<td style=\"height: 13.50pt;\" height=\"18\">\u0130deal Kullan\u0131m<\/td>\n<td>Ac\u0131 sos kaplar\u0131, toptan sos \u015fi\u015feleri<\/td>\n<\/tr>\n<\/tbody>\n<\/table>\n<h2>Ba\u015far\u0131 Hikayesi: Halk Pazar\u0131ndan \u00dclke \u00c7ap\u0131ndaki Perakende Ma\u011fazalar\u0131na<\/h2>\n<p>K\u00fc\u00e7\u00fck \u00f6l\u00e7ekli habanero sosu \u00fcreticisi, ba\u015flang\u0131\u00e7ta sadece yerel \u00e7ift\u00e7i pazarlar\u0131na tedarik sa\u011fl\u0131yordu. \u0130\u015flerini b\u00fcy\u00fctebilmek i\u00e7in, \u00f6l\u00e7eklendirilebilecek profesyonel g\u00f6r\u00fcn\u00fcme sahip bir sos \u015fi\u015fesi arad\u0131lar. Sonunda 250 ml'lik belden ba\u011flamal\u0131 ac\u0131 sos kaplar\u0131m\u0131z\u0131 se\u00e7tiler ve logolar\u0131yla markalad\u0131lar. \u0130lk sipari\u015fleri sadece 2.000 \u015fi\u015fe i\u00e7indi. Sonu\u00e7lar etkileyiciydi. Ba\u015flang\u0131\u00e7ta, konik tasar\u0131m marka bilinirli\u011finde \u00f6nemli bir art\u0131\u015fa yol a\u00e7t\u0131 - bir ac\u0131 sos markas\u0131 perakende sat\u0131\u015flarda 47% art\u0131\u015f ve tekrar sat\u0131n al\u0131mlarda 65% art\u0131\u015f bildirdi. Bu ba\u015far\u0131n\u0131n bir sonucu olarak zincir 500.000 \u015fi\u015fe daha ac\u0131 sos sipari\u015fi verdi. Asl\u0131nda, firma \u015fu anda t\u00fcm \u00fcr\u00fcn gruplar\u0131 i\u00e7in bu kaplar\u0131 kullan\u0131yor ve y\u0131ll\u0131k 300.000'in \u00fczerinde sipari\u015fi var.<\/p>\n<h2>Ac\u0131 Sos Kaplar\u0131n\u0131 Ki\u015fiselle\u015ftirme:<\/h2>\n<ul>\n<li><strong>Frezelenmi\u015f Kaplama:<\/strong> \u00dcr\u00fcn, daha g\u00fczel bir mat y\u00fczey, l\u00fcks bir his ve daha az parmak izi izi i\u00e7in asitle kaz\u0131nm\u0131\u015ft\u0131r.<\/li>\n<li><strong>Y\u00fckseltilmi\u015f Izgaralar:<\/strong> Cam, kullan\u0131\u015fl\u0131 ve \u00fcr\u00fcn\u00fcn daha l\u00fcks g\u00f6r\u00fcnmesini sa\u011flayan baz\u0131 pratik ve estetik y\u00fckseltilmi\u015f derecelendirmelere sahip olabilir.<\/li>\n<li><strong>Dokulu Cam Desenleri:<\/strong> Cam, sadece ay\u0131rt edici bir kavrama y\u00fczeyi de\u011fil ayn\u0131 zamanda dekoratif ama\u00e7lar i\u00e7in elmas veya \u015feritlerle olu\u015fturulabilir.<\/li>\n<li><strong>Geni\u015f Boyun Tasar\u0131m\u0131:<\/strong> Boyun ayar\u0131, pul biber ve \u200d\u200d\u200d\u200d\u200d\u200d tohumlar\u0131 i\u00e7eren kal\u0131n soslar\u0131n doldurulmas\u0131n\u0131n kolayla\u015ft\u0131r\u0131lmas\u0131 i\u00e7in yap\u0131l\u0131r.<\/li>\n<\/ul>","protected":false},"excerpt":{"rendered":"<p>Metal kapakl\u0131 ve belden ba\u011flamal\u0131 tasar\u0131ma sahip \u00f6zel \u015feffaf cam sos kaplar\u0131. Profesyonel sos paketlemesi i\u00e7in idealdir. Toplu sipari\u015flerde \u00fccretsiz numune!<\/p>","protected":false},"featured_media":23184,"template":"","meta":[],"product_brand":[],"product_cat":[122,123,129],"product_tag":[],"class_list":{"0":"post-23180","1":"product","2":"type-product","3":"status-publish","4":"has-post-thumbnail","6":"product_cat-custom-glass-packaging","7":"product_cat-custom-glass-bottles","8":"product_cat-hot-sauce-bottles","10":"first","11":"instock","12":"shipping-taxable","13":"product-type-simple"},"jetpack_sharing_enabled":true,"_links":{"self":[{"href":"https:\/\/yebodaglass.com\/tr\/wp-json\/wp\/v2\/product\/23180","targetHints":{"allow":["GET"]}}],"collection":[{"href":"https:\/\/yebodaglass.com\/tr\/wp-json\/wp\/v2\/product"}],"about":[{"href":"https:\/\/yebodaglass.com\/tr\/wp-json\/wp\/v2\/types\/product"}],"version-history":[{"count":6,"href":"https:\/\/yebodaglass.com\/tr\/wp-json\/wp\/v2\/product\/23180\/revisions"}],"predecessor-version":[{"id":23222,"href":"https:\/\/yebodaglass.com\/tr\/wp-json\/wp\/v2\/product\/23180\/revisions\/23222"}],"wp:featuredmedia":[{"embeddable":true,"href":"https:\/\/yebodaglass.com\/tr\/wp-json\/wp\/v2\/media\/23184"}],"wp:attachment":[{"href":"https:\/\/yebodaglass.com\/tr\/wp-json\/wp\/v2\/media?parent=23180"}],"wp:term":[{"taxonomy":"product_brand","embeddable":true,"href":"https:\/\/yebodaglass.com\/tr\/wp-json\/wp\/v2\/product_brand?post=23180"},{"taxonomy":"product_cat","embeddable":true,"href":"https:\/\/yebodaglass.com\/tr\/wp-json\/wp\/v2\/product_cat?post=23180"},{"taxonomy":"product_tag","embeddable":true,"href":"https:\/\/yebodaglass.com\/tr\/wp-json\/wp\/v2\/product_tag?post=23180"}],"curies":[{"name":"wp","href":"https:\/\/api.w.org\/{rel}","templated":true}]}}