{"id":23171,"date":"2025-11-04T13:56:22","date_gmt":"2025-11-04T05:56:22","guid":{"rendered":"https:\/\/yebodaglass.com\/?post_type=product&#038;p=23171"},"modified":"2026-04-13T14:04:07","modified_gmt":"2026-04-13T06:04:07","slug":"wholesale-empty-glass-bbq-sauce-bottles-packaging-supplier","status":"publish","type":"product","link":"https:\/\/yebodaglass.com\/tr\/wholesale-empty-glass-bbq-sauce-bottles-packaging-supplier\/","title":{"rendered":"Toptan Bo\u015f Cam Barbek\u00fc Sos \u015ei\u015feleri 250ml 410ml 485ml"},"content":{"rendered":"<p>Bu barbek\u00fc sos \u015fi\u015feleri, konik \u015fekillerini olu\u015fturmak i\u00e7in \u015feffaf, g\u0131da g\u00fcvenli cam kullanan ve \u00e7e\u015fitli plastik kapak renklerine sahip modern bir tasar\u0131m sergiliyor. Kullan\u0131c\u0131lara rahat bir tutu\u015f sa\u011flayarak s\u0131v\u0131lar\u0131 d\u00f6kmeyi ve d\u00f6k\u00fclmeyi \u00f6nlemeyi m\u00fcmk\u00fcn k\u0131l\u0131yor.<\/p>\n<h2>\u00dcr\u00fcn \u00d6zellikleri<\/h2>\n<ul>\n<li><strong>Konik Ak\u0131\u015fkan Tasar\u0131m:<\/strong> \u00dcst k\u0131sm\u0131 daha dar, alt k\u0131sm\u0131 daha geni\u015f olan konik \u015fekil, kullan\u0131c\u0131lar\u0131n s\u0131v\u0131lar\u0131 sorunsuz bir \u015fekilde d\u00f6kmesini sa\u011flarken, sos israf\u0131n\u0131 azalt\u0131r ve operasyonel verimlili\u011fi art\u0131r\u0131r.<\/li>\n<li><strong>Y\u00fcksek \u015eeffafl\u0131kta G\u0131da S\u0131n\u0131f\u0131 Cam:<\/strong> \u015ei\u015feler, y\u00fcksek \u015feffafl\u0131k sa\u011flayan ve sosun rengini g\u00f6sterirken ayn\u0131 zamanda g\u00fcvenli ve kokusuz olan kur\u015funsuz g\u0131da s\u0131n\u0131f\u0131 camdan \u00fcretilmi\u015ftir. \u00dcr\u00fcn, kolay temizlik ve \u00e7oklu kullan\u0131m imkan\u0131 sunar.<\/li>\n<li><strong>\u00c7ok Renkli Kapaklar Mevcuttur:<\/strong> K\u0131rm\u0131z\u0131, sar\u0131, alt\u0131n ve di\u011fer renkleri i\u00e7eren kapaklar, sosun tazeli\u011fini korumak i\u00e7in vidal\u0131 contalar kullan\u0131r.<\/li>\n<\/ul>\n<h2 style=\"text-align: left;\">Temel \u00d6zellikler<\/h2>\n<table class=\"aligncenter\" style=\"border-collapse: collapse; width: 506.27pt;\" border=\"0\" width=\"675\" cellspacing=\"0\" cellpadding=\"0\">\n<tbody>\n<tr style=\"height: 13.50pt;\">\n<td style=\"height: 13.50pt; width: 109.50pt;\" width=\"146\" height=\"18\">\u00d6zellik<\/td>\n<td style=\"width: 396.75pt;\" width=\"529\">\u015eartname<\/td>\n<\/tr>\n<tr style=\"height: 13.50pt;\">\n<td style=\"height: 13.50pt;\" height=\"18\">Kapasiteler<\/td>\n<td>250 ml, 410 ml, 485 ml<\/td>\n<\/tr>\n<tr style=\"height: 13.50pt;\">\n<td style=\"height: 13.50pt;\" height=\"18\">Boyutlar (D\u00d7Y)<\/td>\n<td>5,6\u00d721,5 cm, 6,4\u00d724,4 cm, 6,6\u00d726 cm<\/td>\n<\/tr>\n<tr style=\"height: 13.50pt;\">\n<td style=\"height: 13.50pt;\" height=\"18\">\u015eekil<\/td>\n<td>Konik silindirik<\/td>\n<\/tr>\n<tr style=\"height: 13.50pt;\">\n<td style=\"height: 13.50pt;\" height=\"18\">Malzeme<\/td>\n<td>\u015eeffaf cam \u015fi\u015fede, g\u0131da g\u00fcvenli\u011fine uygun, kal\u0131n duvarl\u0131 stout bira.<\/td>\n<\/tr>\n<tr style=\"height: 13.50pt;\">\n<td style=\"height: 13.50pt;\" height=\"18\">Kapan\u0131\u015f<\/td>\n<td>K\u0131rm\u0131z\u0131, sar\u0131 veya alt\u0131n renkli vidal\u0131 kapak<\/td>\n<\/tr>\n<tr style=\"height: 13.50pt;\">\n<td style=\"height: 13.50pt;\" height=\"18\">En \u0130yisi \u0130\u00e7in<\/td>\n<td>Ac\u0131 sos, barbek\u00fc sosu, sirke, salata sosu, ya\u011f<\/td>\n<\/tr>\n<tr style=\"height: 13.50pt;\">\n<td style=\"height: 13.50pt;\" height=\"18\">\u0130deal Kullan\u0131m<\/td>\n<td>Ac\u0131 sos \u015fi\u015feleri, barbek\u00fc sos \u015fi\u015feleri, baharat cam \u015fi\u015feleri<\/td>\n<\/tr>\n<\/tbody>\n<\/table>\n<h2>Ba\u015far\u0131 \u00d6yk\u00fcs\u00fc: G\u00fcney Barbek\u00fc Sosu Markas\u0131 \u0130\u00e7in Temel \u00dcr\u00fcn Yelpazesi<\/h2>\n<p>Amerika Birle\u015fik Devletleri&#039;nin g\u00fcneyinde faaliyet g\u00f6steren bir barbek\u00fc sosu markas\u0131, 12 onsluk cam sos \u015fi\u015felerimizi se\u00e7ti ve damlamay\u0131 \u00f6nleyici a\u011f\u0131zl\u0131klar ve serigrafi bask\u0131l\u0131 ac\u0131l\u0131k g\u00f6stergeleri i\u00e7erecek \u015fekilde modifiye edilmesini istedi. \u00d6zelle\u015ftirilmi\u015f cam sos \u015fi\u015feleri \u00f6nemli sonu\u00e7lar verdi; \u00e7\u00fcnk\u00fc damlamay\u0131 \u00f6nleyici a\u011f\u0131zl\u0131klar t\u00fcketici d\u00f6k\u00fclme \u015fikayetlerini oran\u0131nda azaltt\u0131 ve \u00f6zg\u00fcn \u015fi\u015fe tasar\u0131m\u0131, marka bilinirli\u011fini art\u0131ran bir marka de\u011feri olarak i\u015flev g\u00f6rd\u00fc. Marka b\u00fcy\u00fck bir ba\u015far\u0131 elde etti ve ard\u0131ndan yeni bir kuru malzeme ve sos serisi piyasaya s\u00fcrmek i\u00e7in 750.000 \u015fi\u015felik ek bir sipari\u015f verdi.<\/p>\n<h2>Cam sos \u015fi\u015fesi i\u00e7in \u00f6zel se\u00e7enekler<\/h2>\n<ul>\n<li><strong>Buzlu Dekoratif \u015eeritler:<\/strong> Asit a\u015f\u0131nd\u0131rma y\u00f6ntemiyle \u015feffaf cam\u0131n\u0131za yatay veya dikey buzlu \u00e7izgiler uygulayarak zarif ve \u015f\u0131k bir g\u00f6r\u00fcn\u00fcm elde edin.<\/li>\n<li><strong>Vitray \u015ei\u015fe Boynu:<\/strong> \u00dcretim s\u0131ras\u0131nda, l\u00fcks ve benzersiz bir g\u00f6rsel efekt sa\u011flamak ve etiketleme ihtiyac\u0131n\u0131 ortadan kald\u0131rmak i\u00e7in boyun k\u0131sm\u0131na renkli cam halka eklenmesi belirtilir.<\/li>\n<li><strong>Tek par\u00e7a damlama \u00f6nleyici ba\u015fl\u0131k:<\/strong> \u015ei\u015fe a\u011fz\u0131na tam oturacak \u015fekilde hassas bir \u015fekilde \u00fcretilmi\u015f plastik bir par\u00e7a; bu sayede her seferinde temiz ve damlama olmadan d\u00f6kme i\u015flemi sa\u011flan\u0131r.<\/li>\n<\/ul>","protected":false},"excerpt":{"rendered":"<p>Konik tasar\u0131ml\u0131 ve kapakl\u0131 dayan\u0131kl\u0131 cam sos \u015fi\u015feleri. Ac\u0131 soslar\u0131n\u0131z\u0131 markala\u015ft\u0131rmak i\u00e7in m\u00fckemmel barbek\u00fc sos \u015fi\u015feleri. \u00d6zel logo ve h\u0131zl\u0131 teslimat se\u00e7enekleri mevcuttur.<\/p>","protected":false},"featured_media":23174,"template":"","meta":[],"product_brand":[],"product_cat":[129,123,122],"product_tag":[],"class_list":{"0":"post-23171","1":"product","2":"type-product","3":"status-publish","4":"has-post-thumbnail","6":"product_cat-hot-sauce-bottles","7":"product_cat-custom-glass-bottles","8":"product_cat-custom-glass-packaging","10":"first","11":"instock","12":"shipping-taxable","13":"product-type-simple"},"jetpack_sharing_enabled":true,"_links":{"self":[{"href":"https:\/\/yebodaglass.com\/tr\/wp-json\/wp\/v2\/product\/23171","targetHints":{"allow":["GET"]}}],"collection":[{"href":"https:\/\/yebodaglass.com\/tr\/wp-json\/wp\/v2\/product"}],"about":[{"href":"https:\/\/yebodaglass.com\/tr\/wp-json\/wp\/v2\/types\/product"}],"version-history":[{"count":5,"href":"https:\/\/yebodaglass.com\/tr\/wp-json\/wp\/v2\/product\/23171\/revisions"}],"predecessor-version":[{"id":25761,"href":"https:\/\/yebodaglass.com\/tr\/wp-json\/wp\/v2\/product\/23171\/revisions\/25761"}],"wp:featuredmedia":[{"embeddable":true,"href":"https:\/\/yebodaglass.com\/tr\/wp-json\/wp\/v2\/media\/23174"}],"wp:attachment":[{"href":"https:\/\/yebodaglass.com\/tr\/wp-json\/wp\/v2\/media?parent=23171"}],"wp:term":[{"taxonomy":"product_brand","embeddable":true,"href":"https:\/\/yebodaglass.com\/tr\/wp-json\/wp\/v2\/product_brand?post=23171"},{"taxonomy":"product_cat","embeddable":true,"href":"https:\/\/yebodaglass.com\/tr\/wp-json\/wp\/v2\/product_cat?post=23171"},{"taxonomy":"product_tag","embeddable":true,"href":"https:\/\/yebodaglass.com\/tr\/wp-json\/wp\/v2\/product_tag?post=23171"}],"curies":[{"name":"wp","href":"https:\/\/api.w.org\/{rel}","templated":true}]}}