{"id":23155,"date":"2025-11-04T10:53:15","date_gmt":"2025-11-04T02:53:15","guid":{"rendered":"https:\/\/yebodaglass.com\/?post_type=product&#038;p=23155"},"modified":"2026-03-25T11:24:10","modified_gmt":"2026-03-25T03:24:10","slug":"custom-clear-glass-hot-sauce-bottles-bulk","status":"publish","type":"product","link":"https:\/\/yebodaglass.com\/tr\/custom-clear-glass-hot-sauce-bottles-bulk\/","title":{"rendered":"\u0391\u03bd\u03ac\u03c0\u03c4\u03c5\u03be\u03b7 \u03c3\u03c7\u03ad\u03c3\u03b5\u03c9\u03bd \u03bc\u03b5 \u03c0\u03c1\u03bf\u03bc\u03b7\u03b8\u03b5\u03c5\u03c4\u03ad\u03c2 \u03c0\u03bf\u03c5 \u03b5\u03ba\u03c4\u03b5\u03af\u03bd\u03bf\u03bd\u03c4\u03b1\u03b9 \u03c3\u03b5 \u03c0\u03bf\u03bb\u03bb\u03ac \u03c7\u03c1\u03cc\u03bd\u03b9\u03b1"},"content":{"rendered":"<p>Bu sos \u015fi\u015feleri, temiz, yuvarlak silindirik bir \u015fekle ve ince bir boyuna sahiptir. \u015ei\u015feler kristal berrakl\u0131\u011f\u0131nda camdan yap\u0131lm\u0131\u015f olup, boyun k\u0131sm\u0131 yeniden \u015fekillendirilmi\u015f ve siyah, k\u0131rm\u0131z\u0131 veya alt\u0131n renkli vidal\u0131 kapakl\u0131d\u0131r.<\/p>\n<h2>\u00dcr\u00fcn \u00d6zellikleri<\/h2>\n<ul>\n<li><strong>Y\u00fcksek \u015eeffafl\u0131kta Silindirik Cam:<\/strong> \u015eeffaf silindirik cam, tamamen berrak olup \u00fcr\u00fcn\u00fcn rengini, dokusunu ve kalitesini an\u0131nda g\u00f6stererek g\u00f6rsel \u00e7ekicili\u011fini art\u0131r\u0131r.<\/li>\n<li><strong>\u00c7e\u015fitli renklerde vidal\u0131 kapak se\u00e7enekleri mevcuttur:<\/strong> Vidal\u0131 kapaklar, esnek ambalaj \u00f6zelle\u015ftirme gereksinimlerine yan\u0131t olarak siyah, k\u0131rm\u0131z\u0131 ve alt\u0131n gibi farkl\u0131 renklerde \u00fcretilmektedir.<\/li>\n<li><strong>S\u0131zd\u0131rmaz ve Su Ge\u00e7irmez Tasar\u0131m:<\/strong> Vidal\u0131 kapak, \u015fi\u015fenin boynuna s\u0131k\u0131ca oturarak m\u00fckemmel s\u0131zd\u0131rmazl\u0131k sa\u011flar ve \u00fcr\u00fcn\u00fcn raf \u00f6mr\u00fcn\u00fc uzat\u0131r.<\/li>\n<\/ul>\n<h2 style=\"text-align: left;\">Temel \u00d6zellikler<\/h2>\n<table class=\"aligncenter\" style=\"border-collapse: collapse; width: 388.52pt;\" border=\"0\" width=\"518\" cellspacing=\"0\" cellpadding=\"0\">\n<tbody>\n<tr style=\"height: 13.50pt;\">\n<td style=\"height: 13.50pt; width: 109.50pt;\" width=\"146\" height=\"18\">\u00d6zellik<\/td>\n<td style=\"width: 279.00pt;\" width=\"372\">\u015eartname<\/td>\n<\/tr>\n<tr style=\"height: 13.50pt;\">\n<td style=\"height: 13.50pt;\" height=\"18\">Kapasiteler<\/td>\n<td>250 ml (8 oz), 350 ml (12 oz), 500 ml (17 oz)<\/td>\n<\/tr>\n<tr style=\"height: 13.50pt;\">\n<td style=\"height: 13.50pt;\" height=\"18\">Boyutlar (D\u00d7Y)<\/td>\n<td>5,6\u00d718,8 cm, 6,3\u00d717,1 cm, 7,1\u00d719,1 cm<\/td>\n<\/tr>\n<tr style=\"height: 13.50pt;\">\n<td style=\"height: 13.50pt;\" height=\"18\">Malzeme<\/td>\n<td>\u015eeffaf cam \u015fi\u015fede, g\u0131da s\u0131n\u0131f\u0131 stout biras\u0131<\/td>\n<\/tr>\n<tr style=\"height: 13.50pt;\">\n<td style=\"height: 13.50pt;\" height=\"18\">Kapan\u0131\u015f<\/td>\n<td>Siyah, k\u0131rm\u0131z\u0131 veya alt\u0131n renkli vidal\u0131 kapak<\/td>\n<\/tr>\n<tr style=\"height: 13.50pt;\">\n<td style=\"height: 13.50pt;\" height=\"18\">En \u0130yisi \u0130\u00e7in<\/td>\n<td>Ac\u0131 sos, barbek\u00fc sosu, salata sosu, \u00e7e\u015fni<\/td>\n<\/tr>\n<tr style=\"height: 13.50pt;\">\n<td style=\"height: 13.50pt;\" height=\"18\">\u0130deal Kullan\u0131m<\/td>\n<td>Sos \u015fi\u015fesi, toplu ac\u0131 sos \u015fi\u015feleri<\/td>\n<\/tr>\n<\/tbody>\n<\/table>\n<h2>Ba\u015far\u0131 Hikayesi<\/h2>\n<p>Ohio merkezli el yap\u0131m\u0131 sos \u00fcreten bir \u015firket, \u015fi\u015felerimizi soslarla doldurmay\u0131 tercih etti ve \u015fi\u015felerin \u00fczerine \u00f6zel olarak tasarlanm\u0131\u015f mat etiket alan\u0131 ve silikon astarl\u0131, \u0131s\u0131ya dayan\u0131kl\u0131 bir kapak bast\u0131rd\u0131. Ki\u015fiselle\u015ftirilmi\u015f \u015fi\u015feler b\u00fcy\u00fck bir ba\u015far\u0131 yakalad\u0131: \u015eeffaf cam, el yap\u0131m\u0131 soslar\u0131n\u0131 m\u00fckemmel bir \u015fekilde sergiliyor; bu da \u00e7ift\u00e7i pazarlar\u0131ndaki ani sat\u0131n al\u0131mlar\u0131n\u0131 art\u0131rd\u0131\u011f\u0131n\u0131 s\u00f6yl\u00fcyorlar. Ayr\u0131ca \u00f6zel olarak tasarlanm\u0131\u015f kapak astar\u0131, \u015fi\u015feleri m\u00fckemmel bir \u015fekilde kapal\u0131 tutuyor, s\u0131z\u0131nt\u0131y\u0131 \u00f6nl\u00fcyor ve m\u00fc\u015fteri \u015fikayetlerini azalt\u0131yor. Bu marka o kadar ba\u015far\u0131l\u0131 oldu ki, yeni piyasaya s\u00fcrd\u00fc\u011f\u00fc yemek soslar\u0131 ve dip soslar\u0131 serisinden 200.000 \u015fi\u015fe daha sipari\u015f verdi.<\/p>\n<h2>Ac\u0131 Sos \u015ei\u015feleri Ki\u015fiye \u00d6zel Tasar\u0131m<\/h2>\n<ul>\n<li>\u00d6zel D\u00f6kme A\u011fz\u0131: Bu tasar\u0131mda, sosun kolay ve do\u011fru bir \u015fekilde d\u00f6k\u00fclmesini sa\u011flayan, damlamay\u0131 \u00f6nleyici plastik veya paslanmaz \u00e7elikten yap\u0131lm\u0131\u015f, vidal\u0131 bir kapak bulunur.<\/li>\n<li>UV \u0131\u015f\u0131nlar\u0131na dayan\u0131kl\u0131 renkli cam: I\u015f\u0131\u011fa duyarl\u0131 malzemeleri \u00f6rtmek i\u00e7in kehribar veya ye\u015fil camla ayn\u0131 silindirde \u00fcretilir.<\/li>\n<li>Kapak Rengi: Kapak renklerini, marka imaj\u0131n\u0131za tam olarak uyacak \u015fekilde herhangi bir Pantone renk tablosunda bulabilirsiniz.<\/li>\n<\/ul>","protected":false},"excerpt":{"rendered":"<p>\u03a7\u03c1\u03b7\u03c3\u03b9\u03bc\u03bf\u03c0\u03bf\u03b9\u03ae\u03c3\u03c4\u03b5 \u03c4\u03b7\u03bd \u03b5\u03c0\u03c9\u03bd\u03c5\u03bc\u03af\u03b1 \u03b3\u03b9\u03b1 \u03bd\u03b1 \u03b5\u03be\u03b1\u03c4\u03bf\u03bc\u03b9\u03ba\u03b5\u03cd\u03c3\u03b5\u03c4\u03b5 \u03c4\u03bf \u03c0\u03c1\u03bf\u03ca\u03cc\u03bd \u03c3\u03b1\u03c2<\/p>","protected":false},"featured_media":23165,"template":"","meta":[],"product_brand":[],"product_cat":[129,123,122],"product_tag":[],"class_list":{"0":"post-23155","1":"product","2":"type-product","3":"status-publish","4":"has-post-thumbnail","6":"product_cat-hot-sauce-bottles","7":"product_cat-custom-glass-bottles","8":"product_cat-custom-glass-packaging","10":"first","11":"instock","12":"shipping-taxable","13":"product-type-simple"},"jetpack_sharing_enabled":true,"_links":{"self":[{"href":"https:\/\/yebodaglass.com\/tr\/wp-json\/wp\/v2\/product\/23155","targetHints":{"allow":["GET"]}}],"collection":[{"href":"https:\/\/yebodaglass.com\/tr\/wp-json\/wp\/v2\/product"}],"about":[{"href":"https:\/\/yebodaglass.com\/tr\/wp-json\/wp\/v2\/types\/product"}],"version-history":[{"count":5,"href":"https:\/\/yebodaglass.com\/tr\/wp-json\/wp\/v2\/product\/23155\/revisions"}],"predecessor-version":[{"id":25596,"href":"https:\/\/yebodaglass.com\/tr\/wp-json\/wp\/v2\/product\/23155\/revisions\/25596"}],"wp:featuredmedia":[{"embeddable":true,"href":"https:\/\/yebodaglass.com\/tr\/wp-json\/wp\/v2\/media\/23165"}],"wp:attachment":[{"href":"https:\/\/yebodaglass.com\/tr\/wp-json\/wp\/v2\/media?parent=23155"}],"wp:term":[{"taxonomy":"product_brand","embeddable":true,"href":"https:\/\/yebodaglass.com\/tr\/wp-json\/wp\/v2\/product_brand?post=23155"},{"taxonomy":"product_cat","embeddable":true,"href":"https:\/\/yebodaglass.com\/tr\/wp-json\/wp\/v2\/product_cat?post=23155"},{"taxonomy":"product_tag","embeddable":true,"href":"https:\/\/yebodaglass.com\/tr\/wp-json\/wp\/v2\/product_tag?post=23155"}],"curies":[{"name":"wp","href":"https:\/\/api.w.org\/{rel}","templated":true}]}}