{"id":23117,"date":"2025-11-03T16:34:01","date_gmt":"2025-11-03T08:34:01","guid":{"rendered":"https:\/\/yebodaglass.com\/?post_type=product&#038;p=23117"},"modified":"2026-04-09T14:09:19","modified_gmt":"2026-04-09T06:09:19","slug":"wholesale-round-glass-hot-sauce-bottles-sauce-container-supplier","status":"publish","type":"product","link":"https:\/\/yebodaglass.com\/tr\/wholesale-round-glass-hot-sauce-bottles-sauce-container-supplier\/","title":{"rendered":"Toptan Yuvarlak Cam Ac\u0131 Sos \u015ei\u015feleri 100ml 150ml 200ml"},"content":{"rendered":"<p>Yuvarlak cam ac\u0131 sos \u015fi\u015felerimiz, ince \u015feffaf cam g\u00f6vdeleri ve plastik kapaklar\u0131yla 100 ml, 150 ml ve 200 ml olmak \u00fczere \u00fc\u00e7 boyutta mevcuttur. Klasik yuvarlak \u015fekilleriyle, \u00e7ok \u00e7e\u015fitli soslar\u0131n ambalajlanmas\u0131 i\u00e7in idealdirler.<\/p>\n<h2>Temel \u00d6zellikler<\/h2>\n<table style=\"border-collapse: collapse; width: 80%; margin-left: auto; margin-right: auto;\" border=\"0\" width=\"818\" cellspacing=\"0\" cellpadding=\"0\">\n<tbody>\n<tr style=\"height: 13.50pt;\">\n<td style=\"height: 13.50pt; width: 141.75pt;\" width=\"189\" height=\"18\">\u00d6zellik<\/td>\n<td style=\"width: 471.75pt;\" width=\"629\">\u015eartname<\/td>\n<\/tr>\n<tr style=\"height: 48.00pt;\">\n<td style=\"height: 48.00pt;\" height=\"64\">Kapasite<\/td>\n<td class=\"et2\" style=\"width: 471.75pt;\" width=\"629\">100 ml\/3 oz (40 \u00d7 151 mm)<br \/>\n150 ml\/5 oz (4,8 \u00d7 17,2 cm)<br \/>\n250 ml\/8 oz (5,5 \u00d7 19,8 cm)<\/td>\n<\/tr>\n<tr style=\"height: 13.50pt;\">\n<td style=\"height: 13.50pt;\" height=\"18\">Malzeme<\/td>\n<td>Sodyum kire\u00e7 cam\u0131, plastik kapak, plastik i\u00e7 t\u0131pa, plastik stre\u00e7 film<\/td>\n<\/tr>\n<tr style=\"height: 13.50pt;\">\n<td style=\"height: 13.50pt;\" height=\"18\">Kapatma Se\u00e7enekleri<\/td>\n<td>\u00f6zelle\u015ftirilebilir<\/td>\n<\/tr>\n<tr style=\"height: 13.50pt;\">\n<td style=\"height: 13.50pt;\" height=\"18\">Kullan\u0131m Alanlar\u0131<\/td>\n<td>Ac\u0131 sos, \u00e7e\u015fniler, soya sosu, susam ezmesi, salata sosu, sirke, ac\u0131 biber, ket\u00e7ap vb.<\/td>\n<\/tr>\n<tr style=\"height: 13.50pt;\">\n<td style=\"height: 13.50pt;\" height=\"18\">\u00d6zelle\u015ftirme Se\u00e7ene\u011fi<\/td>\n<td>Y\u00fczey kaplamas\u0131, logo, \u015fekil, kapasite, kapak, ambalaj.<\/td>\n<\/tr>\n<\/tbody>\n<\/table>\n<h2>Vaka \u00c7al\u0131\u015fmas\u0131<\/h2>\n<p>Sos \u00fcretimine odaklanan bir Meksika g\u0131da \u015firketi, titiz \u00fcretim s\u00fcre\u00e7lerini yans\u0131tacak bir ambalaja ihtiya\u00e7 duyuyordu. Sonunda, kapasiteleri nedeniyle 150 ml&#039;lik cam ac\u0131 sos \u015fi\u015felerimizi tercih ettiler. Cam \u015fi\u015felere ki\u015fiselle\u015ftirilmi\u015f etiketler yap\u0131\u015ft\u0131rd\u0131lar. \u0130lk, k\u00fc\u00e7\u00fck ve sadece 3.000 adetlik sipari\u015f muhte\u015fem sonu\u00e7lar verdi. Sonu\u00e7 olarak, raf sat\u0131\u015flar\u0131 artarken, sa\u011flam cam malzeme k\u0131r\u0131lan par\u00e7a say\u0131s\u0131n\u0131 azaltt\u0131. \u015eimdi her \u00e7eyrekte 50.000&#039;den fazla \u015fi\u015felik toplu sipari\u015fler veriyorlar ve bu sos \u015fi\u015fesini markala\u015fma stratejilerinin hayati bir par\u00e7as\u0131 haline getiriyorlar.<\/p>","protected":false},"excerpt":{"rendered":"<p>\u00d6zel tasar\u0131m yuvarlak cam ac\u0131 sos \u015fi\u015feleri, sos kaplar\u0131 i\u00e7in idealdir. Sos markalar\u0131 ve toptanc\u0131lar i\u00e7in \u00f6zel se\u00e7enekler ve toptan sipari\u015f imkan\u0131. H\u0131zl\u0131 teslimat ve \u00fccretsiz numuneler.<\/p>","protected":false},"featured_media":25676,"template":"","meta":[],"product_brand":[],"product_cat":[129,123,122,80,20],"product_tag":[],"class_list":{"0":"post-23117","1":"product","2":"type-product","3":"status-publish","4":"has-post-thumbnail","6":"product_cat-hot-sauce-bottles","7":"product_cat-custom-glass-bottles","8":"product_cat-custom-glass-packaging","9":"product_cat-glass-bottles","10":"product_cat-glass-containers","12":"first","13":"instock","14":"shipping-taxable","15":"product-type-simple"},"jetpack_sharing_enabled":true,"_links":{"self":[{"href":"https:\/\/yebodaglass.com\/tr\/wp-json\/wp\/v2\/product\/23117","targetHints":{"allow":["GET"]}}],"collection":[{"href":"https:\/\/yebodaglass.com\/tr\/wp-json\/wp\/v2\/product"}],"about":[{"href":"https:\/\/yebodaglass.com\/tr\/wp-json\/wp\/v2\/types\/product"}],"version-history":[{"count":5,"href":"https:\/\/yebodaglass.com\/tr\/wp-json\/wp\/v2\/product\/23117\/revisions"}],"predecessor-version":[{"id":25685,"href":"https:\/\/yebodaglass.com\/tr\/wp-json\/wp\/v2\/product\/23117\/revisions\/25685"}],"wp:featuredmedia":[{"embeddable":true,"href":"https:\/\/yebodaglass.com\/tr\/wp-json\/wp\/v2\/media\/25676"}],"wp:attachment":[{"href":"https:\/\/yebodaglass.com\/tr\/wp-json\/wp\/v2\/media?parent=23117"}],"wp:term":[{"taxonomy":"product_brand","embeddable":true,"href":"https:\/\/yebodaglass.com\/tr\/wp-json\/wp\/v2\/product_brand?post=23117"},{"taxonomy":"product_cat","embeddable":true,"href":"https:\/\/yebodaglass.com\/tr\/wp-json\/wp\/v2\/product_cat?post=23117"},{"taxonomy":"product_tag","embeddable":true,"href":"https:\/\/yebodaglass.com\/tr\/wp-json\/wp\/v2\/product_tag?post=23117"}],"curies":[{"name":"wp","href":"https:\/\/api.w.org\/{rel}","templated":true}]}}