{"id":23100,"date":"2025-11-03T16:08:07","date_gmt":"2025-11-03T08:08:07","guid":{"rendered":"https:\/\/yebodaglass.com\/?post_type=product&#038;p=23100"},"modified":"2025-11-03T16:08:09","modified_gmt":"2025-11-03T08:08:09","slug":"glass-spice-jar-with-shaker-lid-bulk-for-kitchen","status":"publish","type":"product","link":"https:\/\/yebodaglass.com\/tr\/glass-spice-jar-with-shaker-lid-bulk-for-kitchen\/","title":{"rendered":"Mutfak i\u00e7in 10oz&#039;luk \u00c7alkalay\u0131c\u0131 Kapakl\u0131 Cam Baharat Kavanozu Toplu Sat\u0131\u015f\u00a0"},"content":{"rendered":"<p>Kolay tutulabilen, dikey \u00e7izgili \u015feffaf baharat kavanozlar\u0131 \u00fcretiyoruz; mutfa\u011f\u0131n\u0131zda da\u011f\u0131n\u0131kl\u0131\u011fa son. Bu baharat saklama kaplar\u0131, kilerinizi \u015f\u0131k bir alana d\u00f6n\u00fc\u015ft\u00fcr\u00fcyor. Toplu sipari\u015fleriniz varsa, markan\u0131za uygun \u00f6zel se\u00e7enekler de mevcuttur.<\/p>\n<h2>\u00dcr\u00fcn \u00d6zellikleri<\/h2>\n<p><strong>Dikey \u015eerit Tutaca\u011f\u0131<\/strong><\/p>\n<p>Kaburgalar cam baharat kavanozlar\u0131n\u0131 sadece tutmay\u0131 rahat hale getirmekle kalmaz, ayn\u0131 zamanda \u015f\u0131k da k\u0131lar; cam baharat kavanozlar\u0131n\u0131z elinizde \u00fcst d\u00fczey bir \u00fcr\u00fcn gibi hissettirir.<\/p>\n<p><strong>Paslanmaz Shaker Kapa\u011f\u0131<\/strong><\/p>\n<p>Hassasiyetle a\u00e7\u0131lan k\u00fc\u00e7\u00fck delikler d\u00f6k\u00fcm\u00fc kontrol eder; art\u0131k a\u015f\u0131r\u0131 tuzlama veya baharat israf\u0131 olmaz.<\/p>\n<p><strong>Kristal Berrakl\u0131\u011f\u0131<\/strong><\/p>\n<p>\u015eeffaf cam, m\u00fc\u015fterilerin her bir tanesini g\u00f6rmesini sa\u011flar; bu nedenle baharat saklama kaplar\u0131n\u0131za hemen g\u00fcvenirler.<\/p>\n<h2>Temel \u00d6zellikler<\/h2>\n<table style=\"border-collapse: collapse; width: 80%; margin-left: auto; margin-right: auto;\" border=\"0\" width=\"144\" cellspacing=\"0\" cellpadding=\"0\">\n<tbody>\n<tr style=\"height: 13.50pt;\">\n<td style=\"height: 13.5pt; width: 54pt; text-align: center;\" width=\"72\" height=\"18\">Kapasite<\/td>\n<td style=\"width: 54pt; text-align: center;\" width=\"72\">330 ml\/10 oz<\/td>\n<\/tr>\n<tr style=\"height: 13.50pt;\">\n<td style=\"height: 13.5pt; text-align: center;\" height=\"18\">Boyut (cm)<\/td>\n<td style=\"text-align: center;\">7.5&#215;13.5<\/td>\n<\/tr>\n<tr style=\"height: 13.50pt;\">\n<td style=\"height: 13.5pt; text-align: center;\" height=\"18\">Malzeme<\/td>\n<td style=\"text-align: center;\">Cam + Metal (Kapaklar)<\/td>\n<\/tr>\n<tr style=\"height: 13.50pt;\">\n<td style=\"height: 13.5pt; text-align: center;\" height=\"18\">Renk Se\u00e7enekleri<\/td>\n<td style=\"text-align: center;\">\u015eeffaf (\u00f6zelle\u015ftirilebilir)<\/td>\n<\/tr>\n<tr style=\"height: 13.50pt;\">\n<td style=\"height: 13.5pt; text-align: center;\" height=\"18\">Kullan\u0131m<\/td>\n<td style=\"text-align: center;\">\u015eeker, Tuz, Baharat<\/td>\n<\/tr>\n<tr style=\"height: 13.50pt;\">\n<td style=\"height: 13.5pt; text-align: center;\" height=\"18\">\u00d6zelle\u015ftirme<\/td>\n<td style=\"text-align: center;\">Kapak tasar\u0131m\u0131, rengi, logosu (G\u00f6mme, \u00c7\u0131kartma vb.)<\/td>\n<\/tr>\n<\/tbody>\n<\/table>\n<h2>Ba\u015far\u0131 \u00d6rne\u011fi<\/h2>\n<p>Kanadal\u0131 bir g\u0131da hizmeti \u015firketinin, cam baharat kavanozu serimizi de b\u00fcnyesine katarak baharat saklama \u00fcr\u00fcn yelpazesini geli\u015ftirme giri\u015fiminde yer ald\u0131k. F\u0131r\u00e7alanm\u0131\u015f metal mente\u015feler ve lazerle i\u015flenmi\u015f marka logolar\u0131yla donat\u0131lm\u0131\u015f \u00f6zel yap\u0131m kavanozlar, mutfak e\u015fyalar\u0131n\u0131n g\u00f6r\u00fcn\u00fcm\u00fcn\u00fc daha \u015f\u0131k ve profesyonel hale getiriyor. \u015eeffaf cam baharat saklama kaplar\u0131, \u015feflerin i\u00e7indeki baharatlar\u0131 bulmas\u0131n\u0131 kolayla\u015ft\u0131r\u0131rken, g\u00fc\u00e7l\u00fc ve sa\u011flam yap\u0131s\u0131 ticari mutfaklar\u0131n yo\u011fun kullan\u0131lan alanlar\u0131nda uzun s\u00fcre kullan\u0131labilir.<\/p>\n<p>\u015eirket, yeni cam baharat kavanozunun piyasaya s\u00fcr\u00fclmesinden sonra, yumu\u015fak hissiyat\u0131ndan dolay\u0131 sipari\u015flerde &#039;l\u0131k bir art\u0131\u015f kaydetti.<\/p>\n<h2>\u00d6zelle\u015ftirme K\u0131lavuzunuz<\/h2>\n<ol>\n<li><strong>Ayarlanabilir Kapaklar:<\/strong> \u00c7e\u015fitli \u00e7e\u015fni ak\u0131\u015f h\u0131zlar\u0131na uyum sa\u011flamak i\u00e7in \u00e7ok delikli, tek delikli veya vidal\u0131 kapak tasar\u0131mlar\u0131 i\u00e7in paslanmaz \u00e7elik, al\u00fcminyum ala\u015f\u0131m\u0131 veya plastik aras\u0131ndan se\u00e7im yapabilirsiniz.<\/li>\n<li><strong>\u0130\u015faretler ve \u0130zlenimler:<\/strong> Cam baharat kavanozlar\u0131na serigrafi tekni\u011fi ile marka logolar\u0131, \u00e7e\u015fni isimleri veya suya dayan\u0131kl\u0131 etiketler bas\u0131larak \u00fcr\u00fcn tan\u0131n\u0131rl\u0131\u011f\u0131 ve marka imaj\u0131 kolayla\u015ft\u0131r\u0131labilir.<\/li>\n<li><strong>Mevcut Kutu Paketleme Se\u00e7enekleri:<\/strong> L\u00fcks mutfak e\u015fyalar\u0131 seti veya tatil hediye kampanyas\u0131 i\u00e7in m\u00fckemmel, \u00f6zel olarak haz\u0131rlanm\u0131\u015f \u00e7ok \u015fi\u015feli hediye kutular\u0131 mevcuttur.<\/li>\n<\/ol>","protected":false},"excerpt":{"rendered":"<p>Cam baharat kavanozumuzu ke\u015ffedin \u2014 tuz, karabiber veya otlar i\u00e7in m\u00fckemmel baharat saklama kaplar\u0131. Kolay ve temiz baharatlama i\u00e7in \u00e7alkalay\u0131c\u0131 kapakl\u0131 dayan\u0131kl\u0131 cam kavanoz.<\/p>","protected":false},"featured_media":23101,"template":"","meta":[],"product_brand":[],"product_cat":[83,128,20],"product_tag":[],"class_list":{"0":"post-23100","1":"product","2":"type-product","3":"status-publish","4":"has-post-thumbnail","6":"product_cat-glass-jars","7":"product_cat-spice-jars","8":"product_cat-glass-containers","10":"first","11":"instock","12":"shipping-taxable","13":"product-type-simple"},"jetpack_sharing_enabled":true,"_links":{"self":[{"href":"https:\/\/yebodaglass.com\/tr\/wp-json\/wp\/v2\/product\/23100","targetHints":{"allow":["GET"]}}],"collection":[{"href":"https:\/\/yebodaglass.com\/tr\/wp-json\/wp\/v2\/product"}],"about":[{"href":"https:\/\/yebodaglass.com\/tr\/wp-json\/wp\/v2\/types\/product"}],"version-history":[{"count":3,"href":"https:\/\/yebodaglass.com\/tr\/wp-json\/wp\/v2\/product\/23100\/revisions"}],"predecessor-version":[{"id":23113,"href":"https:\/\/yebodaglass.com\/tr\/wp-json\/wp\/v2\/product\/23100\/revisions\/23113"}],"wp:featuredmedia":[{"embeddable":true,"href":"https:\/\/yebodaglass.com\/tr\/wp-json\/wp\/v2\/media\/23101"}],"wp:attachment":[{"href":"https:\/\/yebodaglass.com\/tr\/wp-json\/wp\/v2\/media?parent=23100"}],"wp:term":[{"taxonomy":"product_brand","embeddable":true,"href":"https:\/\/yebodaglass.com\/tr\/wp-json\/wp\/v2\/product_brand?post=23100"},{"taxonomy":"product_cat","embeddable":true,"href":"https:\/\/yebodaglass.com\/tr\/wp-json\/wp\/v2\/product_cat?post=23100"},{"taxonomy":"product_tag","embeddable":true,"href":"https:\/\/yebodaglass.com\/tr\/wp-json\/wp\/v2\/product_tag?post=23100"}],"curies":[{"name":"wp","href":"https:\/\/api.w.org\/{rel}","templated":true}]}}