{"id":23091,"date":"2025-11-03T16:20:39","date_gmt":"2025-11-03T08:20:39","guid":{"rendered":"https:\/\/yebodaglass.com\/?post_type=product&#038;p=23091"},"modified":"2025-11-03T17:29:17","modified_gmt":"2025-11-03T09:29:17","slug":"wholesale-clear-glass-hot-sauce-bottles-with-lids","status":"publish","type":"product","link":"https:\/\/yebodaglass.com\/tr\/wholesale-clear-glass-hot-sauce-bottles-with-lids\/","title":{"rendered":"Toptan \u015eeffaf Cam Kapakl\u0131 Ac\u0131 Sos \u015ei\u015feleri 250ml 350ml 500ml"},"content":{"rendered":"<p>Bu ac\u0131 sos \u015fi\u015fesinin sade tasar\u0131m\u0131, k\u0131sa ve kal\u0131n boyuna g\u00f6rsel olarak ba\u011flanan hafif konik bir g\u00f6vdeye sahiptir. Genel olarak, \u015feffaf camdan yap\u0131lm\u0131\u015f olduk\u00e7a sade ve kullan\u0131\u015fl\u0131 tasar\u0131m\u0131, \u015fi\u015feyi a\u00e7maya gerek kalmadan herkesin i\u00e7ini g\u00f6rmesini sa\u011flar.<\/p>\n<h2>\u00dcr\u00fcn \u00d6zellikleri<\/h2>\n<ul>\n<li><strong>\u015eeffaf Cam Malzemesi:<\/strong> \u015eeffaf cam kap, kullan\u0131c\u0131lar\u0131n \u015fi\u015feyi a\u00e7ma zahmetine girmeden sosun rengini g\u00f6rsel olarak g\u00f6rmelerini ve ne kadar kald\u0131\u011f\u0131n\u0131 belirlemelerini sa\u011flar.<\/li>\n<li><strong>\u0130nce Konteyner Tasar\u0131m\u0131:<\/strong> \u0130nce silueti ve yumu\u015fak k\u0131vr\u0131mlar\u0131yla \u015fi\u015fe, hem ta\u015f\u0131ma hem de saklama i\u00e7in basit tutulmu\u015ftur, b\u00f6ylece t\u00fcm kullan\u0131c\u0131 deneyimi daha konforlu ve rahat hale gelir.<\/li>\n<li><strong>Minimalist Konsept:<\/strong> \u015eeffaf bir kap ve tek renk bir kapakla birle\u015fti\u011finde ortaya \u015f\u0131k ve parlak bir g\u00f6r\u00fcnt\u00fc \u00e7\u0131k\u0131yor, bir\u00e7ok farkl\u0131 \u015fekilde \u015fekillendirilebiliyor ve kullan\u0131m a\u00e7\u0131s\u0131ndan da olduk\u00e7a i\u015flevsel.<\/li>\n<\/ul>\n<h2 style=\"text-align: left;\">Temel \u00d6zellikler<\/h2>\n<table class=\"aligncenter\" style=\"border-collapse: collapse; width: 471.02pt;\" border=\"0\" width=\"628\" cellspacing=\"0\" cellpadding=\"0\">\n<tbody>\n<tr style=\"height: 13.50pt;\">\n<td style=\"height: 13.50pt; width: 111.75pt;\" width=\"149\" height=\"18\">\u00d6zellik<\/td>\n<td style=\"width: 359.25pt;\" width=\"479\">\u015eartname<\/td>\n<\/tr>\n<tr style=\"height: 13.50pt;\">\n<td style=\"height: 13.50pt;\" height=\"18\">Kapasite<\/td>\n<td>250 ml (8 oz), 350 ml (12 oz), 500 ml (17 oz)<\/td>\n<\/tr>\n<tr style=\"height: 13.50pt;\">\n<td style=\"height: 13.50pt;\" height=\"18\">Boyutlar<\/td>\n<td>5,5\u00d717,8 cm, 6,1\u00d719,6 cm, 6,9\u00d721,4 cm<\/td>\n<\/tr>\n<tr style=\"height: 13.50pt;\">\n<td style=\"height: 13.50pt;\" height=\"18\">\u015eekil<\/td>\n<td>Silindirik ve yumu\u015fak konik<\/td>\n<\/tr>\n<tr style=\"height: 13.50pt;\">\n<td style=\"height: 13.50pt;\" height=\"18\">Malzeme<\/td>\n<td>\u015eeffaf cam, plastik\/metal kapakla uyumludur<\/td>\n<\/tr>\n<tr style=\"height: 13.50pt;\">\n<td style=\"height: 13.50pt;\" height=\"18\">Kapatma Se\u00e7enekleri<\/td>\n<td>Sar\u0131, beyaz, k\u0131rm\u0131z\u0131, siyah kapaklar (\u00f6zelle\u015ftirilebilir)<\/td>\n<\/tr>\n<tr style=\"height: 13.50pt;\">\n<td style=\"height: 13.50pt;\" height=\"18\">En \u0130yisi \u0130\u00e7in<\/td>\n<td>Barbek\u00fc sosu, sos, \u015furup, sirke, \u00e7e\u015fni markalar\u0131<\/td>\n<\/tr>\n<tr style=\"height: 13.50pt;\">\n<td style=\"height: 13.50pt;\" height=\"18\">\u0130deal Kullan\u0131m<\/td>\n<td>Ac\u0131 sos \u015fi\u015fesi, cam \u015fi\u015fe, \u00e7e\u015fni \u015fi\u015fesi<\/td>\n<\/tr>\n<\/tbody>\n<\/table>\n<h2>Ger\u00e7ek D\u00fcnyadan \u00d6rnek Olay \u0130ncelemesi: Bir Marka Nas\u0131l \u00d6l\u00e7eklendirildi?<\/h2>\n<p>K\u00fc\u00e7\u00fck parti sirke bazl\u0131 ac\u0131 sos \u00fcretiminde uzmanla\u015fm\u0131\u015f bir giri\u015fim olan zanaatkar sos \u015firketi, \u00fclke \u00e7ap\u0131nda faaliyet g\u00f6steren bir perakende zincirine d\u00f6n\u00fc\u015fmek i\u00e7in uygun maliyetli ve g\u00fcvenilir bir \u015fi\u015feye ihtiya\u00e7 duyuyordu. K\u0131rm\u0131z\u0131 kapakl\u0131 ve marka logolu 500 ml&#039;lik \u015feffaf sos \u015fi\u015femizden 2.500 adet toptan sat\u0131n almak ilk ad\u0131mlar\u0131yd\u0131 ve yar\u0131\u015fa ba\u015flad\u0131lar. Sonu\u00e7lar etkili oldu. Ba\u015flang\u0131\u00e7ta, \u015feffaf cam \u015fi\u015feler ve renkli kapaklar sat\u0131\u015flar\u0131 \u00f6nemli \u00f6l\u00e7\u00fcde art\u0131rd\u0131 - bir ac\u0131 sos markas\u0131, damlama ve d\u00f6k\u00fclmeleri en aza indiren kolay d\u00f6k\u00fclme tasar\u0131m\u0131 sayesinde \u00e7evrimi\u00e7i sat\u0131\u015flarda art\u0131\u015f ve at\u0131kta azalma bildirdi. Bu nedenle 300.000 \u015fi\u015felik bir sipari\u015f daha verme karar\u0131 ald\u0131lar. \u015eu anda \u015fi\u015feyi, hem nakliye hem de m\u00fc\u015fteri memnuniyeti a\u00e7\u0131s\u0131ndan gereksinimlerini kar\u015f\u0131layan sabit ambalaj se\u00e7ene\u011fi olarak g\u00f6r\u00fcyorlar.<\/p>\n<h2>Cam Sos \u015ei\u015fesi Ki\u015fiselle\u015ftirme<\/h2>\n<ul>\n<li>Buzlu Cam: Asit a\u015f\u0131nd\u0131rmal\u0131 yar\u0131 saydam camla l\u00fcks bir his yaratarak \u015f\u0131k ve sofistike bir g\u00f6r\u00fcn\u00fcm elde edin.<\/li>\n<li>Markal\u0131 Logo Bask\u0131s\u0131: \u015eirketinizin logosunu veya tasar\u0131m\u0131n\u0131 do\u011frudan cam\u0131n \u00fczerine basarak markan\u0131z\u0131 daha g\u00fc\u00e7l\u00fc hale getirin ve kal\u0131c\u0131 bir an\u0131 yarat\u0131n.<\/li>\n<li>Renkli Cam: Sosun \u0131\u015f\u0131ktan uzak durmas\u0131 ve rafta \u00fcr\u00fcn\u00fcn kalitesinin dikkat \u00e7ekmesi i\u00e7in kehribar veya ye\u015fil cam\u0131 tercih edin.<\/li>\n<li>\u00d6zel \u015eapka Renkleri: Markan\u0131z\u0131 farkl\u0131la\u015ft\u0131rmak ve h\u0131zl\u0131 tan\u0131mlama i\u00e7in geleneksel beyaz veya canl\u0131 k\u0131rm\u0131z\u0131 gibi imza \u015fapka renklerini kullan\u0131n.<\/li>\n<li>Astar Malzemesi Se\u00e7enekleri: Sosunuzun asitli\u011fi ve ya\u011f i\u00e7eri\u011fine uygun, s\u0131k\u0131ca kapat\u0131lm\u0131\u015f bir kap sa\u011flamak i\u00e7in do\u011fru astar\u0131 (\u00f6rne\u011fin k\u00f6p\u00fck PVC) se\u00e7in.<\/li>\n<\/ul>","protected":false},"excerpt":{"rendered":"<p>P\u00fcr\u00fczs\u00fcz cam y\u00fczeyli ve s\u0131k\u0131ca kapanan kapakl\u0131 \u015feffaf ac\u0131 sos \u015fi\u015feleri. Ac\u0131 sos veya \u00e7e\u015fniler i\u00e7in ideal. Fabrika fiyat\u0131, toplu sipari\u015fler, h\u0131zl\u0131 teslimat!<\/p>","protected":false},"featured_media":23107,"template":"","meta":[],"product_brand":[],"product_cat":[20,129,80],"product_tag":[],"class_list":{"0":"post-23091","1":"product","2":"type-product","3":"status-publish","4":"has-post-thumbnail","6":"product_cat-glass-containers","7":"product_cat-hot-sauce-bottles","8":"product_cat-glass-bottles","10":"first","11":"instock","12":"shipping-taxable","13":"product-type-simple"},"jetpack_sharing_enabled":true,"_links":{"self":[{"href":"https:\/\/yebodaglass.com\/tr\/wp-json\/wp\/v2\/product\/23091","targetHints":{"allow":["GET"]}}],"collection":[{"href":"https:\/\/yebodaglass.com\/tr\/wp-json\/wp\/v2\/product"}],"about":[{"href":"https:\/\/yebodaglass.com\/tr\/wp-json\/wp\/v2\/types\/product"}],"version-history":[{"count":3,"href":"https:\/\/yebodaglass.com\/tr\/wp-json\/wp\/v2\/product\/23091\/revisions"}],"predecessor-version":[{"id":23134,"href":"https:\/\/yebodaglass.com\/tr\/wp-json\/wp\/v2\/product\/23091\/revisions\/23134"}],"wp:featuredmedia":[{"embeddable":true,"href":"https:\/\/yebodaglass.com\/tr\/wp-json\/wp\/v2\/media\/23107"}],"wp:attachment":[{"href":"https:\/\/yebodaglass.com\/tr\/wp-json\/wp\/v2\/media?parent=23091"}],"wp:term":[{"taxonomy":"product_brand","embeddable":true,"href":"https:\/\/yebodaglass.com\/tr\/wp-json\/wp\/v2\/product_brand?post=23091"},{"taxonomy":"product_cat","embeddable":true,"href":"https:\/\/yebodaglass.com\/tr\/wp-json\/wp\/v2\/product_cat?post=23091"},{"taxonomy":"product_tag","embeddable":true,"href":"https:\/\/yebodaglass.com\/tr\/wp-json\/wp\/v2\/product_tag?post=23091"}],"curies":[{"name":"wp","href":"https:\/\/api.w.org\/{rel}","templated":true}]}}