{"id":23090,"date":"2025-11-03T14:57:07","date_gmt":"2025-11-03T06:57:07","guid":{"rendered":"https:\/\/yebodaglass.com\/?post_type=product&#038;p=23090"},"modified":"2026-03-18T15:52:34","modified_gmt":"2026-03-18T07:52:34","slug":"glass-small-spice-jars-with-spoon-lid-bulk","status":"publish","type":"product","link":"https:\/\/yebodaglass.com\/tr\/urun\/glass-small-spice-jars-with-spoon-lid-bulk\/","title":{"rendered":"200 ml&#039;lik Ka\u015f\u0131k Kapakl\u0131 K\u00fc\u00e7\u00fck Cam Baharat Kavanozlar\u0131 (Toptan Sat\u0131\u015f)"},"content":{"rendered":"<p>K\u00fc\u00e7\u00fck baharat kavanozu, sade, \u015feffaf, k\u00fcresel g\u00f6r\u00fcn\u00fcml\u00fc silindirik bir cam g\u00f6vdeye, p\u00fcr\u00fczs\u00fcz siyah bir kapa\u011fa ve kapa\u011f\u0131n etraf\u0131nda g\u00fcm\u00fc\u015f renkli metal bir halkaya sahiptir. Her kavanoz kapa\u011f\u0131n\u0131n i\u00e7ine bir ka\u015f\u0131k, f\u0131r\u00e7a veya dald\u0131rma aleti yerle\u015ftirilmi\u015ftir.<\/p>\n<h2>\u00dcr\u00fcn \u00d6zellikleri<\/h2>\n<ul>\n<li><strong>\u00c7ok Fonksiyonlu Ara\u00e7lar\u0131n Entegrasyonu:<\/strong> Kapaklar\u0131n i\u00e7inde \u00f6zel servis ara\u00e7lar\u0131 (ka\u015f\u0131k\/f\u0131r\u00e7a\/bal \u00e7ubu\u011fu) bulunur; bu da ek mutfak gere\u00e7lerine gerek kalmad\u0131\u011f\u0131 ve da\u011f\u0131t\u0131m\u0131n daha sa\u011fl\u0131kl\u0131 ve pratik hale geldi\u011fi anlam\u0131na gelir.<\/li>\n<li><strong>P\u00fcr\u00fczs\u00fcz Siyah Kapak ve G\u00fcm\u00fc\u015f Detay:<\/strong> \u0130ki tonlu kapa\u011f\u0131 ona modern bir g\u00f6r\u00fcn\u00fcm kazand\u0131r\u0131rken, a\u00e7ma kolu da iyi bir tutu\u015f sa\u011fl\u0131yor.<\/li>\n<li><strong>\u015eeffaf Silindirik Cam G\u00f6vde:<\/strong> Yuvarlak ve \u015feffaf cam, h\u0131zl\u0131 envanter bilgisi sa\u011flar ve kolayca \u00fcst \u00fcste istiflenebilir.<\/li>\n<\/ul>\n<h2>Temel \u00d6zellikler<\/h2>\n<table style=\"border-collapse: collapse; width: 90%; margin-left: auto; margin-right: auto;\" border=\"0\" width=\"504\" cellspacing=\"0\" cellpadding=\"0\">\n<tbody>\n<tr style=\"height: 13.50pt;\">\n<td style=\"height: 13.5pt; width: 54pt; text-align: center;\" width=\"72\" height=\"18\">Kapasite<\/td>\n<td style=\"width: 54pt; text-align: center;\" width=\"72\">Boyut (cm)<\/td>\n<td style=\"width: 54pt; text-align: center;\" width=\"72\">\u015eekil<\/td>\n<td style=\"width: 54pt; text-align: center;\" width=\"72\">Renk Se\u00e7enekleri<\/td>\n<td style=\"width: 54pt; text-align: center;\" width=\"72\">Kullan\u0131m<\/td>\n<td style=\"width: 54pt; text-align: center;\" width=\"72\">\u00d6zelle\u015ftirme Se\u00e7enekleri<\/td>\n<\/tr>\n<tr style=\"height: 13.50pt;\">\n<td style=\"height: 13.5pt; text-align: center;\" height=\"18\">200 ml<\/td>\n<td style=\"text-align: center;\">6.5&#215;14<\/td>\n<td style=\"text-align: center;\">Yuvarlak<\/td>\n<td style=\"text-align: center;\">\u015eeffaf (\u00f6zelle\u015ftirilebilir)<\/td>\n<td style=\"text-align: center;\">Baharat Kab\u0131, Baharat \u015ei\u015fesi, Ya\u011f Dispenseri<\/td>\n<td style=\"text-align: center;\">Logo, kapaklar, renk, etiket, boyut<\/td>\n<\/tr>\n<\/tbody>\n<\/table>\n<h2>Ba\u015far\u0131 Hikayesi<\/h2>\n<p>Avrupa&#039;daki mutfak e\u015fyas\u0131 markalar\u0131ndan biri, baharat kavanozlar\u0131m\u0131z\u0131 se\u00e7ti ve \u00fczerlerine buzlu, kademeli \u00e7izgiler ve silikon f\u0131r\u00e7a ba\u015fl\u0131klar\u0131 ekleyerek modifiye etti. Bu entegre ara\u00e7 sistemi b\u00fcy\u00fck bir ba\u015far\u0131ya ula\u015ft\u0131; \u00e7\u00fcnk\u00fc m\u00fc\u015fterilerin kay\u0131p ka\u015f\u0131klarla ilgili \u015fikayetleri oran\u0131nda azald\u0131. Cam kavanozlar \u015feffaft\u0131 ve bu da kullan\u0131c\u0131lar\u0131n ilk giren ilk \u00e7\u0131kar (FIFO) envanter y\u00f6netimini kolayca uygulamas\u0131na yard\u0131mc\u0131 oldu. Markan\u0131n b\u00fcy\u00fck ba\u015far\u0131s\u0131, Avrupa&#039;daki b\u00fcy\u00fck ev e\u015fyas\u0131 perakendecilerine teslim edilmek \u00fczere 750.000 adet daha kavanoz sipari\u015fi vermelerine yol a\u00e7t\u0131.<\/p>\n<h2>K\u00fc\u00e7\u00fck Baharat Kavanozlar\u0131 \u00d6zelle\u015ftirme \u00c7\u00f6z\u00fcmleri<\/h2>\n<ul>\n<li>Kapak Renkleri ve Malzemeleri: Bir\u00e7ok farkl\u0131 renkte (beyaz, gri, ah\u015fap desenli) veya metalde (bak\u0131r, pirin\u00e7) mevcuttur.<\/li>\n<li>Aletlerin ki\u015fiselle\u015ftirilmesi: Tasarlad\u0131\u011f\u0131n\u0131z bir alet \u015fekli (\u00f6rne\u011fin mini klipsler, \u00f6l\u00e7\u00fc ka\u015f\u0131klar\u0131) se\u00e7in veya aletin \u00fczerine marka ad\u0131n\u0131z\u0131 bast\u0131r\u0131n.<\/li>\n<li>Kapak S\u0131zd\u0131rmazl\u0131\u011f\u0131: Hava ge\u00e7irmez bir s\u0131zd\u0131rmazl\u0131k sa\u011flamak ve kahve veya \u00e7ay\u0131 uzun s\u00fcre saklayabilmek i\u00e7in kapa\u011fa silikondan yap\u0131lm\u0131\u015f s\u0131zd\u0131rmazl\u0131k halkalar\u0131 uygulan\u0131r.<\/li>\n<\/ul>","protected":false},"excerpt":{"rendered":"<p>\u015eeffaf camdan yap\u0131lm\u0131\u015f, \u00e7ok fonksiyonlu kapakl\u0131 k\u00fc\u00e7\u00fck baharat kavanozlar\u0131. Baharat kavanozu seti, kolay kullan\u0131m i\u00e7in ka\u015f\u0131k, f\u0131r\u00e7a ve kep\u00e7e i\u00e7erir. \u00dccretsiz \u00f6rnekler mevcuttur.<\/p>","protected":false},"featured_media":23097,"template":"","meta":[],"product_brand":[],"product_cat":[83,20,128],"product_tag":[],"class_list":{"0":"post-23090","1":"product","2":"type-product","3":"status-publish","4":"has-post-thumbnail","6":"product_cat-glass-jars","7":"product_cat-glass-containers","8":"product_cat-spice-jars","10":"first","11":"instock","12":"shipping-taxable","13":"product-type-simple"},"jetpack_sharing_enabled":true,"_links":{"self":[{"href":"https:\/\/yebodaglass.com\/tr\/wp-json\/wp\/v2\/product\/23090","targetHints":{"allow":["GET"]}}],"collection":[{"href":"https:\/\/yebodaglass.com\/tr\/wp-json\/wp\/v2\/product"}],"about":[{"href":"https:\/\/yebodaglass.com\/tr\/wp-json\/wp\/v2\/types\/product"}],"version-history":[{"count":5,"href":"https:\/\/yebodaglass.com\/tr\/wp-json\/wp\/v2\/product\/23090\/revisions"}],"predecessor-version":[{"id":25498,"href":"https:\/\/yebodaglass.com\/tr\/wp-json\/wp\/v2\/product\/23090\/revisions\/25498"}],"wp:featuredmedia":[{"embeddable":true,"href":"https:\/\/yebodaglass.com\/tr\/wp-json\/wp\/v2\/media\/23097"}],"wp:attachment":[{"href":"https:\/\/yebodaglass.com\/tr\/wp-json\/wp\/v2\/media?parent=23090"}],"wp:term":[{"taxonomy":"product_brand","embeddable":true,"href":"https:\/\/yebodaglass.com\/tr\/wp-json\/wp\/v2\/product_brand?post=23090"},{"taxonomy":"product_cat","embeddable":true,"href":"https:\/\/yebodaglass.com\/tr\/wp-json\/wp\/v2\/product_cat?post=23090"},{"taxonomy":"product_tag","embeddable":true,"href":"https:\/\/yebodaglass.com\/tr\/wp-json\/wp\/v2\/product_tag?post=23090"}],"curies":[{"name":"wp","href":"https:\/\/api.w.org\/{rel}","templated":true}]}}