{"id":23047,"date":"2025-10-31T16:59:40","date_gmt":"2025-10-31T08:59:40","guid":{"rendered":"https:\/\/yebodaglass.com\/?post_type=product&#038;p=23047"},"modified":"2025-11-04T11:51:58","modified_gmt":"2025-11-04T03:51:58","slug":"5oz-custom-square-glass-yogurt-jars-with-lids-wholesale","status":"publish","type":"product","link":"https:\/\/yebodaglass.com\/tr\/5oz-custom-square-glass-yogurt-jars-with-lids-wholesale\/","title":{"rendered":"kapakl\u0131 150ml \/ 5oz \u00d6zel Kare Cam Yo\u011furt Kavanozlar\u0131 Toptan Sat\u0131\u015f"},"content":{"rendered":"<p>Kapaklar\u0131 ufalanan veya yer kaplayan cam yo\u011furt kavanozlar\u0131ndan s\u0131k\u0131ld\u0131n\u0131z m\u0131? Kare sil\u00fcetli, \u015f\u0131k k\u00fc\u00e7\u00fck cam yo\u011furt kavanozlar\u0131 \u00fcretiyoruz; dar raflara son. Bu cam s\u00fct kavanozlar\u0131, yo\u011furdunuzun kaliteli g\u00f6r\u00fcnmesini ve daha h\u0131zl\u0131 sat\u0131lmas\u0131n\u0131 sa\u011flar. Toplu sipari\u015flerde, markan\u0131z\u0131n havas\u0131na uygun \u00f6zel renkler mevcuttur.<\/p>\n<h2>\u00dcr\u00fcn \u00d6zellikleri<\/h2>\n<p><strong>\u0130stiflenebilir\u200b\u200d\u200b\u200c\u200d\u200b\u200d\u200c\u200b\u200d\u200b\u200c\u200d\u200b\u200d\u200c Kare \u015eekil<\/strong><\/p>\n<p>S\u0131n\u0131rl\u0131 depolama i\u00e7in idealdir; k\u00fc\u00e7\u00fck cam yo\u011furt kavanozlar\u0131n\u0131z her mutfa\u011fa kolayca s\u0131\u011far.<\/p>\n<p><strong>S\u0131k\u0131 Renkli Kapaklar<\/strong><\/p>\n<p>S\u0131z\u0131nt\u0131 yapmayan k\u0131rm\u0131z\u0131, sar\u0131, ye\u015fil plastik kapaklar - pislik yok, sadece yo\u011furdun mutlulu\u011fu.<\/p>\n<p><strong>Kristal Berrakl\u0131\u011f\u0131<\/strong><\/p>\n<p>En \u015feffaf cam bile her k\u0131vr\u0131m\u0131 ortaya \u00e7\u0131kar\u0131r; al\u0131c\u0131lar yo\u011furt i\u00e7in kapakl\u0131 cam kavanozlar\u0131n\u0131z\u0131n ilk tercihleri \u200b\u200boldu\u011fundan o kadar emindirler ki.<\/p>\n<h2>Temel \u00d6zellikler<\/h2>\n<table style=\"border-collapse: collapse; width: 80%; margin-right: auto; margin-left: auto;\" border=\"0\" width=\"360\" cellspacing=\"0\" cellpadding=\"0\">\n<tbody>\n<tr style=\"height: 13.50pt;\">\n<td style=\"height: 13.5pt; width: 54pt; text-align: center;\" width=\"72\" height=\"18\">Kapasite<\/td>\n<td style=\"width: 54pt; text-align: center;\" width=\"72\">Boyutlar<\/td>\n<td style=\"width: 54pt; text-align: center;\" width=\"72\">\u015eekil<\/td>\n<td style=\"width: 54pt; text-align: center;\" width=\"72\">Malzeme<\/td>\n<td style=\"width: 54pt; text-align: center;\" width=\"72\">Renk<\/td>\n<\/tr>\n<tr style=\"height: 13.50pt;\">\n<td style=\"height: 13.5pt; text-align: center;\" height=\"18\">150 ml\/5 oz<\/td>\n<td style=\"text-align: center;\">5,7*7,7*7,3 cm<\/td>\n<td style=\"text-align: center;\">Kare<\/td>\n<td style=\"text-align: center;\">Bardak<\/td>\n<td style=\"text-align: center;\">\u015eeffaf, \u00d6zelle\u015ftirilebilir<\/td>\n<\/tr>\n<\/tbody>\n<\/table>\n<h2>Ba\u015far\u0131 \u00d6rne\u011fi<\/h2>\n<p>Bu renkli, kapakl\u0131 cam yo\u011furt kavanozlar\u0131n\u0131 tasarlamak i\u00e7in Kanadal\u0131 bir tatl\u0131 markas\u0131yla g\u00fc\u00e7lerimizi birle\u015ftirdik. \u00dcr\u00fcn serisinin g\u00f6rsel olarak \u00f6ne \u00e7\u0131kmas\u0131n\u0131 sa\u011flamak i\u00e7in marka, mango, \u00e7ilek ve vanilya olmak \u00fczere her aromaya yumu\u015fak pastel bir renk verdi. Yo\u011furdu taze tutan ve kullan\u0131c\u0131lar i\u00e7in kullan\u0131\u015fl\u0131 olan hava ge\u00e7irmez plastik kapaklar, raflarda sergilemek ve paketlemek i\u00e7in de ideal.<\/p>\n<p>\u00dcr\u00fcn lansman\u0131n\u0131n ard\u0131ndan markan\u0131n tekrar sat\u0131n alma oran\u0131 artt\u0131.<\/p>\n<h2>\u00d6zelle\u015ftirme K\u0131lavuzunuz<\/h2>\n<ol>\n<li><strong>Renk Bloklu Kapaklar:<\/strong>Yo\u011furt kapakl\u0131 cam kavanozlarda \u00e7ilek i\u00e7in k\u0131rm\u0131z\u0131, yaban mersini i\u00e7in mavi kapaklar sunun. M\u00fc\u015fterilere \u015funu s\u00f6yleyin: &#034;Her renkte lezzet var.&#034;<\/li>\n<li><strong>\u201cS\u00fct \u00dcr\u00fcnleri \u0130kilisi\u201d Paketleri:<\/strong>K\u00fc\u00e7\u00fck cam yo\u011furt kavanozlar\u0131n\u0131 uyumlu bir ka\u015f\u0131kla paketleyin; hediye setleri i\u00e7in idealdir.<\/li>\n<\/ol>","protected":false},"excerpt":{"rendered":"<p>Kapakl\u0131 bu renkli cam yo\u011furt kavanozlar\u0131, ev yap\u0131m\u0131 tatl\u0131lar ve saklama i\u00e7in m\u00fckemmeldir. G\u00fcnl\u00fck ve ticari kullan\u0131m i\u00e7in kapakl\u0131 dayan\u0131kl\u0131 yo\u011furt kavanozlar\u0131.<\/p>","protected":false},"featured_media":23048,"template":"","meta":[],"product_brand":[],"product_cat":[130,124,122],"product_tag":[],"class_list":{"0":"post-23047","1":"product","2":"type-product","3":"status-publish","4":"has-post-thumbnail","6":"product_cat-glass-yogurt-jars","7":"product_cat-custom-glass-jars","8":"product_cat-custom-glass-packaging","10":"first","11":"instock","12":"shipping-taxable","13":"product-type-simple"},"jetpack_sharing_enabled":true,"_links":{"self":[{"href":"https:\/\/yebodaglass.com\/tr\/wp-json\/wp\/v2\/product\/23047","targetHints":{"allow":["GET"]}}],"collection":[{"href":"https:\/\/yebodaglass.com\/tr\/wp-json\/wp\/v2\/product"}],"about":[{"href":"https:\/\/yebodaglass.com\/tr\/wp-json\/wp\/v2\/types\/product"}],"version-history":[{"count":5,"href":"https:\/\/yebodaglass.com\/tr\/wp-json\/wp\/v2\/product\/23047\/revisions"}],"predecessor-version":[{"id":23069,"href":"https:\/\/yebodaglass.com\/tr\/wp-json\/wp\/v2\/product\/23047\/revisions\/23069"}],"wp:featuredmedia":[{"embeddable":true,"href":"https:\/\/yebodaglass.com\/tr\/wp-json\/wp\/v2\/media\/23048"}],"wp:attachment":[{"href":"https:\/\/yebodaglass.com\/tr\/wp-json\/wp\/v2\/media?parent=23047"}],"wp:term":[{"taxonomy":"product_brand","embeddable":true,"href":"https:\/\/yebodaglass.com\/tr\/wp-json\/wp\/v2\/product_brand?post=23047"},{"taxonomy":"product_cat","embeddable":true,"href":"https:\/\/yebodaglass.com\/tr\/wp-json\/wp\/v2\/product_cat?post=23047"},{"taxonomy":"product_tag","embeddable":true,"href":"https:\/\/yebodaglass.com\/tr\/wp-json\/wp\/v2\/product_tag?post=23047"}],"curies":[{"name":"wp","href":"https:\/\/api.w.org\/{rel}","templated":true}]}}