{"id":23046,"date":"2025-10-31T17:23:17","date_gmt":"2025-10-31T09:23:17","guid":{"rendered":"https:\/\/yebodaglass.com\/?post_type=product&#038;p=23046"},"modified":"2026-04-10T15:35:27","modified_gmt":"2026-04-10T07:35:27","slug":"wholesale-honey-hexagon-jars-with-honeycomb-design","status":"publish","type":"product","link":"https:\/\/yebodaglass.com\/tr\/wholesale-honey-hexagon-jars-with-honeycomb-design\/","title":{"rendered":"Toptan Petek Desenli Alt\u0131gen Bal Kavanozlar\u0131 500ml 1000ml"},"content":{"rendered":"<p>Bu alt\u0131gen bal kavanozu, cam g\u00f6vdesinden g\u00f6r\u00fcnen zarif alt\u0131gen bir yap\u0131ya ve her iki taraf\u0131nda da kabartmal\u0131 petek desenlerine sahiptir. Alt\u0131n renkli vidal\u0131 kapak, do\u011fal bir g\u00fczellik ve l\u00fcks bir his katmaktad\u0131r.<\/p>\n<h2>\u00dcr\u00fcn \u00d6zellikleri<\/h2>\n<ul>\n<li><strong>Petek Desen Tasar\u0131m\u0131:<\/strong> Kavanozun \u00fczerindeki kabartmal\u0131 petek deseni, tutu\u015fu kolayla\u015ft\u0131r\u0131r, marka tan\u0131n\u0131rl\u0131\u011f\u0131n\u0131 art\u0131r\u0131r ve bal\u0131n do\u011fal \u00f6zelliklerine benzer.<\/li>\n<li><strong>\u015eeffaf Cam Malzemesi:<\/strong> Bal, \u015feffaf ve bu nedenle kolay temizlenip tekrar kullan\u0131labilen g\u0131da s\u0131n\u0131f\u0131 cam bir kapta sergilenmektedir.<\/li>\n<li><strong>Premium S\u0131zd\u0131rmazl\u0131k Kapa\u011f\u0131:<\/strong> Alt\u0131n renkli metal vidal\u0131 kapak, hava ge\u00e7irmez bir s\u0131zd\u0131rmazl\u0131k sa\u011flayarak bal\u0131n raf \u00f6mr\u00fcn\u00fc oran\u0131nda uzat\u0131r ve hediye paketinin \u00e7ekicili\u011fini art\u0131r\u0131r.<\/li>\n<\/ul>\n<h2 style=\"text-align: left;\">Temel \u00d6zellikler<\/h2>\n<table class=\"aligncenter\" style=\"border-collapse: collapse; width: 415.52pt;\" border=\"0\" width=\"554\" cellspacing=\"0\" cellpadding=\"0\">\n<tbody>\n<tr style=\"height: 13.50pt;\">\n<td style=\"height: 13.50pt; width: 95.25pt;\" width=\"127\" height=\"18\">\u00d6zellik<\/td>\n<td style=\"width: 320.25pt;\" width=\"427\">\u015eartname<\/td>\n<\/tr>\n<tr style=\"height: 13.50pt;\">\n<td style=\"height: 13.50pt;\" height=\"18\">Kapasite<\/td>\n<td>500ml, 1000ml<\/td>\n<\/tr>\n<tr style=\"height: 13.50pt;\">\n<td style=\"height: 13.50pt;\" height=\"18\">\u015eekil<\/td>\n<td>Tam petek kabartmal\u0131 alt\u0131gen<\/td>\n<\/tr>\n<tr style=\"height: 13.50pt;\">\n<td style=\"height: 13.50pt;\" height=\"18\">Boyutlar<\/td>\n<td>7,5\u00d78\u00d711,9 cm, 9,2\u00d79,7\u00d714,5 cm<\/td>\n<\/tr>\n<tr style=\"height: 13.50pt;\">\n<td style=\"height: 13.50pt;\" height=\"18\">Malzeme<\/td>\n<td>\u015eeffaf cam, vidal\u0131 kapak<\/td>\n<\/tr>\n<tr style=\"height: 13.50pt;\">\n<td style=\"height: 13.50pt;\" height=\"18\">Kapak Se\u00e7enekleri<\/td>\n<td>Alt\u0131n, g\u00fcm\u00fc\u015f, siyah, sar\u0131<\/td>\n<\/tr>\n<tr style=\"height: 13.50pt;\">\n<td style=\"height: 13.50pt;\" height=\"18\">En \u0130yisi \u0130\u00e7in<\/td>\n<td>eko-ma\u011fazalar, ar\u0131c\u0131l\u0131k kooperatifleri, butik markalar<\/td>\n<\/tr>\n<tr style=\"height: 13.50pt;\">\n<td style=\"height: 13.50pt;\" height=\"18\">\u0130deal Kullan\u0131m<\/td>\n<td>Petekli bal kavanozu, zanaatkar i\u015f kollar\u0131<\/td>\n<\/tr>\n<\/tbody>\n<\/table>\n<h2>Ba\u015far\u0131 Hikayesi<\/h2>\n<p>Avrupa&#039;daki butik bal markalar\u0131m\u0131zdan biri, petek desenli bal kavanozlar\u0131m\u0131zdan sipari\u015f verdi. Kehribar rengi cam kavanozlar \u00f6zel olarak \u00fcretildi ve petek deseni lazerle i\u015flendi. Bu \u015f\u0131k g\u00f6r\u00fcn\u00fcme sahip bal kavanozlar\u0131, tatil sezonu boyunca sat\u0131\u015flar\u0131 oran\u0131nda art\u0131rd\u0131. Kehribar rengi cam, bal\u0131n yo\u011funlu\u011funu biraz art\u0131rarak m\u00fc\u015fteri anketlerinde alg\u0131lanan kalite ve de\u011ferde &#039;lik bir iyile\u015fme sa\u011flad\u0131. Marka sonu\u00e7lardan o kadar memnun kald\u0131 ki, k\u00fcresel perakende ve hediye kutusu \u00fcr\u00fcnlerini art\u0131rmak i\u00e7in petek desenli 280.000 adet bal kavanozu daha sipari\u015f etti.<\/p>\n<h2>Bal Alt\u0131gen Kavanozlar\u0131 \u00d6zelle\u015ftirme \u00d6nerileri<\/h2>\n<ul>\n<li>\u00d6zel Kapak Rengi: Markan\u0131zla uyumlu olmas\u0131 i\u00e7in alt\u0131n, g\u00fcm\u00fc\u015f, siyah veya \u00f6zel mat kaplama se\u00e7eneklerinden birini se\u00e7in.<\/li>\n<li>Ayarlanabilir Hacim: Hacmi, tek ki\u015filik, aile veya b\u00fcy\u00fck paket gereksinimlerine ba\u011fl\u0131 olarak 100 ml&#039;den 1000 ml&#039;ye kadar ayarlanabilir.<\/li>\n<li>\u015eekil Optimizasyonu: \u015ei\u015fenin k\u00fcresel k\u0131sm\u0131n\u0131n e\u011frili\u011fini de\u011fi\u015ftirin veya petek dokusunun derinli\u011fini ayarlayarak, raflarda farkl\u0131la\u015fan bir \u00fcr\u00fcn yarat\u0131n.<\/li>\n<\/ul>","protected":false},"excerpt":{"rendered":"<p>Petek dokulu \u015feffaf camdan yap\u0131lm\u0131\u015f alt\u0131gen bal kavanozu. Bal saklama, marka tan\u0131t\u0131m\u0131 ve hediye ama\u00e7l\u0131 kullan\u0131m i\u00e7in ideal petek tasar\u0131ml\u0131 bal kavanozu. H\u0131zl\u0131 kargo.<\/p>","protected":false},"featured_media":23072,"template":"","meta":[],"product_brand":[],"product_cat":[127,124,122],"product_tag":[],"class_list":{"0":"post-23046","1":"product","2":"type-product","3":"status-publish","4":"has-post-thumbnail","6":"product_cat-glass-honey-jars","7":"product_cat-custom-glass-jars","8":"product_cat-custom-glass-packaging","10":"first","11":"instock","12":"shipping-taxable","13":"product-type-simple"},"jetpack_sharing_enabled":true,"_links":{"self":[{"href":"https:\/\/yebodaglass.com\/tr\/wp-json\/wp\/v2\/product\/23046","targetHints":{"allow":["GET"]}}],"collection":[{"href":"https:\/\/yebodaglass.com\/tr\/wp-json\/wp\/v2\/product"}],"about":[{"href":"https:\/\/yebodaglass.com\/tr\/wp-json\/wp\/v2\/types\/product"}],"version-history":[{"count":5,"href":"https:\/\/yebodaglass.com\/tr\/wp-json\/wp\/v2\/product\/23046\/revisions"}],"predecessor-version":[{"id":25745,"href":"https:\/\/yebodaglass.com\/tr\/wp-json\/wp\/v2\/product\/23046\/revisions\/25745"}],"wp:featuredmedia":[{"embeddable":true,"href":"https:\/\/yebodaglass.com\/tr\/wp-json\/wp\/v2\/media\/23072"}],"wp:attachment":[{"href":"https:\/\/yebodaglass.com\/tr\/wp-json\/wp\/v2\/media?parent=23046"}],"wp:term":[{"taxonomy":"product_brand","embeddable":true,"href":"https:\/\/yebodaglass.com\/tr\/wp-json\/wp\/v2\/product_brand?post=23046"},{"taxonomy":"product_cat","embeddable":true,"href":"https:\/\/yebodaglass.com\/tr\/wp-json\/wp\/v2\/product_cat?post=23046"},{"taxonomy":"product_tag","embeddable":true,"href":"https:\/\/yebodaglass.com\/tr\/wp-json\/wp\/v2\/product_tag?post=23046"}],"curies":[{"name":"wp","href":"https:\/\/api.w.org\/{rel}","templated":true}]}}