{"id":23019,"date":"2025-10-30T17:28:53","date_gmt":"2025-10-30T09:28:53","guid":{"rendered":"https:\/\/yebodaglass.com\/?post_type=product&#038;p=23019"},"modified":"2026-03-11T14:15:02","modified_gmt":"2026-03-11T06:15:02","slug":"clear-glass-yogurt-jars-with-lids-wholesale","status":"publish","type":"product","link":"https:\/\/yebodaglass.com\/tr\/clear-glass-yogurt-jars-with-lids-wholesale\/","title":{"rendered":"40 ml - 500 ml \u015eeffaf Cam Yo\u011furt Kavanozlar\u0131 (Kapakl\u0131) Toptan Sat\u0131\u015f"},"content":{"rendered":"<p>Bunlar, dalgal\u0131 tabanl\u0131, p\u00fcr\u00fczs\u00fcz \u015feffaf cam g\u00f6vdeli ve parlak k\u0131rm\u0131z\u0131 metal vidal\u0131 kapakl\u0131 cam yo\u011furt kavanozlar\u0131d\u0131r. Farkl\u0131 boyutlarda bulunurlar.<\/p>\n<h2>\u00dcr\u00fcn \u00d6zellikleri<\/h2>\n<ul>\n<li><strong>Fonksiyonel Dalgal\u0131 Taban:<\/strong> Tasar\u0131mda, kavanozun d\u00fcz y\u00fczeylerde kaymas\u0131n\u0131 \u00f6nleyen ve tutu\u015fu iyile\u015ftiren dalgal\u0131 bir taban bulunur.<\/li>\n<li><strong>Parlak K\u0131rm\u0131z\u0131 Metal Kapak:<\/strong> Vidal\u0131 kapak parlak k\u0131rm\u0131z\u0131 renktedir, bu da m\u00fckemmel bir \u015fekilde s\u0131k\u0131ca kapanmas\u0131n\u0131 sa\u011flar ve rengi sayesinde kolayca ay\u0131rt edilebilir.<\/li>\n<li><strong>G\u0131da s\u0131n\u0131f\u0131 cam:<\/strong> Bu kavanozlar y\u00fcksek kaliteli ve \u015feffaf camdan yap\u0131lm\u0131\u015ft\u0131r ve g\u0131da ile temas halinde kullan\u0131ld\u0131klar\u0131 i\u00e7in g\u0131da g\u00fcvenli\u011fine uygundur.<\/li>\n<\/ul>\n<h2>Temel \u00d6zellikler<\/h2>\n<table style=\"border-collapse: collapse; width: 80%; margin-left: auto; margin-right: auto;\" border=\"0\" width=\"216\" cellspacing=\"0\" cellpadding=\"0\">\n<tbody>\n<tr style=\"height: 13.50pt;\">\n<td style=\"height: 13.5pt; width: 54pt; text-align: center;\" width=\"72\" height=\"18\">Kapasite(ml)<\/td>\n<td style=\"width: 54pt; text-align: center;\" width=\"72\">Boyut (cm)<\/td>\n<td style=\"width: 54pt; text-align: center;\" width=\"72\">\u00d6zel Se\u00e7enekler<\/td>\n<\/tr>\n<tr style=\"height: 13.50pt;\">\n<td style=\"height: 13.5pt; text-align: center;\" align=\"right\" height=\"18\">40<\/td>\n<td style=\"text-align: center;\">4.9&#215;4.9<\/td>\n<td class=\"et2\" style=\"text-align: center;\" rowspan=\"7\">Logo, Etiket, Kapak<\/td>\n<\/tr>\n<tr style=\"height: 13.50pt;\">\n<td style=\"height: 13.5pt; text-align: center;\" align=\"right\" height=\"18\">75<\/td>\n<td style=\"text-align: center;\">5.5&#215;5.9<\/td>\n<\/tr>\n<tr style=\"height: 13.50pt;\">\n<td style=\"height: 13.5pt; text-align: center;\" align=\"right\" height=\"18\">100<\/td>\n<td style=\"text-align: center;\">6.3&#215;6.9<\/td>\n<\/tr>\n<tr style=\"height: 13.50pt;\">\n<td style=\"height: 13.5pt; text-align: center;\" align=\"right\" height=\"18\">200<\/td>\n<td style=\"text-align: center;\">7.5&#215;7.6<\/td>\n<\/tr>\n<tr style=\"height: 13.50pt;\">\n<td style=\"height: 13.5pt; text-align: center;\" align=\"right\" height=\"18\">280<\/td>\n<td style=\"text-align: center;\">8.7&#215;8.4<\/td>\n<\/tr>\n<tr style=\"height: 13.50pt;\">\n<td style=\"height: 13.5pt; text-align: center;\" align=\"right\" height=\"18\">380<\/td>\n<td style=\"text-align: center;\">9.3&#215;9.3<\/td>\n<\/tr>\n<tr style=\"height: 13.50pt;\">\n<td style=\"height: 13.5pt; text-align: center;\" align=\"right\" height=\"18\">500<\/td>\n<td style=\"text-align: center;\">9.8&#215;10.5<\/td>\n<\/tr>\n<\/tbody>\n<\/table>\n<h2>Ba\u015far\u0131 \u00d6yk\u00fcs\u00fc: Orta Bat\u0131&#039;da Bir Butik S\u00fct \u00dcr\u00fcnleri Fabrikas\u0131n\u0131n Ba\u015far\u0131 \u00d6yk\u00fcs\u00fc<\/h2>\n<p>Kapakl\u0131 cam yo\u011furt kavanozlar\u0131m\u0131z, Wisconsin&#039;de aile i\u015fletmesi olan bir butik s\u00fct \u00fcr\u00fcnleri fabrikas\u0131 taraf\u0131ndan se\u00e7ildi. K\u0131rm\u0131z\u0131 kapaklar\u0131 kendilerine ait olarak se\u00e7tiler ve \u00fczerlerine marka isimlerini serigrafi y\u00f6ntemiyle bast\u0131lar. K\u0131rm\u0131z\u0131 metal kapaklar, \u00fcr\u00fcn\u00fcn raf \u00f6mr\u00fcn\u00fc uzatan \u00fcst\u00fcn bir s\u0131zd\u0131rmazl\u0131k sa\u011flad\u0131. Cam kavanozlar yo\u011furdun daha yo\u011fun g\u00f6r\u00fcnmesini sa\u011flad\u0131 ve m\u00fc\u015fteriler bunu kolayca g\u00f6rebildi; bunun sonucunda da ani sat\u0131n alma oranlar\u0131 artt\u0131. Bu temelde, daha sonra 200.000 kavanozluk ba\u015fka bir sipari\u015f daha verdiler.<\/p>\n<h2>Kapakl\u0131 Yo\u011furt Kavanozlar\u0131 \u0130\u00e7in \u00d6zelle\u015ftirme \u00d6nerileri<\/h2>\n<ul>\n<li>Ki\u015fiselle\u015ftirilmi\u015f Kapak Renkleri: \u00c7e\u015fitli temel metal vidal\u0131 kapak renklerine (\u00f6rne\u011fin, siyah, beyaz, alt\u0131n, mavi) ek olarak, iste\u011finiz \u00fczerine marka renklerinizi uygulayabilir veya farkl\u0131 tatlar aras\u0131nda renk fark\u0131 yaratabiliriz.<\/li>\n<li>\u00d6zel Taban Dokusu: Dalgal\u0131 dokuyu, geometrik \u0131zgara veya k\u00fc\u00e7\u00fck noktalar gibi ba\u015fka bir kaymaz dokuyla de\u011fi\u015ftirin.<\/li>\n<li>Etiketleme \u0130\u015faretleri: Kavanozun kullan\u0131m\u0131n\u0131 kolayla\u015ft\u0131rmak i\u00e7in, kavanozun yan taraf\u0131na kal\u0131c\u0131 kabartmal\u0131 veya bask\u0131l\u0131 \u00f6l\u00e7\u00fc i\u015faretleri (ml veya ons) ekleyin.<\/li>\n<\/ul>","protected":false},"excerpt":{"rendered":"<p>K\u0131rm\u0131z\u0131 metal vidal\u0131 kapakl\u0131 ve dokulu tabanl\u0131, y\u00fcksek kaliteli cam yo\u011furt kavanozlar\u0131. Hem g\u0131da hem de kozmetik kullan\u0131m\u0131na uygun, \u00e7ok y\u00f6nl\u00fc kapakl\u0131 yo\u011furt kavanozlar\u0131. H\u0131zl\u0131 kargo.<\/p>","protected":false},"featured_media":23020,"template":"","meta":[],"product_brand":[],"product_cat":[124,122,130],"product_tag":[],"class_list":{"0":"post-23019","1":"product","2":"type-product","3":"status-publish","4":"has-post-thumbnail","6":"product_cat-custom-glass-jars","7":"product_cat-custom-glass-packaging","8":"product_cat-glass-yogurt-jars","10":"first","11":"instock","12":"shipping-taxable","13":"product-type-simple"},"jetpack_sharing_enabled":true,"_links":{"self":[{"href":"https:\/\/yebodaglass.com\/tr\/wp-json\/wp\/v2\/product\/23019","targetHints":{"allow":["GET"]}}],"collection":[{"href":"https:\/\/yebodaglass.com\/tr\/wp-json\/wp\/v2\/product"}],"about":[{"href":"https:\/\/yebodaglass.com\/tr\/wp-json\/wp\/v2\/types\/product"}],"version-history":[{"count":5,"href":"https:\/\/yebodaglass.com\/tr\/wp-json\/wp\/v2\/product\/23019\/revisions"}],"predecessor-version":[{"id":25360,"href":"https:\/\/yebodaglass.com\/tr\/wp-json\/wp\/v2\/product\/23019\/revisions\/25360"}],"wp:featuredmedia":[{"embeddable":true,"href":"https:\/\/yebodaglass.com\/tr\/wp-json\/wp\/v2\/media\/23020"}],"wp:attachment":[{"href":"https:\/\/yebodaglass.com\/tr\/wp-json\/wp\/v2\/media?parent=23019"}],"wp:term":[{"taxonomy":"product_brand","embeddable":true,"href":"https:\/\/yebodaglass.com\/tr\/wp-json\/wp\/v2\/product_brand?post=23019"},{"taxonomy":"product_cat","embeddable":true,"href":"https:\/\/yebodaglass.com\/tr\/wp-json\/wp\/v2\/product_cat?post=23019"},{"taxonomy":"product_tag","embeddable":true,"href":"https:\/\/yebodaglass.com\/tr\/wp-json\/wp\/v2\/product_tag?post=23019"}],"curies":[{"name":"wp","href":"https:\/\/api.w.org\/{rel}","templated":true}]}}