{"id":23001,"date":"2025-10-30T14:56:21","date_gmt":"2025-10-30T06:56:21","guid":{"rendered":"https:\/\/yebodaglass.com\/?post_type=product&#038;p=23001"},"modified":"2026-04-10T09:32:58","modified_gmt":"2026-04-10T01:32:58","slug":"round-ribbed-glass-jars-for-yogurt-with-metal-lids-wholesale","status":"publish","type":"product","link":"https:\/\/yebodaglass.com\/tr\/round-ribbed-glass-jars-for-yogurt-with-metal-lids-wholesale\/","title":{"rendered":"150 ml \u2013 380 ml Yuvarlak, Oluklu Cam Yo\u011furt Kavanozlar\u0131, Metal Kapakl\u0131, Toptan Sat\u0131\u015f"},"content":{"rendered":"<p>Bu cam yo\u011furt kavanozlar\u0131 yuvarlak, dolgun ve p\u00fcr\u00fczs\u00fcz bir y\u00fczeye sahip olup, ince dikey \u00e7izgili bir dokuya sahiptir ve g\u00f6z al\u0131c\u0131 k\u0131rm\u0131z\u0131 veya g\u00fczel alt\u0131n metal kapaklar\u0131 vard\u0131r; bu nedenle, y\u00fcksek kaliteli yo\u011furt toptanc\u0131lar\u0131 taraf\u0131ndan kullan\u0131lmas\u0131 gereken m\u00fckemmel yo\u011furt kavanozlar\u0131d\u0131r.<\/p>\n<h2>\u00dcr\u00fcn \u00d6zellikleri<\/h2>\n<ul>\n<li><strong>Yuvarlak, Dolgun \u015eekil:<\/strong> Bu \u015fekil, yuvarlak olan geleneksel bir \u015fekildir, kullan\u0131m\u0131 daha rahatt\u0131r ve i\u00e7 mekanda en fazla alan\u0131 sa\u011flar.<\/li>\n<li><strong>Dikey Oluklu Doku:<\/strong> Kenardaki dekoratif kesikler estetik bir g\u00f6r\u00fcn\u00fcm sa\u011flar, tutu\u015fu iyile\u015ftirir ve \u0131\u015f\u0131\u011f\u0131n hafif yans\u0131malar\u0131na olanak tan\u0131r.<\/li>\n<li><strong>Metal Kapak Se\u00e7enekleri:<\/strong> Parlak k\u0131rm\u0131z\u0131 ve alt\u0131n renkli kapaklar, ona modern, \u015f\u0131k ve vintage l\u00fcks bir g\u00f6r\u00fcn\u00fcm kazand\u0131r\u0131yor.<\/li>\n<\/ul>\n<h2>Temel \u00d6zellikler<\/h2>\n<table style=\"border-collapse: collapse; width: 80%; margin-left: auto; margin-right: auto;\" border=\"0\" width=\"288\" cellspacing=\"0\" cellpadding=\"0\">\n<tbody>\n<tr style=\"height: 13.50pt;\">\n<td style=\"height: 13.5pt; width: 54pt; text-align: center;\" width=\"72\" height=\"18\">Kapasite(ml)<\/td>\n<td style=\"width: 54pt; text-align: center;\" width=\"72\">Boyutlar(cm)<\/td>\n<td style=\"width: 54pt; text-align: center;\" width=\"72\">\u015eekil<\/td>\n<td style=\"width: 54pt; text-align: center;\" width=\"72\">Malzeme<\/td>\n<\/tr>\n<tr style=\"height: 13.50pt;\">\n<td style=\"height: 13.5pt; text-align: center;\" align=\"right\" height=\"18\">150<\/td>\n<td style=\"text-align: center;\">7.3*6.9<\/td>\n<td class=\"et2\" style=\"text-align: center;\" rowspan=\"4\">Yuvarlak<\/td>\n<td class=\"et2\" style=\"text-align: center;\" rowspan=\"4\">Bardak<\/td>\n<\/tr>\n<tr style=\"height: 13.50pt;\">\n<td style=\"height: 13.5pt; text-align: center;\" align=\"right\" height=\"18\">200<\/td>\n<td style=\"text-align: center;\">8.1*7.5<\/td>\n<\/tr>\n<tr style=\"height: 13.50pt;\">\n<td style=\"height: 13.5pt; text-align: center;\" align=\"right\" height=\"18\">280<\/td>\n<td style=\"text-align: center;\">8.9*8.0<\/td>\n<\/tr>\n<tr style=\"height: 13.50pt;\">\n<td style=\"height: 13.5pt; text-align: center;\" align=\"right\" height=\"18\">380<\/td>\n<td style=\"text-align: center;\">9.7*9.0<\/td>\n<\/tr>\n<\/tbody>\n<\/table>\n<h2>Ba\u015far\u0131 \u00d6rne\u011fi<\/h2>\n<p>Yo\u011furt ambalaj\u0131nda \u200b\u200bkullan\u0131lmak \u00fczere Oregon&#039;lu bir organik g\u0131da markas\u0131 taraf\u0131ndan cam kavanozlar\u0131m\u0131z se\u00e7ildi ve a\u00e7\u0131k ye\u015fil cam kavanozlar \u00f6zel olarak tasarland\u0131. Bu \u00fcst\u00fcn ambalaj\u0131n sonu\u00e7lar\u0131 an\u0131nda ve \u00f6nemliydi: \u00d6zel ye\u015fil cam, hafif bir UV korumas\u0131 sa\u011flayarak yo\u011furdun optimum raf \u00f6mr\u00fcn\u00fc art\u0131rd\u0131, \u00e7ekici g\u00f6r\u00fcn\u00fcm\u00fcyle yeniden kullan\u0131labilir tasar\u0131m, \u00fcr\u00fcn\u00fcn tekrar sat\u0131n al\u0131nmas\u0131n\u0131 oran\u0131nda art\u0131rd\u0131 ve g\u00fczel cam kavanozlar\u0131n foto\u011fraflar\u0131 markaya 5.000&#039;den fazla yeni takip\u00e7i kazand\u0131rd\u0131. Bu m\u00fckemmel performans temelinde, sonu\u00e7 olarak 100.000 adet daha kavanoz sipari\u015fi verdiler.<\/p>\n<h2>Toptan Cam Yo\u011furt Kavanozlar\u0131 \u0130\u00e7in \u00d6zelle\u015ftirme \u00d6nerileri<\/h2>\n<ul>\n<li>Kabartmal\u0131 Markalama: Markaya zarif ama \u00fcst d\u00fczey bir imaj kazand\u0131rmak i\u00e7in metal kapa\u011f\u0131n \u00fcst\u00fcne k\u00fc\u00e7\u00fck bir kabartmal\u0131 logo veya desen eklenebilir.<\/li>\n<li>\u00c7e\u015fitli Kupa Dokular\u0131: Dikey kupan\u0131n farkl\u0131 bir dokusunu se\u00e7in: spiral, elmas veya dalga.<\/li>\n<li>Boyutland\u0131rma: Ayn\u0131 \u00e7ekici tasar\u0131ma sahip farkl\u0131 boyutlar ekleyin; \u00f6rne\u011fin 118 ml&#039;lik k\u00fc\u00e7\u00fck kavanozlar ve 473 ml&#039;lik b\u00fcy\u00fck aile paketleri.<\/li>\n<\/ul>","protected":false},"excerpt":{"rendered":"<p>Kabartmal\u0131 dokulu ve metal kapakl\u0131 \u00f6zel tasar\u0131m cam yo\u011furt kavanozlar\u0131. Toptan al\u0131c\u0131lar i\u00e7in fabrika \u00e7\u0131k\u0131\u015f fiyat\u0131yla dayan\u0131kl\u0131 cam yo\u011furt kavanozlar\u0131. H\u0131zl\u0131 kargo.<\/p>","protected":false},"featured_media":23005,"template":"","meta":[],"product_brand":[],"product_cat":[130,124,122],"product_tag":[],"class_list":{"0":"post-23001","1":"product","2":"type-product","3":"status-publish","4":"has-post-thumbnail","6":"product_cat-glass-yogurt-jars","7":"product_cat-custom-glass-jars","8":"product_cat-custom-glass-packaging","10":"first","11":"instock","12":"shipping-taxable","13":"product-type-simple"},"jetpack_sharing_enabled":true,"_links":{"self":[{"href":"https:\/\/yebodaglass.com\/tr\/wp-json\/wp\/v2\/product\/23001","targetHints":{"allow":["GET"]}}],"collection":[{"href":"https:\/\/yebodaglass.com\/tr\/wp-json\/wp\/v2\/product"}],"about":[{"href":"https:\/\/yebodaglass.com\/tr\/wp-json\/wp\/v2\/types\/product"}],"version-history":[{"count":5,"href":"https:\/\/yebodaglass.com\/tr\/wp-json\/wp\/v2\/product\/23001\/revisions"}],"predecessor-version":[{"id":25371,"href":"https:\/\/yebodaglass.com\/tr\/wp-json\/wp\/v2\/product\/23001\/revisions\/25371"}],"wp:featuredmedia":[{"embeddable":true,"href":"https:\/\/yebodaglass.com\/tr\/wp-json\/wp\/v2\/media\/23005"}],"wp:attachment":[{"href":"https:\/\/yebodaglass.com\/tr\/wp-json\/wp\/v2\/media?parent=23001"}],"wp:term":[{"taxonomy":"product_brand","embeddable":true,"href":"https:\/\/yebodaglass.com\/tr\/wp-json\/wp\/v2\/product_brand?post=23001"},{"taxonomy":"product_cat","embeddable":true,"href":"https:\/\/yebodaglass.com\/tr\/wp-json\/wp\/v2\/product_cat?post=23001"},{"taxonomy":"product_tag","embeddable":true,"href":"https:\/\/yebodaglass.com\/tr\/wp-json\/wp\/v2\/product_tag?post=23001"}],"curies":[{"name":"wp","href":"https:\/\/api.w.org\/{rel}","templated":true}]}}