{"id":22838,"date":"2025-10-28T16:48:47","date_gmt":"2025-10-28T08:48:47","guid":{"rendered":"https:\/\/yebodaglass.com\/?post_type=product&#038;p=22838"},"modified":"2026-03-13T11:43:52","modified_gmt":"2026-03-13T03:43:52","slug":"toptan-kapakli-benzersiz-altigen-cam-bal-kavanozlari","status":"publish","type":"product","link":"https:\/\/yebodaglass.com\/tr\/toptan-kapakli-benzersiz-altigen-cam-bal-kavanozlari\/","title":{"rendered":"Toptan Benzersiz Alt\u0131gen Cam Bal Kavanozlar\u0131 Kapakl\u0131 375ml 750ml"},"content":{"rendered":"<p>Bu, geleneksel alt\u0131gen tasar\u0131ma sahip alt\u0131gen cam bir bal kavanozudur. Bal, re\u00e7el ve marmelatlar\u0131n \u00e7arp\u0131c\u0131 renkleri kristal berrakl\u0131\u011f\u0131ndaki camda m\u00fckemmel bir \u015fekilde yans\u0131t\u0131l\u0131r. Sa\u011flam vidal\u0131 kapa\u011f\u0131 ve sa\u011flam taban\u0131 sayesinde hem kullan\u0131\u015fl\u0131l\u0131k hem de estetik garanti edilir.<\/p>\n<h2>\u00dcr\u00fcn \u00d6zellikleri<\/h2>\n<ul>\n<li><strong>\u00d6zde\u015f Alt\u0131gen:<\/strong> Bu \u00fcr\u00fcn\u00fcn alt\u0131gen petek yap\u0131s\u0131 yuvarlanmaz ve iyi bir tutu\u015f sa\u011flar.<\/li>\n<li><strong>Kristal Berrakl\u0131\u011f\u0131nda Cam:<\/strong> Kristal berrakl\u0131\u011f\u0131ndaki cam, m\u00fc\u015fterilere \u00fcr\u00fcn\u00fcn kalitesi hakk\u0131nda do\u011fru bir fikir verir, b\u00f6ylece t\u00fcm i\u00e7eri\u011fi g\u00f6rebilirler.<\/li>\n<li><strong>Sa\u011flam D\u00fcz Taban:<\/strong> Kal\u0131n ve d\u00fcz taban\u0131 sayesinde kavanoz, dolu olsa bile herhangi bir y\u00fczeye konuldu\u011funda sabit kal\u0131r.<\/li>\n<\/ul>\n<h2 style=\"text-align: left;\">Temel \u00d6zellikler<\/h2>\n<table class=\"aligncenter\" style=\"border-collapse: collapse; width: 459.77pt;\" border=\"0\" width=\"613\" cellspacing=\"0\" cellpadding=\"0\">\n<tbody>\n<tr style=\"height: 13.50pt;\">\n<td style=\"height: 13.50pt; width: 99.75pt;\" width=\"133\" height=\"18\">\u00d6zellik<\/td>\n<td style=\"width: 360.00pt;\" width=\"480\">\u015eartname<\/td>\n<\/tr>\n<tr style=\"height: 13.50pt;\">\n<td style=\"height: 13.50pt;\" height=\"18\">Kapasite<\/td>\n<td>375 ml, 750 ml<\/td>\n<\/tr>\n<tr style=\"height: 13.50pt;\">\n<td style=\"height: 13.50pt;\" height=\"18\">\u015eekil<\/td>\n<td>Alt\u0131gen prizma, d\u00fcz paneller<\/td>\n<\/tr>\n<tr style=\"height: 13.50pt;\">\n<td style=\"height: 13.50pt;\" height=\"18\">Boyutlar<\/td>\n<td>7,2\u00d712,5 cm, 8,2\u00d717 cm<\/td>\n<\/tr>\n<tr style=\"height: 13.50pt;\">\n<td style=\"height: 13.50pt;\" height=\"18\">Malzeme<\/td>\n<td>\u015eeffaf cam, metal vidal\u0131 kapak<\/td>\n<\/tr>\n<tr style=\"height: 13.50pt;\">\n<td style=\"height: 13.50pt;\" height=\"18\">Kapak Se\u00e7enekleri<\/td>\n<td>Alt\u0131n, sar\u0131, g\u00fcm\u00fc\u015f, siyah (\u00d6zelle\u015ftirilebilir)<\/td>\n<\/tr>\n<tr style=\"height: 13.50pt;\">\n<td style=\"height: 13.50pt;\" height=\"18\">En \u0130yisi \u0130\u00e7in<\/td>\n<td>Bal, re\u00e7el, hediye setleri<\/td>\n<\/tr>\n<tr style=\"height: 13.50pt;\">\n<td style=\"height: 13.50pt;\" height=\"18\">\u0130deal Kullan\u0131m<\/td>\n<td>Benzersiz re\u00e7el kavanozlar\u0131, alt\u0131gen cam bal kavanozlar\u0131, hediyelik bal kavanozlar\u0131<\/td>\n<\/tr>\n<\/tbody>\n<\/table>\n<h2>Ba\u015far\u0131 \u00d6yk\u00fcs\u00fc: Orta Bat\u0131 Ar\u0131c\u0131l\u0131k Kooperatifi \u00d6zel Sipari\u015fi<\/h2>\n<p>Iowa&#039;daki ar\u0131c\u0131l\u0131k kooperatiflerinden biri, alt\u0131gen cam bal kavanozumuzu se\u00e7ti ve \u00fczerine ar\u0131 logosu i\u015flenmi\u015f metal bir kapak ve a\u00e7\u0131k kehribar rengi cam ekleyerek ki\u015fiselle\u015ftirme kararlar\u0131 ald\u0131. Bu ki\u015fiselle\u015ftirme kararlar\u0131 \u00f6nemli avantajlar sa\u011flad\u0131: kehribar rengi cam UV \u0131\u015f\u0131nlar\u0131na kar\u015f\u0131 koruma sa\u011flad\u0131, m\u00fc\u015fteri anketleri bal\u0131n tazeli\u011fi sayesinde sat\u0131\u015flar\u0131n artt\u0131\u011f\u0131n\u0131 ortaya koydu ve ki\u015fiselle\u015ftirilmi\u015f \u015fekil ve y\u00fcksek kaliteli dokunu\u015f sat\u0131\u015flar\u0131 art\u0131rd\u0131. M\u00fc\u015fteri i\u015f birli\u011finden \u00e7ok memnun kald\u0131 ve bir sonraki bahar bal hasad\u0131 ve yeni re\u00e7el serisinin piyasaya s\u00fcr\u00fclmesiyle birlikte \u00fcr\u00fcnlerinden 500.000 \u015fi\u015fe daha sipari\u015f verdi.<\/p>\n<h2>\u00d6zelle\u015ftirme \u00d6nerisi E\u015fsiz Re\u00e7el Kavanozlar\u0131<\/h2>\n<ul>\n<li>Kabartma veya Oyma: \u00d6zel kabartma tasar\u0131mlar\u0131, \u00e7iftlik isimleri veya logolar, \u00fcst\u00fcn ve kal\u0131c\u0131 bir marka kimli\u011fi olu\u015fturmak i\u00e7in cama kabart\u0131labilir veya oyulabilir.<\/li>\n<li>\u00c7ok Fonksiyonlu Kapak Malzemeleri: S\u00fcrd\u00fcr\u00fclebilir bambu, metal veya seramik gibi farkl\u0131 malzemelerden \u00fcretilmi\u015f, dokunuldu\u011funda l\u00fcks bir his veren kapaklar mevcuttur.<\/li>\n<li>\u00d6l\u00e7\u00fc \u0130\u015faretleri: \u00dcr\u00fcn bo\u015fald\u0131\u011f\u0131nda bile kolayca eri\u015filebilmesi i\u00e7in cam kavanozun kenar\u0131na k\u00fc\u00e7\u00fck bir \u00f6l\u00e7\u00fc i\u015fareti (ons, gram) kabart\u0131n.<\/li>\n<\/ul>","protected":false},"excerpt":{"rendered":"<p>Bal rengini sergilemek i\u00e7in \u015feffaf camdan \u00fcretilmi\u015f birinci s\u0131n\u0131f alt\u0131gen cam bal kavanozu. Hava ge\u00e7irmez kapakl\u0131, pratik re\u00e7el kavanozlar\u0131, yiyecek saklama i\u00e7in idealdir. H\u0131zl\u0131 kargo.<\/p>","protected":false},"featured_media":22842,"template":"","meta":[],"product_brand":[],"product_cat":[122,124,127],"product_tag":[],"class_list":{"0":"post-22838","1":"product","2":"type-product","3":"status-publish","4":"has-post-thumbnail","6":"product_cat-custom-glass-packaging","7":"product_cat-custom-glass-jars","8":"product_cat-glass-honey-jars","10":"first","11":"instock","12":"shipping-taxable","13":"product-type-simple"},"jetpack_sharing_enabled":true,"_links":{"self":[{"href":"https:\/\/yebodaglass.com\/tr\/wp-json\/wp\/v2\/product\/22838","targetHints":{"allow":["GET"]}}],"collection":[{"href":"https:\/\/yebodaglass.com\/tr\/wp-json\/wp\/v2\/product"}],"about":[{"href":"https:\/\/yebodaglass.com\/tr\/wp-json\/wp\/v2\/types\/product"}],"version-history":[{"count":5,"href":"https:\/\/yebodaglass.com\/tr\/wp-json\/wp\/v2\/product\/22838\/revisions"}],"predecessor-version":[{"id":25433,"href":"https:\/\/yebodaglass.com\/tr\/wp-json\/wp\/v2\/product\/22838\/revisions\/25433"}],"wp:featuredmedia":[{"embeddable":true,"href":"https:\/\/yebodaglass.com\/tr\/wp-json\/wp\/v2\/media\/22842"}],"wp:attachment":[{"href":"https:\/\/yebodaglass.com\/tr\/wp-json\/wp\/v2\/media?parent=22838"}],"wp:term":[{"taxonomy":"product_brand","embeddable":true,"href":"https:\/\/yebodaglass.com\/tr\/wp-json\/wp\/v2\/product_brand?post=22838"},{"taxonomy":"product_cat","embeddable":true,"href":"https:\/\/yebodaglass.com\/tr\/wp-json\/wp\/v2\/product_cat?post=22838"},{"taxonomy":"product_tag","embeddable":true,"href":"https:\/\/yebodaglass.com\/tr\/wp-json\/wp\/v2\/product_tag?post=22838"}],"curies":[{"name":"wp","href":"https:\/\/api.w.org\/{rel}","templated":true}]}}