{"id":22829,"date":"2025-10-28T15:40:26","date_gmt":"2025-10-28T07:40:26","guid":{"rendered":"https:\/\/yebodaglass.com\/?post_type=product&#038;p=22829"},"modified":"2026-03-13T14:26:48","modified_gmt":"2026-03-13T06:26:48","slug":"clear-cylindrical-little-glass-honey-vials-bulk","status":"publish","type":"product","link":"https:\/\/yebodaglass.com\/tr\/clear-cylindrical-little-glass-honey-vials-bulk\/","title":{"rendered":"40 ml, 75 ml, 100 ml \u015eeffaf Silindirik K\u00fc\u00e7\u00fck Cam Bal \u015ei\u015feleri (Toptan)"},"content":{"rendered":"<p>Bu bal \u015fi\u015feleri, silindirik bir g\u00f6vdeye sahip olacak \u015fekilde tasarlanm\u0131\u015ft\u0131r; kristal berrakl\u0131\u011f\u0131nda camdan yap\u0131lm\u0131\u015f olup, sa\u011flaml\u0131k ve dayan\u0131kl\u0131l\u0131k sa\u011flamak i\u00e7in kal\u0131nla\u015ft\u0131r\u0131lm\u0131\u015f ve yuvarlak bir tabana sahiptir. Kapaklar\u0131 alt\u0131n veya g\u00fcm\u00fc\u015f vidal\u0131 kapaklard\u0131r, k\u00fc\u00e7\u00fck ve g\u00fczeldirler ve az miktarda bal, re\u00e7el veya numune saklamak i\u00e7in m\u00fckemmeldirler.<\/p>\n<h2>\u00dcr\u00fcn \u00d6zellikleri<\/h2>\n<ul>\n<li><strong>\u0130nce Silindir \u015ei\u015feler:<\/strong> A\u011f\u0131rl\u0131kl\u0131 taban\u0131, ince ve modern tasar\u0131m\u0131yla fazla yer kaplamaz.<\/li>\n<li><strong>Y\u00fcksek \u015eeffafl\u0131k:<\/strong> \u015eeffaf yap\u0131s\u0131 sayesinde cam, bal\u0131n rengini ve k\u0131vam\u0131n\u0131 m\u00fckemmel bir \u015fekilde sergiliyor. G\u00f6rsel olarak al\u0131c\u0131lar\u0131 cezbedecektir.<\/li>\n<li><strong>Ta\u015f\u0131nabilir ve Kompakt:<\/strong> \u015ei\u015fe kompakt tasar\u0131m\u0131yla seyahat, deneme, etkinlikler ve hatta hediye olarak kullan\u0131m i\u00e7in m\u00fckemmeldir.<\/li>\n<\/ul>\n<h2 style=\"text-align: left;\">Temel \u00d6zellikler<\/h2>\n<table class=\"aligncenter\" style=\"border-collapse: collapse; width: 454.52pt;\" border=\"0\" width=\"606\" cellspacing=\"0\" cellpadding=\"0\">\n<tbody>\n<tr style=\"height: 13.50pt;\">\n<td style=\"height: 13.50pt; width: 96.75pt;\" width=\"129\" height=\"18\">\u00d6zellik<\/td>\n<td style=\"width: 357.75pt;\" width=\"477\">\u015eartname<\/td>\n<\/tr>\n<tr style=\"height: 13.50pt;\">\n<td style=\"height: 13.50pt;\" height=\"18\">Kapasite<\/td>\n<td>40ml, 75ml, 100ml<\/td>\n<\/tr>\n<tr style=\"height: 13.50pt;\">\n<td style=\"height: 13.50pt;\" height=\"18\">\u015eekil<\/td>\n<td>D\u00fcz silindir, d\u00fczg\u00fcn \u00e7ap<\/td>\n<\/tr>\n<tr style=\"height: 13.50pt;\">\n<td style=\"height: 13.50pt;\" height=\"18\">Boyutlar<\/td>\n<td>4\u00d78,5 cm ila 4\u00d715 cm<\/td>\n<\/tr>\n<tr style=\"height: 13.50pt;\">\n<td style=\"height: 13.50pt;\" height=\"18\">Malzeme<\/td>\n<td>\u015eeffaf cam, metal vidal\u0131 kapak<\/td>\n<\/tr>\n<tr style=\"height: 13.50pt;\">\n<td style=\"height: 13.50pt;\" height=\"18\">Kapak Se\u00e7enekleri<\/td>\n<td>Alt\u0131n, g\u00fcm\u00fc\u015f, pembe (\u00f6zel renkler mevcuttur)<\/td>\n<\/tr>\n<tr style=\"height: 13.50pt;\">\n<td style=\"height: 13.50pt;\" height=\"18\">En \u0130yisi \u0130\u00e7in<\/td>\n<td>Bal, numune kitleri, hediye setleri<\/td>\n<\/tr>\n<tr style=\"height: 13.50pt;\">\n<td style=\"height: 13.50pt;\" height=\"18\">\u0130deal Kullan\u0131m<\/td>\n<td>Bal \u015fi\u015feleri, k\u00fc\u00e7\u00fck bal kavanozlar\u0131, toptan bal kavanozlar\u0131<\/td>\n<\/tr>\n<\/tbody>\n<\/table>\n<h2>Ba\u015far\u0131 \u00d6rne\u011fi: Kaliforniya&#039;daki \u00d6zel Bir Bal \u00c7iftli\u011finde Verilen \u00d6zel Sipari\u015flerden Biri<\/h2>\n<p>Sonoma&#039;daki \u00f6zel bal \u00e7iftliklerinden biri, bal \u015fi\u015felerimizi se\u00e7ti ve cam g\u00f6vdelerine lazerle ar\u0131 desenleri i\u015flenmi\u015f ve mat siyah kapaklarla modifiye ettirdi. \u00d6zel ambalajlama muazzam sonu\u00e7lar verdi: Ki\u015fiselle\u015ftirilmi\u015f, markal\u0131 \u015fi\u015feler yayg\u0131n bir d\u00fc\u011f\u00fcn hediyesi veya kurumsal hediye haline geldi ve sonu\u00e7 olarak bu i\u015f kolu oran\u0131nda b\u00fcy\u00fcd\u00fc. M\u00fckemmel s\u0131zd\u0131rmazl\u0131k \u00f6zelli\u011fi ve k\u00fc\u00e7\u00fck boyutu sayesinde ideal olan bu \u015fi\u015feler, \u00e7ift\u00e7i pazarlar\u0131nda \u00f6rnek olarak kullan\u0131lmaya uygun olup, onlara g\u00f6re tezgahlar\u0131nda tam boy \u015fi\u015fe sat\u0131\u015flar\u0131nda &#039;lik bir art\u0131\u015f sa\u011flad\u0131. Bu m\u00fckemmel performanslara dayanarak, yeni bir Bal Yolculu\u011fu tad\u0131m seti olu\u015fturmak i\u00e7in 100.000 adet k\u00fc\u00e7\u00fck \u015fi\u015fe daha sipari\u015f ettiler.<\/p>\n<h2>Bal \u015ei\u015fesi \u00d6zelle\u015ftirme \u00d6nerileri<\/h2>\n<ul>\n<li><strong>Boyun Etiketi:<\/strong> \u015ei\u015fenin boynuna marka halkas\u0131 ekleyerek ona zamans\u0131z ve \u015f\u0131k bir g\u00f6r\u00fcn\u00fcm kazand\u0131r\u0131n.<\/li>\n<li><strong>Serigrafi Bask\u0131:<\/strong> \u015eeffaf tipte net ve kal\u0131c\u0131 bir marka kimli\u011fi i\u00e7in markan\u0131z\u0131 g\u00f6rsel olarak do\u011frudan cam\u0131n \u00fczerine yerle\u015ftirmek \u00fczere bir bask\u0131 y\u00f6ntemi kullan\u0131n.<\/li>\n<li><strong>Renkli Cam:<\/strong> Bal\u0131n\u0131z\u0131 di\u011ferlerinden farkl\u0131 k\u0131lmak ve ayn\u0131 zamanda \u0131\u015f\u0131ktan korumak i\u00e7in kehribar veya kobalt mavisi bir bardakta verin.<\/li>\n<\/ul>","protected":false},"excerpt":{"rendered":"<p>Kristal berrakl\u0131\u011f\u0131nda camdan yap\u0131lm\u0131\u015f, metal vidal\u0131 kapakl\u0131 bal \u015fi\u015feleri. Bal \u00f6rnekleri, \u015furup ve hediye paketleme i\u00e7in ideal, zarif k\u00fc\u00e7\u00fck bal kavanozlar\u0131. \u00dccretsiz \u00f6rnekler.<\/p>","protected":false},"featured_media":22833,"template":"","meta":[],"product_brand":[],"product_cat":[122,124,127],"product_tag":[],"class_list":{"0":"post-22829","1":"product","2":"type-product","3":"status-publish","4":"has-post-thumbnail","6":"product_cat-custom-glass-packaging","7":"product_cat-custom-glass-jars","8":"product_cat-glass-honey-jars","10":"first","11":"instock","12":"shipping-taxable","13":"product-type-simple"},"jetpack_sharing_enabled":true,"_links":{"self":[{"href":"https:\/\/yebodaglass.com\/tr\/wp-json\/wp\/v2\/product\/22829","targetHints":{"allow":["GET"]}}],"collection":[{"href":"https:\/\/yebodaglass.com\/tr\/wp-json\/wp\/v2\/product"}],"about":[{"href":"https:\/\/yebodaglass.com\/tr\/wp-json\/wp\/v2\/types\/product"}],"version-history":[{"count":5,"href":"https:\/\/yebodaglass.com\/tr\/wp-json\/wp\/v2\/product\/22829\/revisions"}],"predecessor-version":[{"id":25440,"href":"https:\/\/yebodaglass.com\/tr\/wp-json\/wp\/v2\/product\/22829\/revisions\/25440"}],"wp:featuredmedia":[{"embeddable":true,"href":"https:\/\/yebodaglass.com\/tr\/wp-json\/wp\/v2\/media\/22833"}],"wp:attachment":[{"href":"https:\/\/yebodaglass.com\/tr\/wp-json\/wp\/v2\/media?parent=22829"}],"wp:term":[{"taxonomy":"product_brand","embeddable":true,"href":"https:\/\/yebodaglass.com\/tr\/wp-json\/wp\/v2\/product_brand?post=22829"},{"taxonomy":"product_cat","embeddable":true,"href":"https:\/\/yebodaglass.com\/tr\/wp-json\/wp\/v2\/product_cat?post=22829"},{"taxonomy":"product_tag","embeddable":true,"href":"https:\/\/yebodaglass.com\/tr\/wp-json\/wp\/v2\/product_tag?post=22829"}],"curies":[{"name":"wp","href":"https:\/\/api.w.org\/{rel}","templated":true}]}}