{"id":22818,"date":"2025-10-28T14:27:36","date_gmt":"2025-10-28T06:27:36","guid":{"rendered":"https:\/\/yebodaglass.com\/?post_type=product&#038;p=22818"},"modified":"2026-03-16T14:36:06","modified_gmt":"2026-03-16T06:36:06","slug":"bulk-glass-honey-storage-containers-with-embossed-patterns","status":"publish","type":"product","link":"https:\/\/yebodaglass.com\/tr\/bulk-glass-honey-storage-containers-with-embossed-patterns\/","title":{"rendered":"Kabartmal\u0131 Desenli Toplu Cam Bal Saklama Kaplar\u0131 250ml 500ml 750ml"},"content":{"rendered":"<p>Bunlar, meyve desenleriyle kabart\u0131lm\u0131\u015f ve kristal berrakl\u0131\u011f\u0131nda camdan \u00fcretilmi\u015f, benzersiz tasar\u0131ml\u0131 ve yuvarlak k\u00f6\u015feli kare bal saklama kaplar\u0131d\u0131r. Alt\u0131n veya g\u00fcm\u00fc\u015f metal kapaklar\u0131, s\u0131zd\u0131rmazl\u0131k ve sa\u011flam istifleme konusunda ger\u00e7ekten iyidir.<\/p>\n<h2>\u00dcr\u00fcn \u00d6zellikleri<\/h2>\n<ul>\n<li><strong>Kabartmal\u0131 Dekoratif \u015ei\u015fe:<\/strong> \u015ei\u015fe g\u00f6vdesine metin ve meyve desenleri kabart\u0131larak, gereksiz bask\u0131dan ka\u00e7\u0131n\u0131larak \u00fcr\u00fcn\u00fcn g\u00f6rsel \u00e7ekicili\u011fi ve do\u011fall\u0131\u011f\u0131 art\u0131r\u0131lacakt\u0131r.<\/li>\n<li><strong>Kare Kabartmal\u0131 \u015ei\u015fe:<\/strong> Kabartmal\u0131 kare \u015fi\u015fe, \u00fcr\u00fcne d\u00fczenli ve \u015f\u0131k bir g\u00f6r\u00fcn\u00fcm kazand\u0131rarak, \u00fcr\u00fcn\u00fcn kolayca tan\u0131nmas\u0131n\u0131 ve ambalaj\u0131n\u0131n g\u00fczelle\u015fmesini sa\u011flar.<\/li>\n<li><strong>G\u00fcvenli ve Dayan\u0131kl\u0131:<\/strong> G\u00fc\u00e7l\u00fc cam yap\u0131s\u0131 ve iyi oturan kapa\u011f\u0131 bir araya gelerek dayan\u0131kl\u0131 ve g\u00fcvenilir bir bal saklama kab\u0131 olu\u015fturur ve b\u00f6ylece bal\u0131n g\u00fcvenli bir \u015fekilde ta\u015f\u0131nmas\u0131n\u0131 ve uzun s\u00fcre taze kalmas\u0131n\u0131 sa\u011flar.<\/li>\n<\/ul>\n<h2 style=\"text-align: left;\">Temel \u00d6zellikler<\/h2>\n<table class=\"aligncenter\" style=\"border-collapse: collapse; width: 414.77pt;\" border=\"0\" width=\"553\" cellspacing=\"0\" cellpadding=\"0\">\n<tbody>\n<tr style=\"height: 13.50pt;\">\n<td style=\"height: 13.50pt; width: 96.75pt;\" width=\"129\" height=\"18\">\u00d6zellik<\/td>\n<td style=\"width: 318.00pt;\" width=\"424\">\u015eartname<\/td>\n<\/tr>\n<tr style=\"height: 13.50pt;\">\n<td style=\"height: 13.50pt;\" height=\"18\">Kapasite<\/td>\n<td>250ml, 500ml, 750ml<\/td>\n<\/tr>\n<tr style=\"height: 13.50pt;\">\n<td style=\"height: 13.50pt;\" height=\"18\">\u015eekil<\/td>\n<td>Kabartmal\u0131 panellere sahip kare<\/td>\n<\/tr>\n<tr style=\"height: 13.50pt;\">\n<td style=\"height: 13.50pt;\" height=\"18\">Boyutlar<\/td>\n<td>8\u00d78,3 cm ila 10\u00d713,3 cm<\/td>\n<\/tr>\n<tr style=\"height: 13.50pt;\">\n<td style=\"height: 13.50pt;\" height=\"18\">Malzeme<\/td>\n<td>\u015eeffaf cam, metal vidal\u0131 kapak<\/td>\n<\/tr>\n<tr style=\"height: 13.50pt;\">\n<td style=\"height: 13.50pt;\" height=\"18\">Kapak Se\u00e7enekleri<\/td>\n<td>Alt\u0131n, g\u00fcm\u00fc\u015f, sar\u0131 (\u00f6zel renkler mevcuttur)<\/td>\n<\/tr>\n<tr style=\"height: 13.50pt;\">\n<td style=\"height: 13.50pt;\" height=\"18\">En \u0130yisi \u0130\u00e7in<\/td>\n<td>Bal, hediye setleri, perakende paketleri<\/td>\n<\/tr>\n<tr style=\"height: 13.50pt;\">\n<td style=\"height: 13.50pt;\" height=\"18\">\u0130deal Kullan\u0131m<\/td>\n<td>Bal saklama kab\u0131, bal hediye s\u00fcsleri<\/td>\n<\/tr>\n<\/tbody>\n<\/table>\n<h2>Ba\u015far\u0131 \u00d6yk\u00fcs\u00fc: Bir Ar\u0131c\u0131l\u0131k \u0130\u015fletmesinin Yeniden Markala\u015fmas\u0131<\/h2>\n<p>Yerel olarak iyi performans g\u00f6steren ancak daha fazla sat\u0131\u015f potansiyeli olan, \u00f6zellikle de ham, filtrelenmemi\u015f bal satan bir ar\u0131c\u0131l\u0131k \u00fcr\u00fcnleri markas\u0131, sat\u0131\u015flar\u0131nda durma noktas\u0131na gelmi\u015fti. 250 ml&#039;lik bal \u015fi\u015feleri iyi performans g\u00f6steriyordu ancak b\u00fcy\u00fck miktarlarda sat\u0131\u015fa uygun, \u00fcst d\u00fczey bir ambalaja sahip de\u011fillerdi. 500 ml&#039;lik kare, kabartmal\u0131 cam bal saklama kaplar\u0131n\u0131 yeniden piyasaya s\u00fcrmeyi se\u00e7tiler. Yeni kavanozlar pazar\u0131 \u00f6nemli \u00f6l\u00e7\u00fcde de\u011fi\u015ftirdi. Bu nedenle, \u00e7evrimi\u00e7i hediye seti sat\u0131\u015flar\u0131 yeniden piyasaya s\u00fcr\u00fclmesinden sonraki ilk \u00e7eyrekte artt\u0131. M\u00fc\u015fteriler \u00f6zellikle yorumlar\u0131nda en sevdikleri \u015fey olarak &#034;g\u00fczel, l\u00fcks bal kavanozlar\u0131ndan&#034; bahsediyorlar. Sahibine g\u00f6re, benzersiz kabartmal\u0131 desen onlar\u0131n ticari markas\u0131 haline geldi ve bu nedenle \u00fcr\u00fcnlerinin en tan\u0131nan \u00f6zelli\u011fi. Bunun sonucunda d\u00f6rt ard\u0131\u015f\u0131k tekrar sipari\u015fi zinciri olu\u015ftu ve \u00fcr\u00fcn yelpazesine kapakl\u0131 750 ml cam bal kavanozlar\u0131 eklendi ve o tarihten bu yana y\u0131ll\u0131k 500.000 \u00fcnitenin \u00fczerinde istikrarl\u0131 bir sat\u0131\u015f ak\u0131\u015f\u0131yla toptan sat\u0131\u015f ortakl\u0131\u011f\u0131 sa\u011fland\u0131.<\/p>\n<h2>Cam Kavanoz \u00d6zelle\u015ftirme \u00d6nerileri<\/h2>\n<ul>\n<li><strong>Kabartmal\u0131\u200b\u200d\u200b\u200c\u200d\u200b\u200d\u200c\u200b\u200d\u200c\u200d\u200b\u200d\u200c Logo:<\/strong> Kabartma etkisini artt\u0131rmak ve g\u00f6rsel olarak birinci s\u0131n\u0131f, dokunsal bir marka kimli\u011fi sunmak i\u00e7in logonuzu kaz\u0131ma yoluyla cam\u0131n \u00fczerine yerle\u015ftirin.<\/li>\n<li><strong>Buzlu Dekoratif Panel:<\/strong> Kare kavanozun d\u00fcz y\u00fczeyindeki buzlu y\u00fczey, kavanozun g\u00fcvenli bir \u015fekilde tutulmas\u0131na yard\u0131mc\u0131 olmas\u0131n\u0131n yan\u0131 s\u0131ra daha \u015f\u0131k ve sofistike bir iki tonlu etki yarat\u0131yor.<\/li>\n<li><strong>Renkli Cam Se\u00e7enekleri:<\/strong> \u00d6rne\u011fin, radikal bir \u015fekilde farkl\u0131 bir g\u00f6r\u00fcn\u00fcm elde etmek ve ayn\u0131 zamanda \u0131\u015f\u0131\u011f\u0131 engelleme \u00f6zelli\u011fine sahip olmak istiyorsan\u0131z kehribar veya kobalt mavisi camlar\u0131 se\u00e7ebilirsiniz.<\/li>\n<li><strong>Y\u00fczey Dokusu:<\/strong> Farkl\u0131 kabartmal\u0131 dokular \u00e7e\u015fitli kavanoz boyutlar\u0131nda kullan\u0131labilir ve b\u00f6ylece \u00fcr\u00fcn\u00fcn\u00fcz i\u00e7in tutarl\u0131 ve belirgin bir \u200b\u200d\u200b\u200c\u200d\u200b\u200d\u200c ...<\/li>\n<\/ul>","protected":false},"excerpt":{"rendered":"<p>Kabartmal\u0131 desenli ve g\u00fcvenli metal kapakl\u0131 \u015feffaf cam bal kavanozlar\u0131. Perakende ambalaj i\u00e7in pratik bal saklama kab\u0131. H\u0131zl\u0131 kargo.<\/p>","protected":false},"featured_media":22823,"template":"","meta":[],"product_brand":[],"product_cat":[122,124,127],"product_tag":[],"class_list":{"0":"post-22818","1":"product","2":"type-product","3":"status-publish","4":"has-post-thumbnail","6":"product_cat-custom-glass-packaging","7":"product_cat-custom-glass-jars","8":"product_cat-glass-honey-jars","10":"first","11":"instock","12":"shipping-taxable","13":"product-type-simple"},"jetpack_sharing_enabled":true,"_links":{"self":[{"href":"https:\/\/yebodaglass.com\/tr\/wp-json\/wp\/v2\/product\/22818","targetHints":{"allow":["GET"]}}],"collection":[{"href":"https:\/\/yebodaglass.com\/tr\/wp-json\/wp\/v2\/product"}],"about":[{"href":"https:\/\/yebodaglass.com\/tr\/wp-json\/wp\/v2\/types\/product"}],"version-history":[{"count":5,"href":"https:\/\/yebodaglass.com\/tr\/wp-json\/wp\/v2\/product\/22818\/revisions"}],"predecessor-version":[{"id":25454,"href":"https:\/\/yebodaglass.com\/tr\/wp-json\/wp\/v2\/product\/22818\/revisions\/25454"}],"wp:featuredmedia":[{"embeddable":true,"href":"https:\/\/yebodaglass.com\/tr\/wp-json\/wp\/v2\/media\/22823"}],"wp:attachment":[{"href":"https:\/\/yebodaglass.com\/tr\/wp-json\/wp\/v2\/media?parent=22818"}],"wp:term":[{"taxonomy":"product_brand","embeddable":true,"href":"https:\/\/yebodaglass.com\/tr\/wp-json\/wp\/v2\/product_brand?post=22818"},{"taxonomy":"product_cat","embeddable":true,"href":"https:\/\/yebodaglass.com\/tr\/wp-json\/wp\/v2\/product_cat?post=22818"},{"taxonomy":"product_tag","embeddable":true,"href":"https:\/\/yebodaglass.com\/tr\/wp-json\/wp\/v2\/product_tag?post=22818"}],"curies":[{"name":"wp","href":"https:\/\/api.w.org\/{rel}","templated":true}]}}