{"id":22807,"date":"2025-10-28T13:24:01","date_gmt":"2025-10-28T05:24:01","guid":{"rendered":"https:\/\/yebodaglass.com\/?post_type=product&#038;p=22807"},"modified":"2025-10-28T17:47:21","modified_gmt":"2025-10-28T09:47:21","slug":"wholesale-transparent-little-jam-jars-for-canning","status":"publish","type":"product","link":"https:\/\/yebodaglass.com\/tr\/wholesale-transparent-little-jam-jars-for-canning\/","title":{"rendered":"Toptan \u015eeffaf K\u00fc\u00e7\u00fck Re\u00e7el Kavanozlar\u0131 Konserveleme \u0130\u00e7in 20ml 35ml 60ml 75ml"},"content":{"rendered":"<p>Konserve yapmak i\u00e7in kullan\u0131lan bu k\u00fc\u00e7\u00fck re\u00e7el kavanozlar\u0131, \u015feffaf silindirik cam g\u00f6vdeden ve \u00e7e\u015fitli boyutlarda mevcut olan \u015f\u0131k alt\u0131n bir kapaktan olu\u015fuyor. Bu kapaklar, yaln\u0131zca bal\u0131n zengin alt\u0131n parlakl\u0131\u011f\u0131n\u0131 sergilemekle kalm\u0131yor, ayn\u0131 zamanda minimalist ama l\u00fcks bir tasar\u0131m\u0131 da temsil ediyor.<\/p>\n<h2>\u00dcr\u00fcn \u00d6zellikleri<\/h2>\n<ul>\n<li><strong>Kristal Netli\u011finde:<\/strong> \u00dcr\u00fcn\u00fcn kalitesi ve rengi, kristal berrakl\u0131\u011f\u0131ndaki cam sayesinde \u00e7ok iyi bir \u015fekilde vurgulan\u0131yor ve bu sayede m\u00fckemmel bir ilk izlenim yarat\u0131l\u0131yor.<\/li>\n<li><strong>G\u00fcvenli M\u00fch\u00fcrl\u00fc Koruma:<\/strong> En yak\u0131n kapak, i\u00e7eri\u011fi tazeler ve ta\u015f\u0131ma ve depolama s\u0131ras\u0131nda s\u0131zmas\u0131n\u0131 \u00f6nler, bu da ar\u0131 \u00fcr\u00fcnleriniz i\u00e7in \u00e7ok \u00f6nemlidir.<\/li>\n<li><strong>\u0130stiflenebilir:<\/strong> Bu cam kavanozlar\u0131n standart silindirik \u015fekli, herhangi bir sorun olmadan istiflenmesine olanak tan\u0131r, b\u00f6ylece hem depolarda hem de nakliye s\u0131ras\u0131nda yerden tasarruf sa\u011flar.<\/li>\n<\/ul>\n<h2 style=\"text-align: left;\">Temel \u00d6zellikler<\/h2>\n<table class=\"aligncenter\" style=\"border-collapse: collapse; width: 414.77pt;\" border=\"0\" width=\"553\" cellspacing=\"0\" cellpadding=\"0\">\n<tbody>\n<tr style=\"height: 13.50pt;\">\n<td style=\"height: 13.50pt; width: 96.75pt;\" width=\"129\" height=\"18\">\u00d6zellik<\/td>\n<td style=\"width: 318.00pt;\" width=\"424\">\u015eartname<\/td>\n<\/tr>\n<tr style=\"height: 13.50pt;\">\n<td style=\"height: 13.50pt;\" height=\"18\">Kapasite<\/td>\n<td>20ml, 35ml, 60ml, 75ml<\/td>\n<\/tr>\n<tr style=\"height: 13.50pt;\">\n<td style=\"height: 13.50pt;\" height=\"18\">\u015eekil<\/td>\n<td>Yuvarlak omuzlu silindirik<\/td>\n<\/tr>\n<tr style=\"height: 13.50pt;\">\n<td style=\"height: 13.50pt;\" height=\"18\">Boyutlar<\/td>\n<td>4.3\u00d74.2cm to 5\u00d76.4cm<\/td>\n<\/tr>\n<tr style=\"height: 13.50pt;\">\n<td style=\"height: 13.50pt;\" height=\"18\">Malzeme<\/td>\n<td>\u015eeffaf cam, metal vidal\u0131 kapak<\/td>\n<\/tr>\n<tr style=\"height: 13.50pt;\">\n<td style=\"height: 13.50pt;\" height=\"18\">Kapak Se\u00e7enekleri<\/td>\n<td>Alt\u0131n, g\u00fcm\u00fc\u015f, k\u0131rm\u0131z\u0131, pembe (\u00f6zel renkler mevcuttur)<\/td>\n<\/tr>\n<tr style=\"height: 13.50pt;\">\n<td style=\"height: 13.50pt;\" height=\"18\">En \u0130yisi \u0130\u00e7in<\/td>\n<td>Bal, mini re\u00e7eller, numune kitleri<\/td>\n<\/tr>\n<tr style=\"height: 13.50pt;\">\n<td style=\"height: 13.50pt;\" height=\"18\">\u0130deal Kullan\u0131m<\/td>\n<td>K\u00fc\u00e7\u00fck re\u00e7el kavanozlar\u0131, re\u00e7el kavanozlar\u0131, toptan bal kavanozlar\u0131<\/td>\n<\/tr>\n<\/tbody>\n<\/table>\n<h2>Ba\u015far\u0131 Hikayesi: Premium Bal Kavanozlar\u0131 Bir Markan\u0131n B\u00fcy\u00fcmesine Nas\u0131l Yard\u0131mc\u0131 Oldu?<\/h2>\n<p>B\u00f6lgesel olarak faaliyete ge\u00e7en bal markas\u0131, \u015fi\u015feleme hatt\u0131nda farkl\u0131 tedarik\u00e7ilerden farkl\u0131 kavanozlar kullanmaktan olumsuz etkilendi. Bu durum, hatlar\u0131nda yaratt\u0131\u011f\u0131 sorunlar\u0131n yan\u0131 s\u0131ra, marka imaj\u0131nda \u200b\u200bda d\u00fc\u015f\u00fc\u015fe yol a\u00e7t\u0131. Amiral gemisi \u00fcr\u00fcnleri i\u00e7in bizden 60 ml yuvarlak cam bal kavanozlar\u0131 almaya karar verdiler. S\u00fcrekli \u00fcretilen bal kavanozlar\u0131, \u015fi\u015feleme hatt\u0131 h\u0131z\u0131n\u0131 neredeyse an\u0131nda art\u0131rd\u0131 ve b\u00f6ylece verimlilik \u00f6nemli \u00f6l\u00e7\u00fcde artt\u0131.<\/p>\n<p>Ancak as\u0131l kazan\u00e7, m\u00fc\u015fteri geri bildirimleriydi. Abonelik kutusu sat\u0131\u015flar\u0131 alt\u0131 ay i\u00e7inde artt\u0131 ve aboneler, \u00f6zellikle yeni ambalaj\u0131n &#034;profesyonel ve kaliteli g\u00f6r\u00fcn\u00fcm\u00fcn\u00fc&#034; abone olma nedenleri olarak g\u00f6sterdiler. Bu olumlu geri bildirimler, \u00fcst \u00fcste \u00fc\u00e7 sipari\u015f almalar\u0131na yol a\u00e7t\u0131. \u015eu anda, t\u00fcm bal kavanozlar\u0131 ve \u015fi\u015feleri i\u00e7in kaplar\u0131m\u0131z\u0131 kullanarak iyi bir \u00f6rnek olu\u015fturuyorlar. Her \u00e7eyrekte 200.000 \u00fcniteyi a\u015fan toptan sipari\u015fler, yeni normlar\u0131 haline geldi.<\/p>\n<h2>\u00d6zel Cam Kavanoz \u00d6nerileri<\/h2>\n<ul>\n<li><strong>Markal\u0131 \u015eapka Rengi:<\/strong> Markan\u0131za uygun \u00f6zel bir kapak rengi se\u00e7meye ne dersiniz? -Premium bir his i\u00e7in alt\u0131n rengi m\u00fckemmel bir se\u00e7im olacakt\u0131r.<\/li>\n<li><strong>Cam\u200b\u200d\u200b\u200c\u200d\u200b\u200d\u200c\u200b\u200d\u200b\u200c\u200d\u200b\u200d\u200c Serigrafi Bask\u0131:<\/strong> Uzun \u00f6m\u00fcrl\u00fc, dayan\u0131kl\u0131 bir marka tan\u0131n\u0131rl\u0131\u011f\u0131 i\u00e7in imzan\u0131z\u0131 bask\u0131 ile cam \u00f6zelli\u011fine ta\u015f\u0131y\u0131n.<\/li>\n<li><strong>Buzlu Cam Dekorasyonu:<\/strong> Kavanozun etraf\u0131na buzlu \u015ferit veya desen yerle\u015ftirerek \u015f\u0131k bir g\u00f6r\u00fcn\u00fcm, rahat tutu\u015f ve trend g\u00f6r\u00fcn\u00fcml\u00fc bir \u00fcr\u00fcn elde edebilirsiniz.<\/li>\n<li><strong>Renkli Cam Se\u00e7enekleri:<\/strong> I\u015f\u0131ktan korunmas\u0131 gereken \u00fcr\u00fcnlerinizde neden a\u00e7\u0131k kehribar veya mavi cam kullanm\u0131yorsunuz?<\/li>\n<\/ul>","protected":false},"excerpt":{"rendered":"<p>Konserve yapmak i\u00e7in alt\u0131n vidal\u0131 kapakl\u0131 \u015f\u0131k k\u00fc\u00e7\u00fck re\u00e7el kavanozlar\u0131. Dayan\u0131kl\u0131, g\u0131daya uygun ve bal ve re\u00e7el i\u00e7in ideal. H\u0131zl\u0131 kargo ve \u00fccretsiz numuneler mevcut.<\/p>","protected":false},"featured_media":22812,"template":"","meta":[],"product_brand":[],"product_cat":[122,124,127],"product_tag":[],"class_list":{"0":"post-22807","1":"product","2":"type-product","3":"status-publish","4":"has-post-thumbnail","6":"product_cat-custom-glass-packaging","7":"product_cat-custom-glass-jars","8":"product_cat-glass-honey-jars","10":"first","11":"instock","12":"shipping-taxable","13":"product-type-simple"},"jetpack_sharing_enabled":true,"_links":{"self":[{"href":"https:\/\/yebodaglass.com\/tr\/wp-json\/wp\/v2\/product\/22807","targetHints":{"allow":["GET"]}}],"collection":[{"href":"https:\/\/yebodaglass.com\/tr\/wp-json\/wp\/v2\/product"}],"about":[{"href":"https:\/\/yebodaglass.com\/tr\/wp-json\/wp\/v2\/types\/product"}],"version-history":[{"count":5,"href":"https:\/\/yebodaglass.com\/tr\/wp-json\/wp\/v2\/product\/22807\/revisions"}],"predecessor-version":[{"id":22853,"href":"https:\/\/yebodaglass.com\/tr\/wp-json\/wp\/v2\/product\/22807\/revisions\/22853"}],"wp:featuredmedia":[{"embeddable":true,"href":"https:\/\/yebodaglass.com\/tr\/wp-json\/wp\/v2\/media\/22812"}],"wp:attachment":[{"href":"https:\/\/yebodaglass.com\/tr\/wp-json\/wp\/v2\/media?parent=22807"}],"wp:term":[{"taxonomy":"product_brand","embeddable":true,"href":"https:\/\/yebodaglass.com\/tr\/wp-json\/wp\/v2\/product_brand?post=22807"},{"taxonomy":"product_cat","embeddable":true,"href":"https:\/\/yebodaglass.com\/tr\/wp-json\/wp\/v2\/product_cat?post=22807"},{"taxonomy":"product_tag","embeddable":true,"href":"https:\/\/yebodaglass.com\/tr\/wp-json\/wp\/v2\/product_tag?post=22807"}],"curies":[{"name":"wp","href":"https:\/\/api.w.org\/{rel}","templated":true}]}}