{"id":22798,"date":"2025-10-28T10:15:09","date_gmt":"2025-10-28T02:15:09","guid":{"rendered":"https:\/\/yebodaglass.com\/?post_type=product&#038;p=22798"},"modified":"2025-10-28T13:38:10","modified_gmt":"2025-10-28T05:38:10","slug":"wholesale-small-glass-jam-jars-with-flame-texture-design-50ml-75ml-100ml","status":"publish","type":"product","link":"https:\/\/yebodaglass.com\/tr\/wholesale-small-glass-jam-jars-with-flame-texture-design-50ml-75ml-100ml\/","title":{"rendered":"Alev Dokulu Tasar\u0131ml\u0131 Toptan K\u00fc\u00e7\u00fck Cam Re\u00e7el Kavanozlar\u0131 50ml 75ml 100ml"},"content":{"rendered":"<p>\u015eeffaf, alev desenli ve bel k\u0131sm\u0131 k\u0131vr\u0131ml\u0131 camdan \u00fcretilen bu k\u00fc\u00e7\u00fck cam re\u00e7el kavanozlar\u0131, g\u00f6rsel olarak da olduk\u00e7a ho\u015f. K\u0131rm\u0131z\u0131 ve alt\u0131n renkli kapaklar\u0131yla ve \u00e7e\u015fitli boyutlarda sunulan bu kavanozlar, safl\u0131\u011f\u0131 yans\u0131tman\u0131n yan\u0131 s\u0131ra, sanatsal ve sofistike tasar\u0131mlar\u0131yla alt\u0131n rengi, k\u00f6p\u00fckl\u00fc bal\u0131n g\u00f6rsel \u00e7ekicili\u011fini de art\u0131r\u0131yor.<\/p>\n<h2>\u00dcr\u00fcn \u00d6zellikleri<\/h2>\n<ul>\n<li><strong>\u015eeffaf Cam:<\/strong> Bal\u0131n\u0131z\u0131n renginin ve kalitesinin uzun s\u00fcre kararmaya kar\u015f\u0131 dayan\u0131kl\u0131, y\u00fcksek kaliteli cam kavanozlar kullanarak g\u00f6r\u00fcnmesini sa\u011flay\u0131n.<\/li>\n<li><strong>Stilize edilmi\u015f ate\u015f desenli konik \u015fi\u015fe:<\/strong> \u015ei\u015fe, ate\u015f temas\u0131 ve benzersizli\u011fi, yarat\u0131c\u0131l\u0131\u011f\u0131 ve \u00fcr\u00fcn\u00fcn kal\u0131c\u0131 hat\u0131ras\u0131n\u0131 yans\u0131tan, estetik de\u011ferleri de \u00f6n plana \u00e7\u0131karan, birle\u015fen bir bel hatt\u0131yla tasarlanm\u0131\u015ft\u0131r.<\/li>\n<li><strong>\u00c7e\u015fitli \u00f6zellikler m\u00fcmk\u00fcnd\u00fcr:<\/strong> Bu \u015fi\u015feler, evlerde g\u00fcnl\u00fck t\u00fcketimden hediye paketlemeye kadar \u00e7e\u015fitli kullan\u0131m ama\u00e7lar\u0131na g\u00f6re farkl\u0131 boyutlarda \u00fcretilmektedir.<\/li>\n<\/ul>\n<h2 style=\"text-align: left;\">Temel \u00d6zellikler<\/h2>\n<table class=\"aligncenter\" style=\"border-collapse: collapse; width: 383.27pt;\" border=\"0\" width=\"511\" cellspacing=\"0\" cellpadding=\"0\">\n<tbody>\n<tr style=\"height: 13.50pt;\">\n<td style=\"height: 13.50pt; width: 85.50pt;\" width=\"114\" height=\"18\">\u00d6zellik<\/td>\n<td style=\"width: 297.75pt;\" width=\"397\">\u015eartname<\/td>\n<\/tr>\n<tr style=\"height: 13.50pt;\">\n<td style=\"height: 13.50pt;\" height=\"18\">Kapasite<\/td>\n<td>50 ml, 75 ml, 100 ml<\/td>\n<\/tr>\n<tr style=\"height: 13.50pt;\">\n<td style=\"height: 13.50pt;\" height=\"18\">Boyutlar<\/td>\n<td>4,9\u00d76,8 cm ila 6,2\u00d78,6 cm<\/td>\n<\/tr>\n<tr style=\"height: 13.50pt;\">\n<td style=\"height: 13.50pt;\" height=\"18\">Malzeme<\/td>\n<td>\u015eeffaf cam, metal vidal\u0131 kapak<\/td>\n<\/tr>\n<tr style=\"height: 13.50pt;\">\n<td style=\"height: 13.50pt;\" height=\"18\">Kapak Se\u00e7enekleri<\/td>\n<td>K\u0131rm\u0131z\u0131, alt\u0131n, siyah, g\u00fcm\u00fc\u015f (\u00f6zel renk se\u00e7enekleri mevcuttur)<\/td>\n<\/tr>\n<tr style=\"height: 13.50pt;\">\n<td style=\"height: 13.50pt;\" height=\"18\">En \u0130yisi \u0130\u00e7in<\/td>\n<td>Bal, mini re\u00e7eller, hediye setleri<\/td>\n<\/tr>\n<tr style=\"height: 13.50pt;\">\n<td style=\"height: 13.50pt;\" height=\"18\">\u0130deal Kullan\u0131m<\/td>\n<td>K\u00fc\u00e7\u00fck cam re\u00e7el kavanozlar\u0131, re\u00e7el konserve kavanozlar\u0131<\/td>\n<\/tr>\n<\/tbody>\n<\/table>\n<h2>Ba\u015far\u0131 \u00d6yk\u00fcs\u00fc: Ar\u0131c\u0131l\u0131k Sekt\u00f6r\u00fc G\u00fc\u00e7leniyor<\/h2>\n<p>Tek k\u00f6kenli ham bal \u00fcreten, aile i\u015fletmesi olan bir ar\u0131c\u0131l\u0131k \u015firketi, daha \u00f6nce standart re\u00e7el kavanozlar\u0131 kullan\u0131yordu. Ambalajlar\u0131 fena de\u011fildi, ancak satt\u0131klar\u0131 \u00fcr\u00fcn\u00fcn kalitesini ger\u00e7ekten yans\u0131tm\u0131yordu. Standart kavanozlar\u0131n\u0131 kullanmay\u0131 b\u0131rak\u0131p, \u00f6zel bask\u0131l\u0131 100 ml&#039;lik kapakl\u0131 k\u00fc\u00e7\u00fck re\u00e7el kavanozlar\u0131m\u0131z\u0131 kullanmaya karar verdiklerinde b\u00fcy\u00fck bir de\u011fi\u015fim ya\u015fad\u0131lar. 6 ay i\u00e7inde e-ticaret sat\u0131\u015flar\u0131n\u0131 art\u0131rd\u0131lar ve bu ba\u015far\u0131ya katk\u0131da bulunan fakt\u00f6rlerden biri de m\u00fc\u015fterilerin kavanozlar\u0131n &#034;g\u00fczel ve y\u00fcksek kaliteli bir his&#034; verdi\u011fini belirtmeleri oldu. Tekrar sat\u0131n alma oran\u0131 da artt\u0131. Dolay\u0131s\u0131yla, k\u00fc\u00e7\u00fck bir fiyat art\u0131\u015f\u0131 yaln\u0131zca birim kar\u0131n\u0131 art\u0131rmakla kalmaz, ayn\u0131 zamanda kutu a\u00e7ma deneyimini de g\u00fczelle\u015ftirir. Dahas\u0131, m\u00fc\u015fteri zaten 100.000 adetlik \u00fc\u00e7 sipari\u015f daha verdi; bu da ba\u015flang\u0131\u00e7taki toplu sipari\u015fi, en pop\u00fcler bal kavanozu boyutlar\u0131 i\u00e7in istikrarl\u0131 bir \u00fc\u00e7 ayl\u0131k toptan sat\u0131\u015f ortakl\u0131\u011f\u0131na d\u00f6n\u00fc\u015ft\u00fcrmesinin nedenidir.<\/p>\n<h2>K\u00fc\u00e7\u00fck Cam Re\u00e7el Kavanozlar\u0131 Ki\u015fiselle\u015ftirme \u0130pu\u00e7lar\u0131<\/h2>\n<ul>\n<li><strong>Serigrafi Bask\u0131:<\/strong> \u30ac\u30e9\u30b9\u88fd\u306e\u8702\u871c\u74f6\u306f\u3001\u98df\u54c1\u306e\u5b89\u5168\u6027\u3092\u78ba\u4fdd\u3057\u3001\u4fdd\u5b58\u671f\u9593\u3092\u5ef6\u3070\u3057\u3001\u30d6\u30e9\u30f3\u30c9\u306e\u30d7\u30ec\u30df\u30a2\u30e0\u306a\u9b45\u529b\u3068\u4e16\u754c\u3078\u306e\u8f38\u51fa\u306e\u6301\u7d9a\u53ef\u80fd\u6027\u3092\u9ad8\u3081\u307e\u3059\u3002<\/li>\n<li><strong>Renkli Cam:<\/strong> Deneyimi tamamen farkl\u0131 k\u0131lmak i\u00e7in, bal\u0131n\u0131z\u0131 \u0131\u015f\u0131ktan koruyacak kehribar veya ye\u015fil cam kavanozlarda saklamaya ne dersiniz?<\/li>\n<li><strong>\u00d6zel kapak renkleri:<\/strong> Markan\u0131z\u0131n belirli bir renk kimli\u011fi varsa (alt\u0131n, k\u0131rm\u0131z\u0131 veya siyah gibi), sunulan paletten bu renklerden birini g\u00f6z kapaklar\u0131n\u0131z i\u00e7in tercih edebilirsiniz.<\/li>\n<\/ul>","protected":false},"excerpt":{"rendered":"<p>Alev desenli ve metal kapakl\u0131, \u015f\u0131k k\u00fc\u00e7\u00fck cam re\u00e7el kavanozlar\u0131. Re\u00e7el veya bal ambalaj\u0131 i\u00e7in m\u00fckemmel. Fabrikadan do\u011frudan sat\u0131\u015f, h\u0131zl\u0131 teslimat, \u00fccretsiz numuneler.<\/p>","protected":false},"featured_media":22801,"template":"","meta":[],"product_brand":[],"product_cat":[122,124,127],"product_tag":[],"class_list":{"0":"post-22798","1":"product","2":"type-product","3":"status-publish","4":"has-post-thumbnail","6":"product_cat-custom-glass-packaging","7":"product_cat-custom-glass-jars","8":"product_cat-glass-honey-jars","10":"first","11":"instock","12":"shipping-taxable","13":"product-type-simple"},"jetpack_sharing_enabled":true,"_links":{"self":[{"href":"https:\/\/yebodaglass.com\/tr\/wp-json\/wp\/v2\/product\/22798","targetHints":{"allow":["GET"]}}],"collection":[{"href":"https:\/\/yebodaglass.com\/tr\/wp-json\/wp\/v2\/product"}],"about":[{"href":"https:\/\/yebodaglass.com\/tr\/wp-json\/wp\/v2\/types\/product"}],"version-history":[{"count":5,"href":"https:\/\/yebodaglass.com\/tr\/wp-json\/wp\/v2\/product\/22798\/revisions"}],"predecessor-version":[{"id":22809,"href":"https:\/\/yebodaglass.com\/tr\/wp-json\/wp\/v2\/product\/22798\/revisions\/22809"}],"wp:featuredmedia":[{"embeddable":true,"href":"https:\/\/yebodaglass.com\/tr\/wp-json\/wp\/v2\/media\/22801"}],"wp:attachment":[{"href":"https:\/\/yebodaglass.com\/tr\/wp-json\/wp\/v2\/media?parent=22798"}],"wp:term":[{"taxonomy":"product_brand","embeddable":true,"href":"https:\/\/yebodaglass.com\/tr\/wp-json\/wp\/v2\/product_brand?post=22798"},{"taxonomy":"product_cat","embeddable":true,"href":"https:\/\/yebodaglass.com\/tr\/wp-json\/wp\/v2\/product_cat?post=22798"},{"taxonomy":"product_tag","embeddable":true,"href":"https:\/\/yebodaglass.com\/tr\/wp-json\/wp\/v2\/product_tag?post=22798"}],"curies":[{"name":"wp","href":"https:\/\/api.w.org\/{rel}","templated":true}]}}